{"id":13297,"date":"2023-09-21T13:00:25","date_gmt":"2023-09-21T13:00:25","guid":{"rendered":"https:\/\/editorapangeia.com.br\/?post_type=product&#038;p=13297"},"modified":"2025-04-24T14:39:13","modified_gmt":"2025-04-24T14:39:13","slug":"ju-ju-judite-a-girafa-gaga-juliana-claudia-amorim-livro","status":"publish","type":"product","link":"https:\/\/editorapangeia.com.br\/pt_br\/product\/ju-ju-judite-a-girafa-gaga-juliana-claudia-amorim-livro\/","title":{"rendered":"Ju-Ju-Judite a girafa gaga, Juliana Claudia Amorim"},"content":{"rendered":"<p><em><strong>Ju-Ju-Judite \u2013 A Girafa Gaga <\/strong><\/em>\u00e9 o livro de estreia de Juliana Cl\u00e1udia Amorim, fonoaudi\u00f3loga com diversas especializa\u00e7\u00f5es, tamb\u00e9m graduada em Letras e com mestrado em Educa\u00e7\u00e3o. Os versos de sabor popular tem por enredo as dificuldades com a gagueira da girafa Judite, que veio da \u00c1frica com a fam\u00edlia radicando-se na regi\u00e3o do Pantanal de Corumb\u00e1, em Mato Grosso do Sul. A linguagem do livro \u00e9 coloquial, em decass\u00edlabos forjados a partir de escolha lexical de palavras corriqueiras, e as ilustra\u00e7\u00f5es alternam cores na representa\u00e7\u00e3o do bioma do Pantanal com desenhos para colorir. Ao longo das p\u00e1ginas, em cores suaves, motivos ind\u00edgenas regionais acompanham a saga da girafa gaga.<\/p>\n<p>Eis algumas das ilustra\u00e7\u00f5es do livro:<\/p>\n<p><img loading=\"lazy\" decoding=\"async\" class=\"alignnone wp-image-13273 aligncenter\" src=\"http:\/\/editorapangeia.com.br\/wp-content\/uploads\/2023\/08\/Imagem-20-08-2023-as-08.01-300x276.jpg\" alt=\"\" width=\"340\" height=\"313\" srcset=\"https:\/\/editorapangeia.com.br\/wp-content\/uploads\/2023\/08\/Imagem-20-08-2023-as-08.01-300x276.jpg 300w, https:\/\/editorapangeia.com.br\/wp-content\/uploads\/2023\/08\/Imagem-20-08-2023-as-08.01-1024x943.jpg 1024w, https:\/\/editorapangeia.com.br\/wp-content\/uploads\/2023\/08\/Imagem-20-08-2023-as-08.01-768x707.jpg 768w, https:\/\/editorapangeia.com.br\/wp-content\/uploads\/2023\/08\/Imagem-20-08-2023-as-08.01-700x644.jpg 700w, https:\/\/editorapangeia.com.br\/wp-content\/uploads\/2023\/08\/Imagem-20-08-2023-as-08.01-400x368.jpg 400w, https:\/\/editorapangeia.com.br\/wp-content\/uploads\/2023\/08\/Imagem-20-08-2023-as-08.01-1300x1197.jpg 1300w, https:\/\/editorapangeia.com.br\/wp-content\/uploads\/2023\/08\/Imagem-20-08-2023-as-08.01.jpg 1522w\" sizes=\"auto, (max-width: 340px) 100vw, 340px\" \/><\/p>\n<p><img loading=\"lazy\" decoding=\"async\" class=\"alignnone wp-image-13274 aligncenter\" src=\"http:\/\/editorapangeia.com.br\/wp-content\/uploads\/2023\/08\/Imagem-20-08-2023-as-08.04-189x300.jpg\" alt=\"\" width=\"279\" height=\"443\" srcset=\"https:\/\/editorapangeia.com.br\/wp-content\/uploads\/2023\/08\/Imagem-20-08-2023-as-08.04-189x300.jpg 189w, https:\/\/editorapangeia.com.br\/wp-content\/uploads\/2023\/08\/Imagem-20-08-2023-as-08.04-252x400.jpg 252w, https:\/\/editorapangeia.com.br\/wp-content\/uploads\/2023\/08\/Imagem-20-08-2023-as-08.04-440x700.jpg 440w, https:\/\/editorapangeia.com.br\/wp-content\/uploads\/2023\/08\/Imagem-20-08-2023-as-08.04.jpg 522w\" sizes=\"auto, (max-width: 279px) 100vw, 279px\" \/><\/p>\n<p style=\"text-align: center;\"><img loading=\"lazy\" decoding=\"async\" class=\"alignnone size-medium wp-image-13277\" src=\"http:\/\/editorapangeia.com.br\/wp-content\/uploads\/2023\/08\/Imagem-20-08-2023-as-08.08-300x282.jpg\" alt=\"\" width=\"300\" height=\"282\" srcset=\"https:\/\/editorapangeia.com.br\/wp-content\/uploads\/2023\/08\/Imagem-20-08-2023-as-08.08-300x282.jpg 300w, https:\/\/editorapangeia.com.br\/wp-content\/uploads\/2023\/08\/Imagem-20-08-2023-as-08.08-768x721.jpg 768w, https:\/\/editorapangeia.com.br\/wp-content\/uploads\/2023\/08\/Imagem-20-08-2023-as-08.08-700x657.jpg 700w, https:\/\/editorapangeia.com.br\/wp-content\/uploads\/2023\/08\/Imagem-20-08-2023-as-08.08-400x375.jpg 400w, https:\/\/editorapangeia.com.br\/wp-content\/uploads\/2023\/08\/Imagem-20-08-2023-as-08.08.jpg 1011w\" sizes=\"auto, (max-width: 300px) 100vw, 300px\" \/><\/p>\n<p style=\"text-align: center;\"><img loading=\"lazy\" decoding=\"async\" class=\"alignnone wp-image-13278\" src=\"http:\/\/editorapangeia.com.br\/wp-content\/uploads\/2023\/08\/JULICT_foto_close-198x300.jpg\" alt=\"\" width=\"277\" height=\"418\" \/><\/p>\n<p style=\"text-align: center;\"><img loading=\"lazy\" decoding=\"async\" class=\"alignnone wp-image-13275\" src=\"http:\/\/editorapangeia.com.br\/wp-content\/uploads\/2023\/08\/Imagem-20-08-2023-as-08.05.jpg\" alt=\"\" width=\"357\" height=\"366\" srcset=\"https:\/\/editorapangeia.com.br\/wp-content\/uploads\/2023\/08\/Imagem-20-08-2023-as-08.05.jpg 151w, https:\/\/editorapangeia.com.br\/wp-content\/uploads\/2023\/08\/Imagem-20-08-2023-as-08.05-50x50.jpg 50w\" sizes=\"auto, (max-width: 357px) 100vw, 357px\" \/><\/p>\n<p style=\"text-align: center;\"><strong>JU-JU-JUDITE &#8211; A GIRAFA GAGA<\/strong><\/p>\n<blockquote>\n<p style=\"text-align: center;\">Mais informa\u00e7\u00f5es:<br \/>\n<a href=\"https:\/\/editorapangeia.com.br\/blog\/\"><strong>AQUI!!!<\/strong><\/a><\/p>\n<p>&nbsp;<\/p><\/blockquote>\n","protected":false},"excerpt":{"rendered":"<p>Uma girafa ge\u00f3grafa radica-se, com a fam\u00edlia, no Pantanal de Mato Grosso do Sul. Gaga, \u00e9 alvo de chacota e procura aux\u00edlio fonoaudiol\u00f3gico. Conhe\u00e7a a emocionante trajet\u00f3ria da Girafa Judite nos versos coloquiais de Juliana Cl\u00e1udia Amorim.<\/p>\n<p>Capa, ilustra\u00e7\u00f5es e desenhos para colorir do artista pl\u00e1stico Felipe Cruz e diagrama\u00e7\u00e3o da designer Yueh Fernandes.<\/p>\n","protected":false},"featured_media":13276,"comment_status":"open","ping_status":"closed","template":"","meta":[],"product_brand":[],"product_cat":[4080],"product_tag":[2323,366,200,453,351,243,2324,2325,2326,2349,2138,413,2328,157,187,367,721,2329,596,111,310,1894],"class_list":{"0":"post-13297","1":"product","2":"type-product","3":"status-publish","4":"has-post-thumbnail","6":"product_cat-infantojuvenil","7":"product_tag-corumba","8":"product_tag-edicoes-sarue","9":"product_tag-editora-pangeia","10":"product_tag-educacao","11":"product_tag-ensino","12":"product_tag-escrita-feminina","13":"product_tag-felipe-cruz","14":"product_tag-fonoaudiologia","15":"product_tag-girafa-gaga","16":"product_tag-juliana-claudia-amorim","17":"product_tag-lancamento","18":"product_tag-leitura","19":"product_tag-lerbrincarcriar","20":"product_tag-literatura-brasileira","21":"product_tag-literatura-brasileira-contemporanea","22":"product_tag-literatura-infantojuvenil","23":"product_tag-livro-para-colorir","24":"product_tag-mato-grosso-do-sul","25":"product_tag-pantanal","26":"product_tag-poesia","27":"product_tag-sarue","28":"product_tag-yueh-fernandes","29":"product_shipping_class-normal","31":"first","32":"instock","33":"taxable","34":"shipping-taxable","35":"product-type-external"},"_links":{"self":[{"href":"https:\/\/editorapangeia.com.br\/pt_br\/wp-json\/wp\/v2\/product\/13297","targetHints":{"allow":["GET"]}}],"collection":[{"href":"https:\/\/editorapangeia.com.br\/pt_br\/wp-json\/wp\/v2\/product"}],"about":[{"href":"https:\/\/editorapangeia.com.br\/pt_br\/wp-json\/wp\/v2\/types\/product"}],"replies":[{"embeddable":true,"href":"https:\/\/editorapangeia.com.br\/pt_br\/wp-json\/wp\/v2\/comments?post=13297"}],"wp:featuredmedia":[{"embeddable":true,"href":"https:\/\/editorapangeia.com.br\/pt_br\/wp-json\/wp\/v2\/media\/13276"}],"wp:attachment":[{"href":"https:\/\/editorapangeia.com.br\/pt_br\/wp-json\/wp\/v2\/media?parent=13297"}],"wp:term":[{"taxonomy":"product_brand","embeddable":true,"href":"https:\/\/editorapangeia.com.br\/pt_br\/wp-json\/wp\/v2\/product_brand?post=13297"},{"taxonomy":"product_cat","embeddable":true,"href":"https:\/\/editorapangeia.com.br\/pt_br\/wp-json\/wp\/v2\/product_cat?post=13297"},{"taxonomy":"product_tag","embeddable":true,"href":"https:\/\/editorapangeia.com.br\/pt_br\/wp-json\/wp\/v2\/product_tag?post=13297"}],"curies":[{"name":"wp","href":"https:\/\/api.w.org\/{rel}","templated":true}]}}