{"id":13159,"date":"2022-01-27T20:00:05","date_gmt":"2022-01-27T20:00:05","guid":{"rendered":"https:\/\/editorapangeia.com.br\/?post_type=product&#038;p=13159"},"modified":"2025-04-24T18:21:35","modified_gmt":"2025-04-24T18:21:35","slug":"o-pobre-de-assis-a-representacao-de-uma-memoria-pdf-livro","status":"publish","type":"product","link":"https:\/\/editorapangeia.com.br\/pt_br\/product\/o-pobre-de-assis-a-representacao-de-uma-memoria-pdf-livro\/","title":{"rendered":"O pobre de Assis: a representa\u00e7\u00e3o de uma mem\u00f3ria, Fernanda Am\u00e9lia Leal Borges Duarte"},"content":{"rendered":"<div class=\"page\" title=\"Page 7\">\n<div class=\"layoutArea\">\n<div class=\"column\">\n<p>O Cardeal Bergoglio, na assun\u00e7\u00e3o ao Trono de Roma como Papa Francisco, busca no simbolismo de Francisco, o Santo de Assis, constituir marca identit\u00e1ria constru\u00edda ao longo de oito s\u00e9culos, mas mais precisamente no s\u00e9culo imediatamente seguinte \u00e0 vida do primeiro Francisco. \u00c9 o caminho da santifica\u00e7\u00e3o, da constru\u00e7\u00e3o textual e simb\u00f3lica do Pobre de Assis nos primeiros s\u00e9culos, que o trabalho de Fernanda Am\u00e9lia Leal Borges Duarte percorre, com f\u00f4lego, com acuidade, iluminando as f\u00edmbrias do jogo hist\u00f3rico daquele momento que o largo tempo de mem\u00f3ria vem comprovar.<\/p>\n<p>No capi\u0301tulo um, compreende-se a discussa\u0303o sobre o conceito de hagiografia, entendido tal qual um ge\u0302nero litera\u0301rio que narra a vida de santos como modelos a serem seguidos pela comunidade crista\u0303. A hagiografia \u00e9 analisada como uma fonte documental que proporciona debate historiogra\u0301fico e compreensa\u0303o do imagina\u0301rio medieval.<\/p>\n<p>As hagiografias &#8220;Primeira vida&#8221; (1228) e &#8220;Segunda vida&#8221; (1247) de Tomas de Celano e &#8220;A Legenda Maior&#8221; (1263) de Sa\u0303o Boaventura foram as principais fontes histo\u0301ricas que nortearam a pesquisa. As narrativas permitiram estabelecer a discussa\u0303o sobre o modo de vida na Santa Pobreza, proposto pelo santo de Assis aos seus frades. Outros textos hagiogra\u0301ficos foram fundamentais, a\u0300 medida que funcionaram como suporte de comparac\u0327a\u0303o para compreender as inu\u0301meras formas que a Pobreza Franciscana foi debatida entre os frades franciscanos.<\/p>\n<p>O modo de vida na pobreza absoluta sera\u0301 a discussa\u0303o do capi\u0301tulo dois. De acordo com as ana\u0301lises do Testamento do Santo, das Regras Bulada e na\u0303o Bulada e dos textos hagiogra\u0301ficos foi possi\u0301vel desenvolver uma discussa\u0303o sobre as diferentes formas que a Ordem Franciscana tinha sobre a conduta da Pobreza e como esse debate foi alvo de disco\u0301rdias internas na fraternidade franciscana.<\/p>\n<p>No capi\u0301tulo tre\u0302s, a discussa\u0303o concentra-se na construc\u0327a\u0303o da memo\u0301ria e da representac\u0327a\u0303o da santidade do corpo santo de Francisco de Assis. Aborda os conceitos de memo\u0301ria e representac\u0327a\u0303o como interac\u0327a\u0303o social e poli\u0301tica para o contexto do se\u0301culo XIII, uma vez que os frades e a Cu\u0301ria Romana utilizam a figura de santidade do Pobre de Assis para o controle dos conflitos internos na fraternidade franciscana e na sociedade medieval.<\/p>\n<\/div>\n<\/div>\n<\/div>\n<div class=\"page\" title=\"Page 8\">\n<div class=\"layoutArea\">\n<div class=\"column\">\n<p>O livro apresenta, ao final, coment\u00e1rio de Renata Cristina de Sousa Nascimento, da UFG e da PUC-GO.<\/p>\n<\/div>\n<\/div>\n<\/div>\n","protected":false},"excerpt":{"rendered":"<p>Este livro discute o processo de formac\u0327a\u0303o da Ordem Franciscana e a\u0300 representac\u0327a\u0303o santa e poli\u0301tica de Sa\u0303o Francisco de Assis para a Cu\u0301ria romana como um instrumento de controle social da baixa Idade Me\u0301dia. Trata-se, \u00a0pois, da institucionaliza\u00e7\u00e3o na hierarquia da Igreja Cat\u00f3lica de uma Ordem fundada por um homem que desejava apenas ensinar o Evangelho de Cristo.<\/p>\n<p>No contexto do se\u0301culo XIII, foram compostas inu\u0301meras representac\u0327o\u0303es de santidade sobre Sa\u0303o Francisco de Assis, as quais esta\u0303o presentes por meio dos escritos hagiogra\u0301ficos, das discusso\u0303es sobre as regras (Bulada e na\u0303o Bulada), do testamento escrito por Francisco e do corpo do fundador que viria se tornar santo. As\u00a0representac\u0327o\u0303es e as santidades construi\u0301das em torno do santo foram feitas gradualmente. Primeiro aconteceu a canonizac\u0327a\u0303o, depois a hagiografia de Tomas de Celano que, dentre outros aspectos, discorria sobre o corpo reconhecido como reli\u0301quia e mais tarde, outras produc\u0327o\u0303es hagiogra\u0301ficas continuaram as discusso\u0303es internas sobre os textos escritos por Sa\u0303o Francisco.<\/p>\n<p>Inicialmente pesquisa realizada durante o mestrado em histo\u0301ria pela Pontifi\u0301cia Universidade Cato\u0301lica de Goia\u0301s &#8211; PUC\/GO, o livro se insere nos debates recentes sobre a vida de Francisco de Assis como personagem central para compreender o Ocidente medieval na trama discursiva das representa\u00e7\u00f5es da santidade.<\/p>\n","protected":false},"featured_media":18970,"comment_status":"open","ping_status":"closed","template":"","meta":[],"product_brand":[],"product_cat":[4084],"product_tag":[122,200,149,800,325,324],"class_list":{"0":"post-13159","1":"product","2":"type-product","3":"status-publish","4":"has-post-thumbnail","6":"product_cat-sociologia","7":"product_tag-ebook","8":"product_tag-editora-pangeia","9":"product_tag-gplv","10":"product_tag-grupo-de-pesquisa-literatura-e-vida","11":"product_tag-historiografia","12":"product_tag-religiao","13":"product_shipping_class-normal","15":"first","16":"instock","17":"taxable","18":"shipping-taxable","19":"product-type-grouped"},"_links":{"self":[{"href":"https:\/\/editorapangeia.com.br\/pt_br\/wp-json\/wp\/v2\/product\/13159","targetHints":{"allow":["GET"]}}],"collection":[{"href":"https:\/\/editorapangeia.com.br\/pt_br\/wp-json\/wp\/v2\/product"}],"about":[{"href":"https:\/\/editorapangeia.com.br\/pt_br\/wp-json\/wp\/v2\/types\/product"}],"replies":[{"embeddable":true,"href":"https:\/\/editorapangeia.com.br\/pt_br\/wp-json\/wp\/v2\/comments?post=13159"}],"wp:featuredmedia":[{"embeddable":true,"href":"https:\/\/editorapangeia.com.br\/pt_br\/wp-json\/wp\/v2\/media\/18970"}],"wp:attachment":[{"href":"https:\/\/editorapangeia.com.br\/pt_br\/wp-json\/wp\/v2\/media?parent=13159"}],"wp:term":[{"taxonomy":"product_brand","embeddable":true,"href":"https:\/\/editorapangeia.com.br\/pt_br\/wp-json\/wp\/v2\/product_brand?post=13159"},{"taxonomy":"product_cat","embeddable":true,"href":"https:\/\/editorapangeia.com.br\/pt_br\/wp-json\/wp\/v2\/product_cat?post=13159"},{"taxonomy":"product_tag","embeddable":true,"href":"https:\/\/editorapangeia.com.br\/pt_br\/wp-json\/wp\/v2\/product_tag?post=13159"}],"curies":[{"name":"wp","href":"https:\/\/api.w.org\/{rel}","templated":true}]}}