{"id":12993,"date":"2019-12-25T22:30:46","date_gmt":"2019-12-25T22:30:46","guid":{"rendered":"https:\/\/editorapangeia.com.br\/?post_type=product&#038;p=12993"},"modified":"2025-09-15T13:39:58","modified_gmt":"2025-09-15T13:39:58","slug":"ppg-uff-literatura-em-movimento-pesquisa-e-investigacao-9-pdf-epub-fixo-epub-refluivel","status":"publish","type":"product","link":"https:\/\/editorapangeia.com.br\/pt_br\/product\/ppg-uff-literatura-em-movimento-pesquisa-e-investigacao-9-pdf-epub-fixo-epub-refluivel\/","title":{"rendered":"PPG-UFF \/ CAPES &#8211; Literatura em Movimento: Pesquisa e Investiga\u00e7\u00e3o 9"},"content":{"rendered":"<p>Este \u00e9 o volume 9 da Cole\u00e7\u00e3o LITERATURA EM MOVIMENTO &#8211; Pesquisa e Investiga\u00e7\u00e3o, do Programa de P\u00f3s-Gradua\u00e7\u00e3o em Estudos Liter\u00e1rios da Universidade Federal Fluminense, UFF; acolhendo, agora, as reflex\u00f5es da XII Edi\u00e7\u00e3o do Semin\u00e1rio dos Alunos do Programa de P\u00f3s-Gradua\u00e7\u00e3o em Estudos de Literatura da UFF.<\/p>\n<p style=\"text-align: center;\"><strong>Artigos e Autores<\/strong><\/p>\n<blockquote>\n<p style=\"text-align: center;\">Sum\u00e1rio<\/p>\n<\/blockquote>\n<p style=\"text-align: center;\">LITERATURA, SIM, MAS EM DI\u00c1LOGO,<br \/>\nVitor Alevato do Amaral \u00a0 10<\/p>\n<p style=\"text-align: center;\">\u201cARRASTAR-ME-EI PELO MORRO E CHEGAREI AT\u00c9 V\u00d3S\u201d: UMA BREVE<br \/>\nAN\u00c1LISE DA ENUNCIA\u00c7\u00c3O PO\u00c9TICA ENDERE\u00c7ADA EM<br \/>\n<em><strong>SENTIMENTO DO MUNDO<\/strong><\/em>, DE DRUMMOND,<br \/>\nAna Carolina Botelho 13<\/p>\n<p style=\"text-align: center;\">AS PALAVRAS DO CORPO NA CONSTELA\u00c7\u00c3O DE ESCRITORAS<br \/>\nPORTUGUESAS, Ana Paula de Oliveira Pereira 28<\/p>\n<p style=\"text-align: center;\">CYNTHIA EDUL: O PAPEL DA MULHER E A SOCIEDADE \u00c1RABE<br \/>\nCONTEMPOR\u00c2NEA, Anderson Guerreiro dos Santos 42<\/p>\n<p style=\"text-align: center;\">\u00c1LVARES DE AZEVEDO E O CANTO DA MELANCOLIA,<br \/>\nAntonio Luiz de Souza Nogueira Junior 53<\/p>\n<p style=\"text-align: center;\">CONSIDERA\u00c7\u00d5ES SOBRE O UNIVERSO M\u00cdTICO EM <strong><em>ANJO<\/em> NEGRO<\/strong>,<br \/>\nDE N\u00c9LSON RODRIGUES, Antonio Valmario Costa J\u00fanior 64<\/p>\n<p style=\"text-align: center;\">MEM\u00d3RIA E CORPO: UM DI\u00c1LOGO ENTRE JORGE LUIS<br \/>\nBORGES E CHICO BUARQUE, Baruc Carvalho Martins 76<\/p>\n<p style=\"text-align: center;\">A ESCRITORA CAROLINA MARIA DE JESUS: A FAVELADA<br \/>\nQUE PIROU, Cec\u00edlia Santana da Costa Santos 89<\/p>\n<p style=\"text-align: center;\">PERFORMANCE DA ESCRITA EM MARIA GABRIELA LLANSOL,<br \/>\nClaudia Regina do Nascimento 99<\/p>\n<p style=\"text-align: center;\">OS \u201cBENS ESPIRITUAIS\u201d ENQUANTO DIREITO: LITERATURA<br \/>\nEM FOCO, Cristiane Machado 112<\/p>\n<p style=\"text-align: center;\">AMBIVAL\u00caNCIAS SENSORIAIS: CHARLES BAUDELAIRE E A<br \/>\nPO\u00c9TICA DO OLFATO, D\u00e9bora dos Santos Silva Rosa 123<\/p>\n<p style=\"text-align: center;\">FUI A AUSCHWITZ E LEMBREI DE VOC\u00ca: MEM\u00d3RIAS PORNOGR\u00c1FICAS<br \/>\nDE ARQUIVOS DO MAL, Denes Augusto Clemente 132<\/p>\n<p style=\"text-align: center;\">DIALOGISMO, ESTIGMA E PRECONCEITO LINGU\u00cdSTICO EM<br \/>\n<em><strong>VIDAS SECAS<\/strong><\/em>, DE GRACILIANO RAMOS, Felipe Ribeiro<br \/>\nAquino, Anita Martins Rodrigues de Moraes 145<\/p>\n<p style=\"text-align: center;\">QUEST\u00d5ES POL\u00cdTICAS EM DI\u00c1LOGO NAS PRODU\u00c7\u00d5ES EPISTOLARES DE<br \/>\nMANUEL MARIA BARBOSA DU BOCAGE E DE D. LEONOR<br \/>\nD\u2019ALMEIDA PORTUGAL LORENA E LENCASTRE, A<br \/>\nMARQUESA DE ALORNA, Fl\u00e1via Pais de<br \/>\nAguiar 158<\/p>\n<p style=\"text-align: center;\">O POEMA NA LENTE DO DOCUMENT\u00c1RIO, Frederico Klumb \u00a0169<\/p>\n<p style=\"text-align: center;\">UM \u201cDESVIO\u201d POL\u00cdTICO NA VIRADA \u00c9TICA? JAMAIS O FOGO NUNCA E TORRE<br \/>\nDAS DONZELAS COMO REENCENA\u00c7\u00d5ES DO CONTE\u00daDO POL\u00cdTICO DA<br \/>\nRESIST\u00caNCIA \u00c0S \u00daLTIMAS DITADURAS DO CHILE E DO BRASIL,<br \/>\nGabriel Fernandes de Miranda 187<\/p>\n<p style=\"text-align: center;\">POR UMA LEI DA ACLIMATA\u00c7\u00c3O: O PROBLEM\u00c1TICO ENCAIXAMENTO<br \/>\nDE MACHADO DE ASSIS \u00c0 ESCOLA REALISTA NA HISTORIOGRAFIA<br \/>\nLITER\u00c1RIA, Geovane Melo Em\u00eddio Sousa 201<\/p>\n<p style=\"text-align: center;\">AUGUSTO DOS ANJOS: A MELANCOLIA \u2013 IN\u00cdCIO E FIM,<br \/>\nIgor Fran\u00e7a Cordeiro 215<\/p>\n<p style=\"text-align: center;\">COMO A DESVALORIZA\u00c7\u00c3O DA LITERATURA NOS CONDUZIU AO<br \/>\nBOLSONARISMO: LITERATURA EM TEMPOS DE ISOLAMENTO<br \/>\nNO BRASIL, Jos\u00e9 Eduardo Fonseca Brand\u00e3o 228<\/p>\n<p style=\"text-align: center;\">APRENDER A FALAR EM L\u00cdNGUA TODOG: UMA LEITURA DE<br \/>\n<em><strong>TODOS OS CACHORROS S\u00c3O AZUIS<\/strong><\/em>, DE RODRIGO DE<br \/>\nSOUZA LE\u00c3O, Leonardo Freitas Bezerra Vilela 242<\/p>\n<p style=\"text-align: center;\">EXAUST\u00c3O PAND\u00caMICA COMO EXAUST\u00c3O MIDI\u00c1TICA: NOTAS<br \/>\nSOBRE A COMPULSORIEDADE DE M\u00cdDIAS E CARTAS,<br \/>\nLeonardo Petersen Lamha 256<\/p>\n<p style=\"text-align: center;\">PENSAR MACUNCOZO: OUTRAR-SE NA TEORIA LITER\u00c1RIA,<br \/>\nLouise Furtado de Souza, Anita Martins Rodrigues<br \/>\nde Moraes \u00a0266<\/p>\n<p style=\"text-align: center;\">DI\u00c1LOGOS ENTRE <em><strong>A HORA DA ESTRELA<\/strong><\/em> E <em><strong>AMAR UM C\u00c3O<\/strong><\/em>,<br \/>\nLu\u00edza Klein Cher\u00e9m 281<\/p>\n<p style=\"text-align: center;\">UM OLHAR SOBRE AS VIOL\u00caNCIAS SOFRIDAS PELOS MAIS<br \/>\nVULNER\u00c1VEIS, EM <em><strong>A HORA DA ESTRELA<\/strong><\/em>,<br \/>\nMargareth de Sales da Silva 295<\/p>\n<p style=\"text-align: center;\">EFEITOS DE SUBJETIVIDADE E A TRANSFORMA\u00c7\u00c3O DO STATUS<br \/>\nMARGINALIZADO DO ANIMAL EM \u201cO BURRINHO<br \/>\nPEDR\u00caS\u201d E \u201cCONVERSA DE BOIS\u201d, Mariana<br \/>\nBrasil Hass Gon\u00e7alves \u00a0308<\/p>\n<p style=\"text-align: center;\">PO\u00c9TICA DOS RIOS: O REFLEXO DO SUJEITO PERANTE AS<br \/>\n\u00c1GUAS EM POEMAS DE JUAN L. ORTIZ E MAX MARTINS,<br \/>\nMariana Vieira Cardoso, Paula Glenadel Leal 324<\/p>\n<p style=\"text-align: center;\">O GRANDE SERT\u00c3O DE ROSA: UMA BREVE DISCUSS\u00c3O SOBRE<br \/>\nO SUPER-REGIONALISMO PROPOSTO POR ANTONIO<br \/>\nCANDIDO, Marina Maria Campos Brito 338<\/p>\n<p style=\"text-align: center;\">TEORIA LITER\u00c1RIA E IDEOLOGIA: APONTAMENTOS<br \/>\nCR\u00cdTICOS, Paulo Alex Souza 353<\/p>\n<p style=\"text-align: center;\">\u201cTHE PLAYWRIGHT WHO WROTE THE FOLIO OF THE WORLD\u201d:<br \/>\nO <em>HAMLET CHAPTER<\/em> NAS TRADU\u00c7\u00d5ES DE <em><strong>ULYSSES<\/strong><\/em><br \/>\nNO BRASIL, Pedro Lu\u00eds Sala Vieira 367<\/p>\n<p style=\"text-align: center;\"><em><strong>VIDAS SECAS<\/strong><\/em>, LITERATURA E <em>GRAPHIC NOVEL<\/em>: O PODER<br \/>\nDISCIPLINAR E A VIOL\u00caNCIA NOS CAP\u00cdTULOS \u201cCADEIA\u201d<br \/>\nE \u201cO MENINO MAIS VELHO\u201d, Susana<br \/>\nCristina Ferreira Fernandes \u00a0379<\/p>\n<p style=\"text-align: center;\">REPRESENTA\u00c7\u00d5ES DE G\u00caNERO EM <em><strong>O MATADOR<\/strong><\/em>, DE PATR\u00cdCIA<br \/>\nMELO, Tahin\u00e1 da Silva Santos Moreira 392<\/p>\n<p style=\"text-align: center;\">NOTAS SOBRE A TEORIA DA PULS\u00c3O DE FIC\u00c7\u00c3O DE SUZI FRANKL<br \/>\nSPERBER, Ursulla Herdy Gomes de Souza, Anita<br \/>\nMartins Rodrigues de Moraes 405<\/p>\n<p style=\"text-align: center;\">AS HIST\u00d3RIAS EM QUADRINHOS COMO MECANISMO DE<br \/>\nRESIST\u00caNCIA \u00c0S ESTRUTURAS POL\u00cdTICAS VIGENTES<br \/>\nNO ORIENTE M\u00c9DIO: O CASO IRANIANO,<br \/>\nVanessa da Costa Lamas 419<\/p>\n<p style=\"text-align: center;\">PR\u00d3LOGOS A UM POEMA EM GERA\u00c7\u00c3O \u2013 TAMARA KAMENSZAIN,<br \/>\nLEITORA DE LITERAL, Vin\u00edcius Ximenes 430<\/p>\n<p style=\"text-align: center;\">COLOF\u00c3O \u00a0 442<\/p>\n","protected":false},"excerpt":{"rendered":"<p>Organizado por Vitor Alevato Amaral, este 9\u00ba volume da S\u00e9rie <strong>Literatura em Movimento: Pesquisa e Investiga\u00e7\u00e3o<\/strong>, \u00e9 assim apresentado:<\/p>\n<div class=\"page\" title=\"Page 7\">\n<div class=\"layoutArea\">\n<div class=\"column\">\n<div class=\"page\" title=\"Page 6\">\n<div class=\"layoutArea\">\n<div class=\"column\">\n<div class=\"page\" title=\"Page 9\">\n<div class=\"layoutArea\">\n<div class=\"column\">\n<p style=\"padding-left: 40px;\">Neste cap\u00edtulo introdut\u00f3rio a um dos volumes da s\u00e9rie Literatura em Movimento, que re\u00fane os trabalhos de estudantes de mestrado e doutorado do Instituto de Letras da Universidade Federal Fluminense, do ano de 2021, reflito, a partir dos pr\u00f3prios trabalhos aqui reunidos, sobre a import\u00e2ncia do di\u00e1logo entre as artes e entre as disciplinas.<\/p>\n<p style=\"padding-left: 40px;\">[&#8230;]<\/p>\n<p style=\"padding-left: 40px;\">Em tempos de Google, quando nossos desejos s\u00e3o determinados ou refor\u00e7ados por algoritmos, lembro-me desta passagem de <strong><em>La litt\u00e9rature, pour<\/em> quoi faire?<\/strong> [Literatura, por que fazer?], de Antoine Compagnon (2007, p. 69), em que o te\u00f3rico belga ressalta que a literatura pensa, \u201cmas n\u00e3o como a ci\u00eancia ou a filosofia. Seu pensamento \u00e9 heur\u00edstico (n\u00e3o para jamais de buscar), e n\u00e3o algor\u00edtmico: ele avan\u00e7a tateante, sem c\u00e1lculo, por intui\u00e7\u00e3o, com tino\u201d.<\/p>\n<p style=\"padding-left: 40px;\">Estes trabalhos de pesquisadores em plena forma\u00e7\u00e3o parecem demonstrar que sua palavra-chave \u00e9 mesmo a busca. Essa busca incans\u00e1vel e rebelde, incapaz de se fechar ao di\u00e1logo que leva ao livre pensamento e resistente \u00e0s fronteiras disciplinares. Essa busca \u00e9 incessante e humana quando pensamos na, e com a, literatura.<\/p>\n<\/div>\n<\/div>\n<\/div>\n<\/div>\n<\/div>\n<\/div>\n<p>A Cole\u00e7\u00e3o \u00e9 composta, no momento, por nove volumes; os tr\u00eas primeiros, somente em ePub; os tr\u00eas seguinte em ePub e em PDF, e os tr\u00eas mais recentes em PDF, em ePub Reflu\u00edvel (que se adapta \u00e0 tela) e em ePub Fixo (com p\u00e1ginas similares a um livro f\u00edsico). Trata-se de um reposit\u00f3rio inestim\u00e1vel, com centenas de estudos liter\u00e1rios, com diversificado referencial te\u00f3rico, multiplicidade de <em>corpus<strong>\u00a0<\/strong><\/em>e variados enfoques metodol\u00f3gicos. Confira.<\/p>\n<\/div>\n<\/div>\n<\/div>\n","protected":false},"featured_media":13799,"comment_status":"open","ping_status":"closed","template":"","meta":[],"product_brand":[],"product_cat":[4081,4828],"product_tag":[2151,192,496,2267,2234,2268,264,495,389,156,157,182,183,2265,2266,494,434,163,493,1228],"class_list":{"0":"post-12993","1":"product","2":"type-product","3":"status-publish","4":"has-post-thumbnail","6":"product_cat-estudosliterarios","7":"product_cat-livrosgratis","8":"product_tag-capes","9":"product_tag-critica-literaria","10":"product_tag-critica-teatral","11":"product_tag-ensino-de-letras","12":"product_tag-ensino-de-literatura","13":"product_tag-estudos-de-literatura","14":"product_tag-estudos-literarios","15":"product_tag-historia-da-literatura","16":"product_tag-letras","17":"product_tag-literatura","18":"product_tag-literatura-brasileira","19":"product_tag-literatura-em-movimento","20":"product_tag-pesquisa-e-investigacao","21":"product_tag-ppg-em-estudos-literarios","22":"product_tag-ppg-em-letras","23":"product_tag-sappil","24":"product_tag-teoria-da-literatura","25":"product_tag-uff","26":"product_tag-uff-universidade-federal-fluminense","27":"product_tag-universidade","28":"product_shipping_class-normal","30":"first","31":"instock","32":"taxable","33":"shipping-taxable","34":"product-type-grouped"},"_links":{"self":[{"href":"https:\/\/editorapangeia.com.br\/pt_br\/wp-json\/wp\/v2\/product\/12993","targetHints":{"allow":["GET"]}}],"collection":[{"href":"https:\/\/editorapangeia.com.br\/pt_br\/wp-json\/wp\/v2\/product"}],"about":[{"href":"https:\/\/editorapangeia.com.br\/pt_br\/wp-json\/wp\/v2\/types\/product"}],"replies":[{"embeddable":true,"href":"https:\/\/editorapangeia.com.br\/pt_br\/wp-json\/wp\/v2\/comments?post=12993"}],"wp:featuredmedia":[{"embeddable":true,"href":"https:\/\/editorapangeia.com.br\/pt_br\/wp-json\/wp\/v2\/media\/13799"}],"wp:attachment":[{"href":"https:\/\/editorapangeia.com.br\/pt_br\/wp-json\/wp\/v2\/media?parent=12993"}],"wp:term":[{"taxonomy":"product_brand","embeddable":true,"href":"https:\/\/editorapangeia.com.br\/pt_br\/wp-json\/wp\/v2\/product_brand?post=12993"},{"taxonomy":"product_cat","embeddable":true,"href":"https:\/\/editorapangeia.com.br\/pt_br\/wp-json\/wp\/v2\/product_cat?post=12993"},{"taxonomy":"product_tag","embeddable":true,"href":"https:\/\/editorapangeia.com.br\/pt_br\/wp-json\/wp\/v2\/product_tag?post=12993"}],"curies":[{"name":"wp","href":"https:\/\/api.w.org\/{rel}","templated":true}]}}