{"id":12983,"date":"2019-12-25T21:30:45","date_gmt":"2019-12-25T21:30:45","guid":{"rendered":"https:\/\/editorapangeia.com.br\/?post_type=product&#038;p=12983"},"modified":"2025-09-15T13:39:28","modified_gmt":"2025-09-15T13:39:28","slug":"ppg-uff-literatura-em-movimento-pesquisa-e-investigacao-8-pdf-epub-fixo-e-epub-refluivel","status":"publish","type":"product","link":"https:\/\/editorapangeia.com.br\/pt_br\/product\/ppg-uff-literatura-em-movimento-pesquisa-e-investigacao-8-pdf-epub-fixo-e-epub-refluivel\/","title":{"rendered":"PPG-UFF \/ CAPES \u2013 Literatura em Movimento: Pesquisa e Investiga\u00e7\u00e3o 8"},"content":{"rendered":"<p>Este \u00e9 o volume 8 da Cole\u00e7\u00e3o LITERATURA EM MOVIMENTO &#8211; Pesquisa e Investiga\u00e7\u00e3o, do Programa de P\u00f3s-Gradua\u00e7\u00e3o em Estudos Liter\u00e1rios da Universidade Federal Fluminense, UFF; acolhendo, agora, as reflex\u00f5es da XII Edi\u00e7\u00e3o do Semin\u00e1rio dos Alunos do Programa de P\u00f3s-Gradua\u00e7\u00e3o em Estudos de Literatura da UFF.<\/p>\n<blockquote>\n<p style=\"text-align: center;\">Sum\u00e1rio<\/p>\n<\/blockquote>\n<p style=\"text-align: center;\">P\u00d3S-GRADUA\u00c7\u00c3O EM ESTUDOS DE LITERATURA: UM<br \/>\nBREVE EXCURSO SOBRE A CURIOSIDADE E A<br \/>\nIMAGINA\u00c7\u00c3O,<br \/>\nPascoal Farinaccio, Federico Fellini 9<\/p>\n<p style=\"text-align: center;\">ONDE EST\u00c1 O B\u00c1RBARO? O B\u00c1RBARO SOU EU (ETHOS DE RESIST\u00caNCIA:<br \/>\nENTRE CIVILIZA\u00c7\u00c3O E BARB\u00c1RIE EM <em><strong>SE O PASSADO N\u00c3O TIVESSE<\/strong><\/em><br \/>\n<em><strong>ASAS<\/strong><\/em>, DE PEPETELA), Adriano Guedes Carneiro 25<\/p>\n<p style=\"text-align: center;\">O MUNDO DE CAROLINA,<br \/>\nAlexandra Maia Teixeira 41<\/p>\n<p style=\"text-align: center;\">A ESCRITA DE SI: TRAVESSIA E PROCURA,<br \/>\nAna Teresa Barbosa dos Santos 53<\/p>\n<p style=\"text-align: center;\">O QUE FAZER COM O FIM? POSSIBILIDADES APOCAL\u00cdPTICAS E<br \/>\nP\u00d3S-APOCAL\u00cdPTICAS EM FIM DE PARTIDA E \u201cOS HOMENS<br \/>\nOCOS\u201d, B\u00e1rbara Bravo Pires Ferreira 68<\/p>\n<p style=\"text-align: center;\">FAZER-MUNDOS: DESDOBRAMENTOS DA LEITURA DE<br \/>\n<em><strong>RO\u00c7A BARROCA<\/strong><\/em>, DE JOSELY VIANNA BAPTISTA,<br \/>\nBruna Freitas Figueiredo 84<\/p>\n<p style=\"text-align: center;\">A ESCRITA DE LUDO, O DESENHO DE UMA TEORIA DA<br \/>\nMEM\u00d3RIA E DO ESQUECIMENTO, Christiane<br \/>\nGon\u00e7alves dos Reis 101<\/p>\n<p style=\"text-align: center;\">AD\u00cdLIA LOPES, ANG\u00c9LICA FREITAS E A TRADI\u00c7\u00c3O,<br \/>\nChristine Soares de Oliveira Lopes da Cruz 114<\/p>\n<p style=\"text-align: center;\">ESSE CABELO, ESSA CARTOLA: MIGRA\u00c7\u00c3O E ALTERIDADE NAS<br \/>\nOBRAS DE DJAIMILIA PEREIRA DE ALMEIDA,<br \/>\nClarisse Dias Pess\u00f4a 125<\/p>\n<p style=\"text-align: center;\">O HUMOR COMO PERTURBA\u00c7\u00c3O DA ORDEM VIGENTE EM<br \/>\n<em><strong>AUTO DA COMPADECIDA<\/strong><\/em> E <em><strong>FARSA DA BOA<br \/>\nPREGUI\u00c7A<\/strong><\/em>, DE ARIANO SUASSUNA,<br \/>\nDaniel Reis Pessanha 135<\/p>\n<p style=\"text-align: center;\">\u201cUM ENJEITADO \u2013 O TEATRO NACIONAL\u201d: JU\u00cdZOS DA CR\u00cdTICA<br \/>\nTEATRAL BRASILEIRA NO IN\u00cdCIO DO S\u00c9CULO XX,<br \/>\nFrederico van Erven Cabala 145<\/p>\n<p style=\"text-align: center;\">O RIO-VERSO REVOLTO EM M\u00c1RIO DE ANDRADE E MARCOS<br \/>\nSISCAR, Laila Souza de Paula 154<\/p>\n<p style=\"text-align: center;\">DRAMATURGIA(S) DA FUGA: NOTAS MARGINAIS SOBRE TEATRO(S)<br \/>\nNEGRO(S) NO BRASIL CONTEMPOR\u00c2NEO,<br \/>\nLuan Sabino Siqueira 165<\/p>\n<p style=\"text-align: center;\">O QUE APRENDEMOS DE UM PESADELO SEM SA\u00cdDA? OS<br \/>\nRITOS ABSOLUTOS DE 1984, Lucas de Barros Tardin 181<\/p>\n<p style=\"text-align: center;\">ENTRE FILOSOFIA E LITERATURA, ENTRE LIVRO E OBRA:<br \/>\nA \u00c1RVORE COMO A CRIA\u00c7\u00c3O POSS\u00cdVEL EM <em><strong>OS POBRES<\/strong><\/em>, DE<br \/>\nRAUL BRAND\u00c3O, Marcos Vin\u00edcius Rodrigues de Azevedo 196<\/p>\n<p style=\"text-align: center;\">\u201cO ECO DA VIDA-LIBERDADE\u201d NA RESILI\u00caNCIA DE MINHA<br \/>\nFALA: T\u00c9LUM\u00c9E E SOLID\u00c3O COMO PROTAGONISTAS<br \/>\nDE SUAS [H]IST\u00d3RIAS, Marina Brito de Mello 207<\/p>\n<p style=\"text-align: center;\">NA ALDEIA DOS CROCODILOS, UM MITO MO\u00c7AMBICANO,<br \/>\nDO VALE DO ZAMBEZE, Marina Gadelha 221<\/p>\n<p style=\"text-align: center;\">MEDONHOS SERT\u00d5ES, MEDONHOS SARC\u00d3FAGOS: O TEMA<br \/>\nDA CAT\u00c1BASE EM <em><strong>O CABELEIRA<\/strong><\/em>, DE FRANKLIN T\u00c1VORA,<br \/>\nMateus de Novaes Maia 233<\/p>\n<p style=\"text-align: center;\">ANTONIO ABUJAMRA E OS F\u2026 PRIVILEGIADOS (1991) \u2013 A<br \/>\nCRIA\u00c7\u00c3O DE UMA COMPANHIA DE<br \/>\nTEATRO DE REPERT\u00d3RIO,<br \/>\nPaula Sandroni 245<\/p>\n<p style=\"text-align: center;\">HABITAR (COM) O MONSTRO,<br \/>\nPhilippe de Avellar D. P. 255<\/p>\n<p style=\"text-align: center;\">A DAN\u00c7A DAS M\u00c1SCARAS, MET\u00c1FORAS, FRONTEIRAS,<br \/>\nREPRESENTA\u00c7\u00d5ES, Rafaele Santos do Nascimento 270<\/p>\n<p style=\"text-align: center;\">TEXTO EM SUSPENS\u00c3O: MODOS DE LER MARIA GABRIELA<br \/>\nLLANSOL, Suelen Cristina Gomes da Silva 285<\/p>\n<p style=\"text-align: center;\">LISBOA COMO PAISAGEM LITER\u00c1RIA EM JOS\u00c9 SARAMAGO E<br \/>\nTEOLINDA GERS\u00c3O: NARRATIVAS EM PALIMPSESTO,<br \/>\nTereza Maria Tavares dos Santos Jorge 295<\/p>\n<p style=\"text-align: center;\">UMA AN\u00c1LISE DA REPRESENTA\u00c7\u00c3O DA NATUREZA NO<br \/>\nRELATO DE EXPEDI\u00c7\u00c3O <em><strong>REISE IN BRASILIEN<\/strong><\/em>,<br \/>\nThayane Marins da Fonseca 305<\/p>\n<p style=\"text-align: center;\">O ROMANCE HIST\u00d3RICO CONTEMPOR\u00c2NEO: QUAIS AS MUDAN\u00c7AS<br \/>\nNO G\u00caNERO LITER\u00c1RIO DESDE GY\u00d6RGY LUK\u00c1CS?,<br \/>\nThayn\u00e1 Caldas Moreira 317<\/p>\n<p style=\"text-align: center;\">\u201cVENTANIA EM QUALQUER DIRE\u00c7\u00c3O\u201d: MOBILIDADE NAS CAN\u00c7\u00d5ES<br \/>\nDO CLUBE DA ESQUINA, Veronica da Silva Gomes \u00a0327<\/p>\n<p style=\"text-align: center;\">O CASAMENTO NA LITERATURA TEATRAL DE ARTUR AZEVEDO:<br \/>\nUM ESTUDO COMPARADO ENTRE AS OBRAS <em><strong>OS NOIVOS<\/strong><\/em>,<br \/>\n<em><strong>O DOTE<\/strong><\/em> E <em><strong>AMOR POR ANEXINS<\/strong><\/em>,<br \/>\nYgor de Lima Leite Ribeiro 340<\/p>\n<p style=\"text-align: center;\">COLOF\u00c3O 353<\/p>\n","protected":false},"excerpt":{"rendered":"<p>Organizado por Pascoal Farinaccio, este 8\u00ba volume da S\u00e9rie <strong>Literatura em Movimento: Pesquisa e Investiga\u00e7\u00e3o<\/strong>, \u00e9 assim apresentado:<\/p>\n<p style=\"padding-left: 40px;\">A premissa beckettiana de \u201cfracassar melhor\u201d pressup\u00f5e um tempo dilatado de pesquisa, pois um fracasso, bem avaliado, pode incitar um novo passo do pesquisador em um rumo que o leve para mais pr\u00f3ximo do resultado almejado. S\u00e3o os muitos momentos de derrota que conduzem a poucos momentos de triunfo \u2014 poucos momentos, sim, mas que podem fazer toda a diferen\u00e7a qualitativa e significar avan\u00e7os significativos nas ci\u00eancias ou gerar obras-primas art\u00edsticas ou de estudos cr\u00edticos no campo das chamadas humanidades. Levada em conta essa conjectura, Manguel observa que o sistema escolar atual tem pouca flexibilidade de aceitar os fracassos implicados em todo projeto de pesquisa e assim tende a pouco contribuir para o incremento da imagina\u00e7\u00e3o. Sua cr\u00edtica \u00e9 dur\u00edssima [&#8230;] Certamente n\u00e3o se trata de saber sobre \u201ctudo\u201d, pois h\u00e1 claros limites individuais de absor\u00e7\u00e3o do conhecimento contempor\u00e2neo dada sua escala monumental, em grande parte produzida justamente pela especializa\u00e7\u00e3o. E como visto anteriormente, o mais importante, vale frisar, \u00e9 a atitude mental diante dos pensamentos dos outros, a capacidade de dialogar criativamente com o j\u00e1 dado para tentar imprimir uma marca mais pessoal, uma contribui\u00e7\u00e3o em alguma medida original. Para o estudante de literatura, o conhecimento, ainda que parcial, de \u00e1reas de conhecimento diversas \u00e9 muito rent\u00e1vel: possibilita estabelecer rela\u00e7\u00f5es do texto com um n\u00famero maior de refer\u00eancias pertinentes, o que torna a leitura cr\u00edtica mais rica. E h\u00e1 uma beleza toda especial nisso, como sabem aqueles que leem um bom ensaio cr\u00edtico \u2014 uma esp\u00e9cie de alumbramento pelo seu poder de revela\u00e7\u00e3o.<\/p>\n<div class=\"page\" title=\"Page 7\">\n<div class=\"layoutArea\">\n<div class=\"column\">\n<p>A Cole\u00e7\u00e3o \u00e9 composta, no momento, por nove volumes; os tr\u00eas primeiros, somente em ePub; os tr\u00eas seguinte em ePub e em PDF, e os tr\u00eas mais recentes em PDF, em ePub Reflu\u00edvel (que se adapta \u00e0 tela) e em ePub Fixo (com p\u00e1ginas similares a um livro f\u00edsico). Trata-se de um reposit\u00f3rio inestim\u00e1vel, com centenas de estudos liter\u00e1rios, com diversificado referencial te\u00f3rico, multiplicidade de <em>corpus<strong>\u00a0<\/strong><\/em>e variados enfoques metodol\u00f3gicos. Confira.<\/p>\n<\/div>\n<\/div>\n<\/div>\n","protected":false},"featured_media":13798,"comment_status":"open","ping_status":"closed","template":"","meta":[],"product_brand":[],"product_cat":[4081,4828],"product_tag":[2151,192,496,2267,2234,2268,264,495,389,156,157,182,183,2265,2266,494,434,163,493,1228],"class_list":{"0":"post-12983","1":"product","2":"type-product","3":"status-publish","4":"has-post-thumbnail","6":"product_cat-estudosliterarios","7":"product_cat-livrosgratis","8":"product_tag-capes","9":"product_tag-critica-literaria","10":"product_tag-critica-teatral","11":"product_tag-ensino-de-letras","12":"product_tag-ensino-de-literatura","13":"product_tag-estudos-de-literatura","14":"product_tag-estudos-literarios","15":"product_tag-historia-da-literatura","16":"product_tag-letras","17":"product_tag-literatura","18":"product_tag-literatura-brasileira","19":"product_tag-literatura-em-movimento","20":"product_tag-pesquisa-e-investigacao","21":"product_tag-ppg-em-estudos-literarios","22":"product_tag-ppg-em-letras","23":"product_tag-sappil","24":"product_tag-teoria-da-literatura","25":"product_tag-uff","26":"product_tag-uff-universidade-federal-fluminense","27":"product_tag-universidade","28":"product_shipping_class-normal","30":"first","31":"instock","32":"shipping-taxable","33":"product-type-grouped"},"_links":{"self":[{"href":"https:\/\/editorapangeia.com.br\/pt_br\/wp-json\/wp\/v2\/product\/12983","targetHints":{"allow":["GET"]}}],"collection":[{"href":"https:\/\/editorapangeia.com.br\/pt_br\/wp-json\/wp\/v2\/product"}],"about":[{"href":"https:\/\/editorapangeia.com.br\/pt_br\/wp-json\/wp\/v2\/types\/product"}],"replies":[{"embeddable":true,"href":"https:\/\/editorapangeia.com.br\/pt_br\/wp-json\/wp\/v2\/comments?post=12983"}],"wp:featuredmedia":[{"embeddable":true,"href":"https:\/\/editorapangeia.com.br\/pt_br\/wp-json\/wp\/v2\/media\/13798"}],"wp:attachment":[{"href":"https:\/\/editorapangeia.com.br\/pt_br\/wp-json\/wp\/v2\/media?parent=12983"}],"wp:term":[{"taxonomy":"product_brand","embeddable":true,"href":"https:\/\/editorapangeia.com.br\/pt_br\/wp-json\/wp\/v2\/product_brand?post=12983"},{"taxonomy":"product_cat","embeddable":true,"href":"https:\/\/editorapangeia.com.br\/pt_br\/wp-json\/wp\/v2\/product_cat?post=12983"},{"taxonomy":"product_tag","embeddable":true,"href":"https:\/\/editorapangeia.com.br\/pt_br\/wp-json\/wp\/v2\/product_tag?post=12983"}],"curies":[{"name":"wp","href":"https:\/\/api.w.org\/{rel}","templated":true}]}}