{"id":12975,"date":"2019-12-25T20:30:16","date_gmt":"2019-12-25T20:30:16","guid":{"rendered":"https:\/\/editorapangeia.com.br\/?post_type=product&#038;p=12975"},"modified":"2025-09-15T13:39:00","modified_gmt":"2025-09-15T13:39:00","slug":"literatura-em-movimento-pesquisa-e-investigacao-7-pdf-epub-fixo-e-epub-refluivel","status":"publish","type":"product","link":"https:\/\/editorapangeia.com.br\/pt_br\/product\/literatura-em-movimento-pesquisa-e-investigacao-7-pdf-epub-fixo-e-epub-refluivel\/","title":{"rendered":"PPG-UFF \/ CAPES &#8211; Literatura em Movimento: Pesquisa e Investiga\u00e7\u00e3o 7"},"content":{"rendered":"<p>Este \u00e9 o volume 7 da Cole\u00e7\u00e3o LITERATURA EM MOVIMENTO &#8211; Pesquisa e Investiga\u00e7\u00e3o, do Programa de P\u00f3s-Gradua\u00e7\u00e3o em Estudos Liter\u00e1rios da Universidade Federal Fluminense, UFF; acolhendo, agora, as reflex\u00f5es da XII Edi\u00e7\u00e3o do Semin\u00e1rio dos Alunos do Programa de P\u00f3s-Gradua\u00e7\u00e3o em Estudos de Literatura da UFF.<\/p>\n<blockquote>\n<p style=\"text-align: center;\">Sum\u00e1rio<\/p>\n<\/blockquote>\n<p style=\"text-align: center;\">VERDADES DESCONSTRU\u00cdDAS, SABERES PLURAIS: UMA REFLEX\u00c3O<br \/>\nSOBRE A ESTRUTURA DO CONHECIMENTO DAS<br \/>\nUNIVERSIDADES, Anna Faedrich 9<\/p>\n<p style=\"text-align: center;\">OS MEIOS DE TRANSPORTE NA LITERATURA DO S\u00c9CULO XIX:<br \/>\nINTERCURSOS HIST\u00d3RICO-CULTURAIS E ESTIL\u00cdSTICOS,<br \/>\nAdilson da Silva Santos Junior 17<\/p>\n<p style=\"text-align: center;\">O AFETO EM <em><strong>A OCUPA\u00c7\u00c3O<\/strong><\/em>, DE JULI\u00c1N FUKS,<br \/>\nAllysson Casais 33<\/p>\n<p style=\"text-align: center;\"><em><strong>ANIMA<\/strong><\/em>, UMA VIAGEM IDENTIT\u00c1RIA PELA ESTRADA,<br \/>\nAndr\u00e9 Luiz Viera 44<\/p>\n<p style=\"text-align: center;\">NARRATIVAS QUE DESAFIAM O SIL\u00caNCIO: EXIST\u00caNCIAS<br \/>\nL\u00c9SBICAS EM CONTOS DE CONCEI\u00c7\u00c3O EVARISTO E<br \/>\nJARID ARRAES, \u00c2ngela da Silva Gomes Poz 61<\/p>\n<p style=\"text-align: center;\">O G\u00d3TICO, O FANT\u00c1STICO E O FEMININO,<br \/>\nAriana dos Anjos Barbosa 76<\/p>\n<p style=\"text-align: center;\">NGOMA YETHU \u2013 A IDEALIZA\u00c7\u00c3O DE UM CRISTIANISMO<br \/>\nDOS OPRIMIDOS, Camila Lima Sobrinho 94<\/p>\n<p style=\"text-align: center;\"><em><strong>RODANDO A RODA<\/strong><\/em>: LIBERTA\u00c7\u00c3O FEMININA NA<br \/>\nPE\u00c7A DE LEILAH ASSUMP\u00c7\u00c3O,<br \/>\nCarollina Chebel 107<\/p>\n<p style=\"text-align: center;\">MENINAS QUE VOLTAM: NOVOS AGENTES DE DEN\u00daNCIA<br \/>\nPOL\u00cdTICA NA LITERATURA DE MARIANA ENR\u00cdQUEZ,<br \/>\nClarice Goulart Pedrosa 123<\/p>\n<p style=\"text-align: center;\">O REINO DOS EXCLU\u00cdDOS: UM OLHAR SOBRE A LOUCURA<br \/>\nE A LIBERDADE EM ANGOLA,<br \/>\nDiana Gonzaga Pereira 137<\/p>\n<p style=\"text-align: center;\">REVISITANDO A COLE\u00c7\u00c3O MAMA \u00c1FRICA,<br \/>\nEdyanna de Oliveira Barreto 151<\/p>\n<p style=\"text-align: center;\">VOZES FEMININAS E AFROCENTRADAS EM <em><strong>\u00c1GUA DE<\/strong><\/em><br \/>\n<em><strong>BARRELA<\/strong><\/em> E <em><strong>CACHORRO VELHO<\/strong><\/em>, Eliane da Silva 160<\/p>\n<p style=\"text-align: center;\">A FUN\u00c7\u00c3O LITER\u00c1RIA DUPLA EM <em><strong>CASA-GRANDE E SENZALA<\/strong><\/em>,<br \/>\nFabiana de Mattos Busquet 172<\/p>\n<p style=\"text-align: center;\">A VIAGEM EM <em><strong>PLANETA DOS MACACOS<\/strong><\/em>, DE PIERRE BOULLE,<br \/>\nFabiane Alves Martins 186<\/p>\n<p style=\"text-align: center;\">CORPO, DESEJO E ENDERE\u00c7AMENTO EM ANA C. E MARIA<br \/>\nISABEL IORIO, Fernanda Martins Cardoso 200<\/p>\n<p style=\"text-align: center;\">TRAVESSIA, PERTENCIMENTO E POL\u00cdTICAS DO CORPO EM <em><strong>LUANDA,<br \/>\nLISBOA, PARA\u00cdSO<\/strong><\/em>, DE DJAIMILIA PEREIRA DE ALMEIDA,<br \/>\nFernando de Lima Rodrigues \/ Tatiana Pequeno da Silva 214<\/p>\n<p style=\"text-align: center;\">O TRISTE SOM DOS SINOS \u2013 PENSANDO A MORTE E O<br \/>\nMORRER NA LITERATURA PORTUGUESA OITOCENTISTA,<br \/>\nGuilherme Nogueira Milner 229<\/p>\n<p style=\"text-align: center;\"><em>HARD-BOILED<\/em> BRASILEIRO: ED MORT E SUAS INFLU\u00caNCIAS,<br \/>\nIsabela Duarte Britto Lopes 238<\/p>\n<p style=\"text-align: center;\">SUBLIME E FIC\u00c7\u00c3O CIENT\u00cdFICA,<br \/>\nJo\u00e3o Pedro Bellas 251<\/p>\n<p style=\"text-align: center;\">RELA\u00c7\u00d5ES INTERGERACIONAIS EM ANA CASTILLO,<br \/>\nJuliana Machado Meanda 263<\/p>\n<p style=\"text-align: center;\">IMAGENS DE LISBOA EM FERNANDO NAMORA,<br \/>\nKarina Frez Cursino 278<\/p>\n<p style=\"text-align: center;\">ISA\u00cdAS CAMINHA E A IDENTIDADE NEGRA,<br \/>\nKellmarx Ferreira da Silva 289<\/p>\n<p style=\"text-align: center;\">PARA\u00cdSO TROPICAL: DA MORTE \u00c0 RESSURREI\u00c7\u00c3O DO EU<br \/>\nEM <em><strong>\u00c1GUA DE BARRELA<\/strong><\/em>, La\u00eds Ribeiro Dur\u00e3es Fagundes 299<\/p>\n<p style=\"text-align: center;\">DOS NOMES \u00c0S REVELA\u00c7\u00d5ES: MULHERES EM CONSTRU\u00c7\u00c3O<br \/>\nNO ROMANCE <em><strong>LAS ORILLAS DEL AIRE<\/strong><\/em>, DE KARINA<br \/>\nPACHECO MEDRANO, L\u00e9a Cristina Andrade 312<\/p>\n<p style=\"text-align: center;\"><em><strong>MINHA CASA \u00c9 ONDE ESTOU<\/strong><\/em>: OS SENTIDOS DA MIGR\u00c2NCIA NA<br \/>\nOBRA DE IGIABA SCEGO, L\u00edvia Verena Cunha do Ros\u00e1rio 322<\/p>\n<p style=\"text-align: center;\">A ARQUITETURA DOS IS\u00d3PTEROS E AS PREVIS\u00d5ES PARA O<br \/>\nFUTURO EM <em><strong>BARROCO TROPICAL<\/strong><\/em>, DE JOS\u00c9 EDUARDO<br \/>\nAGUALUSA, Lucas Silva Marciano dos Santos 337<\/p>\n<p style=\"text-align: center;\">TESSITURAS DO ISOLAMENTO: A ESCRITA COMO DESABAFO<br \/>\nEM <em><strong>DIV\u00c3 DE PAPEL<\/strong><\/em>, DE MARIA DE JESUS DA SILVA,<br \/>\nLuciely da Silva 348<\/p>\n<p style=\"text-align: center;\">CONHECER PELO ENCANTO: PO\u00c9TICA DE <em><strong>LAS SIRENAS<\/strong><\/em> E A<br \/>\nCR\u00cdTICA EPIST\u00caMICA, Marcella de Paula Carvalho 361<\/p>\n<p style=\"text-align: center;\">A FICCIONALIZA\u00c7\u00c3O DAS PERSONAGENS FEMININAS NA<br \/>\nOBRA DE J\u00daLIA LOPES DE ALMEIDA, Mariana Oliveira<br \/>\nBrito \/ Anna Faedrich 375<\/p>\n<p style=\"text-align: center;\">SE AS ARMADILHAS S\u00c3O AS MESMAS: ENDERE\u00c7AMENTOS<br \/>\nNA POESIA DE ANA MARTINS MARQUES,<br \/>\nN\u00edcolas Tadashi Sato Faria 384<\/p>\n<p style=\"text-align: center;\"><em><strong>O LIVRO DO POVO<\/strong><\/em> E <em><strong>\u00d3DIO E AMOR<\/strong><\/em>: (RE)LEITURAS NECESS\u00c1RIAS<br \/>\nDA OBRA DE ANT\u00d3NIO BOTTO, Oscar<br \/>\nJos\u00e9 de Paula Neto 396<\/p>\n<p style=\"text-align: center;\">CORPOS POL\u00cdTICOS, ILUMINURAS DE TRANSGRESS\u00c3O: UMA<br \/>\nPROPOSTA DE LEITURA DE <em><strong>GABRIELA, CRAVO E CANELA<\/strong><\/em>,<br \/>\nDE JORGE AMADO, Pedro Dorneles da Silva Filho 414<\/p>\n<p style=\"text-align: center;\">NARRATIVAS DE DOMINA\u00c7\u00c3O E RESIST\u00caNCIA: UMA LEITURA<br \/>\nDE <em><strong>O CORPO INTERMIN\u00c1VEL<\/strong><\/em>, Rafaela<br \/>\nMoreira Rodrigues 424<\/p>\n<p style=\"text-align: center;\">P\u00d3S-ESCRITO \u00c0 TESE: PROJETOS E BALAN\u00c7OS ENTRE <em><strong>JO\u00c3O V\u00caNCIO:<br \/>\nOS SEUS AMORES<\/strong><\/em>, DE LUANDINO VIEIRA, E <em><strong>QUANTAS<br \/>\nMADRUGADAS TEM A NOITE<\/strong><\/em>, DE ONDJAKI,<br \/>\nRenato dos Santos Pinto 434<\/p>\n<p style=\"text-align: center;\">LI\u00c7\u00d5ES EPISTEMOL\u00d3GICAS DE \u00d2S\u00d3SI E O PERIGO DE UMA<br \/>\nHIST\u00d3RIA \u00daNICA, Rodrigo Monteiro dos Santos 445<\/p>\n<p style=\"text-align: center;\">LA\u00c7OS ENCLAUSURADOS: A RUPTURA DA FAM\u00cdLIA EM<br \/>\nSAMUEL RAWET E CLARICE LISPECTOR, Thays<br \/>\nFreitas de Almeida Pena 463<\/p>\n<p style=\"text-align: center;\">COLOF\u00c3O 473<\/p>\n","protected":false},"excerpt":{"rendered":"<p>Organizado por Anna Faedrich, este 7\u00ba volume da S\u00e9rie <strong>Literatura em Movimento: Pesquisa e Investiga\u00e7\u00e3o<\/strong>, \u00e9 assim apresentado:<\/p>\n<div class=\"page\" title=\"Page 7\">\n<div class=\"layoutArea\">\n<div class=\"column\">\n<div class=\"page\" title=\"Page 6\">\n<div class=\"layoutArea\">\n<div class=\"column\">\n<div class=\"page\" title=\"Page 9\">\n<div class=\"layoutArea\">\n<div class=\"column\">\n<p style=\"padding-left: 40px;\">A boa not\u00edcia \u00e9: h\u00e1 luz no fim do t\u00fanel! A universidade de hoje j\u00e1 n\u00e3o \u00e9 mais a mesma do meu tempo de gradua\u00e7\u00e3o. Prova disso s\u00e3o os trabalhos apresentados no Semin\u00e1rio dos Alunos dos Programas de P\u00f3s-Gradua\u00e7\u00e3o do Instituto de Letras da UFF (Sappil) de 2021, reunidos neste livro. Neles, voc\u00ea encontrar\u00e1 a diversidade das pesquisas acad\u00eamicas. H\u00e1 textos que transitam entre a literatura do s\u00e9culo XIX e a contempor\u00e2nea; a literatura can\u00f4nica e a alijada da hist\u00f3ria liter\u00e1ria; a literatura de autoria feminina, a l\u00e9sbica e a afro-brasileira; a literatura brasileira, a chicana, a cubana e a angolana; a teoria feminista e a queer; e assim por diante. \u00c9 com entusiasmo que anuncio (e garanto): voc\u00ea encontrar\u00e1 verdades descontru\u00eddas e saberes plurais.<\/p>\n<\/div>\n<\/div>\n<\/div>\n<\/div>\n<\/div>\n<\/div>\n<p>A Cole\u00e7\u00e3o \u00e9 composta, no momento, por nove volumes; os tr\u00eas primeiros, somente em ePub; os tr\u00eas seguinte em ePub e em PDF, e os tr\u00eas mais recentes em PDF, em ePub Reflu\u00edvel (que se adapta \u00e0 tela) e em ePub Fixo (com p\u00e1ginas similares a um livro f\u00edsico). Trata-se de um reposit\u00f3rio inestim\u00e1vel, com centenas de estudos liter\u00e1rios, com diversificado referencial te\u00f3rico, multiplicidade de <em>corpus<strong>\u00a0<\/strong><\/em>e variados enfoques metodol\u00f3gicos. Confira.<\/p>\n<\/div>\n<\/div>\n<\/div>\n","protected":false},"featured_media":13797,"comment_status":"open","ping_status":"closed","template":"","meta":[],"product_brand":[],"product_cat":[4081,4828],"product_tag":[2151,192,496,2267,2234,2268,264,495,389,156,157,182,183,2265,2266,494,434,163,493,1228],"class_list":{"0":"post-12975","1":"product","2":"type-product","3":"status-publish","4":"has-post-thumbnail","6":"product_cat-estudosliterarios","7":"product_cat-livrosgratis","8":"product_tag-capes","9":"product_tag-critica-literaria","10":"product_tag-critica-teatral","11":"product_tag-ensino-de-letras","12":"product_tag-ensino-de-literatura","13":"product_tag-estudos-de-literatura","14":"product_tag-estudos-literarios","15":"product_tag-historia-da-literatura","16":"product_tag-letras","17":"product_tag-literatura","18":"product_tag-literatura-brasileira","19":"product_tag-literatura-em-movimento","20":"product_tag-pesquisa-e-investigacao","21":"product_tag-ppg-em-estudos-literarios","22":"product_tag-ppg-em-letras","23":"product_tag-sappil","24":"product_tag-teoria-da-literatura","25":"product_tag-uff","26":"product_tag-uff-universidade-federal-fluminense","27":"product_tag-universidade","29":"first","30":"instock","31":"taxable","32":"shipping-taxable","33":"product-type-grouped"},"_links":{"self":[{"href":"https:\/\/editorapangeia.com.br\/pt_br\/wp-json\/wp\/v2\/product\/12975","targetHints":{"allow":["GET"]}}],"collection":[{"href":"https:\/\/editorapangeia.com.br\/pt_br\/wp-json\/wp\/v2\/product"}],"about":[{"href":"https:\/\/editorapangeia.com.br\/pt_br\/wp-json\/wp\/v2\/types\/product"}],"replies":[{"embeddable":true,"href":"https:\/\/editorapangeia.com.br\/pt_br\/wp-json\/wp\/v2\/comments?post=12975"}],"wp:featuredmedia":[{"embeddable":true,"href":"https:\/\/editorapangeia.com.br\/pt_br\/wp-json\/wp\/v2\/media\/13797"}],"wp:attachment":[{"href":"https:\/\/editorapangeia.com.br\/pt_br\/wp-json\/wp\/v2\/media?parent=12975"}],"wp:term":[{"taxonomy":"product_brand","embeddable":true,"href":"https:\/\/editorapangeia.com.br\/pt_br\/wp-json\/wp\/v2\/product_brand?post=12975"},{"taxonomy":"product_cat","embeddable":true,"href":"https:\/\/editorapangeia.com.br\/pt_br\/wp-json\/wp\/v2\/product_cat?post=12975"},{"taxonomy":"product_tag","embeddable":true,"href":"https:\/\/editorapangeia.com.br\/pt_br\/wp-json\/wp\/v2\/product_tag?post=12975"}],"curies":[{"name":"wp","href":"https:\/\/api.w.org\/{rel}","templated":true}]}}