{"id":12833,"date":"2023-05-09T20:23:45","date_gmt":"2023-05-09T20:23:45","guid":{"rendered":"https:\/\/editorapangeia.com.br\/?post_type=product&#038;p=12833"},"modified":"2025-04-25T17:37:04","modified_gmt":"2025-04-25T17:37:04","slug":"micros-uai-livro","status":"publish","type":"product","link":"https:\/\/editorapangeia.com.br\/pt_br\/product\/micros-uai-livro\/","title":{"rendered":"Micros, Uai!"},"content":{"rendered":"<blockquote>\n<p style=\"text-align: center;\">\n<\/blockquote>\n<p>Organizada por estudioso do microconto entre os mais respeitados do Brasil, a colet\u00e2nea-antologia <em><strong>Micros, Uai!<\/strong><\/em>\u00a0traz alguns dos melhores e mais consagrados autores mineiros da atualidade, convidados para o livro, e apresenta revela\u00e7\u00f5es de alt\u00edssima qualidade, selecionados em concurso aberto a ampla participa\u00e7\u00e3o.<\/p>\n<p>Eis os autores que est\u00e3o no livro, conforme o SUM\u00c1RIO do livro:<\/p>\n<p style=\"text-align: center;\">Aira Maiger <b>10<br \/>\n<\/b>Alciene Ribeiro Leite <b>14<br \/>\n<\/b>Alexandre Brand\u00e3o <b>18<br \/>\n<\/b>Alexandre Marino <b>22<br \/>\n<\/b>Ana Paula Dacota <b>26<br \/>\n<\/b>Angela Leite de Souza <b>30<br \/>\n<\/b>Caio Junqueira Maciel <b>34<br \/>\n<\/b>Carla Mariana da Silva <b>38<br \/>\n<\/b>Carla x. Nery <b>42<br \/>\n<\/b>C\u00e9sar Ferreira da Silva <b>46<br \/>\n<\/b>Claudio Luiz Ferreira <b>50<br \/>\n<\/b>Claudirene Andrade Ribeiro <b>54<br \/>\n<\/b>Clenio F. Salviano <b>58<br \/>\n<\/b>Clenio Ricardo Fonseca Santos <b>62<br \/>\n<\/b>Daniela Alves <b>66<br \/>\n<\/b>Denise Morais <b>70<br \/>\n<\/b>Diogo Cronemberger <b>74<br \/>\n<\/b>Diogo Tadeu Silveira <b>78<br \/>\n<\/b>Dy\u00f3rgia Oliveira <b>82<br \/>\n<\/b>Eduarda Rodrigues <b>86<br \/>\n<\/b>Emol <b>90<br \/>\n<\/b>Erik Souza <b>94<br \/>\n<\/b>Evandro Barbosa <b>98<br \/>\n<\/b>Ewerton Martins Ribeiro <b>102<br \/>\n<\/b>Felipe Rios <b>106<br \/>\n<\/b>Fernando Ant\u00f4nio Fonseca <b>110<br \/>\n<\/b>Geraldo Magela de Faria <b>114<br \/>\n<\/b>Humberto Pio <b>118<br \/>\n<\/b>Igor Ayres <b>122<br \/>\n<\/b>Igor Vasconcelos <b>126<br \/>\n<\/b>Ilma Pereira Nunes Moreira <b>130<br \/>\n<\/b>Jo\u00e3o Batista Melo <b>134<br \/>\n<\/b>Jo\u00e3o Camilo de Oliveira Torres <b>138<br \/>\n<\/b>Jorge Lenzi <b>142<br \/>\n<\/b>Jos\u00e9 Carlos Arag\u00e3o <b>146<br \/>\n<\/b>Jos\u00e9 Marcos Ramos <b>150<br \/>\n<\/b>Jos\u00e9 Reis Santos <b>154<br \/>\n<\/b>Jos\u00e9 Ronaldo Siqueira <b>158<br \/>\n<\/b>Juliana C\u00e2ndido <b>162<br \/>\n<\/b>La\u00eds de Paula Souza <b>166<br \/>\n<\/b>Leo Cunha <b>170<br \/>\n<\/b>Lice Pinho Gon\u00e7alves <b>174<br \/>\n<\/b>Lino de Albergaria <b>178<span class=\"Apple-converted-space\"><br \/>\n<\/span><\/b>Lorena Reis <b>182<br \/>\n<\/b>Luana Rosa <b>186<br \/>\n<\/b>Lucas Paio <b>190<br \/>\n<\/b>L\u00facia Serra <b>194<br \/>\n<\/b>L\u00facio Gomes <b>198<br \/>\n<\/b>Luisa Garbazza <b>202<br \/>\n<\/b>Luiz Carlos de Oliveira Cecilio <b>206<br \/>\n<\/b>Madu Brand\u00e3o <b>210<br \/>\n<\/b>Magali Barroso <b>214<br \/>\n<\/b>Marcelo Luis <b>218<br \/>\n<\/b>Mariana Virg\u00edlio <b>222<br \/>\n<\/b>Marina Rehfeld <b>226<br \/>\n<\/b>Maycon Lucas <b>230<br \/>\n<\/b>Mayra Santos <b>234<br \/>\n<\/b>Miriam Carvalho <b>238<br \/>\n<\/b>Miriam Celia dos Santos <b>242<br \/>\n<\/b>Miriam Waidenfeld Chaves <b>246<br \/>\n<\/b>Nadia Paiva <b>250<br \/>\n<\/b>N\u00e1dia Portes <b>254<br \/>\n<\/b>Neusa Sorrenti <b>258<br \/>\n<\/b>Nima Spigolon <b>262<br \/>\n<\/b>Otac\u00edlia Gama <b>266<br \/>\n<\/b>Priscila Mori Vilanova <b>270<br \/>\n<\/b>Rafael Sette Camara <b>274<br \/>\n<\/b>Raquel Gandolfi <b>278<br \/>\n<\/b>Ricardo Rachid <b>282<br \/>\n<\/b>Rodrigo Diniz <b>286<br \/>\n<\/b>Ronald Claver <b>290<br \/>\n<\/b>Roni J\u00fanior Marques <b>294<br \/>\n<\/b>Schleiden Nunes Pimenta <b>298<br \/>\n<\/b>Silva Machado <b>302<br \/>\n<\/b>Silvana Maria Fernandino <b>306<br \/>\n<\/b>T\u00e9rcio Assun\u00e7\u00e3o <b>310<br \/>\n<\/b>Thiago Fernandes <b>314<br \/>\n<\/b>Tida Carvalho <b>318<br \/>\n<\/b>Val\u00e9rio Maronni Salles <b>322<br \/>\n<\/b>Vit\u00f3ria Ribeiro <b>326<br \/>\n<\/b>Wendell Guiducci <b>330<br \/>\n<\/b>Willia Katia Oliveira <b>334<br \/>\n<\/b>Yueh Fernandes <b>338<br \/>\n<\/b>Zaira Belintani <b>342<br \/>\n<\/b>Rauer <b>346<span class=\"Apple-converted-space\">\u00a0<\/span><\/b><\/p>\n<p style=\"text-align: center;\">Em s\u00edntese, como est\u00e1 no livro anterior da s\u00e9rie, o\u00a0<em><strong>Micros-Beag\u00e1<\/strong><\/em>:<\/p>\n<p style=\"text-align: center;\">Nas Minas e nos Geraes,<br \/>\no microconto se faz.<\/p>\n<p style=\"text-align: center;\"><em>Rauer Ribeiro Rodrigues (org.)<\/em><\/p>\n<p style=\"text-align: left;\">O organizador do\u00a0<em><strong>Micros-Uai!<\/strong><\/em>, Prof. Rauer Ribeiro Rodrigues (UFMS), se dedica ao microconto como escritor e como pesquisador. Licenciado em Hist\u00f3ria, tendo passado por outros cursos (Filosofia, na USP, e Estudos Sociais e Letras em Ituiutaba, MG, sua cidade natal), fez Especializa\u00e7\u00e3o em Literatura na Universidade Federal de Uberl\u00e2ndia, Doutorado em Estudos Liter\u00e1rios na UNESP de Araraquara e P\u00f3s-Doutorado em Literatura Comparada na UERJ. Seus &#8220;29 aforismos sobre o microconto&#8221;,\u00a0<strong><a href=\"https:\/\/editorapangeia.com.br\/a-arte-de-escrever-5-29-aforismos-sobre-o-microconto\/\">AQUI<\/a>, <\/strong>no Blog da Pangeia, \u00e9 um texto seminal, provocante, e que a cada m\u00eas est\u00e1 sempre entre os mais lidos do nosso Portal. Como autor de microcontos, publicou o\u00a0<em><strong>minimus &amp;<\/strong><\/em><strong> brev\u00edssimos<\/strong>, volume que dividiu com a escritora Alciene Ribeiro Leite \u2013 confira <a href=\"https:\/\/editorapangeia.com.br\/?s=brev%C3%ADssimos\"><strong>AQUI<\/strong><\/a>. Destaque no volume para os microcontos metapo\u00e9ticos, que apresentam defini\u00e7\u00f5es sucessivas, densas, fortes, el\u00edpticas e impactantes.<\/p>\n<blockquote>\n<p style=\"text-align: center;\">Para saber mais detalhes do livro,<br \/>\n<strong><a href=\"https:\/\/editorapangeia.com.br\/?s=Uai%21\">CLIQUE AQUI !!!<\/a><\/strong><\/p>\n<\/blockquote>\n<blockquote>\n<p style=\"text-align: center;\">Pe\u00e7a o seu livro por PIX, d\u00e9bito ou Cart\u00e3o de Cr\u00e9dito:<br \/>\n<a href=\"http:\/\/editorapangeia.com.br\/shop\"><strong>CLIQUE AQUI !!!<\/strong><\/a><\/p>\n<p style=\"text-align: center;\"><img loading=\"lazy\" decoding=\"async\" class=\"alignnone size-medium wp-image-12824\" src=\"http:\/\/editorapangeia.com.br\/wp-content\/uploads\/2023\/05\/Imagem-09-05-2023-as-11.14-300x296.jpg\" alt=\"\" width=\"300\" height=\"296\" srcset=\"https:\/\/editorapangeia.com.br\/wp-content\/uploads\/2023\/05\/Imagem-09-05-2023-as-11.14-300x296.jpg 300w, https:\/\/editorapangeia.com.br\/wp-content\/uploads\/2023\/05\/Imagem-09-05-2023-as-11.14-700x692.jpg 700w, https:\/\/editorapangeia.com.br\/wp-content\/uploads\/2023\/05\/Imagem-09-05-2023-as-11.14-100x100.jpg 100w, https:\/\/editorapangeia.com.br\/wp-content\/uploads\/2023\/05\/Imagem-09-05-2023-as-11.14-400x395.jpg 400w, https:\/\/editorapangeia.com.br\/wp-content\/uploads\/2023\/05\/Imagem-09-05-2023-as-11.14-50x50.jpg 50w, https:\/\/editorapangeia.com.br\/wp-content\/uploads\/2023\/05\/Imagem-09-05-2023-as-11.14.jpg 761w\" sizes=\"auto, (max-width: 300px) 100vw, 300px\" \/><\/p>\n<\/blockquote>\n","protected":false},"excerpt":{"rendered":"<p>N\u00fameros mai\u00fasculos em uma obra \u00edmpar marcam este\u00a0<em><strong>Micros, Uai!<\/strong><\/em>:<\/p>\n<p style=\"padding-left: 40px;\">285 microcontos<br \/>\n86 autores, com fotos e biografias<br \/>\nMicro-Apresenta\u00e7\u00e3o e Mini-bibliografia<br \/>\nAo menos 20 revela\u00e7\u00f5es<br \/>\nCerca de 20 autores amplamente consagrados<br \/>\nEm torno de outros 20 autores j\u00e1 reconhecidos por cr\u00edtica e p\u00fablico<br \/>\nO organizador \u00e9 um dos maiores especialistas em microconto do pa\u00eds<\/p>\n<p><em><strong>Micro<\/strong><strong>s,<\/strong><strong> Uai!<\/strong><\/em>, nas pegadas do<em><strong> Micros-Beag\u00e1<\/strong><\/em>, \u00e9, sem d\u00favida, um marco editorial e uma refer\u00eancia para a literatura brasileira de nossos dias.<\/p>\n<p style=\"text-align: center;\"><img loading=\"lazy\" decoding=\"async\" class=\"alignnone wp-image-12821\" src=\"http:\/\/editorapangeia.com.br\/wp-content\/uploads\/2023\/05\/Imagem-09-05-2023-as-11.09-187x300.jpg\" alt=\"\" width=\"376\" height=\"603\" srcset=\"https:\/\/editorapangeia.com.br\/wp-content\/uploads\/2023\/05\/Imagem-09-05-2023-as-11.09-187x300.jpg 187w, https:\/\/editorapangeia.com.br\/wp-content\/uploads\/2023\/05\/Imagem-09-05-2023-as-11.09-250x400.jpg 250w, https:\/\/editorapangeia.com.br\/wp-content\/uploads\/2023\/05\/Imagem-09-05-2023-as-11.09-437x700.jpg 437w, https:\/\/editorapangeia.com.br\/wp-content\/uploads\/2023\/05\/Imagem-09-05-2023-as-11.09.jpg 567w\" sizes=\"auto, (max-width: 376px) 100vw, 376px\" \/><\/p>\n","protected":false},"featured_media":12820,"comment_status":"open","ping_status":"closed","template":"","meta":[],"product_brand":[],"product_cat":[4092],"product_tag":[207,149,187,360,362,361,112],"class_list":{"0":"post-12833","1":"product","2":"type-product","3":"status-publish","4":"has-post-thumbnail","6":"product_cat-microcontos","7":"product_tag-dionysius","8":"product_tag-gplv","9":"product_tag-literatura-brasileira-contemporanea","10":"product_tag-microconto","11":"product_tag-microminimus","12":"product_tag-micros-beaga","13":"product_tag-rauer","14":"product_shipping_class-normal","16":"first","17":"instock","18":"taxable","19":"shipping-taxable","20":"product-type-external"},"_links":{"self":[{"href":"https:\/\/editorapangeia.com.br\/pt_br\/wp-json\/wp\/v2\/product\/12833","targetHints":{"allow":["GET"]}}],"collection":[{"href":"https:\/\/editorapangeia.com.br\/pt_br\/wp-json\/wp\/v2\/product"}],"about":[{"href":"https:\/\/editorapangeia.com.br\/pt_br\/wp-json\/wp\/v2\/types\/product"}],"replies":[{"embeddable":true,"href":"https:\/\/editorapangeia.com.br\/pt_br\/wp-json\/wp\/v2\/comments?post=12833"}],"wp:featuredmedia":[{"embeddable":true,"href":"https:\/\/editorapangeia.com.br\/pt_br\/wp-json\/wp\/v2\/media\/12820"}],"wp:attachment":[{"href":"https:\/\/editorapangeia.com.br\/pt_br\/wp-json\/wp\/v2\/media?parent=12833"}],"wp:term":[{"taxonomy":"product_brand","embeddable":true,"href":"https:\/\/editorapangeia.com.br\/pt_br\/wp-json\/wp\/v2\/product_brand?post=12833"},{"taxonomy":"product_cat","embeddable":true,"href":"https:\/\/editorapangeia.com.br\/pt_br\/wp-json\/wp\/v2\/product_cat?post=12833"},{"taxonomy":"product_tag","embeddable":true,"href":"https:\/\/editorapangeia.com.br\/pt_br\/wp-json\/wp\/v2\/product_tag?post=12833"}],"curies":[{"name":"wp","href":"https:\/\/api.w.org\/{rel}","templated":true}]}}