{"id":12807,"date":"2023-04-25T18:05:30","date_gmt":"2023-04-25T18:05:30","guid":{"rendered":"https:\/\/editorapangeia.com.br\/?post_type=product&#038;p=12807"},"modified":"2025-11-20T17:27:37","modified_gmt":"2025-11-20T17:27:37","slug":"estudos-literarios-no-meio-do-mundo-a-formacao-de-doutores-no-estado-do-amapa-livro-e-pdf","status":"publish","type":"product","link":"https:\/\/editorapangeia.com.br\/pt_br\/product\/estudos-literarios-no-meio-do-mundo-a-formacao-de-doutores-no-estado-do-amapa-livro-e-pdf\/","title":{"rendered":"Estudos liter\u00e1rios no meio do mundo: A forma\u00e7\u00e3o de Doutores no Estado do Amap\u00e1"},"content":{"rendered":"<div class=\"layoutArea\">\n<div class=\"column\">\n<p style=\"text-align: center;\"><em><strong>ESTUDOS LITERA\u0301RIOS NO MEIO DO MUNDO:<\/strong><\/em><br \/>\n<em>A Forma\u00e7\u00e3o de Doutores no Estado do Amap\u00e1<\/em><\/p>\n<p>Do Amapa\u0301, do meio do mundo, ali entre a foz dos rios Amazonas e Oiapoque, adve\u0302m os onze estudos litera\u0301rios que compo\u0303em este volume. Onze maneiras de pensar a literatura, a partir das margens do rio, da floresta e do Brasil.<\/p>\n<p>Onze capi\u0301tulos de recentes doutores(as) em co-autoria com seus\/suas orientadores(as) que sa\u0303o partes ou si\u0301nteses de pesquisas de doutoramento.<\/p>\n<p>A fecundidade dos textos aqui publicados presta contas ao povo brasileiro da forc\u0327a inovadora e revoluciona\u0301ria que o investimento pu\u0301blico em educac\u0327a\u0303o e\u0301 capaz de proporcio- nar.<\/p>\n<p>Temas de literatura e cultura amapaense, pesquisas sobre crioulidade, negritude e racismo, ou mesmo, intersecc\u0327o\u0303es entre literatura e filosofia, cujas sementes esta\u0303o guardadas neste livro, podera\u0303o ter desenvolvimento cienti\u0301fico auto\u0302nomo em solo amapaense, o que favorece um sem nu\u0301mero de estudantes, futuros(as) profissionais e pesquisadores(as) que contara\u0303o com orientac\u0327a\u0303o embasada por especialistas com so\u0301lida formac\u0327a\u0303o no seu pro\u0301prio Estado de reside\u0302ncia.<\/p>\n<p>Esta obra apresenta resultados do conve\u0302nio entre o Programa de Po\u0301s-graduac\u0327a\u0303o em Estudos Litera\u0301rios (UNESP\/Araraquara) e Instituic\u0327o\u0303es de Ensino Superior do Estado do Amapa\u0301 (UNIFAP\/UEAP\/IFAP), que, com apoio do Edital no 02\/2016 da CAPES, implementou o Programa de Doutorado Interinstitucional &#8211; DINTER (2017-2022), formando 14 novos doutores no meio do mundo, ali bem entre o Amazonas e o Oiapoque, onde estes onze capi\u0301tulos podera\u0303o gerar bibliotecas inteiras.<\/p>\n<\/div>\n<\/div>\n<div class=\"layoutArea\">\n<div class=\"column\">\n<p style=\"text-align: right;\"><strong>Brunno Vinicius Gonc\u0327alves Vieira<\/strong><br \/>\nPROGRAMA DE PO\u0301S-GRADUAC\u0327A\u0303O<br \/>\nEM ESTUDOS LITERA\u0301RIOS<br \/>\n(FCL &#8211; Unesp\/Araraquara)<\/p>\n<\/div>\n<\/div>\n<p style=\"text-align: center;\">SUMA\u0301RIO<\/p>\n<div class=\"page\" title=\"Page 9\">\n<div class=\"layoutArea\">\n<div class=\"column\">\n<div class=\"page\" title=\"Page 10\">\n<div class=\"section\" style=\"text-align: center;\">\n<div class=\"layoutArea\">\n<div class=\"column\">\n<p style=\"text-align: center;\">Apresentac\u0327a\u0303o<\/p>\n<p>PARTE 1<br \/>\nHISTO\u0301RIA E (POLI)SISTEMA LITERA\u0301RlOS: AS LETRAS<br \/>\nNO(S) MEIO(S) DO MUNDO E DAS RUAS<\/p>\n<p style=\"text-align: center;\">PARA UMA DAS POSSI\u0301VEIS CONSTRUC\u0327O\u0303ES DE HISTO\u0301RIAS DA LITERATURA DO AMAPA\u0301: O VIE\u0301S DA IDENTIDADE CULTURAL &#8211; ENTRE PO\u0301S-MODERNO<br \/>\nE LITERATURA BRASILEIRA<br \/>\nFrancesco Marino; Aparecido Donizete Rossi<\/p>\n<p style=\"text-align: center;\">A BATALHA ENTRE MOUROS E CRISTA\u0303OS DE MAZAGA\u0303O VELHO-AP: OS CAMINHOS E<br \/>\nDESCAMINHOS DE UMA EXPERIE\u0302NCIA (ETNO)DRAMATU\u0301RGICA<br \/>\nJuliana Souto Lemos; Elizabete Sanches Rocha<\/p>\n<p style=\"text-align: center;\">CROSSOVER: RELAC\u0327O\u0303ES ENTRE OS FANDOMS E O POLIS- SISTEMA LITERA\u0301RIO<br \/>\nIngrid Lara de Arau\u0301jo Utzig; Rejane Cristina Rocha<\/p>\n<p style=\"text-align: center;\">OS PRIMEIROS JORNAIS IMPRESSOS NA AMAZO\u0302NIA E EM<br \/>\nMACAPA\u0301: COTIDIANO EM TRANSFORMAC\u0327A\u0303O<br \/>\nAna Paula Costa de Arruda; Karin Volobuef<\/p>\n<p style=\"text-align: center;\">PARTE 2<br \/>\nCRIOULIDADE, NEGRITUDE E RACISMO NO MEIO DA LITERATURA<\/p>\n<p style=\"text-align: center;\">O DISCURSO DA CRIOULIDADE E SEUS PRESSUPOSTOS<br \/>\nAnnick Marie Belrose; Elizabete Sanches Rocha<\/p>\n<\/div>\n<\/div>\n<p>AS TRADUC\u0327O\u0303ES DA OBRA DE SENGHOR E O POEMA \u201cA AUSENTE\u201d<br \/>\nMariana Janaina dos Santos Alves; Andressa Cristina de Oliveira<\/p>\n<\/div>\n<\/div>\n<div class=\"page\" title=\"Page 11\">\n<div class=\"section\">\n<div class=\"layoutArea\">\n<div class=\"column\">\n<p style=\"text-align: center;\">O RACISMO NORMALIZADO NO ROMANCE MENINO DE ENGENHO<br \/>\nLucine\u0301ia Alves dos Santos; Paulo Ce\u0301sar Andrade da Silva<\/p>\n<p style=\"text-align: center;\">DA HISTO\u0301RIA AO DISCURSO: UM ESTUDO DO DISCURSO ROMANESCO<br \/>\nEM <em>BOM CRIOULO<\/em>, DE ADOLFO CAMINHA<br \/>\nMartha Stella Melo da Silva; Maria de Lourdes Ortiz Gandini Baldan<\/p>\n<p style=\"text-align: center;\">PARTE 3<br \/>\nLITERATURA, FILOSOFIA E SEUS MEIOS<\/p>\n<p style=\"text-align: center;\">EMPE\u0301DOCLES DE A\u0301KRAGAS: DOIS EDITORES DE SEUS VERSOS E TRE\u0302S PROBLEMAS<br \/>\nRafael Ce\u0301sar Pitt; Fernando Branda\u0303o dos Santos<\/p>\n<p style=\"text-align: center;\">OS SENTIDOS DO TERMO METAFI\u0301SICA NA POESIA INGLESA A PARTIR DO SE\u0301CULO XVII<br \/>\nVictor Andre\u0301 Pinheiro Cantua\u0301rio; Paulo Ce\u0301sar Andrade da Silva<\/p>\n<p style=\"text-align: center;\">ESCOLHER-SE LIVRE OU APRISIONAR-SE NOS DETERMINISMOS: UMA PERSPECTIVA SARTRIANA DE LEITURA DA\u00a0OBRA <em>LAVOURA ARCAICA<br \/>\n<\/em>Paulo Roberto Moraes de Mendonc\u0327a; Andressa Cristina de Oliveira<\/p>\n<p style=\"text-align: center;\">SOBRE OS AUTORES<\/p>\n<p style=\"text-align: center;\">SOBRE OS ORGANIZADORES<\/p>\n<\/div>\n<\/div>\n<\/div>\n<\/div>\n<\/div>\n<\/div>\n<\/div>\n","protected":false},"excerpt":{"rendered":"<div class=\"page\" title=\"Page 1\">\n<div class=\"section\">\n<div class=\"layoutArea\">\n<div class=\"column\">\n<p><strong>Livro hist\u00f3rico, com registros de um projeto de expans\u00e3o da forma\u00e7\u00e3o de professores doutores.<\/strong><\/p>\n<p>Uma junc\u0327a\u0303o de utopias produziu este livro. Instituic\u0327o\u0303es do Amapa\u0301 desejam professores-doutores. A po\u0301s-graduac\u0327a\u0303o em Estudos Litera\u0301rios da Unesp de Araraquara, com apoio da Capes, empreende um Dinter.<\/p>\n<p>No encerramento do projeto, uma amostra das pesquisas esta\u0301 neste <em><strong>Estudos litera\u0301rios no meio do mundo<\/strong>: a formac\u0327a\u0303o de doutores no Estado do Amapa\u0301<\/em>. Sa\u0303o, esses professores, formadores de formadores, e o livro se abriga na Colec\u0327a\u0303o Cadernos de Doce\u0302ncia da Pangeia Editorial, no selo acade\u0302mico Editora Pangeia.<\/p>\n<p>A capa do livro e\u0301 um ama\u0301lgama desse processo: por suporte, uma foto panora\u0302mica do Rio Amazonas indica o movimento de linhas que se cruzam. Representam a regia\u0303o e as interrelac\u0327o\u0303es entre os docentes, no fluir \u2013 em seu devir permanente \u2013 da atuac\u0327a\u0303o dos professores-pesquisadores que compo\u0303em esta obra.<\/p>\n<p>A equipe da Pangeia Editorial se orgulha de produzir este livro, com os apoios e parcerias estabelecidos para viabiliza\u0301-lo, desde a utopia sonhada no Amapa\u0301.<\/p>\n<\/div>\n<\/div>\n<\/div>\n<\/div>\n","protected":false},"featured_media":12322,"comment_status":"open","ping_status":"closed","template":"","meta":[],"product_brand":[],"product_cat":[4081],"product_tag":[2152,3171,2005,2151,348],"class_list":{"0":"post-12807","1":"product","2":"type-product","3":"status-publish","4":"has-post-thumbnail","6":"product_cat-estudosliterarios","7":"product_tag-antirracismo","8":"product_tag-cadernos-de-docencia","9":"product_tag-cadernos-de-formacao-docente","10":"product_tag-capes","11":"product_tag-formacao-docente","12":"product_shipping_class-normal","14":"first","15":"instock","16":"taxable","17":"shipping-taxable","18":"product-type-grouped"},"_links":{"self":[{"href":"https:\/\/editorapangeia.com.br\/pt_br\/wp-json\/wp\/v2\/product\/12807","targetHints":{"allow":["GET"]}}],"collection":[{"href":"https:\/\/editorapangeia.com.br\/pt_br\/wp-json\/wp\/v2\/product"}],"about":[{"href":"https:\/\/editorapangeia.com.br\/pt_br\/wp-json\/wp\/v2\/types\/product"}],"replies":[{"embeddable":true,"href":"https:\/\/editorapangeia.com.br\/pt_br\/wp-json\/wp\/v2\/comments?post=12807"}],"wp:featuredmedia":[{"embeddable":true,"href":"https:\/\/editorapangeia.com.br\/pt_br\/wp-json\/wp\/v2\/media\/12322"}],"wp:attachment":[{"href":"https:\/\/editorapangeia.com.br\/pt_br\/wp-json\/wp\/v2\/media?parent=12807"}],"wp:term":[{"taxonomy":"product_brand","embeddable":true,"href":"https:\/\/editorapangeia.com.br\/pt_br\/wp-json\/wp\/v2\/product_brand?post=12807"},{"taxonomy":"product_cat","embeddable":true,"href":"https:\/\/editorapangeia.com.br\/pt_br\/wp-json\/wp\/v2\/product_cat?post=12807"},{"taxonomy":"product_tag","embeddable":true,"href":"https:\/\/editorapangeia.com.br\/pt_br\/wp-json\/wp\/v2\/product_tag?post=12807"}],"curies":[{"name":"wp","href":"https:\/\/api.w.org\/{rel}","templated":true}]}}