{"id":12784,"date":"2018-05-16T05:30:47","date_gmt":"2018-05-16T05:30:47","guid":{"rendered":"https:\/\/editorapangeia.com.br\/?post_type=product&#038;p=12784"},"modified":"2025-09-15T13:38:02","modified_gmt":"2025-09-15T13:38:02","slug":"anais-13o-seminario-gplv-epub-pdf","status":"publish","type":"product","link":"https:\/\/editorapangeia.com.br\/pt_br\/product\/anais-13o-seminario-gplv-epub-pdf\/","title":{"rendered":"Anais do 13\u00ba Semin\u00e1rio do GPLV"},"content":{"rendered":"<p style=\"font-weight: 400;\">RODRIGUES, Rauer Ribeiro; DORNELES, Marcos Rog\u00e9rio Heck; PORTELA, Nat\u00e1lia Tano. (orgs.). <em>Anais do 13\u00ba semin\u00e1rio do GPLV<\/em>, <strong><em>A\u00e7\u00f5es Criadoras e Reflex\u00f5es Sobre a Pandemia<\/em><\/strong>, 16 a 19 de novembro de 2022 [recurso eletr\u00f4nico], Universidade Federal de Mato Grosso do Sul, Aquidauana-MS, Tr\u00eas Lagoas-MS, Corumb\u00e1, MS. Campinas, SP: Editora Pangeia, 2023. 156 p.<\/p>\n<p style=\"font-weight: 400;\">ISSN 2525-7463<\/p>\n<p style=\"font-weight: 400;\">Coordena\u00e7\u00e3o Editorial:<br \/>\nProf. Dr. Rauer Ribeiro Rodrigues<br \/>\nProf\u00aa. Dra. Nat\u00e1lia Tano Portela<br \/>\nProf. Dr. Marcos Rog\u00e9rio Heck Dorneles<\/p>\n<p style=\"font-weight: 400;\">Periodicidade: Anual \u2013 Divulga\u00e7\u00e3o: Eletr\u00f4nica<\/p>\n<p style=\"font-weight: 400;\">COMISS\u00c3O ORGANIZADORA<br \/>\nProf. Dr. Rauer Ribeiro Rodrigues (UFMS\/CPTL)<br \/>\nProf\u00aa. Dra. Nat\u00e1lia Tano Portela (UFMS\/CPTL)<br \/>\nProf. Dr. Marcos Rog\u00e9rio Heck Dorneles (UFMS\/CPAQ)<br \/>\nProf. Dr. Edelberto Pauli Junior (UFMS\/CPAQ)<br \/>\nProf.\u00aa Dra. Eunice Prudenciano de Souza (IFSP)<\/p>\n<p style=\"font-weight: 400;\">COMISS\u00c3O CIENT\u00cdFICA<br \/>\nProf. Dr. Rauer Ribeiro Rodrigues (UFMS\/CPTL)<br \/>\nProf.\u00aa Dra. Kelcilene Gr\u00e1cia-Rodrigues (UFMS\/CPTL)<br \/>\nProfa. Dra. Nima Imaculada Spigolon (UNICAMP).<br \/>\nProf.\u00aa Dra. Carina Marques Duarte (UFMS\/CPAN)<br \/>\nProf.\u00aa Dra. Waleska Rodrigues de Matos Oliveira Martins (UFRB\/CECULT)<br \/>\nProf.\u00aa Dra. Eunice Prudenciano de Souza (IFSP)<br \/>\nProf. Dr. Marcos Rog\u00e9rio Dorneles (UFMS\/CAQ\/CPTL)<br \/>\nProf. Dr. Edelberto Pauli Junior (UFMS\/CPAQ)<br \/>\nProf.\u00aa Dra. Diana Milena Heck (UFMS\/CPAQ)<br \/>\nProf\u00aa. Dra. Nat\u00e1lia Tano Portela (UFMS\/CPTL)<br \/>\nProf.\u00aa Dra. Maisa Barbosa da Silva Cordeiro (UNIGRAN)<br \/>\nProf. Dr. Ronaldo Vinagre Franjotti (SED\/MS)<br \/>\nProf. Dr. Rodrigo Andrade Pereira (SED\/MS)<\/p>\n<p style=\"font-weight: 400;\">CONSELHO EDITORIAL DA EDITORA PANGEIA<\/p>\n<p style=\"font-weight: 400;\">Angela Maria Franco Martins Coelho de Paiva Bal\u00e7a &#8211; Universidade de \u00c9vora, Portugal<br \/>\nAnna Faedrich Martins Lopez\u00a0 &#8211; Universidade Federal Fluminense)<br \/>\nAntonio Luciano Tosta\u00a0 &#8211; The University of Kansas, USA<br \/>\nAnt\u00f3nio Manuel Ferreira\u00a0 &#8211; Universidade de Aveiro, Portugal<br \/>\nCristina Maria da Costa Vieira\u00a0&#8211; Universidade da Beira Interior, Portugal<br \/>\nFlorencia Garramu\u00f1o\u00a0 &#8211; Universidad de San Andr\u00e9s, Argentina<br \/>\nMartins Jos\u00e9 Chelene Mapera\u00a0 &#8211; UniLicungo &#8211; Universidade Licungo, Mo\u00e7ambique)<br \/>\nPedro Germano Leal\u00a0 &#8211; Brown University, USA<br \/>\nRauer Ribeiro Rodrigues &#8211; Universidade Federal de Mato Grosso do Sul<br \/>\nRoberto Ac\u00edzelo Quelha de Souza\u00a0 &#8211; Universidade do Estado do Rio de Janeiro<\/p>\n<p style=\"font-weight: 400;\">CONSELHO CONSULTIVO DA EDITORA PANGEIA<br \/>\nAlvaro Santos Sim\u00f5es Junior, UNESP, Assis<br \/>\nAna Paula Aparecida Caixeta, UNB<br \/>\nAndr\u00e9 Dias, UFF, Niter\u00f3i<br \/>\nAnna Christina Bentes da Silva, IEL, Unicamp<br \/>\nArnaldo Saraiva, Universidade do Porto, Portugal<br \/>\nAurora Cardoso de Quadros,\u00a0Unimontes<br \/>\nCamila Lima Coimbra, UFU<br \/>\nCarina Marques Duarte,\u00a0CPAN \/ UFMS<br \/>\nCilene Margarete Pereira,\u00a0UNIFAL \/ MG<br \/>\nClaudia Amoroso Bortolato, Pangeia Editorial<br \/>\nFelipe Gon\u00e7alves Figueira, INES &#8211; Instituto Nacional de Educa\u00e7\u00e3o de Surdos<br \/>\nGermana Maria Ara\u00fajo Sales, UFPA<br \/>\nKelcilene Gr\u00e1cia-Rodrigues, CPTL \/ UFMS<br \/>\nLuiz Carlos Santos Simon,\u00a0UEL<br \/>\nMaria da Gl\u00f3ria Bordini,\u00a0UFRGS<br \/>\nNima Spigolon, Unicamp<br \/>\nPauliane Amaral, PD, Brown University, USA<br \/>\nRegina Zilberman,\u00a0UFRGS<br \/>\nRegine Limaverde,\u00a0UFC<br \/>\nSimone Caputo Gomes,\u00a0USP<br \/>\nT\u00e2nia Regina Oliveira Ramos,\u00a0UFSC<br \/>\nWaleska Rodrigues de Matos Oliveira Martins,\u00a0UFRB<br \/>\nWillia Katia Oliveira, Edi\u00e7\u00f5es Dionysius<\/p>\n<p style=\"font-weight: 400;\">N\u00famero de p\u00e1ginas &#8211; 156<\/p>\n<p style=\"text-align: center;\">SUM\u00c1RIO<\/p>\n<p>&nbsp;<\/p>\n<p style=\"font-weight: 400; text-align: center;\">Apresenta\u00e7\u00e3o<br \/>\n<strong>9<\/strong><\/p>\n<p style=\"font-weight: 400; text-align: center;\">Programa\u00e7\u00e3o geral<br \/>\n<strong>12<\/strong><\/p>\n<p style=\"font-weight: 400; text-align: center;\">RESUMOS DAS COMUNICA\u00c7\u00d5ES<\/p>\n<p style=\"font-weight: 400; text-align: center;\"><strong>Os limites e supera\u00e7\u00f5es das bibliotecas escolares na pandemia<br \/>\n&#8211; um estudo comparativo entre Portugal, Fran\u00e7a e Brasil<br \/>\n<\/strong>Ana Cristina Dubeux Dourado<br \/>\n<strong>19<\/strong><\/p>\n<p style=\"font-weight: 400; text-align: center;\"><strong>A interface po\u00e9tica e er\u00f3tica de Regine Limaverde e<br \/>\nHilda Hilst: um di\u00e1logo comparativo<br \/>\n<\/strong>Ant\u00f4nio Marques Pereira Filho<br \/>\n<strong>19<\/strong><\/p>\n<p style=\"font-weight: 400; text-align: center;\"><strong>A amizade em contos de Luiz Vilela e Alciene Ribeiro<br \/>\n<\/strong>Catia Mendes Pereira<br \/>\n<strong>20<\/strong><\/p>\n<p style=\"font-weight: 400; text-align: center;\"><strong>Mulheres que tomaram as r\u00e9deas: a sociedade e a disson\u00e2ncia da<br \/>\nvoz feminina em contos de Alciene Ribeiro e Regine Limaverde<br \/>\n<\/strong>Deusemar Cardoso do Nascimento<br \/>\n<strong>20<\/strong><\/p>\n<p style=\"font-weight: 400; text-align: center;\"><strong>Produ\u00e7\u00e3o de sentido: o que est\u00e1 para al\u00e9m da leitura e interpreta\u00e7\u00e3o<br \/>\nem<em> A passagem tensa dos corpos <\/em>e <em>El don de la vida<br \/>\n<\/em><\/strong>Diana Milena Heck<br \/>\n<strong>21<\/strong><\/p>\n<p style=\"font-weight: 400; text-align: center;\"><strong>Tradu\u00e7\u00e3o, performance e pr\u00e9dica c\u00ednica no romance \u201cVisita de Alejandro<br \/>\na Di\u00f3genes, fil\u00f3sofo c\u00ednico\u201d, poema de Francisco de Quevedo<br \/>\n<\/strong>Edelberto Pauli J\u00fanior<br \/>\n<strong>21<\/strong><\/p>\n<p style=\"font-weight: 400; text-align: center;\"><strong>Avalia\u00e7\u00e3o rizom\u00e1tica: a arte e a literatura como metodologia<br \/>\nde avalia\u00e7\u00e3o de pol\u00edticas p\u00fablicas<br \/>\n<\/strong>Fl\u00e1vio Vin\u00edcius Soares de Souza<br \/>\n<strong>22<\/strong><\/p>\n<p style=\"font-weight: 400; text-align: center;\"><strong>Ensino de literatura ind\u00edgena: a po\u00e9tica de mulheres ind\u00edgenas na sala de aula<br \/>\n<\/strong>Jairo da Silva e Silva<br \/>\n<strong>22<\/strong><\/p>\n<p style=\"font-weight: 400; text-align: center;\"><strong>Tropical sol da liberdade: um romance forjado pela pot\u00eancia da mem\u00f3ria<br \/>\n<\/strong>Johny Paiva Freitas<br \/>\n<strong>23<br \/>\n<\/strong><\/p>\n<p style=\"font-weight: 400; text-align: center;\"><strong><em>O menino e o bruxo<\/em><\/strong><strong>: uma proposta de inser\u00e7\u00e3o do universo<br \/>\nmachadiano nos anos finais do Ensino Fundamental<br \/>\n<\/strong>Katiuscia dos Santos Soares<br \/>\n<strong>23<\/strong><\/p>\n<p style=\"font-weight: 400; text-align: center;\"><strong>A po\u00e9tica dubitativa em O avesso do rosto, de Isabel de S\u00e1.<br \/>\n<\/strong>Marcos Rog\u00e9rio Heck Dorneles<br \/>\n<strong>24<\/strong><\/p>\n<p style=\"font-weight: 400; text-align: center;\"><strong>Forma\u00e7\u00e3o do leitor proficiente: uma perspectiva para o avan\u00e7o na aprendizagem<br \/>\n<\/strong>Maria Ednalva dos Santos Rodrigues<br \/>\n<strong>24<\/strong><\/p>\n<p style=\"font-weight: 400; text-align: center;\"><strong>Tonalidades do discurso feminista na obra de Alciene Ribeiro Leite<br \/>\n<\/strong>Nat\u00e1lia Tano Portela<br \/>\n<strong>25<\/strong><\/p>\n<p style=\"font-weight: 400; text-align: center;\"><strong>Aspectos liter\u00e1rios em <em>Lua preta<\/em>, de Madu Brand\u00e3o<br \/>\n<\/strong>P\u00e2mela Gabrieli da Silva<br \/>\nLaura Prates Soares<br \/>\n<strong>25<\/strong><\/p>\n<p style=\"font-weight: 400; text-align: center;\"><strong>Humor e expressividade: uma leitura dos <em>Sonetos de amor e sacanagem<\/em>, de Greg\u00f3rio Duvivier<br \/>\n<\/strong>Pedro da Silva de Melo<br \/>\nElis de Almeida Cardoso Caretta<br \/>\n<strong>26<\/strong><\/p>\n<p style=\"font-weight: 400; text-align: center;\"><strong>Por uma decoloniza\u00e7\u00e3o epist\u00eamico-liter\u00e1ria: a import\u00e2ncia do<br \/>\nensino da literatura ind\u00edgena brasileira contempor\u00e2nea<br \/>\n<\/strong>Ricardo Valim<br \/>\nLeno Francisco Danner<br \/>\n<strong>26<\/strong><\/p>\n<p style=\"font-weight: 400; text-align: center;\"><strong>Literatura ind\u00edgena em aulas de l\u00edngua portuguesa: uma proposta intercultural<br \/>\n<\/strong>Rosivaldo dos Santos Ramos<br \/>\nZ\u00e9lia R. Nolasco dos S. Freire<br \/>\n<strong>27<\/strong><\/p>\n<p style=\"font-weight: 400; text-align: center;\"><strong>A literatura enquanto espa\u00e7o de discuss\u00e3o de uma antiga epidemia: a de<br \/>\ndiscrimina\u00e7\u00e3o racial, no conto \u201cO moleque\u201d, de Lima Barreto<br \/>\n<\/strong>Ros\u00e1lia Aparecida da Silva<br \/>\n<strong>27<\/strong><\/p>\n<p style=\"font-weight: 400; text-align: center;\"><strong>Forma\u00e7\u00e3o do leitor: os microcontos na sala de aula<br \/>\n<\/strong>Talita Mendes da Silva<br \/>\nRauer Ribeiro Rodrigues<br \/>\n<strong>28<\/strong><\/p>\n<p style=\"font-weight: 400; text-align: center;\">ARTIGOS COMPLETOS<\/p>\n<p style=\"font-weight: 400; text-align: center;\"><strong>Bibliotecas como espa\u00e7os de supera\u00e7\u00e3o dos limites da pandemia:<br \/>\nEstudo comparativo entre Fran\u00e7a, Portugal e Brasil<br \/>\n<\/strong>Ana Cristina Dubeux Dourado<br \/>\n<strong>30<\/strong><\/p>\n<p style=\"font-weight: 400; text-align: center;\"><strong>Tradu\u00e7\u00e3o, performance e cinismo no romance \u201cVisita de Alejandro a<br \/>\nDi\u00f3genes, fil\u00f3sofo c\u00ednico\u201d, poema de Francisco de Quevedo<br \/>\n<\/strong>Edelberto Pauli J\u00fanior<br \/>\n<strong>40<\/strong><\/p>\n<p style=\"font-weight: 400; text-align: center;\"><strong>A import\u00e2ncia dos Clubes de Leitura para o letramento liter\u00e1rio<br \/>\n<\/strong>Eunice Prudenciano de Souza<br \/>\n<strong>53<\/strong><\/p>\n<p style=\"font-weight: 400; text-align: center;\"><strong>Avalia\u00e7\u00e3o rizom\u00e1tica: a arte e a literatura <\/strong><strong>como metodologia de avalia\u00e7\u00e3o de pol\u00edticas p\u00fablicas<br \/>\n<\/strong>Fl\u00e1vio Vin\u00edcius Soares de Souza<br \/>\n<strong>64<\/strong><\/p>\n<p style=\"font-weight: 400; text-align: center;\"><strong>Forma\u00e7\u00e3o do leitor proficiente: uma perspectiva para o avan\u00e7o na aprendizagem<br \/>\n<\/strong>Maria Ednalva dos Santos Rodrigues<br \/>\n<strong>74<\/strong><\/p>\n<p style=\"font-weight: 400; text-align: center;\"><strong>Aspectos Liter\u00e1rios em <em>Lua preta<\/em>, de Madu Brand\u00e3o<br \/>\n<\/strong>P\u00e2mela Gabrieli da Silva<br \/>\nLaura Prates Soares<br \/>\n<strong>90<\/strong><\/p>\n<p style=\"font-weight: 400; text-align: center;\"><strong>Por uma decoloniza\u00e7\u00e3o epist\u00eamico-liter\u00e1ria: a import\u00e2ncia do<br \/>\nensino da literatura ind\u00edgena brasileira contempor\u00e2nea<br \/>\n<\/strong>Ricardo Valim<br \/>\nLeno Francisco Danner<br \/>\n<strong>99<\/strong><\/p>\n<p style=\"font-weight: 400; text-align: center;\"><strong>A literatura enquanto espa\u00e7o de discuss\u00e3o de uma antiga epidemia: a de<br \/>\ndiscrimina\u00e7\u00e3o racial, no conto \u201cO moleque\u201d, de Lima Barreto<br \/>\n<\/strong>Ros\u00e1lia Aparecida da Silva<br \/>\n<strong>116<\/strong><\/p>\n<p style=\"font-weight: 400; text-align: center;\"><strong>Literatura ind\u00edgena: uma proposta de interven\u00e7\u00e3o em sala de aula<br \/>\n<\/strong>Rosivaldo dos Santos Ramos<br \/>\nZ\u00e9lia R. Nolasco dos S. Freire<br \/>\n<strong>125<\/strong><\/p>\n<p style=\"font-weight: 400; text-align: center;\"><strong>Forma\u00e7\u00e3o do leitor: os microcontos na sala de aula<br \/>\n<\/strong>Talita Mendes da Silva<br \/>\nRauer Ribeiro Rodrigues<br \/>\n<strong>138<\/strong><\/p>\n<p style=\"font-weight: 400; text-align: center;\">COLOF\u00c3O<br \/>\nConselho Editorial \/ Conselho Consultivo<br \/>\n<strong>156<\/strong><\/p>\n","protected":false},"excerpt":{"rendered":"<p>O Grupo de Pesquisa Literatura e Vida foi criado em 2011 e em 2022 realizou o seu 13\u00ba Semin\u00e1rio de Pesquisa, com debate de projetos de pesquisa, palestras, mesas-redondas, entrevista, comunica\u00e7\u00f5es e sarau liter\u00e1ria. Estes Anais re\u00fanem os resumos das comunica\u00e7\u00f5es e os textos de apresenta\u00e7\u00f5es orais que ocorreram durante o evento.<\/p>\n<p>S\u00e3o diversos temas que contemplam o eixo central\u00a0<b><i>A\u00e7\u00f5es Criadoras e Reflex\u00f5es Sobre a Pandemia<\/i><\/b>, contemplando temas fulcrais da \u00e1rea de Estudos Liter\u00e1rios, seja aqueles perenes, seja alguns conjunturais. Entre outros, a literatura em sala de aula, a forma\u00e7\u00e3o de leitores, a an\u00e1lise de obras de autores contempor\u00e2neos e a interface das literatura com a sociedade e com a vida.<\/p>\n","protected":false},"featured_media":12780,"comment_status":"open","ping_status":"closed","template":"","meta":[],"product_brand":[],"product_cat":[4081,4828],"product_tag":[612,2230,2235,2228,2236,351,2234,176,243,264,149,799,2231,1438,156,150,2233,151,360,111,728,2229,798,2232],"class_list":{"0":"post-12784","1":"product","2":"type-product","3":"status-publish","4":"has-post-thumbnail","6":"product_cat-estudosliterarios","7":"product_cat-livrosgratis","8":"product_tag-alciene-ribeiro-leite","9":"product_tag-bibliotecas","10":"product_tag-clube-de-leitura","11":"product_tag-comunicacoes","12":"product_tag-dissonancia","13":"product_tag-ensino","14":"product_tag-ensino-de-literatura","15":"product_tag-erotismo","16":"product_tag-escrita-feminina","17":"product_tag-estudos-literarios","18":"product_tag-gplv","19":"product_tag-grupo-de-pesquisa","20":"product_tag-hilda-hilst","21":"product_tag-leitura-literaria","22":"product_tag-literatura","23":"product_tag-literatura-e-vida","24":"product_tag-literatura-indigena","25":"product_tag-luiz-vilela","26":"product_tag-microconto","27":"product_tag-poesia","28":"product_tag-regine-limaverde","29":"product_tag-resumos","30":"product_tag-seminario","31":"product_tag-traducao","32":"product_shipping_class-normal","34":"first","35":"instock","36":"sale","37":"shipping-taxable","38":"product-type-grouped"},"_links":{"self":[{"href":"https:\/\/editorapangeia.com.br\/pt_br\/wp-json\/wp\/v2\/product\/12784","targetHints":{"allow":["GET"]}}],"collection":[{"href":"https:\/\/editorapangeia.com.br\/pt_br\/wp-json\/wp\/v2\/product"}],"about":[{"href":"https:\/\/editorapangeia.com.br\/pt_br\/wp-json\/wp\/v2\/types\/product"}],"replies":[{"embeddable":true,"href":"https:\/\/editorapangeia.com.br\/pt_br\/wp-json\/wp\/v2\/comments?post=12784"}],"wp:featuredmedia":[{"embeddable":true,"href":"https:\/\/editorapangeia.com.br\/pt_br\/wp-json\/wp\/v2\/media\/12780"}],"wp:attachment":[{"href":"https:\/\/editorapangeia.com.br\/pt_br\/wp-json\/wp\/v2\/media?parent=12784"}],"wp:term":[{"taxonomy":"product_brand","embeddable":true,"href":"https:\/\/editorapangeia.com.br\/pt_br\/wp-json\/wp\/v2\/product_brand?post=12784"},{"taxonomy":"product_cat","embeddable":true,"href":"https:\/\/editorapangeia.com.br\/pt_br\/wp-json\/wp\/v2\/product_cat?post=12784"},{"taxonomy":"product_tag","embeddable":true,"href":"https:\/\/editorapangeia.com.br\/pt_br\/wp-json\/wp\/v2\/product_tag?post=12784"}],"curies":[{"name":"wp","href":"https:\/\/api.w.org\/{rel}","templated":true}]}}