{"id":12734,"date":"2025-03-27T14:00:37","date_gmt":"2025-03-27T14:00:37","guid":{"rendered":"https:\/\/editorapangeia.com.br\/?post_type=product&#038;p=12734"},"modified":"2025-11-20T17:24:25","modified_gmt":"2025-11-20T17:24:25","slug":"lacos-e-avessos-flavia-de-queiroz-lima-livro","status":"publish","type":"product","link":"https:\/\/editorapangeia.com.br\/pt_br\/product\/lacos-e-avessos-flavia-de-queiroz-lima-livro\/","title":{"rendered":"La\u00e7os e Avessos, Fl\u00e1via de Queiroz Lima"},"content":{"rendered":"<p style=\"text-align: center;\"><em><strong>LA\u00c7OS E AVESSOS<\/strong><\/em>,<\/p>\n<blockquote>\n<p style=\"text-align: center;\">de Fl\u00e1via de Queiroz Lima<\/p>\n<p style=\"text-align: center;\"><img loading=\"lazy\" decoding=\"async\" class=\"alignnone wp-image-12757\" src=\"http:\/\/editorapangeia.com.br\/wp-content\/uploads\/2023\/04\/Imagem-30-04-2023-as-18.11-207x300.jpg\" alt=\"\" width=\"449\" height=\"650\" srcset=\"https:\/\/editorapangeia.com.br\/wp-content\/uploads\/2023\/04\/Imagem-30-04-2023-as-18.11-207x300.jpg 207w, https:\/\/editorapangeia.com.br\/wp-content\/uploads\/2023\/04\/Imagem-30-04-2023-as-18.11-707x1024.jpg 707w, https:\/\/editorapangeia.com.br\/wp-content\/uploads\/2023\/04\/Imagem-30-04-2023-as-18.11-768x1113.jpg 768w, https:\/\/editorapangeia.com.br\/wp-content\/uploads\/2023\/04\/Imagem-30-04-2023-as-18.11-700x1014.jpg 700w, https:\/\/editorapangeia.com.br\/wp-content\/uploads\/2023\/04\/Imagem-30-04-2023-as-18.11-276x400.jpg 276w, https:\/\/editorapangeia.com.br\/wp-content\/uploads\/2023\/04\/Imagem-30-04-2023-as-18.11-483x700.jpg 483w, https:\/\/editorapangeia.com.br\/wp-content\/uploads\/2023\/04\/Imagem-30-04-2023-as-18.11.jpg 855w\" sizes=\"auto, (max-width: 449px) 100vw, 449px\" \/><\/p>\n<p style=\"text-align: center;\"><img loading=\"lazy\" decoding=\"async\" class=\"alignnone wp-image-12756\" src=\"http:\/\/editorapangeia.com.br\/wp-content\/uploads\/2023\/04\/Imagem-30-04-2023-as-18.08-225x300.jpg\" alt=\"\" width=\"459\" height=\"612\" srcset=\"https:\/\/editorapangeia.com.br\/wp-content\/uploads\/2023\/04\/Imagem-30-04-2023-as-18.08-225x300.jpg 225w, https:\/\/editorapangeia.com.br\/wp-content\/uploads\/2023\/04\/Imagem-30-04-2023-as-18.08-700x933.jpg 700w, https:\/\/editorapangeia.com.br\/wp-content\/uploads\/2023\/04\/Imagem-30-04-2023-as-18.08-300x400.jpg 300w, https:\/\/editorapangeia.com.br\/wp-content\/uploads\/2023\/04\/Imagem-30-04-2023-as-18.08-525x700.jpg 525w, https:\/\/editorapangeia.com.br\/wp-content\/uploads\/2023\/04\/Imagem-30-04-2023-as-18.08.jpg 752w\" sizes=\"auto, (max-width: 459px) 100vw, 459px\" \/><\/p>\n<p>Este \u00e9 o 4\u00ba livro de Fl\u00e1via de Queiroz Lima em 40 anos de atividade po\u00e9tica desenvolvida em Belo Horizonte, a capital de Minas Gerais, entre montanhas, nas quais, ela diz, os poemas ficam &#8220;montanhando&#8221;. Antes, na Rio de Janeiro natal, nos anos 1960, Fl\u00e1via participara da efervesc\u00eancia cultural da MPB, e muitas de suas letras ganharam vozes de consagrados cantores e consagradas cantoras.<\/p><\/blockquote>\n<div class=\"page\" title=\"Page 9\">\n<div class=\"layoutArea\">\n<div class=\"column\">\n<div class=\"page\" title=\"Page 10\">\n<div class=\"section\">\n<div class=\"layoutArea\">\n<div class=\"column\">\n<p style=\"text-align: center;\"><img loading=\"lazy\" decoding=\"async\" class=\"alignnone wp-image-12761\" src=\"http:\/\/editorapangeia.com.br\/wp-content\/uploads\/2023\/04\/Imagem-30-04-2023-as-18.17-221x300.jpg\" alt=\"\" width=\"366\" height=\"497\" srcset=\"https:\/\/editorapangeia.com.br\/wp-content\/uploads\/2023\/04\/Imagem-30-04-2023-as-18.17-221x300.jpg 221w, https:\/\/editorapangeia.com.br\/wp-content\/uploads\/2023\/04\/Imagem-30-04-2023-as-18.17-700x950.jpg 700w, https:\/\/editorapangeia.com.br\/wp-content\/uploads\/2023\/04\/Imagem-30-04-2023-as-18.17-295x400.jpg 295w, https:\/\/editorapangeia.com.br\/wp-content\/uploads\/2023\/04\/Imagem-30-04-2023-as-18.17-516x700.jpg 516w, https:\/\/editorapangeia.com.br\/wp-content\/uploads\/2023\/04\/Imagem-30-04-2023-as-18.17.jpg 726w\" sizes=\"auto, (max-width: 366px) 100vw, 366px\" \/><\/p>\n<p style=\"text-align: center;\"><img loading=\"lazy\" decoding=\"async\" class=\"alignnone wp-image-12762\" src=\"http:\/\/editorapangeia.com.br\/wp-content\/uploads\/2023\/04\/Imagem-30-04-2023-as-18.18-224x300.jpg\" alt=\"\" width=\"372\" height=\"498\" srcset=\"https:\/\/editorapangeia.com.br\/wp-content\/uploads\/2023\/04\/Imagem-30-04-2023-as-18.18-224x300.jpg 224w, https:\/\/editorapangeia.com.br\/wp-content\/uploads\/2023\/04\/Imagem-30-04-2023-as-18.18-700x936.jpg 700w, https:\/\/editorapangeia.com.br\/wp-content\/uploads\/2023\/04\/Imagem-30-04-2023-as-18.18-299x400.jpg 299w, https:\/\/editorapangeia.com.br\/wp-content\/uploads\/2023\/04\/Imagem-30-04-2023-as-18.18-524x700.jpg 524w, https:\/\/editorapangeia.com.br\/wp-content\/uploads\/2023\/04\/Imagem-30-04-2023-as-18.18.jpg 736w\" sizes=\"auto, (max-width: 372px) 100vw, 372px\" \/><\/p>\n<p style=\"text-align: center;\"><img loading=\"lazy\" decoding=\"async\" class=\"alignnone wp-image-12758\" src=\"http:\/\/editorapangeia.com.br\/wp-content\/uploads\/2023\/04\/Imagem-30-04-2023-as-18.12-300x119.jpg\" alt=\"\" width=\"376\" height=\"149\" srcset=\"https:\/\/editorapangeia.com.br\/wp-content\/uploads\/2023\/04\/Imagem-30-04-2023-as-18.12-300x119.jpg 300w, https:\/\/editorapangeia.com.br\/wp-content\/uploads\/2023\/04\/Imagem-30-04-2023-as-18.12-768x304.jpg 768w, https:\/\/editorapangeia.com.br\/wp-content\/uploads\/2023\/04\/Imagem-30-04-2023-as-18.12-700x277.jpg 700w, https:\/\/editorapangeia.com.br\/wp-content\/uploads\/2023\/04\/Imagem-30-04-2023-as-18.12-400x158.jpg 400w, https:\/\/editorapangeia.com.br\/wp-content\/uploads\/2023\/04\/Imagem-30-04-2023-as-18.12.jpg 926w\" sizes=\"auto, (max-width: 376px) 100vw, 376px\" \/><\/p>\n<p style=\"text-align: center;\">Assista \u00e0 sens\u00edvel e densa live de lan\u00e7amento de\u00a0<em><strong>La\u00e7os e<br \/>\nAvessos<\/strong><\/em>: <a href=\"https:\/\/www.youtube.com\/live\/7XEoG-rIdFM\"><span style=\"color: #ff0000;\">clique <strong>AQUI<\/strong><\/span><\/a> !!!!<\/p>\n<p style=\"text-align: center;\">Para conhecer mais sobre a autora e sobre o livro,<br \/>\n<strong>Clique <a href=\"https:\/\/editorapangeia.com.br\/?s=FL\u00c1VIA+DE+QUEIROZ+LIMA\">AQUI<\/a> e <a href=\"http:\/\/editorapangeia.com.br\/shop\">AQUI<\/a>!!!<\/strong><\/p>\n<p style=\"text-align: center;\">Para resenhas sobre o livro,<br \/>\n<span style=\"color: #ff00ff;\"><a style=\"color: #ff00ff;\" href=\"https:\/\/editorapangeia.com.br\/?s=La\u00e7os+Avessos\">Clique <strong>AQUI<\/strong> !!!<\/a><\/span><\/p>\n<p style=\"text-align: center;\">Para a resenha da Profa. Nazareth,<br \/>\n<a href=\"https:\/\/editorapangeia.com.br\/flavia-de-queiroz-lima-nos-encanta-e-nos-instiga\/\"><span style=\"color: #993300;\">Clique <strong>AQUI<\/strong> !!!<\/span><\/a><\/p>\n<p style=\"text-align: center;\">Para a resenha do Prof. Rauer,<br \/>\n<a href=\"https:\/\/editorapangeia.com.br\/lancamos-em-abril-lacos-e-avessos-de-flavia-de-queiroz-lima\/\"><span style=\"color: #808000;\">Clique <strong>AQUI<\/strong> !!!<\/span><\/a><\/p>\n<p style=\"text-align: center;\">Para informa\u00e7\u00f5es sobre a autora,<br \/>\n<a href=\"https:\/\/editorapangeia.com.br\/?s=Fl\u00e1via\"><span style=\"color: #3366ff;\">Clique <strong>AQUI<\/strong> !!!<\/span><\/a><\/p>\n<p style=\"text-align: center;\">Para detalhes sobre o livro,<br \/>\n<span style=\"color: #ff0000;\"><a style=\"color: #ff0000;\" href=\"https:\/\/editorapangeia.com.br\/product\/lacos-e-avessos-flavia-de-queiroz-lima-livro\/\">Clique <strong>AQUI<\/strong> !!!<\/a><\/span><\/p>\n<\/div>\n<\/div>\n<\/div>\n<\/div>\n<\/div>\n<\/div>\n<\/div>\n","protected":false},"excerpt":{"rendered":"<p><em><strong>La\u00e7os e Avessos<\/strong><\/em> maturou durante a pandemia, traz as marcas do isolamento, abarca os la\u00e7os constru\u00eddos on-line, reflete os desla\u00e7os que emergiram com o\u00a0<em>hui-clos<\/em>, o isolamento, as conviv\u00eancias for\u00e7adas, trata dos avessos do humano e dos desavessos de homens e mulheres no limite existencial.<\/p>\n<p>\u00c9 poesia de alto labor, de refinada elabora\u00e7\u00e3o, de densa inven\u00e7\u00e3o \u2013 o que significa que seu l\u00e9xico \u00e9 simples, que a enuncia\u00e7\u00e3o se faz com palavras comuns, que a sintaxe \u00e9 a cotidiana, que a sem\u00e2ntica se faz a partir do trivial, do prosaico, da vida no seu dia a dia, a\u00ed encontrando a poesia, o po\u00e9tico, o espanto epif\u00e2nico, o <em>ethos<\/em> de um mundo perdido no qual a literatura \u00e9 t\u00e1bua de salva\u00e7\u00e3o.<\/p>\n<p>O livro tem pref\u00e1cio de Maria Nazareth Soares Fonseca (UFMG), ilustra\u00e7\u00f5es da artista pl\u00e1stica Leonora Weissmann e o texto na \u00faltima capa \u00e9 assinado por Luciana Pimenta, poeta, pesquisadora e professora universit\u00e1ria na PUC Minas.<\/p>\n","protected":false},"featured_media":12764,"comment_status":"open","ping_status":"closed","template":"","meta":[],"product_brand":[],"product_cat":[4077],"product_tag":[2218,2219,2152,740,741,2223,377,2220,2222,2269,2224,2225,2226,746,111,1144,2071,476,2227,2221],"class_list":{"0":"post-12734","1":"product","2":"type-product","3":"status-publish","4":"has-post-thumbnail","6":"product_cat-poesia","7":"product_tag-academia-mineira-de-letras","8":"product_tag-aml","9":"product_tag-antirracismo","10":"product_tag-beaga","11":"product_tag-belo-horizonte","12":"product_tag-derval-braga","13":"product_tag-eros-poesia","14":"product_tag-flavia-de-queiroz-lima","15":"product_tag-lacos-e-avessos","16":"product_tag-lancamento-com-desconto","17":"product_tag-leo-passos","18":"product_tag-leonora-weissmann","19":"product_tag-maria-nazareth-soares-fonseca","20":"product_tag-minas-gerais","21":"product_tag-poesia","22":"product_tag-poesia-brasileira","23":"product_tag-poesia-contemporanea","24":"product_tag-rauer-ribeiro-rodrigues","25":"product_tag-resenhas","26":"product_tag-rio-de-janeiro","27":"product_shipping_class-normal","29":"first","30":"instock","31":"shipping-taxable","32":"purchasable","33":"product-type-simple"},"_links":{"self":[{"href":"https:\/\/editorapangeia.com.br\/pt_br\/wp-json\/wp\/v2\/product\/12734","targetHints":{"allow":["GET"]}}],"collection":[{"href":"https:\/\/editorapangeia.com.br\/pt_br\/wp-json\/wp\/v2\/product"}],"about":[{"href":"https:\/\/editorapangeia.com.br\/pt_br\/wp-json\/wp\/v2\/types\/product"}],"replies":[{"embeddable":true,"href":"https:\/\/editorapangeia.com.br\/pt_br\/wp-json\/wp\/v2\/comments?post=12734"}],"wp:featuredmedia":[{"embeddable":true,"href":"https:\/\/editorapangeia.com.br\/pt_br\/wp-json\/wp\/v2\/media\/12764"}],"wp:attachment":[{"href":"https:\/\/editorapangeia.com.br\/pt_br\/wp-json\/wp\/v2\/media?parent=12734"}],"wp:term":[{"taxonomy":"product_brand","embeddable":true,"href":"https:\/\/editorapangeia.com.br\/pt_br\/wp-json\/wp\/v2\/product_brand?post=12734"},{"taxonomy":"product_cat","embeddable":true,"href":"https:\/\/editorapangeia.com.br\/pt_br\/wp-json\/wp\/v2\/product_cat?post=12734"},{"taxonomy":"product_tag","embeddable":true,"href":"https:\/\/editorapangeia.com.br\/pt_br\/wp-json\/wp\/v2\/product_tag?post=12734"}],"curies":[{"name":"wp","href":"https:\/\/api.w.org\/{rel}","templated":true}]}}