{"id":12591,"date":"2023-04-10T12:07:24","date_gmt":"2023-04-10T12:07:24","guid":{"rendered":"https:\/\/editorapangeia.com.br\/?post_type=product&#038;p=12591"},"modified":"2025-04-24T17:55:37","modified_gmt":"2025-04-24T17:55:37","slug":"mingau-e-au-au-rauer-livro","status":"publish","type":"product","link":"https:\/\/editorapangeia.com.br\/pt_br\/product\/mingau-e-au-au-rauer-livro\/","title":{"rendered":"Mingau e Au-au, Rauer"},"content":{"rendered":"<p>&nbsp;<\/p>\n<p style=\"text-align: center;\"><strong>H\u00e1 cada livro vendido, 5 reais s\u00e3o doados ao GAAR em Bar\u00e3o Geraldo, Campinas, SP<\/strong><\/p>\n<div class=\"page\" title=\"Page 9\">\n<div class=\"layoutArea\">\n<div class=\"column\">\n<blockquote>\n<p style=\"text-align: center;\">Para mais informa\u00e7\u00f5es sobre o escritor,<br \/>\n<a href=\"https:\/\/editorapangeia.com.br\/?s=Rauer\"><span style=\"color: #0000ff;\"><strong>Clique AQUI!<\/strong><\/span><\/a><\/p>\n<p style=\"text-align: center;\">Para mais informa\u00e7\u00f5es sobre este livro,<br \/>\n<a href=\"https:\/\/editorapangeia.com.br\/rauer-apresenta-mingau-e-au-au\/\"><span style=\"color: #ff6600;\"><strong>Clique AQUI!!<\/strong><\/span><\/a><\/p>\n<blockquote>\n<p style=\"text-align: center;\"><em><strong>Mingau e Au-au<\/strong><\/em><br \/>\n\u00e9 um livro ilustrado<\/p>\n<\/blockquote>\n<p style=\"text-align: center;\"><strong>Eis algumas das ilustra\u00e7\u00f5es do livro:<\/strong><\/p>\n<p style=\"text-align: center;\"><img loading=\"lazy\" decoding=\"async\" class=\"alignnone wp-image-12557\" src=\"http:\/\/editorapangeia.com.br\/wp-content\/uploads\/2023\/04\/p.-09-300x300.png\" alt=\"\" width=\"369\" height=\"369\" srcset=\"https:\/\/editorapangeia.com.br\/wp-content\/uploads\/2023\/04\/p.-09-300x300.png 300w, https:\/\/editorapangeia.com.br\/wp-content\/uploads\/2023\/04\/p.-09-1024x1024.png 1024w, https:\/\/editorapangeia.com.br\/wp-content\/uploads\/2023\/04\/p.-09-150x150.png 150w, https:\/\/editorapangeia.com.br\/wp-content\/uploads\/2023\/04\/p.-09-768x768.png 768w, https:\/\/editorapangeia.com.br\/wp-content\/uploads\/2023\/04\/p.-09-1536x1536.png 1536w, https:\/\/editorapangeia.com.br\/wp-content\/uploads\/2023\/04\/p.-09-2048x2048.png 2048w, https:\/\/editorapangeia.com.br\/wp-content\/uploads\/2023\/04\/p.-09-400x400.png 400w, https:\/\/editorapangeia.com.br\/wp-content\/uploads\/2023\/04\/p.-09-700x700.png 700w, https:\/\/editorapangeia.com.br\/wp-content\/uploads\/2023\/04\/p.-09-100x100.png 100w, https:\/\/editorapangeia.com.br\/wp-content\/uploads\/2023\/04\/p.-09-1300x1300.png 1300w, https:\/\/editorapangeia.com.br\/wp-content\/uploads\/2023\/04\/p.-09-50x50.png 50w\" sizes=\"auto, (max-width: 369px) 100vw, 369px\" \/><\/p>\n<p style=\"text-align: center;\"><img loading=\"lazy\" decoding=\"async\" class=\"alignnone wp-image-12556\" src=\"http:\/\/editorapangeia.com.br\/wp-content\/uploads\/2023\/04\/p.-07-300x300.png\" alt=\"\" width=\"376\" height=\"376\" srcset=\"https:\/\/editorapangeia.com.br\/wp-content\/uploads\/2023\/04\/p.-07-300x300.png 300w, https:\/\/editorapangeia.com.br\/wp-content\/uploads\/2023\/04\/p.-07-1024x1024.png 1024w, https:\/\/editorapangeia.com.br\/wp-content\/uploads\/2023\/04\/p.-07-150x150.png 150w, https:\/\/editorapangeia.com.br\/wp-content\/uploads\/2023\/04\/p.-07-768x768.png 768w, https:\/\/editorapangeia.com.br\/wp-content\/uploads\/2023\/04\/p.-07-1536x1536.png 1536w, https:\/\/editorapangeia.com.br\/wp-content\/uploads\/2023\/04\/p.-07-2048x2048.png 2048w, https:\/\/editorapangeia.com.br\/wp-content\/uploads\/2023\/04\/p.-07-400x400.png 400w, https:\/\/editorapangeia.com.br\/wp-content\/uploads\/2023\/04\/p.-07-700x700.png 700w, https:\/\/editorapangeia.com.br\/wp-content\/uploads\/2023\/04\/p.-07-100x100.png 100w, https:\/\/editorapangeia.com.br\/wp-content\/uploads\/2023\/04\/p.-07-1300x1300.png 1300w, https:\/\/editorapangeia.com.br\/wp-content\/uploads\/2023\/04\/p.-07-50x50.png 50w\" sizes=\"auto, (max-width: 376px) 100vw, 376px\" \/><\/p>\n<p style=\"text-align: center;\"><img loading=\"lazy\" decoding=\"async\" class=\"alignnone wp-image-12554\" src=\"http:\/\/editorapangeia.com.br\/wp-content\/uploads\/2023\/04\/p.-03-300x300.png\" alt=\"\" width=\"378\" height=\"378\" srcset=\"https:\/\/editorapangeia.com.br\/wp-content\/uploads\/2023\/04\/p.-03-300x300.png 300w, https:\/\/editorapangeia.com.br\/wp-content\/uploads\/2023\/04\/p.-03-1024x1024.png 1024w, https:\/\/editorapangeia.com.br\/wp-content\/uploads\/2023\/04\/p.-03-150x150.png 150w, https:\/\/editorapangeia.com.br\/wp-content\/uploads\/2023\/04\/p.-03-768x768.png 768w, https:\/\/editorapangeia.com.br\/wp-content\/uploads\/2023\/04\/p.-03-1536x1536.png 1536w, https:\/\/editorapangeia.com.br\/wp-content\/uploads\/2023\/04\/p.-03-2048x2048.png 2048w, https:\/\/editorapangeia.com.br\/wp-content\/uploads\/2023\/04\/p.-03-400x400.png 400w, https:\/\/editorapangeia.com.br\/wp-content\/uploads\/2023\/04\/p.-03-700x700.png 700w, https:\/\/editorapangeia.com.br\/wp-content\/uploads\/2023\/04\/p.-03-100x100.png 100w, https:\/\/editorapangeia.com.br\/wp-content\/uploads\/2023\/04\/p.-03-1300x1300.png 1300w, https:\/\/editorapangeia.com.br\/wp-content\/uploads\/2023\/04\/p.-03-50x50.png 50w\" sizes=\"auto, (max-width: 378px) 100vw, 378px\" \/><br \/>\nRosa (de Luxemburgo), (Pablo) Neruda e Lyud (que significa Povo) s\u00e3o os<br \/>\npets que alegram o Santu\u00e1rio Recanto da Acolhida, um lugar de sonhos<br \/>\ne de vida, que iluminou e inspirou este livro ao autor e aos editores<\/p>\n<p style=\"text-align: center;\"><strong>Eis a ilustradora e capista do\u00a0<em>Mingau<br \/>\ne Au-au<\/em>, Lily Momisso:<br \/>\n<img loading=\"lazy\" decoding=\"async\" class=\"alignnone wp-image-12553\" src=\"http:\/\/editorapangeia.com.br\/wp-content\/uploads\/2023\/04\/Lily-229x300.jpeg\" alt=\"\" width=\"307\" height=\"402\" srcset=\"https:\/\/editorapangeia.com.br\/wp-content\/uploads\/2023\/04\/Lily-229x300.jpeg 229w, https:\/\/editorapangeia.com.br\/wp-content\/uploads\/2023\/04\/Lily-305x400.jpeg 305w, https:\/\/editorapangeia.com.br\/wp-content\/uploads\/2023\/04\/Lily.jpeg 494w\" sizes=\"auto, (max-width: 307px) 100vw, 307px\" \/><br \/>\n<\/strong><\/p>\n<p style=\"text-align: center;\"><strong>Eis a diagramadora do livro,<br \/>\nBruna Heller:<\/strong><\/p>\n<p style=\"text-align: center;\"><img loading=\"lazy\" decoding=\"async\" class=\"alignnone wp-image-12592\" src=\"http:\/\/editorapangeia.com.br\/wp-content\/uploads\/2023\/04\/Bruna_Heller-300x300.jpg\" alt=\"\" width=\"344\" height=\"344\" srcset=\"https:\/\/editorapangeia.com.br\/wp-content\/uploads\/2023\/04\/Bruna_Heller-300x300.jpg 300w, https:\/\/editorapangeia.com.br\/wp-content\/uploads\/2023\/04\/Bruna_Heller-150x150.jpg 150w, https:\/\/editorapangeia.com.br\/wp-content\/uploads\/2023\/04\/Bruna_Heller-400x400.jpg 400w, https:\/\/editorapangeia.com.br\/wp-content\/uploads\/2023\/04\/Bruna_Heller-700x697.jpg 700w, https:\/\/editorapangeia.com.br\/wp-content\/uploads\/2023\/04\/Bruna_Heller-100x100.jpg 100w, https:\/\/editorapangeia.com.br\/wp-content\/uploads\/2023\/04\/Bruna_Heller-50x50.jpg 50w\" sizes=\"auto, (max-width: 344px) 100vw, 344px\" \/><\/p>\n<p style=\"text-align: center;\"><strong>E eis o autor, em dois momentos<\/strong><br \/>\n<strong>distantes 60 anos entre si:<br \/>\n<a href=\"https:\/\/editorapangeia.com.br\/?s=Rauer\"><span style=\"color: #ff0000;\">Rauer!<\/span><\/a><\/strong><\/p>\n<p style=\"text-align: center;\">\u00a0<img loading=\"lazy\" decoding=\"async\" class=\"alignnone size-medium wp-image-12593\" src=\"http:\/\/editorapangeia.com.br\/wp-content\/uploads\/2023\/04\/Rauer_bebe_original-276x300.jpeg\" alt=\"\" width=\"276\" height=\"300\" srcset=\"https:\/\/editorapangeia.com.br\/wp-content\/uploads\/2023\/04\/Rauer_bebe_original-276x300.jpeg 276w, https:\/\/editorapangeia.com.br\/wp-content\/uploads\/2023\/04\/Rauer_bebe_original-368x400.jpeg 368w, https:\/\/editorapangeia.com.br\/wp-content\/uploads\/2023\/04\/Rauer_bebe_original.jpeg 417w\" sizes=\"auto, (max-width: 276px) 100vw, 276px\" \/><img loading=\"lazy\" decoding=\"async\" class=\"alignnone size-medium wp-image-12561\" src=\"http:\/\/editorapangeia.com.br\/wp-content\/uploads\/2023\/04\/rauer-208x300.jpg\" alt=\"\" width=\"208\" height=\"300\" srcset=\"https:\/\/editorapangeia.com.br\/wp-content\/uploads\/2023\/04\/rauer-208x300.jpg 208w, https:\/\/editorapangeia.com.br\/wp-content\/uploads\/2023\/04\/rauer-709x1024.jpg 709w, https:\/\/editorapangeia.com.br\/wp-content\/uploads\/2023\/04\/rauer-768x1109.jpg 768w, https:\/\/editorapangeia.com.br\/wp-content\/uploads\/2023\/04\/rauer-1064x1536.jpg 1064w, https:\/\/editorapangeia.com.br\/wp-content\/uploads\/2023\/04\/rauer-700x1010.jpg 700w, https:\/\/editorapangeia.com.br\/wp-content\/uploads\/2023\/04\/rauer-277x400.jpg 277w, https:\/\/editorapangeia.com.br\/wp-content\/uploads\/2023\/04\/rauer-485x700.jpg 485w, https:\/\/editorapangeia.com.br\/wp-content\/uploads\/2023\/04\/rauer-901x1300.jpg 901w, https:\/\/editorapangeia.com.br\/wp-content\/uploads\/2023\/04\/rauer.jpg 1080w\" sizes=\"auto, (max-width: 208px) 100vw, 208px\" \/><\/p>\n<p style=\"text-align: center;\">Para mais informa\u00e7\u00f5es sobre o livro,<br \/>\n<a href=\"https:\/\/editorapangeia.com.br\/?s=mingau\"><strong>Clique AQUI!!!<\/strong><\/a><\/p>\n<\/blockquote>\n<\/div>\n<\/div>\n<\/div>\n","protected":false},"excerpt":{"rendered":"<p>Terceiro livro infantojuvenil do autor,\u00a0<em><strong>Mingau e Au-au\u00a0<\/strong><\/em>\u00e9 uma f\u00e1bula com a moral definida por parte do leitor, \u00e9 um hino \u00e0 inf\u00e2ncia alegre, l\u00fadica, plenamente vivenciada nas descobertas e peraltices, \u00e9 um soneto (ao modo ingl\u00eas) na forma, que se constitui em um canto \u00e0 liberdade, \u00e0 amorosidade, \u00e0 descoberta dos &#8220;arrabaldes&#8221;.<\/p>\n<p>Mingau \u00e9 um gato, miau, e Au-au \u00e9 um c\u00e3ozinho \u2013 um gatinho branco e um cachorrinho caramelo.<\/p>\n<p>O texto \u00e9 uma jogo pleno de alegria, as ilustra\u00e7\u00f5es s\u00e3o uma festa aos olhos \u2013 e as p\u00e1ginas para colorir, colar, desenhar, uma festa para crian\u00e7as e para todos que apreciem brincar.<\/p>\n","protected":false},"featured_media":12546,"comment_status":"open","ping_status":"closed","template":"","meta":[],"product_brand":[],"product_cat":[4080],"product_tag":[1511,366,351,350,531,914,2137,452,2138,413,594,2139,528,2140,1291,111,749,2141,2142,112,476,164,530],"class_list":{"0":"post-12591","1":"product","2":"type-product","3":"status-publish","4":"has-post-thumbnail","6":"product_cat-infantojuvenil","7":"product_tag-criancas","8":"product_tag-edicoes-sarue","9":"product_tag-ensino","10":"product_tag-escola","11":"product_tag-faculdade-de-educacao","12":"product_tag-financiamento-coletivo","13":"product_tag-gepeja","14":"product_tag-gondwana","15":"product_tag-lancamento","16":"product_tag-leitura","17":"product_tag-ler-brincar-criar","18":"product_tag-mingau-e-au-au","19":"product_tag-nima-spigolon","20":"product_tag-o-guri-cheio-de-arte-e-a-baleinha-jubarte","21":"product_tag-pangeia-editorial","22":"product_tag-poesia","23":"product_tag-pre-venda","24":"product_tag-prof-rauer","25":"product_tag-projeto-pedagogico-interdisciplinar","26":"product_tag-rauer","27":"product_tag-rauer-ribeiro-rodrigues","28":"product_tag-ufms","29":"product_tag-unicamp","30":"product_shipping_class-normal","32":"first","33":"instock","34":"taxable","35":"shipping-taxable","36":"product-type-external"},"_links":{"self":[{"href":"https:\/\/editorapangeia.com.br\/pt_br\/wp-json\/wp\/v2\/product\/12591","targetHints":{"allow":["GET"]}}],"collection":[{"href":"https:\/\/editorapangeia.com.br\/pt_br\/wp-json\/wp\/v2\/product"}],"about":[{"href":"https:\/\/editorapangeia.com.br\/pt_br\/wp-json\/wp\/v2\/types\/product"}],"replies":[{"embeddable":true,"href":"https:\/\/editorapangeia.com.br\/pt_br\/wp-json\/wp\/v2\/comments?post=12591"}],"wp:featuredmedia":[{"embeddable":true,"href":"https:\/\/editorapangeia.com.br\/pt_br\/wp-json\/wp\/v2\/media\/12546"}],"wp:attachment":[{"href":"https:\/\/editorapangeia.com.br\/pt_br\/wp-json\/wp\/v2\/media?parent=12591"}],"wp:term":[{"taxonomy":"product_brand","embeddable":true,"href":"https:\/\/editorapangeia.com.br\/pt_br\/wp-json\/wp\/v2\/product_brand?post=12591"},{"taxonomy":"product_cat","embeddable":true,"href":"https:\/\/editorapangeia.com.br\/pt_br\/wp-json\/wp\/v2\/product_cat?post=12591"},{"taxonomy":"product_tag","embeddable":true,"href":"https:\/\/editorapangeia.com.br\/pt_br\/wp-json\/wp\/v2\/product_tag?post=12591"}],"curies":[{"name":"wp","href":"https:\/\/api.w.org\/{rel}","templated":true}]}}