{"id":12420,"date":"2023-09-21T03:00:25","date_gmt":"2023-09-21T03:00:25","guid":{"rendered":"https:\/\/editorapangeia.com.br\/?post_type=product&#038;p=12420"},"modified":"2025-07-17T17:38:54","modified_gmt":"2025-07-17T17:38:54","slug":"ensaios-sobre-a-paixao-poesia-de-fernando-caleffi-livro","status":"publish","type":"product","link":"https:\/\/editorapangeia.com.br\/pt_br\/product\/ensaios-sobre-a-paixao-poesia-de-fernando-caleffi-livro\/","title":{"rendered":"Ensaios sobre a paix\u00e3o, Fernando Caleffi"},"content":{"rendered":"<p style=\"text-align: center;\">Para conhecer mais sobre o Caleffi,<br \/>\n<a href=\"https:\/\/editorapangeia.com.br\/?s=Caleffi\"><strong>CLIQUE AQUI !!!<\/strong><\/a><\/p>\n<p style=\"text-align: center;\">Para conhecer mais sobre este livro do Caleffi,<br \/>\n<span style=\"color: #ff0000;\"><a style=\"color: #ff0000;\" href=\"https:\/\/editorapangeia.com.br\/event\/caleffi-e-o-exercicio-da-paixao\/\"><strong>CLIQUE <\/strong><strong>AQUI<\/strong><strong> !!!<\/strong><\/a><\/span><\/p>\n<p style=\"text-align: center;\"><img loading=\"lazy\" decoding=\"async\" class=\"alignnone wp-image-12804\" src=\"http:\/\/editorapangeia.com.br\/wp-content\/uploads\/2023\/03\/Imagem-02-05-2023-as-13.44-201x300.jpg\" alt=\"\" width=\"508\" height=\"758\" srcset=\"https:\/\/editorapangeia.com.br\/wp-content\/uploads\/2023\/03\/Imagem-02-05-2023-as-13.44-201x300.jpg 201w, https:\/\/editorapangeia.com.br\/wp-content\/uploads\/2023\/03\/Imagem-02-05-2023-as-13.44-686x1024.jpg 686w, https:\/\/editorapangeia.com.br\/wp-content\/uploads\/2023\/03\/Imagem-02-05-2023-as-13.44-700x1045.jpg 700w, https:\/\/editorapangeia.com.br\/wp-content\/uploads\/2023\/03\/Imagem-02-05-2023-as-13.44-268x400.jpg 268w, https:\/\/editorapangeia.com.br\/wp-content\/uploads\/2023\/03\/Imagem-02-05-2023-as-13.44-469x700.jpg 469w, https:\/\/editorapangeia.com.br\/wp-content\/uploads\/2023\/03\/Imagem-02-05-2023-as-13.44.jpg 705w\" sizes=\"auto, (max-width: 508px) 100vw, 508px\" \/><\/p>\n","protected":false},"excerpt":{"rendered":"<p>O adolescente Fernando Antonio Caleffi descobriu, ainda nos anos 1960, a poesia do xar\u00e1 Fernando Ant\u00f3nio Pessoa, o Fernando Pessoa, e em especial se apaixonou por aquele heter\u00f4nimo que trazia em seus versos a pulsa\u00e7\u00e3o do mundo novo, urbano, de m\u00e1quinas fe\u00e9ricas e movimento incessante nas ruas, nos ares, nos oceanos, nas f\u00e1bricas.<\/p>\n<p>Falamos de \u00c1lvaro de Campos, poeta do sensacionismo, do futurismo, da modernidade, das emo\u00e7\u00f5es \u00e0 flor da pele, da melancolia e da linguagem algo agressiva. Era engenheiro, escrevia em versos livres e se desencantara do progresso humano.<\/p>\n<p>Fernando Caleffi bebe nessas fontes em seu primeiro livro,\u00a0<em><strong>Ensaios sobre a paix\u00e3o<\/strong><\/em>. E acrescenta ao mestre Pessoa uma poesia que evoca o amor, a carnalidade, o erotismo e a paix\u00e3o vivenciados em uma sociedade em desagrega\u00e7\u00e3o, em um mundo em que a esperan\u00e7a do paz e amor das comunidades hippies se esvaem no universo\u00a0<em>warkholic<\/em>\u00a0do terceiro mil\u00eanio.<\/p>\n","protected":false},"featured_media":12803,"comment_status":"open","ping_status":"closed","template":"","meta":[],"product_brand":[],"product_cat":[4077],"product_tag":[2102,896,2103,2104,2105,2106,900,2107,377,176,2108,2109,2110,2111,2112,1949,2113,187,561,1235,2114,2115,2116,1144,749,2117,901,2118,2119],"class_list":{"0":"post-12420","1":"product","2":"type-product","3":"status-publish","4":"has-post-thumbnail","6":"product_cat-poesia","7":"product_tag-alegria","8":"product_tag-amor","9":"product_tag-caleffi","10":"product_tag-choro","11":"product_tag-crispim-antonio-campos","12":"product_tag-desilusao","13":"product_tag-drama","14":"product_tag-ensaios-sobre-a-paixao","15":"product_tag-eros-poesia","16":"product_tag-erotismo","17":"product_tag-esperanca","18":"product_tag-fe","19":"product_tag-fernado-caleffi","20":"product_tag-fernando-antonio-caleffi","21":"product_tag-fuligem","22":"product_tag-humor","23":"product_tag-ilustracao","24":"product_tag-literatura-brasileira-contemporanea","25":"product_tag-musica","26":"product_tag-natureza","27":"product_tag-nelson-braga-jr","28":"product_tag-paixao","29":"product_tag-pintura","30":"product_tag-poesia-brasileira","31":"product_tag-pre-venda","32":"product_tag-solidao","33":"product_tag-tragedia","34":"product_tag-velocidade","35":"product_tag-vida-urbana","36":"product_shipping_class-normal","38":"first","39":"instock","40":"taxable","41":"shipping-taxable","42":"product-type-external"},"_links":{"self":[{"href":"https:\/\/editorapangeia.com.br\/pt_br\/wp-json\/wp\/v2\/product\/12420","targetHints":{"allow":["GET"]}}],"collection":[{"href":"https:\/\/editorapangeia.com.br\/pt_br\/wp-json\/wp\/v2\/product"}],"about":[{"href":"https:\/\/editorapangeia.com.br\/pt_br\/wp-json\/wp\/v2\/types\/product"}],"replies":[{"embeddable":true,"href":"https:\/\/editorapangeia.com.br\/pt_br\/wp-json\/wp\/v2\/comments?post=12420"}],"wp:featuredmedia":[{"embeddable":true,"href":"https:\/\/editorapangeia.com.br\/pt_br\/wp-json\/wp\/v2\/media\/12803"}],"wp:attachment":[{"href":"https:\/\/editorapangeia.com.br\/pt_br\/wp-json\/wp\/v2\/media?parent=12420"}],"wp:term":[{"taxonomy":"product_brand","embeddable":true,"href":"https:\/\/editorapangeia.com.br\/pt_br\/wp-json\/wp\/v2\/product_brand?post=12420"},{"taxonomy":"product_cat","embeddable":true,"href":"https:\/\/editorapangeia.com.br\/pt_br\/wp-json\/wp\/v2\/product_cat?post=12420"},{"taxonomy":"product_tag","embeddable":true,"href":"https:\/\/editorapangeia.com.br\/pt_br\/wp-json\/wp\/v2\/product_tag?post=12420"}],"curies":[{"name":"wp","href":"https:\/\/api.w.org\/{rel}","templated":true}]}}