{"id":12313,"date":"2024-05-17T22:00:23","date_gmt":"2024-05-17T22:00:23","guid":{"rendered":"https:\/\/editorapangeia.com.br\/?post_type=product&#038;p=12313"},"modified":"2025-01-08T18:02:32","modified_gmt":"2025-01-08T18:02:32","slug":"haicai-brasil-orgs-rauer-e-willia-livro","status":"publish","type":"product","link":"https:\/\/editorapangeia.com.br\/pt_br\/product\/haicai-brasil-orgs-rauer-e-willia-livro\/","title":{"rendered":"Haicai-Brasil, Rauer (Org.), Willia Katia Oliveira (Org.)"},"content":{"rendered":"<p style=\"text-align: center;\"><strong>Livro f\u00edsico, em breve, teremos ePub e PDF<\/strong><\/p>\n<p>Voc\u00ea recebe tamb\u00e9m, com o livro, marcadores de p\u00e1gina e outros mimos\u2026<\/p>\n<p style=\"text-align: center;\">Para conferir todos os 125 autores do livro,<br \/>\n<strong><a href=\"https:\/\/editorapangeia.com.br\/haicai-brasil-selecionados\/\">CLIQUE AQUI!!!<\/a><\/strong><\/p>\n<p>Este livro mostra que o sonho de Nempuku Sato est\u00e1 se realizando: o Brasil est\u00e1 se tornando um pa\u00eds de haica\u00edstas.<\/p>\n<blockquote>\n<p style=\"text-align: center;\"><strong>Para mais informa\u00e7\u00f5es sobre o livro:\u00a0<\/strong><br \/>\n<a href=\"https:\/\/editorapangeia.com.br\/?s=haicai-brasil\"><span style=\"color: #ff0000;\"><strong>CLIQUE AQUI !!!<\/strong><\/span><\/a><\/p>\n<\/blockquote>\n<p style=\"text-align: center;\"><img loading=\"lazy\" decoding=\"async\" class=\"alignnone wp-image-12845\" src=\"http:\/\/editorapangeia.com.br\/wp-content\/uploads\/2023\/05\/Imagem-09-05-2023-as-17.15-300x292.jpg\" alt=\"\" width=\"481\" height=\"468\" srcset=\"https:\/\/editorapangeia.com.br\/wp-content\/uploads\/2023\/05\/Imagem-09-05-2023-as-17.15-300x292.jpg 300w, https:\/\/editorapangeia.com.br\/wp-content\/uploads\/2023\/05\/Imagem-09-05-2023-as-17.15-400x389.jpg 400w, https:\/\/editorapangeia.com.br\/wp-content\/uploads\/2023\/05\/Imagem-09-05-2023-as-17.15-50x50.jpg 50w, https:\/\/editorapangeia.com.br\/wp-content\/uploads\/2023\/05\/Imagem-09-05-2023-as-17.15.jpg 430w\" sizes=\"auto, (max-width: 481px) 100vw, 481px\" \/><\/p>\n<p style=\"text-align: center;\"><img loading=\"lazy\" decoding=\"async\" class=\"alignnone wp-image-12844\" src=\"http:\/\/editorapangeia.com.br\/wp-content\/uploads\/2023\/05\/Imagem-09-05-2023-as-17.14-300x175.jpg\" alt=\"\" width=\"506\" height=\"294\" srcset=\"https:\/\/editorapangeia.com.br\/wp-content\/uploads\/2023\/05\/Imagem-09-05-2023-as-17.14-300x175.jpg 300w, https:\/\/editorapangeia.com.br\/wp-content\/uploads\/2023\/05\/Imagem-09-05-2023-as-17.14-400x233.jpg 400w, https:\/\/editorapangeia.com.br\/wp-content\/uploads\/2023\/05\/Imagem-09-05-2023-as-17.14.jpg 532w\" sizes=\"auto, (max-width: 506px) 100vw, 506px\" \/><\/p>\n<p style=\"text-align: center;\"><img loading=\"lazy\" decoding=\"async\" class=\"alignnone wp-image-12843\" src=\"http:\/\/editorapangeia.com.br\/wp-content\/uploads\/2023\/05\/Imagem-09-05-2023-as-17.13-187x300.jpg\" alt=\"\" width=\"471\" height=\"755\" srcset=\"https:\/\/editorapangeia.com.br\/wp-content\/uploads\/2023\/05\/Imagem-09-05-2023-as-17.13-187x300.jpg 187w, https:\/\/editorapangeia.com.br\/wp-content\/uploads\/2023\/05\/Imagem-09-05-2023-as-17.13-249x400.jpg 249w, https:\/\/editorapangeia.com.br\/wp-content\/uploads\/2023\/05\/Imagem-09-05-2023-as-17.13-436x700.jpg 436w, https:\/\/editorapangeia.com.br\/wp-content\/uploads\/2023\/05\/Imagem-09-05-2023-as-17.13.jpg 551w\" sizes=\"auto, (max-width: 471px) 100vw, 471px\" \/><\/p>\n<p style=\"text-align: center;\"><strong>Os haijin<\/strong><br \/>\n<strong>que comp\u00f5em este<\/strong><br \/>\n<strong><em>Haicai-Brasil<\/em>:<\/strong><\/p>\n<p style=\"text-align: center;\">AGNES IZUMI NAGASHIMA<br \/>\nALAM DA SILVA LIMA<br \/>\nALBERTO VALEN\u00c7A LIMA<br \/>\nALESSANDRA RODRIGUES DE ALMEIDA LIMA<br \/>\nALEXANDRE MORAIS PAULINO<br \/>\nALINE BRASIL QUADROS<br \/>\nANA CLARA LOUREN\u00c7O DE PAULA FERREIRA<br \/>\nANDR\u00c9 MARQUES VILELA<br \/>\nANGELA LEITE DE CASTILHO SOUZA<br \/>\nANTONIO DE PADUA POMBO DE BARROS<br \/>\nANTONIO MARQUES PEREIRA FILHO<br \/>\nBORIS RODRIGUES GARAY<br \/>\nBRENO AIRAN PINHEIRO DE BRITO<br \/>\nBRUNO COLA GREGGIO<br \/>\nBRUNO ITALO SOUSA PINTO<br \/>\nCAIO VICTOR BULLA DE CARVALHO<br \/>\nCARLA ABREU DE FARIA BARRETO<br \/>\nCARLOS ALBERTO MARTINS MANUEL<br \/>\nCARLOS ROQUE BARBOSA DE JESUS<br \/>\nC\u00cdCERA ROSA SEGREDO YAMAMOTO<br \/>\nCLAUDIO LUIZ FERREIRA<br \/>\nCLENIO FIGUEIREDO SALVIANO<br \/>\nCRISTIANE KOVACS CARDOSO<br \/>\nDANIEL MORINE MARTINS DA SILVA<br \/>\nDAVID EHRLICH<br \/>\nEDUARDO SUSSUMO SMOZONO<br \/>\nELIDIOMAR RIBEIRO DA SILVA<br \/>\nELIZANDRA SABINO MARQUES TAVARES<br \/>\nEMANUEL ARAUJO PEREIRA<br \/>\nEMMANUEL SCHEREN DOS SANTOS<br \/>\nFABIANA DE PAULA LESSA DE OLIVEIRA<br \/>\nFELIPE CAMILO MESQUITA KARDOSO<br \/>\nFERNANDO HIROKI KOZU<br \/>\nFRANCINE CRUZ GRISON<br \/>\nFRANCISCO CARLOS ROCHA FERNANDES<br \/>\nGERALDO TROMBIM<br \/>\nGILMARA CARNEIRO DA SILVA FREITAS<br \/>\nHENRIQUE AMARANTES DO AMARAL<br \/>\nIARA CLARICE SABINO ALVES<br \/>\nIGOR LUAN SOUZA SILVA<br \/>\nILZA MARINA REHFELD SANTOS<br \/>\nISATHAI MORENA DO VALLE COELHO COSTA SILVA LEAL<br \/>\nJADER HENRIQUE BARBOSA MACEDO<br \/>\nJAIME ADILTON MARQUES DE ARAUJO<br \/>\nJAIME BARROS DOS SANTOS JUNIOR<br \/>\nJAIME MACHADO VALENTE DOS SANTOS<br \/>\nJAQUELINE ALVES MONTEIRO<br \/>\nJEAN CARLOS NERIS DE PAULA<br \/>\nJOAO DE DEUS SOUTO FILHO<br \/>\nJO\u00c3O VICTOR PETRONI RORIGUES<br \/>\nJONAS PESSOA DO NASCIMENTO<br \/>\nJOSE CARLOS MENDES BRAND\u00c3O<br \/>\nJOS\u00c9 EDINALDO MONTEIRO DA SILVA<br \/>\nJOSNEIA APARECIDA MARCONDES<br \/>\nJUREMA NOGUEIRA MENDES RANGEL<br \/>\nKATHIA GIUGLIANO DE SOUZA BONNA<br \/>\nLARA BEATRIZ PEREIRA BARROS<br \/>\nLETICIA FERNANDES LEAL<br \/>\nL\u00cdGIA MARIA FOGAGNOLLO<br \/>\nLIGIA MARIA LAMARI<br \/>\nLILIAN SAEKO TABA<br \/>\nLILIAN REGINA SCHMEIL<br \/>\nLUCAS MELLO PIONER<br \/>\nLUCIANA DA COSTA E SILVA ANDRADE<br \/>\nLUCIANO FELIZARDO DOS SANTOS J\u00daNIOR<br \/>\nLUIZ CARLOS JUNQUEIRA MACIEL<br \/>\nLUIZ EDUARDO DE CARVALHO<br \/>\nLUIZ FRANCISCO HAIML<br \/>\nMARIA LUIZA DE SOUZA BORTOLETTO<br \/>\nMARCEL SEP\u00daLVEDA BELIENE J\u00daNIOR<br \/>\nMARCELO DE LACERDA<br \/>\nMARCIA MARIA SANTOS NEVES<br \/>\nMARCOS ANTONIO CAMPOS<br \/>\nMARCOS ANTONIO FREIRE MARTINS<br \/>\nMARIA DO CARMO PIRES<br \/>\nMARIA EUNICE SILVA DE LACERDA<br \/>\nMARIO GON\u00c7ALVES DIAS JUNIOR<br \/>\nMARISA DI GIAIMO<br \/>\nMARLI TRIST\u00c3O DE OLIVEIRA SOUZA<br \/>\nMARLUA DE SOUSA CORREIA<br \/>\nMARTHA REGINA PORTELLA MACHADO CEREDA<br \/>\nMATHEUS MOREIRA MORIGONI<br \/>\nMAURICIO DE OLIVEIRA<br \/>\nMAYRON ENGEL ROSA SANTOS<br \/>\nMICHELE LIMA CAVALCANTE<br \/>\nMILTON CARLOS DE OLIVEIRA REZER<br \/>\nNANCY KEIKO FUJITAIRE<br \/>\nNARI HUGEN<br \/>\nNERCY GRABELLOS<br \/>\nNILVA IRENE SCHUTZ FERRARO<br \/>\nNIMA SPIGOLON<br \/>\nNORANEY ALVES LIMA<br \/>\nPABLO CERMENO MENDON\u00c7A KASCHNER<br \/>\nPATRICIA DE ABREU OLIVEIRA<br \/>\nPATR\u00cdCIA SOUZA DE SENNA<br \/>\nPAULO CEZAR DE OLIVEIRA TORTORA<br \/>\nPAULO ROBERTO ALEIXO<br \/>\nPAULO ROBERTO DE OLIVEIRA CARUSO<br \/>\nRAPHAEL MORBECK ESTEVES<br \/>\nRIANN KARLO DE BRITO LEITE QUINTINO<br \/>\nRICARDO LIMA DOS SANTOS<br \/>\nRICARDO BAHIA RACHID<br \/>\nRODRIGO MILTON MORAES<br \/>\nRODRIGO SOLER NINO<br \/>\nROGERIO AOYAMA<br \/>\nROQUE ALOISIO WESCHENFELDER<br \/>\nROSA MARIA GURNIAK FURLANETTO<br \/>\nROZELENE FURTADO DE LIMA<br \/>\nSANDRA FRANCO BITTENCOURT<br \/>\nSANDRA MARIA CAVALCANTE FONTENELE<br \/>\nSANDRA LAURITA DE SOUZA<br \/>\nSERGIO CORR\u00caA MIRANDA FILHO<br \/>\nS\u00c9RGIO FRANCISCO PICHORIM<br \/>\nTHAIS HELENA BUENO DOS SANTOS<br \/>\nTHAYS CRISTINNE ALVES COELHO<br \/>\nTIAGO DA SILVA<br \/>\nTULIO AUGUSTO VELHO BARRETO DE ARAUJO<br \/>\nVAL\u00c9RIA DE CASSIA PISAURO LIMA LUCENA<br \/>\nVALQU\u00cdRIA CARDARELLI<br \/>\nVINICIUS POSANSKY<br \/>\nVIVIANE CRISTINA MOURA LEITE<br \/>\nWALISSON OLIVEIRA SANTOS<br \/>\nWIANA KELL AGUIAR CAJADO<br \/>\nWLADIMIR MOREIRA SANTOS<br \/>\nZENAIR BORIN DA LUZ<\/p>\n","protected":false},"excerpt":{"rendered":"<p>Este livro \u00e9 uma demonstra\u00e7\u00e3o da vitalidade e da variedade do estro po\u00e9tico brasileiro que se espraia entre os escritores nacionais.<\/p>\n<p>\u00c9 uma prova da for\u00e7a com que o haicai se instala no pa\u00eds, por ocasi\u00e3o em que sua chegada ao Brasil passa do centen\u00e1rio.<\/p>\n<p>S\u00e3o 125 autores, 500 poemas, e uma s\u00f3 voz: a de que a poesia brasileira est\u00e1 mais forte do que nunca, e demonstra isso na vertente do haicai.<\/p>\n<p>Confira!<\/p>\n","protected":false},"featured_media":12842,"comment_status":"open","ping_status":"closed","template":"","meta":[],"product_brand":[],"product_cat":[4091],"product_tag":[1146,2066,2067,303,200,2068,1229,2069,225,1236,156,2070,1291,111,1144,2071,476,883,2072,878,564],"class_list":{"0":"post-12313","1":"product","2":"type-product","3":"status-publish","4":"has-post-thumbnail","6":"product_cat-haikai","7":"product_tag-haikaibrasil","8":"product_tag-concurso","9":"product_tag-concurso-haicai-brasil","10":"product_tag-edicoes-dionysius","11":"product_tag-editora-pangeia","12":"product_tag-haibun","13":"product_tag-haicai","14":"product_tag-haicai-brasil","15":"product_tag-haikai","16":"product_tag-haikai-brasil","17":"product_tag-literatura","18":"product_tag-nempuku-sato","19":"product_tag-pangeia-editorial","20":"product_tag-poesia","21":"product_tag-poesia-brasileira","22":"product_tag-poesia-contemporanea","23":"product_tag-rauer-ribeiro-rodrigues","24":"product_tag-renga","25":"product_tag-selecao","26":"product_tag-senryu","27":"product_tag-willia-katia-oliveira","28":"product_shipping_class-normal","30":"first","31":"outofstock","32":"taxable","33":"shipping-taxable","34":"purchasable","35":"product-type-simple"},"_links":{"self":[{"href":"https:\/\/editorapangeia.com.br\/pt_br\/wp-json\/wp\/v2\/product\/12313","targetHints":{"allow":["GET"]}}],"collection":[{"href":"https:\/\/editorapangeia.com.br\/pt_br\/wp-json\/wp\/v2\/product"}],"about":[{"href":"https:\/\/editorapangeia.com.br\/pt_br\/wp-json\/wp\/v2\/types\/product"}],"replies":[{"embeddable":true,"href":"https:\/\/editorapangeia.com.br\/pt_br\/wp-json\/wp\/v2\/comments?post=12313"}],"wp:featuredmedia":[{"embeddable":true,"href":"https:\/\/editorapangeia.com.br\/pt_br\/wp-json\/wp\/v2\/media\/12842"}],"wp:attachment":[{"href":"https:\/\/editorapangeia.com.br\/pt_br\/wp-json\/wp\/v2\/media?parent=12313"}],"wp:term":[{"taxonomy":"product_brand","embeddable":true,"href":"https:\/\/editorapangeia.com.br\/pt_br\/wp-json\/wp\/v2\/product_brand?post=12313"},{"taxonomy":"product_cat","embeddable":true,"href":"https:\/\/editorapangeia.com.br\/pt_br\/wp-json\/wp\/v2\/product_cat?post=12313"},{"taxonomy":"product_tag","embeddable":true,"href":"https:\/\/editorapangeia.com.br\/pt_br\/wp-json\/wp\/v2\/product_tag?post=12313"}],"curies":[{"name":"wp","href":"https:\/\/api.w.org\/{rel}","templated":true}]}}