{"id":12297,"date":"2022-12-10T15:00:12","date_gmt":"2022-12-10T15:00:12","guid":{"rendered":"https:\/\/editorapangeia.com.br\/?post_type=product&#038;p=12297"},"modified":"2025-04-24T16:53:45","modified_gmt":"2025-04-24T16:53:45","slug":"princesa-carmelina-trilogia-v-1-barbara-beraquet","status":"publish","type":"product","link":"https:\/\/editorapangeia.com.br\/pt_br\/product\/princesa-carmelina-trilogia-v-1-barbara-beraquet\/","title":{"rendered":"Princesa Carmelina, B\u00e1rbara Beraquet"},"content":{"rendered":"<blockquote><p>Ba\u0301rbara e\u0301 jornalista, especialista em gesta\u0303o estrate\u0301gica de comunicac\u0327a\u0303o, ma\u0303e de dois meninos, agricultora de sonhos e jardineira amadora em seu sentido mais estrito: por amor.\u00a0A trilogia da Princesa Carmelina e\u0301 sua segunda obra publicada na Pangeia Editorial; em 2021, saiu o livro infantil <strong><em>A menina que cuspiu um sol e uma lua<\/em><\/strong>, no selo infantojuvenil Edic\u0327o\u0303es Sarue\u0302.<\/p>\n<p>Aproveite os pre\u00e7os especiais para adquirir a Cole\u00e7\u00e3o ou os livros individuais em pr\u00e9-venda.<\/p>\n<p>Os tr\u00eas livros s\u00e3o ilustrados por Paola Abreu, que tamb\u00e9m fez as capas. Paola Abreu nasceu em S\u00e3o Paulo, e sempre se\u00a0interessou por arte em suas v\u00e1rias formas: desenhos,\u00a0pinturas, esculturas e outros! Cursou arquitetura por dois anos e\u00a0trabalhou na \u00e1rea de vendas e visual <em>merchandising<\/em> at\u00e9 se encontrar\u00a0na tatuagem, tornando-se tatuadora. Recentemente descobriu uma nova paix\u00e3o ap\u00f3s ter a\u00a0oportunidade de transformar ideias e palavras de um livro em<br \/>\nilustra\u00e7\u00f5es!<\/p>\n<p style=\"text-align: center;\"><strong>Para mais informa\u00e7\u00f5es sobre a autora,<br \/>\n<a href=\"https:\/\/editorapangeia.com.br\/?s=Beraquet\"><span style=\"color: #0000ff;\">CLIQUE AQUI !!!<\/span><\/a><\/strong><\/p>\n<p style=\"text-align: center;\"><strong>Para mais informa\u00e7\u00f5es sobre a trilogia,<br \/>\n<a href=\"https:\/\/editorapangeia.com.br\/a-princesa-carmelina-a-trilogia-de-barbara-beraquet\/\"><span style=\"color: #ff0000;\">CLIQUE AQUI !!!<\/span><\/a><\/strong><\/p>\n<\/blockquote>\n<p style=\"text-align: center;\"><strong>~ \u00a0 \u00a0 0 \u00a0 \u00a0 \u00a0~<\/strong><\/p>\n<div class=\"page\" title=\"Page 9\">\n<div class=\"layoutArea\">\n<div class=\"column\">\n<p>Aproveite os pre\u00e7os especiais para adquirir a Cole\u00e7\u00e3o ou os livros individuais em pr\u00e9-venda:<\/p>\n<blockquote>\n<p style=\"text-align: center;\">V. 1 \u00a0\u2013 \u00a0<em>Princesa Carmelina<\/em><br \/>\n<strong><a href=\"https:\/\/editorapangeia.com.br\/shop\/\">Em pr\u00e9-venda \u00a0\u2013 \u00a0AQUI<\/a><br \/>\nDe 39,90 por 29,90<\/strong><\/p>\n<p style=\"text-align: center;\">V. 2 \u2013 <em>O Monstro Devorador de Corac\u0327o\u0303es<br \/>\n<\/em><strong><a href=\"https:\/\/editorapangeia.com.br\/shop\/\">Em pr\u00e9-venda \u00a0\u2013 \u00a0AQUI<\/a><br \/>\n<\/strong><strong>De 44,90 por 34,90<\/strong><\/p>\n<p style=\"text-align: center;\">V. 3 \u00a0\u2013 <em>O Poeta de Portulaca e a Rainha da Burgundia<br \/>\n<\/em><strong><a href=\"https:\/\/editorapangeia.com.br\/shop\/\">Em pr\u00e9-venda \u00a0\u2013 \u00a0AQUI<\/a><br \/>\n<\/strong><strong>De 49,90 por 39,90<\/strong><\/p>\n<p style=\"text-align: center;\"><strong>Trilogia A Princesa Carmelina<br \/>\n<a href=\"https:\/\/editorapangeia.com.br\/shop\/\">Em pr\u00e9-venda \u00a0\u2013 \u00a0AQUI<\/a><br \/>\nDe 134,70 por 99,90<\/strong><\/p>\n<\/blockquote>\n<p style=\"text-align: center;\">Para mais informa\u00e7\u00f5es sobre a pr\u00e9-venda,<br \/>\n<a href=\"https:\/\/editorapangeia.com.br\/event\/carmelina-trilogia-beraquet\/\"><strong>Clique AQUI!!!<\/strong><\/a><\/p>\n<\/div>\n<\/div>\n<\/div>\n","protected":false},"excerpt":{"rendered":"<p>Este primeiro livro dessa\u00a0<strong>Trilogia A Princesa Carmelina<\/strong>, cujo t\u00edtulo evoca a protagonista\u00a0<em>Princesa Carmelina<\/em>, trata do tema da inoc\u00eancia.<\/p>\n<p>Carmelina, a jovem monarca de cabelos e olhos avermelhados assiste ao esgotamento de seus u\u0301ltimos recursos, apo\u0301s a devastac\u0327a\u0303o de seu templo e de seu povoado.<\/p>\n<p>Para onde ela deve rumar, de tal forma que suas flores e plantas possam (re)brotar?<\/p>\n<p>Um livro de fantasia, de emo\u00e7\u00e3o, de descobertas.<\/p>\n","protected":false},"featured_media":12294,"comment_status":"open","ping_status":"closed","template":"","meta":[],"product_brand":[],"product_cat":[4080],"product_tag":[2058,567,2059,303,528,2060,2061,1291,2062,749,2063,2064,2065,564],"class_list":{"0":"post-12297","1":"product","2":"type-product","3":"status-publish","4":"has-post-thumbnail","6":"product_cat-infantojuvenil","7":"product_tag-a-menina-que-cuspiu-um-sol-e-uma-lua","8":"product_tag-barbara-beraquet","9":"product_tag-carolina-grohmann","10":"product_tag-edicoes-dionysius","11":"product_tag-nima-spigolon","12":"product_tag-o-monstro-devorador-de-coracoes","13":"product_tag-o-poeta-de-portulaca-e-a-rainha-da-burgundia","14":"product_tag-pangeia-editorial","15":"product_tag-paola-abreu","16":"product_tag-pre-venda","17":"product_tag-princesa-carmelina","18":"product_tag-sergio-biscaldi","19":"product_tag-trilogia-a-princesa-carmelina","20":"product_tag-willia-katia-oliveira","21":"product_shipping_class-normal","23":"first","24":"instock","25":"taxable","26":"shipping-taxable","27":"product-type-external"},"_links":{"self":[{"href":"https:\/\/editorapangeia.com.br\/pt_br\/wp-json\/wp\/v2\/product\/12297","targetHints":{"allow":["GET"]}}],"collection":[{"href":"https:\/\/editorapangeia.com.br\/pt_br\/wp-json\/wp\/v2\/product"}],"about":[{"href":"https:\/\/editorapangeia.com.br\/pt_br\/wp-json\/wp\/v2\/types\/product"}],"replies":[{"embeddable":true,"href":"https:\/\/editorapangeia.com.br\/pt_br\/wp-json\/wp\/v2\/comments?post=12297"}],"wp:featuredmedia":[{"embeddable":true,"href":"https:\/\/editorapangeia.com.br\/pt_br\/wp-json\/wp\/v2\/media\/12294"}],"wp:attachment":[{"href":"https:\/\/editorapangeia.com.br\/pt_br\/wp-json\/wp\/v2\/media?parent=12297"}],"wp:term":[{"taxonomy":"product_brand","embeddable":true,"href":"https:\/\/editorapangeia.com.br\/pt_br\/wp-json\/wp\/v2\/product_brand?post=12297"},{"taxonomy":"product_cat","embeddable":true,"href":"https:\/\/editorapangeia.com.br\/pt_br\/wp-json\/wp\/v2\/product_cat?post=12297"},{"taxonomy":"product_tag","embeddable":true,"href":"https:\/\/editorapangeia.com.br\/pt_br\/wp-json\/wp\/v2\/product_tag?post=12297"}],"curies":[{"name":"wp","href":"https:\/\/api.w.org\/{rel}","templated":true}]}}