{"id":12070,"date":"2023-02-28T13:17:46","date_gmt":"2023-02-28T13:17:46","guid":{"rendered":"https:\/\/editorapangeia.com.br\/?post_type=product&#038;p=12070"},"modified":"2025-11-21T10:55:50","modified_gmt":"2025-11-21T10:55:50","slug":"paulo-freire-toma-um-cafezim-cum-nois-nima-spigolon-livro-e-pdf","status":"publish","type":"product","link":"https:\/\/editorapangeia.com.br\/pt_br\/product\/paulo-freire-toma-um-cafezim-cum-nois-nima-spigolon-livro-e-pdf\/","title":{"rendered":"Paulo Freire: Toma um cafezim cum n\u00f3is?, Nima Spigolon (Org.) Volume 1"},"content":{"rendered":"<p>&#8220;[&#8230;]<\/p>\n<p>A pr\u00e1xis de quem vive a educa\u00e7\u00e3o com a paix\u00e3o e o cora\u00e7\u00e3o bate mais forte, a alma se dilata ao sens\u00edvel para que a indigna\u00e7\u00e3o ante os\u00a0cen\u00e1rios de barb\u00e1rie, obscurantismo, mis\u00e9ria e recrudescimento das for\u00e7as conservadoras e neoliberais, seja incorporada para as viv\u00eancias Freireanas num esperan\u00e7ar revolucion\u00e1rio.<\/p>\n<p>\u00c9 um livro que convida a prosear, com ou sem caf\u00e9, mas sempre na companhia de Paulo Freire. Voc\u00ea \u00e9 nosso(a) convidado(a)!<\/p>\n<p style=\"text-align: center;\"><img loading=\"lazy\" decoding=\"async\" class=\"alignnone size-medium wp-image-11761\" src=\"http:\/\/editorapangeia.com.br\/wp-content\/uploads\/2023\/02\/IMG_6406-241x300.jpeg\" alt=\"\" width=\"241\" height=\"300\" srcset=\"https:\/\/editorapangeia.com.br\/wp-content\/uploads\/2023\/02\/IMG_6406-241x300.jpeg 241w, https:\/\/editorapangeia.com.br\/wp-content\/uploads\/2023\/02\/IMG_6406-823x1024.jpeg 823w, https:\/\/editorapangeia.com.br\/wp-content\/uploads\/2023\/02\/IMG_6406-768x956.jpeg 768w, https:\/\/editorapangeia.com.br\/wp-content\/uploads\/2023\/02\/IMG_6406-700x871.jpeg 700w, https:\/\/editorapangeia.com.br\/wp-content\/uploads\/2023\/02\/IMG_6406-321x400.jpeg 321w, https:\/\/editorapangeia.com.br\/wp-content\/uploads\/2023\/02\/IMG_6406-562x700.jpeg 562w, https:\/\/editorapangeia.com.br\/wp-content\/uploads\/2023\/02\/IMG_6406.jpeg 957w\" sizes=\"auto, (max-width: 241px) 100vw, 241px\" \/><br \/>\n<a href=\"https:\/\/editorapangeia.com.br\/?s=Nima+Spigolon\">Professora Nima Spigolon<\/a><br \/>\nUNICAMP<\/p>\n<div class=\"page\" title=\"Page 9\">\n<div class=\"layoutArea\">\n<div class=\"column\">\n<p>Apresentac\u0327a\u0303o &#8211; Liana Borges<\/p>\n<p>Resenha da obra \u201cVirtudes do Educador\u201d &#8211;\u00a0Karina Passos de Souza<\/p>\n<p>Breves considerac\u0327o\u0303es sobre Educac\u0327a\u0303o Popular\u00a0e o Me\u0301todo Freiriano &#8211;\u00a0Vitorio Felipe Santos Valenzuela Toro<\/p>\n<p>Ensaio e colagem a partir da obra \u201cPedagogia do Oprimido\u201d &#8211;\u00a0Li\u0301via Tosato Navilli<\/p>\n<p>Querido(a) leitor(a) &#8211;\u00a0Ana Carolina Carlos Cardoso \/\u00a0Daiana de Moura Ferreira<\/p>\n<p>Por uma educac\u0327a\u0303o libertadora: Reflexo\u0303es sobre\u00a0a obra \u201cPedagogia do Oprimido\u201d &#8211;\u00a0Camila Aquino de Morais \/\u00a0Eduardo Holanda da Silva Nascimento<\/p>\n<p>Pedagogia do oprimido: uma breve reflexa\u0303o &#8211;\u00a0Juliana Carneiro Concon<\/p>\n<p>O homem com o mundo e no mundo: natureza e cultura &#8211;\u00a0Isabele de Souza Alexandre<\/p>\n<p>A \u201cPedagogia do Oprimido\u201d e o Programa Nacional das Escolas Ci\u0301vico-Militares &#8211; Naraiane Lopes de Moura \/\u00a0Stephanie de Freitas Perseghetti<\/p>\n<p>Educac\u0327a\u0303o auto\u0302noma &#8211;\u00a0Paula Ishige Borges de Oliveira<\/p>\n<p>Dia\u0301logos com a obra \u201cPedagogia do Oprimido\u201d &#8211;\u00a0Alexander Lucas Pereira<\/p>\n<p>Organiza\u00e7\u00e3o: Nima Spigolon &#8211; Unicamp<\/p>\n<\/div>\n<\/div>\n<\/div>\n","protected":false},"excerpt":{"rendered":"<p>Este livro re\u00fane treze autores que elaboram resenhas de aproxima\u00e7\u00e3o \u00e0 obra de Paulo Freire em que o tom intimista e introdut\u00f3rio esconde ilumina\u00e7\u00f5es e percep\u00e7\u00f5es condensadas do teor da obra do Patrono da Educa\u00e7\u00e3o Brasileira.<\/p>\n<p>S\u00e3o dez pequenos artigos, uma apresenta\u00e7\u00e3o, da Profa. Liana da Silva Borges, criadora do @caf\u00e9comFreire no Instagram e atua na \u00e1rea de Ci\u00eancia Pol\u00edtica, Educa\u00e7\u00e3o e EJA, prestando assessoria ao MEC, a governos estaduais e a prefeituras.<\/p>\n<p>Na \u00faltima capa, o livro traz um texto de Nima Spigolon, organizadora do livro.<\/p>\n<p>Vamos tomar esse cafezinho com o Paulo Freire e nossos autores, jovens pedagogos?<\/p>\n","protected":false},"featured_media":12066,"comment_status":"open","ping_status":"closed","template":"","meta":[],"product_brand":[],"product_cat":[4083],"product_tag":[1918,1907,2152,3171,1900,2151,1917,1899,1901,1909,1912,1913,1916,1216,1910,5080,1903,1902,1896,1895,1898,1914,1221,1904,1911,528,1906,1223,1908,1905,1915,1897],"class_list":{"0":"post-12070","1":"product","2":"type-product","3":"status-publish","4":"has-post-thumbnail","6":"product_cat-educacaoensino","7":"product_tag-cafecomfreire","8":"product_tag-alexander-lucas-pereira","9":"product_tag-antirracismo","10":"product_tag-cadernos-de-docencia","11":"product_tag-camila-aquino-de-morais","12":"product_tag-capes","13":"product_tag-colecao-cadernos-de-docencia","14":"product_tag-daiana-de-moura-ferreira","15":"product_tag-eduardo-holanda-da-silva-nascimento","16":"product_tag-educacao-autonoma","17":"product_tag-educacao-libertadora","18":"product_tag-educacao-popular","19":"product_tag-educacao-publica","20":"product_tag-elza-freire","21":"product_tag-escolas-civico-militares","22":"product_tag-formacao-antirracista","23":"product_tag-isabele-de-souza-alexandre","24":"product_tag-juliana-carneiro-concon","25":"product_tag-karina-passos-de-souza","26":"product_tag-liana-borges","27":"product_tag-livia-tosato-navilli","28":"product_tag-metodo-freiriano","29":"product_tag-metodo-paulo-freire","30":"product_tag-naraiane-lopes-de-moura","31":"product_tag-natureza-e-cultura","32":"product_tag-nima-spigolon","33":"product_tag-paula-ishige-borges-de-oliveira","34":"product_tag-paulo-freire","35":"product_tag-pedagogia-do-oprimido","36":"product_tag-stephanie-de-freitas-perseghetti","37":"product_tag-virtudes-do-educador","38":"product_tag-vitorio-felipe-santos-valenzuela-toro","39":"product_shipping_class-normal","41":"first","42":"instock","43":"featured","44":"shipping-taxable","45":"product-type-grouped"},"_links":{"self":[{"href":"https:\/\/editorapangeia.com.br\/pt_br\/wp-json\/wp\/v2\/product\/12070","targetHints":{"allow":["GET"]}}],"collection":[{"href":"https:\/\/editorapangeia.com.br\/pt_br\/wp-json\/wp\/v2\/product"}],"about":[{"href":"https:\/\/editorapangeia.com.br\/pt_br\/wp-json\/wp\/v2\/types\/product"}],"replies":[{"embeddable":true,"href":"https:\/\/editorapangeia.com.br\/pt_br\/wp-json\/wp\/v2\/comments?post=12070"}],"wp:featuredmedia":[{"embeddable":true,"href":"https:\/\/editorapangeia.com.br\/pt_br\/wp-json\/wp\/v2\/media\/12066"}],"wp:attachment":[{"href":"https:\/\/editorapangeia.com.br\/pt_br\/wp-json\/wp\/v2\/media?parent=12070"}],"wp:term":[{"taxonomy":"product_brand","embeddable":true,"href":"https:\/\/editorapangeia.com.br\/pt_br\/wp-json\/wp\/v2\/product_brand?post=12070"},{"taxonomy":"product_cat","embeddable":true,"href":"https:\/\/editorapangeia.com.br\/pt_br\/wp-json\/wp\/v2\/product_cat?post=12070"},{"taxonomy":"product_tag","embeddable":true,"href":"https:\/\/editorapangeia.com.br\/pt_br\/wp-json\/wp\/v2\/product_tag?post=12070"}],"curies":[{"name":"wp","href":"https:\/\/api.w.org\/{rel}","templated":true}]}}