{"id":11949,"date":"2025-06-16T09:00:15","date_gmt":"2025-06-16T09:00:15","guid":{"rendered":"https:\/\/editorapangeia.com.br\/?post_type=product&#038;p=11949"},"modified":"2025-12-16T00:00:03","modified_gmt":"2025-12-16T00:00:03","slug":"supply-chain-logistica-e-lideranca-o-futuro-e-hoje-bertaglia","status":"publish","type":"product","link":"https:\/\/editorapangeia.com.br\/pt_br\/product\/supply-chain-logistica-e-lideranca-o-futuro-e-hoje-bertaglia\/","title":{"rendered":"Supply Chain, Log\u00edstica e Lideran\u00e7a: O futuro \u00e9 hoje, Vol. 1, Paulo Roberto Bertaglia"},"content":{"rendered":"<p>Do pref\u00e1cio do livro de Paulo Roberto Bertaglia, destacamos:<\/p>\n<p style=\"padding-left: 80px;\">&#8220;Com a Educa\u00e7\u00e3o vem a Transforma\u00e7\u00e3o! Esta \u00e9 uma das afirma\u00e7\u00f5es mais poderosas que guiam a trajet\u00f3ria e atua\u00e7\u00e3o de Paulo Roberto Bertaglia. Sempre consistente em seu prop\u00f3sito, ele vem compartilhando conhecimentos, construindo pontes entre \u00e1reas e profissionais, e sendo uma das refer\u00eancias brasileiras mais importantes no campo da log\u00edstica e cadeia de abastecimento. Foi um dos pioneiros a aproximar as disciplinas de log\u00edstica \u00e0 de tecnologia de informa\u00e7\u00e3o na ind\u00fastria de bens de consumo, trazendo inova\u00e7\u00e3o e novas abordagens na integra\u00e7\u00e3o de dados e de fun\u00e7\u00f5es at\u00e9 ent\u00e3o isoladas. Suas publica\u00e7\u00f5es refletem sempre seu desejo de tornar o conhecimento acess\u00edvel a todos, com linguagem fluida, que engaja e te faz querer ler. Um privil\u00e9gio t\u00ea-lo por perto!&#8221;<\/p>\n<p style=\"padding-left: 80px; text-align: center;\"><strong>Joselena Peressinoto Romero<\/strong><br \/>\nChief Operating Officer<br \/>\nNatura &amp; Co<\/p>\n<p style=\"text-align: center;\">Para assistir a entrevista do Bertaglia sobre o livo,<br \/>\n<a href=\"https:\/\/www.youtube.com\/live\/yQZlOos86ZU\">CLIQUE\u00a0<strong>AQUI\u00a0<\/strong>!<\/a><\/p>\n<p style=\"text-align: center;\">Para mais informa\u00e7\u00f5es sobre Bertaglia,<br \/>\n<a href=\"https:\/\/editorapangeia.com.br\/a-logistica-tem-um-nome-paulo-bertaglia\/\">CLIQUE\u00a0<strong>AQUI !<\/strong><\/a><\/p>\n<p style=\"text-align: center;\">Para conhecer o livro\u00a0<em><strong>Supply Chain, Log\u00edstica e<br \/>\nLideran\u00e7a: o Futuro \u00e9<\/strong><\/em><strong>\u00a0Hoje<\/strong>,<br \/>\n<strong><a href=\"https:\/\/editorapangeia.com.br\/product\/supply-chain-logistica-e-lideranca-o-futuro-e-hoje-bertaglia\/\">CLIQUE AQUI !<\/a><\/strong><\/p>\n<blockquote>\n<p style=\"font-weight: 400; text-align: center;\"><strong>DEPOIMENTOS<\/strong><\/p>\n<\/blockquote>\n<p style=\"font-weight: 400;\">\u201cFoi um grande prazer poder participar da \u201cProsa com o Bertaglia\u201d e compartilhar um pouco da experi\u00eancia vivida no supply chain do setor de sa\u00fade. Recomendo a profissionais em todos os momentos de carreira que acompanhem, se informem e se inspirem pelo conte\u00fado disponibilizado gratuitamente pelo Professor Paulo Bertaglia.\u201d<\/p>\n<p style=\"font-weight: 400;\"><strong>Luis Fernando da Silva <\/strong>&#8211; <em>Executivo de Supply Chain <\/em><\/p>\n<p style=\"font-weight: 400;\">\u201cTodos sabemos que o Prof. Paulo Roberto Bertaglia e\u0301 uma das maiores autoridades em Log\u00edstica e Supply Chain no Brasil, por ter constru\u00eddo uma intensa (e extensa) carreira profissional junto a organiza\u00e7\u00f5es expoentes em seus setores de atua\u00e7\u00e3o conferindo-lhe uma compreens\u00e3o aprofundada e diversificada neste campo de conhecimento. Seu perfil fica ainda mais respeit\u00e1vel pela forma\u00e7\u00e3o acad\u00eamica, produ\u00e7\u00e3o liter\u00e1ria e dedica\u00e7\u00e3o com maestria a\u0300 doc\u00eancia no ensino superior, em n\u00edveis de gradua\u00e7\u00e3o e p\u00f3s-gradua\u00e7\u00e3o lato sensu. Mas o que nem todos sabem e\u0301 que o Paulo e\u0301 um idealista. E\u0301 um sonhador que acredita que nosso mundo pode ser melhor partindo da educa\u00e7\u00e3o profissional e cidad\u00e3\u0303 para todos. Ele trabalha todos os dias para isso e nos convida para compartilhar seus sonhos.\u201d<\/p>\n<p style=\"font-weight: 400;\"><strong>Benedito D\u00e9cio da Silveira Camargo Junior <\/strong>&#8211; <em>So\u0301cio Diretor da ARCADIAN EDUCACIONAL Coordenador de Projetos | Professor e Coordenador de cursos de Po\u0301s-Graduac\u0327a\u0303o no SENAC Jundiai\u0301.<\/em><\/p>\n<p style=\"text-align: center;\">Para obter mais informa\u00e7\u00f5es<br \/>\nsobre o Paulo Bertaglia<br \/>\n<a href=\"https:\/\/editorapangeia.com.br\/a-logistica-tem-um-nome-paulo-bertaglia\/\"><span style=\"color: #0000ff;\"><strong>clique AQUI!<\/strong><\/span><\/a><\/p>\n<p style=\"font-weight: 400;\">\u201cMuitas vezes os professores s\u00e3o excelentes didatas, mas quando expostos a\u0300s atividades que ensinam, tem dificuldade porque n\u00e3o possuem experi\u00eancia. O Paulo Bertaglia, al\u00e9m de um grande mestre, e\u0301 um escritor maravilhoso e um grande profissional da \u00e1rea de Log\u00edstica e Supply Chain. Ele consegue unir toda sua experi\u00eancia e contribuir com seus alunos e parceiros de trabalho.<\/p>\n<p style=\"font-weight: 400;\">Mas n\u00e3o e\u0301 somente isto, ele e\u0301 um ser humano como poucos: bondoso, e\u0301tico, comprometido com as pessoas. Uma honra te\u0302-lo encontrado no meu caminho!\u201d<\/p>\n<p style=\"font-weight: 400;\"><strong>Maria Cristina Scarpato <\/strong>&#8211; <em>Fundadora e Diretora Te\u0301cnica da\u00a0CLS TECNOLOGIA ANALI\u0301TICA E SISTEMAS DE GESTA\u0303O LTDA <\/em><\/p>\n<p style=\"font-weight: 400;\">\u201cDesde 1979, quando tive a oportunidade de criar o Instituto de Movimenta\u00e7\u00e3o e Armazenagem de Materiais, \u201cIMAM\u201d, com o objetivo de agrupar os profissionais da \u00e1rea de movimenta\u00e7\u00e3o e armazenagem, log\u00edstica e, neste s\u00e9culo, Supply Chain, in\u00fameros profissionais se desenvolveram e valorizaram a Educa\u00e7\u00e3o nestas \u00e1reas no Brasil.<\/p>\n<p style=\"font-weight: 400;\">Paulo Bertaglia e\u0301 certamente um deles e contribuiu para a evolu\u00e7\u00e3o de milhares de profissionais.<br \/>\nA educa\u00e7\u00e3o e\u0301 o caminho da excel\u00eancia seja na \u00e1rea de intralog\u00edstica, como denominamos hoje a movimenta\u00e7\u00e3o e armazenagem, seja na gest\u00e3o da Cadeia de Suprimentos ou Supply Chain Management. Parabe\u0301ns Paulo Bertaglia e sucesso sempre!\u201d<\/p>\n<p style=\"font-weight: 400;\"><strong>Reinaldo Moura <\/strong>&#8211; <em>Presidente do Conselho &#8211; IMAM <\/em><\/p>\n<p style=\"font-weight: 400;\">\u201cBertaglia e\u0301 um profissional extremamente diferenciado. Os relatos inspiradores que os leitores ler\u00e3o nesta colet\u00e2nea sa\u0303o resultado de um entrevistador sagaz, provocativo e muito inteligente, interagindo com profissionais e\/ ou empreendedores muito competentes. Com certeza os leitores se empolgar\u00e3o com os relatos e diversidade de historias repletas de desafios e aprendizados.<\/p>\n<p style=\"font-weight: 400;\"><strong>Tais Regina Cundari <\/strong>&#8211; <em>Advisor &#8211; Grupo Fesa <\/em><\/p>\n<p style=\"font-weight: 400;\">\u201cMe sinto honrado e privilegiado por ter como amigo Paulo Roberto Bertaglia, uma das maiores refer\u00eancias quando falamos de Log\u00edstica e Supply Chain. Admiro tanto como pessoa, quanto como profissional sempre acess\u00edvel e humilde, onde tive a oportunidade de participar de v\u00e1rios debates e Prosas com o Bertaglia!\u201d<\/p>\n<p style=\"font-weight: 400;\"><strong>Wesley Naito &#8211; <\/strong><em>Fundador da LOGSCM Networking<\/em><\/p>\n<p style=\"text-align: center;\">Para mais informa\u00e7\u00f5es<br \/>\nsobre o livro:<br \/>\n<a href=\"https:\/\/editorapangeia.com.br\/event\/paulo-bertaglia-o-futuro-e-agora\/\"><span style=\"color: #0000ff;\"><strong>clique AQUI!<\/strong><\/span><\/a><\/p>\n<p style=\"font-weight: 400;\">\u201cAo falar de Log\u00edstica e Supply Chain, vem logo a mente a figura de Paulo Bertaglia, um amigo que fiz e me orgulho muito das suas publica\u00e7\u00f5es, nas quais aprendo muito. Bertaglia e\u0301 o profissional que denominamos nota 1000.\u201d<\/p>\n<p style=\"font-weight: 400;\"><strong>Fernando G. R. Trigueiro <\/strong>&#8211; <em>CEO da Focus Trigueiro Consultoria &amp; Treinamento e Presidente da ANELOG <\/em><\/p>\n<p style=\"font-weight: 400;\">\u201cO Paulo tem extensa experi\u00eancia em Log\u00edstica, Supply Chain e tantas outras \u00e1reas, e\u0301 professor, autor e anfitri\u00e3o de prosas fant\u00e1sticas, mas nada o distingue tanto quanto sua paix\u00e3o por compartilhar conhecimento.\u201d<\/p>\n<p style=\"font-weight: 400;\"><strong>Elcio Grassia &#8211;\u00a0<\/strong><em>CEO da NAZAR SYSTEMS <\/em><\/p>\n<p style=\"font-weight: 400;\">\u201cPaulo Bertaglia conseguiu demonstrar atrav\u00e9s de seus livros ao longo dos \u00faltimos anos, de forma clara e objetiva, como o Supply Chain Management evoluiu e definitivamente alcan\u00e7ou protagonismo dentro das organiza\u00e7\u00f5es. Do operacional ao estrat\u00e9gico, deixando de ser um mero centro de custo e passando a ser uma ferramenta viabilizadora de receita, dentro do mundo MUVUCA em que vivemos um planejamento, uma manufatura, uma log\u00edstica, uma \u00e1rea de Customer Services, integrados ao Mercado passa a ser um elemento fundamental para garantir a experi\u00eancia do Consumidor e ajudar na jornada de transforma\u00e7\u00e3o dos Neg\u00f3cios 4.0. Sua habilidade de antever tend\u00eancias passa a ser uma contribui\u00e7\u00e3o inestim\u00e1vel neste sentido.\u201d<\/p>\n<p style=\"font-weight: 400;\"><strong>Antonio Grandini &#8211; <\/strong><em>Operations Senior Advisor &#8211; Patria Investimentos <\/em><\/p>\n<p style=\"font-weight: 400;\">\u201cO Paulo e\u0301 um dos profissionais mais apaixonados por Supply Chain que ja\u0301 conheci, a cada conversa, a cada Prosa, a cada ensinamento, minha admira\u00e7\u00e3o somente fica maior. Admira\u00e7\u00e3o que se estende ao Paulo pessoa, mestre e profissional. Tenho uma enorme gratid\u00e3o de poder chama\u0301-lo de amigo.\u201d<\/p>\n<p style=\"font-weight: 400;\"><strong>Daniel Lemos Rocha &#8211;\u00a0<\/strong><em>Head of logistics LATAM &#8211; Henkel <\/em><\/p>\n<p style=\"font-weight: 400;\">\u201cBertaglia na\u0303o e\u0301 so\u0301 uma refer\u00eancia profissional e acad\u00eamica quando o assunto e\u0301 Supply Chain, Log\u00edstica ou Transforma\u00e7\u00e3o Digital no Brasil, mas tamb\u00e9m o e\u0301 no quesito lideran\u00e7a emp\u00e1tica e solid\u00e1ria. O seu trabalho e\u0301 amplo, mas o objetivo final parece ser sempre o desenvolvimento humano. E\u0301 inspirador acompanhar os in\u00fameros mentorados e jovens empresa\u0301rios de logtechs que apoia e orienta em prol de um pa\u00eds melhor.\u201d<\/p>\n<p style=\"font-weight: 400;\"><strong>Marcella Cunha &#8211; <\/strong><em>Diretora executiva da ABOL BRASIL &#8211; Associa\u00e7\u00e3o Brasileira de Operadores Log\u00edsticos <\/em><\/p>\n<p style=\"font-weight: 400; text-align: center;\"><strong>Outras informa\u00e7\u00f5es sobre o livro<\/strong><strong>:<br \/>\n<\/strong><a href=\"https:\/\/editorapangeia.com.br\/product\/supply-chain-logistica-e-lideranca-o-futuro-e-hoje-bertaglia\/\"><span style=\"color: #ff0000;\"><strong>AQUI !<\/strong><\/span><\/a><\/p>\n<p style=\"text-align: center;\"><img loading=\"lazy\" decoding=\"async\" class=\"alignnone wp-image-13602\" src=\"http:\/\/editorapangeia.com.br\/wp-content\/uploads\/2023\/02\/qr-code-supply_chain_Bertaglia-300x300.png\" alt=\"\" width=\"369\" height=\"369\" srcset=\"https:\/\/editorapangeia.com.br\/wp-content\/uploads\/2023\/02\/qr-code-supply_chain_Bertaglia-300x300.png 300w, https:\/\/editorapangeia.com.br\/wp-content\/uploads\/2023\/02\/qr-code-supply_chain_Bertaglia-150x150.png 150w, https:\/\/editorapangeia.com.br\/wp-content\/uploads\/2023\/02\/qr-code-supply_chain_Bertaglia-400x400.png 400w, https:\/\/editorapangeia.com.br\/wp-content\/uploads\/2023\/02\/qr-code-supply_chain_Bertaglia-100x100.png 100w, https:\/\/editorapangeia.com.br\/wp-content\/uploads\/2023\/02\/qr-code-supply_chain_Bertaglia-50x50.png 50w, https:\/\/editorapangeia.com.br\/wp-content\/uploads\/2023\/02\/qr-code-supply_chain_Bertaglia.png 512w\" sizes=\"auto, (max-width: 369px) 100vw, 369px\" \/><br \/>\n<em>Partilhe o Qr-Code com amigos, colegas, chefes, demais membros de<\/em><br \/>\n<em>sua equipe de trabalho, para que todos leiam este livro<\/em><br \/>\n<em>fundamental de forma\u00e7\u00e3o pessoal e de<\/em><br \/>\n<em>atualiza\u00e7\u00e3o profissional.<\/em><\/p>\n<blockquote>\n<p style=\"text-align: center;\">Para mais informa\u00e7\u00f5es sobre o autor,<br \/>\nv\u00e1 ao <a href=\"https:\/\/editorapangeia.com.br\/a-logistica-tem-um-nome-paulo-bertaglia\/\"><em><strong>Blog da Pangeia<\/strong><\/em>, <span style=\"color: #ff0000;\"><strong>AQUI<\/strong><\/span><\/a><\/p>\n<\/blockquote>\n<p><strong>LIVRO EM PRONTA ENTREGA.<\/strong><\/p>\n<p>Formato \u2013 14x21cm, leitura envolvente em 134 p\u00e1ginas com fonte de grande legibilidade, papel agrad\u00e1vel e texto envolvente, com informa\u00e7\u00f5es atualizadas. Primeira reimpress\u00e3o em setembro de 2023 em papel offset 90g, costurado, colado, brochura com acabamento impec\u00e1vel.<\/p>\n<p>Apoio das seguintes empresas e institui\u00e7\u00f5es: Grupo LogWeb. LALT, iTrack, Abralog, ABOL e Berthas.<\/p>\n<blockquote>\n<p style=\"text-align: center;\">Junte-se \u00e0 nossa corrente:<br \/>\nao infinito e al\u00e9m, com a educa\u00e7\u00e3o<br \/>\nvem a transforma\u00e7\u00e3o, o futuro \u00e9 hoje!<\/p>\n<\/blockquote>\n","protected":false},"excerpt":{"rendered":"<p>Supply Chain \u00e9 o dom\u00ednio de todas as etapas processo de produ\u00e7\u00e3o de um bem ou servi\u00e7o, da compra de insumos \u00e0s tramita\u00e7\u00f5es internas e de relacionamento com os clientes, do primeiro contato \u00e0 p\u00f3s-venda. Executar bem cada uma dessas etapas \u00e9 o objetivo dos executivos ao longo do processo.<br \/>\nSupply Chain \u00e9 a arte de propor processos para bem realizar cada micro-etapa produtiva e o conjunto dessas etapas.<br \/>\nSupply Chain pede profissionais atualizados, criativos, com esp\u00edrito de lideran\u00e7a.<br \/>\nA log\u00edstica \u00e9 uma arte. Quer domin\u00e1-la? Quer aprofundar seu conhecimentos na \u00e1rea? Quer se preparar para ingressar nesse mercado?<br \/>\nO livro certo, portanto, est\u00e1 \u00e0 dist\u00e2ncia de um clique:<\/p>\n","protected":false},"featured_media":18479,"comment_status":"open","ping_status":"closed","template":"","meta":[],"product_brand":[],"product_cat":[4085],"product_tag":[1786,1787,1788,1789,1790,1791,1792,1793,1794,1795,1796,1797,1798,1799,1800,1801,1802,1803,1804,1805,1806,1807,1808,1809,1810,1811,1812,1813,1814,1815,1816,1817,1818,1819,1820,1821,1822,1823],"class_list":{"0":"post-11949","1":"product","2":"type-product","3":"status-publish","4":"has-post-thumbnail","6":"product_cat-economianegocios","7":"product_tag-abastecimento","8":"product_tag-administracao-da-producao","9":"product_tag-administracao-de-empresas","10":"product_tag-analise-de-sistemas","11":"product_tag-cliente-interno","12":"product_tag-comportamento","13":"product_tag-distribuicao","14":"product_tag-estrategia","15":"product_tag-estrategias","16":"product_tag-experienciadocliente","17":"product_tag-formacao-pessoal","18":"product_tag-gerenciamento-da-cadeia-de-abastecimento","19":"product_tag-gestao-de-negocios","20":"product_tag-industria-4-0","21":"product_tag-inovacao","22":"product_tag-inteligencia-emocional","23":"product_tag-lideranca","24":"product_tag-logistica","25":"product_tag-manufatura","26":"product_tag-mundo-digital","27":"product_tag-negocios","28":"product_tag-operacoes","29":"product_tag-paulo-bersaglia","30":"product_tag-paulo-roberto-bertaglia","31":"product_tag-pessoas","32":"product_tag-planejamento","33":"product_tag-portos","34":"product_tag-projetos","35":"product_tag-supply-chain","36":"product_tag-supply-chain-logistica-lideranca-o-futuro-e-hoje","37":"product_tag-supplychain","38":"product_tag-sustentabilidade","39":"product_tag-tecnologia","40":"product_tag-transformacao","41":"product_tag-transformacao-digital","42":"product_tag-transporte","43":"product_tag-vendas","44":"product_tag-vendedor","45":"product_shipping_class-normal","47":"first","48":"instock","49":"featured","50":"shipping-taxable","51":"purchasable","52":"product-type-simple"},"_links":{"self":[{"href":"https:\/\/editorapangeia.com.br\/pt_br\/wp-json\/wp\/v2\/product\/11949","targetHints":{"allow":["GET"]}}],"collection":[{"href":"https:\/\/editorapangeia.com.br\/pt_br\/wp-json\/wp\/v2\/product"}],"about":[{"href":"https:\/\/editorapangeia.com.br\/pt_br\/wp-json\/wp\/v2\/types\/product"}],"replies":[{"embeddable":true,"href":"https:\/\/editorapangeia.com.br\/pt_br\/wp-json\/wp\/v2\/comments?post=11949"}],"wp:featuredmedia":[{"embeddable":true,"href":"https:\/\/editorapangeia.com.br\/pt_br\/wp-json\/wp\/v2\/media\/18479"}],"wp:attachment":[{"href":"https:\/\/editorapangeia.com.br\/pt_br\/wp-json\/wp\/v2\/media?parent=11949"}],"wp:term":[{"taxonomy":"product_brand","embeddable":true,"href":"https:\/\/editorapangeia.com.br\/pt_br\/wp-json\/wp\/v2\/product_brand?post=11949"},{"taxonomy":"product_cat","embeddable":true,"href":"https:\/\/editorapangeia.com.br\/pt_br\/wp-json\/wp\/v2\/product_cat?post=11949"},{"taxonomy":"product_tag","embeddable":true,"href":"https:\/\/editorapangeia.com.br\/pt_br\/wp-json\/wp\/v2\/product_tag?post=11949"}],"curies":[{"name":"wp","href":"https:\/\/api.w.org\/{rel}","templated":true}]}}