{"id":11635,"date":"2022-12-10T16:04:51","date_gmt":"2022-12-10T16:04:51","guid":{"rendered":"https:\/\/editorapangeia.com.br\/?post_type=product&#038;p=11635"},"modified":"2025-04-08T18:55:55","modified_gmt":"2025-04-08T18:55:55","slug":"emparedada-alciene-ribeiro-leite-pdf","status":"publish","type":"product","link":"https:\/\/editorapangeia.com.br\/pt_br\/product\/emparedada-alciene-ribeiro-leite-pdf\/","title":{"rendered":"Emparedada, Alciene Ribeiro Leite"},"content":{"rendered":"<p style=\"text-align: center;\"><img loading=\"lazy\" decoding=\"async\" class=\"size-medium wp-image-11598 aligncenter\" src=\"http:\/\/editorapangeia.com.br\/wp-content\/uploads\/2023\/01\/Imagem-22-01-2023-as-12.32-300x166.jpg\" alt=\"\" width=\"300\" height=\"166\" srcset=\"https:\/\/editorapangeia.com.br\/wp-content\/uploads\/2023\/01\/Imagem-22-01-2023-as-12.32-300x166.jpg 300w, https:\/\/editorapangeia.com.br\/wp-content\/uploads\/2023\/01\/Imagem-22-01-2023-as-12.32.jpg 393w\" sizes=\"auto, (max-width: 300px) 100vw, 300px\" \/><\/p>\n<p style=\"text-align: center;\"><img loading=\"lazy\" decoding=\"async\" class=\"alignnone size-medium wp-image-11600 aligncenter\" src=\"http:\/\/editorapangeia.com.br\/wp-content\/uploads\/2023\/01\/Imagem-21-01-2023-as-11.53-206x300.jpg\" alt=\"\" width=\"206\" height=\"300\" srcset=\"https:\/\/editorapangeia.com.br\/wp-content\/uploads\/2023\/01\/Imagem-21-01-2023-as-11.53-206x300.jpg 206w, https:\/\/editorapangeia.com.br\/wp-content\/uploads\/2023\/01\/Imagem-21-01-2023-as-11.53-275x400.jpg 275w, https:\/\/editorapangeia.com.br\/wp-content\/uploads\/2023\/01\/Imagem-21-01-2023-as-11.53.jpg 295w\" sizes=\"auto, (max-width: 206px) 100vw, 206px\" \/><\/p>\n<p><img loading=\"lazy\" decoding=\"async\" class=\"alignnone size-medium wp-image-11602 aligncenter\" src=\"http:\/\/editorapangeia.com.br\/wp-content\/uploads\/2023\/01\/Imagem-21-01-2023-as-13.03-210x300.jpg\" alt=\"\" width=\"210\" height=\"300\" srcset=\"https:\/\/editorapangeia.com.br\/wp-content\/uploads\/2023\/01\/Imagem-21-01-2023-as-13.03-210x300.jpg 210w, https:\/\/editorapangeia.com.br\/wp-content\/uploads\/2023\/01\/Imagem-21-01-2023-as-13.03-716x1024.jpg 716w, https:\/\/editorapangeia.com.br\/wp-content\/uploads\/2023\/01\/Imagem-21-01-2023-as-13.03-700x1001.jpg 700w, https:\/\/editorapangeia.com.br\/wp-content\/uploads\/2023\/01\/Imagem-21-01-2023-as-13.03-280x400.jpg 280w, https:\/\/editorapangeia.com.br\/wp-content\/uploads\/2023\/01\/Imagem-21-01-2023-as-13.03-489x700.jpg 489w, https:\/\/editorapangeia.com.br\/wp-content\/uploads\/2023\/01\/Imagem-21-01-2023-as-13.03.jpg 757w\" sizes=\"auto, (max-width: 210px) 100vw, 210px\" \/><br \/>\n<img loading=\"lazy\" decoding=\"async\" class=\"alignnone size-medium wp-image-11604 aligncenter\" src=\"http:\/\/editorapangeia.com.br\/wp-content\/uploads\/2023\/01\/Imagem-21-01-2023-as-16.11-203x300.jpg\" alt=\"\" width=\"203\" height=\"300\" srcset=\"https:\/\/editorapangeia.com.br\/wp-content\/uploads\/2023\/01\/Imagem-21-01-2023-as-16.11-203x300.jpg 203w, https:\/\/editorapangeia.com.br\/wp-content\/uploads\/2023\/01\/Imagem-21-01-2023-as-16.11-271x400.jpg 271w, https:\/\/editorapangeia.com.br\/wp-content\/uploads\/2023\/01\/Imagem-21-01-2023-as-16.11-474x700.jpg 474w, https:\/\/editorapangeia.com.br\/wp-content\/uploads\/2023\/01\/Imagem-21-01-2023-as-16.11.jpg 669w\" sizes=\"auto, (max-width: 203px) 100vw, 203px\" \/><\/p>\n<p><img loading=\"lazy\" decoding=\"async\" class=\"alignnone wp-image-11605 aligncenter\" src=\"http:\/\/editorapangeia.com.br\/wp-content\/uploads\/2023\/01\/Imagem-21-01-2023-as-16.39-228x300.jpg\" alt=\"\" width=\"207\" height=\"272\" srcset=\"https:\/\/editorapangeia.com.br\/wp-content\/uploads\/2023\/01\/Imagem-21-01-2023-as-16.39-228x300.jpg 228w, https:\/\/editorapangeia.com.br\/wp-content\/uploads\/2023\/01\/Imagem-21-01-2023-as-16.39-304x400.jpg 304w, https:\/\/editorapangeia.com.br\/wp-content\/uploads\/2023\/01\/Imagem-21-01-2023-as-16.39-532x700.jpg 532w, https:\/\/editorapangeia.com.br\/wp-content\/uploads\/2023\/01\/Imagem-21-01-2023-as-16.39.jpg 633w\" sizes=\"auto, (max-width: 207px) 100vw, 207px\" \/><\/p>\n<p><img loading=\"lazy\" decoding=\"async\" class=\"wp-image-11606 aligncenter\" src=\"http:\/\/editorapangeia.com.br\/wp-content\/uploads\/2023\/01\/Imagem-21-01-2023-as-18.29-200x300.jpg\" alt=\"\" width=\"208\" height=\"311\" srcset=\"https:\/\/editorapangeia.com.br\/wp-content\/uploads\/2023\/01\/Imagem-21-01-2023-as-18.29-200x300.jpg 200w, https:\/\/editorapangeia.com.br\/wp-content\/uploads\/2023\/01\/Imagem-21-01-2023-as-18.29-466x700.jpg 466w\" sizes=\"auto, (max-width: 208px) 100vw, 208px\" \/><br \/>\n<img loading=\"lazy\" decoding=\"async\" class=\"wp-image-11610 aligncenter\" src=\"http:\/\/editorapangeia.com.br\/wp-content\/uploads\/2023\/01\/Imagem-22-01-2023-as-12.55-275x300.jpg\" alt=\"\" width=\"201\" height=\"219\" srcset=\"https:\/\/editorapangeia.com.br\/wp-content\/uploads\/2023\/01\/Imagem-22-01-2023-as-12.55-275x300.jpg 275w, https:\/\/editorapangeia.com.br\/wp-content\/uploads\/2023\/01\/Imagem-22-01-2023-as-12.55-768x838.jpg 768w, https:\/\/editorapangeia.com.br\/wp-content\/uploads\/2023\/01\/Imagem-22-01-2023-as-12.55-700x764.jpg 700w, https:\/\/editorapangeia.com.br\/wp-content\/uploads\/2023\/01\/Imagem-22-01-2023-as-12.55-366x400.jpg 366w, https:\/\/editorapangeia.com.br\/wp-content\/uploads\/2023\/01\/Imagem-22-01-2023-as-12.55-641x700.jpg 641w, https:\/\/editorapangeia.com.br\/wp-content\/uploads\/2023\/01\/Imagem-22-01-2023-as-12.55.jpg 883w\" sizes=\"auto, (max-width: 201px) 100vw, 201px\" \/><\/p>\n<blockquote>\n<p style=\"text-align: center;\">Para mais informa\u00e7\u00f5es sobre o livro, clique\u00a0<a href=\"https:\/\/editorapangeia.com.br\/?s=emparedada\"><b><strong>AQUI<\/strong><\/b><\/a>.<br \/>\nPara mais informa\u00e7\u00f5es sobre autora,<br \/>\nclique\u00a0<a href=\"https:\/\/editorapangeia.com.br\/?s=alciene+ribeiro+leite\"><span style=\"color: #ff0000;\"><b><strong>AQUI<\/strong><\/b><\/span><\/a>.<\/p>\n<\/blockquote>\n<p style=\"text-align: center;\"><img loading=\"lazy\" decoding=\"async\" class=\"size-medium wp-image-11598 aligncenter\" src=\"http:\/\/editorapangeia.com.br\/wp-content\/uploads\/2023\/01\/Imagem-22-01-2023-as-12.32-300x166.jpg\" alt=\"\" width=\"300\" height=\"166\" srcset=\"https:\/\/editorapangeia.com.br\/wp-content\/uploads\/2023\/01\/Imagem-22-01-2023-as-12.32-300x166.jpg 300w, https:\/\/editorapangeia.com.br\/wp-content\/uploads\/2023\/01\/Imagem-22-01-2023-as-12.32.jpg 393w\" sizes=\"auto, (max-width: 300px) 100vw, 300px\" \/><strong>1.<br \/>\nEdgar Allan Poe<\/strong><br \/>\n<em>A morte rubra<\/em><em><br \/>\n<\/em><\/p>\n<p style=\"font-weight: 400; text-align: center;\"><strong>2.<br \/>\nRegine Limaverde<\/strong><br \/>\n<em>A morte da \u00edndia<\/em><em><br \/>\n<\/em><\/p>\n<p style=\"font-weight: 400; text-align: center;\"><strong>3.<br \/>\nGiovanni Boccaccio<\/strong><br \/>\n<em>A peste negra<\/em><em><br \/>\n<\/em><\/p>\n<p style=\"font-weight: 400; text-align: center;\"><strong>4.<br \/>\nAlciene Ribeiro Leite<\/strong><br \/>\n<em>Emparedada<\/em><em><br \/>\n<\/em><\/p>\n<p style=\"font-weight: 400; text-align: center;\"><strong>5.<br \/>\nCatherine Crowe<\/strong><br \/>\n<em>O monstro branco<\/em><em><br \/>\n<\/em><\/p>\n<p style=\"font-weight: 400; text-align: center;\"><strong>6.<br \/>\nRauer<\/strong><br \/>\n<em>Quarentena<\/em><em><br \/>\n<\/em><\/p>\n<p style=\"font-weight: 400; text-align: center;\"><strong>7.<br \/>\nBernardo Guimar\u00e3es<\/strong><br \/>\n<em>A dan\u00e7a dos ossos<\/em><\/p>\n<p style=\"font-weight: 400; text-align: center;\"><strong>8.<br \/>\nE\u00e7a de Queir\u00f3s<\/strong><br \/>\n<em>A cicatriz da peste<\/em><em><br \/>\n<\/em><\/p>\n<p style=\"font-weight: 400; text-align: center;\"><strong>9.<br \/>\nNima Spigolon<\/strong><br \/>\n<em>De(s)Morte(s)<\/em><em><br \/>\n<\/em><\/p>\n<p style=\"font-weight: 400; text-align: center;\"><strong>10.<br \/>\nFlorbela Espanca<\/strong><br \/>\n<em>Os mortos n\u00e3o voltam<\/em><\/p>\n<p style=\"font-weight: 400; text-align: center;\"><strong>11.<br \/>\nAlciene | Rauer<\/strong><br \/>\n<em>brazil 2020<\/em><\/p>\n<p style=\"font-weight: 400; text-align: center;\"><strong>12.<br \/>\nEdgar Allan Poe<\/strong><br \/>\n<em>Um conto, um poema<\/em><\/p>\n<p style=\"font-weight: 400; text-align: center;\"><strong>13.<br \/>\nNima Spigolon (org.)<\/strong><br \/>\n<em>Pandemim<\/em><\/p>\n<p style=\"font-weight: 400; text-align: center;\"><strong>14.<br \/>\nRauer<\/strong><br \/>\n<em>O Caminhante<\/em><\/p>\n<p style=\"font-weight: 400; text-align: center;\"><strong>APRESENTA\u00c7\u00c3O DE 2020 DA COLE\u00c7\u00c3O NTdC<\/strong><\/p>\n<p style=\"font-weight: 400;\"><strong><a href=\"https:\/\/editorapangeia.com.br\/page\/2\/?s=corona\">Nos Tempos do Corona<\/a><\/strong> \u00e9 um projeto da Editora Pangeia, no selo Dionysius, constitu\u00eddo de uma sequ\u00eancia de pequenos livros de autores cl\u00e1ssicos e de autores contempor\u00e2neos, brasileiros ou n\u00e3o, que de algum modo dialogam com as experi\u00eancias e os mais diversos tipos de viv\u00eancias, sofrimentos, medos e dores que possam ser relacionadas ao p\u00e2nico com a pandemia que nos aflige neste longo 2020.<\/p>\n<p style=\"font-weight: 400;\">Re\u00fane contos, microcontos, poemas, depoimentos, registros historiogr\u00e1ficos, excertos de textos mais longos, cr\u00f4nicas e outros textos que contenham representa\u00e7\u00e3o, reflex\u00e3o ou descri\u00e7\u00e3o de momentos em que alguma peste ou algum pavor irracional foi dominante.<\/p>\n<p style=\"font-weight: 400;\">Os livretos podem ser baixados na loja da Editora Pangeia, em &lt; <a href=\"https:\/\/editorapangeia.com.br\/shop\/\">https:\/\/editorapangeia.com.br\/shop\/<\/a> &gt;. Os arquivos est\u00e3o em PDF, para ampla difus\u00e3o.<\/p>\n<p style=\"font-weight: 400;\">O organizador da s\u00e9rie, Prof. Rauer Ribeiro Rodrigues (UFMS), j\u00e1 lan\u00e7ou, na Editora Pangeia ou nas Edi\u00e7\u00f5es Dionysius, a Cole\u00e7\u00e3o Literatura e Vida (5 volumes), a narrativa l\u00edrica <strong><em>Qohelet<\/em><\/strong>, os contos de <strong><em>Brazil 2020<\/em><\/strong>e os microcontos de <strong><em>minimus &amp; brev\u00edssimos<\/em><\/strong>.<\/p>\n<p style=\"font-weight: 400;\">Tamb\u00e9m assina o posf\u00e1cio de <strong><em>Mulher expl\u00edcita <\/em><\/strong>(2019), de Alciene Ribeiro Leite, livro de contos que organizou, e a apresenta\u00e7\u00e3o de <strong><em>Contares <\/em><\/strong>(2020), com contos e microcontos de Regine Limaverde.<\/p>\n<p style=\"font-weight: 400;\">Em <strong>Nos Tempos do Corona<\/strong> (2020), os textos que n\u00e3o s\u00e3o de dom\u00ednio p\u00fablico foram cedidos pelos autores, aos quais agradecemos.<\/p>\n<p style=\"font-weight: 400;\">Desejamos boa leitura, e esperamos que muito em breve tenhamos superado este momento de pandemia.<\/p>\n<p>&nbsp;<\/p>\n<p style=\"font-weight: 400; text-align: center;\"><strong>Autores e obras programados para 2023:\u00a0<\/strong><\/p>\n<p style=\"text-align: center;\"><em>Cruz e Sousa<\/em>, Emparedado<br \/>\n<em>Machado de Assis<\/em>, [Uma cr\u00f4nica]<br \/>\n<em>Rodolfo Te\u00f3filo, <\/em>A pandemia do c\u00f3lera-morbo de 1862, excerto do conto \u201cViola\u00e7\u00e3o\u201d<br \/>\n<em>Tuc\u00eddides<\/em>, Cap\u00edtulo II da <em>Hist\u00f3ria da Guerra do Peloponeso<br \/>\n<\/em><em>Diversos autores<\/em>, Microcontos e poemas<br \/>\nAira Maiger, Alciene Ribeiro Leite, Felipe Gon\u00e7alves Figueira, Machado de<br \/>\nAssis, Nima Spigolon, Rauer, Regine Limaverde e outros &amp; outras mais<\/p>\n<p style=\"font-weight: 400; text-align: right;\">Pangeia Editorial, janeiro de 2023.<\/p>\n<p style=\"text-align: center;\"><img loading=\"lazy\" decoding=\"async\" class=\"alignnone size-medium wp-image-11599\" src=\"http:\/\/editorapangeia.com.br\/wp-content\/uploads\/2023\/01\/Imagem-22-01-2023-as-12.32-1-300x217.jpg\" alt=\"\" width=\"300\" height=\"217\" srcset=\"https:\/\/editorapangeia.com.br\/wp-content\/uploads\/2023\/01\/Imagem-22-01-2023-as-12.32-1-300x217.jpg 300w, https:\/\/editorapangeia.com.br\/wp-content\/uploads\/2023\/01\/Imagem-22-01-2023-as-12.32-1-400x290.jpg 400w, https:\/\/editorapangeia.com.br\/wp-content\/uploads\/2023\/01\/Imagem-22-01-2023-as-12.32-1.jpg 478w\" sizes=\"auto, (max-width: 300px) 100vw, 300px\" \/><\/p>\n","protected":false},"excerpt":{"rendered":"<p>Vers\u00e3o PDF, de Alciene Ribeiro Leite, o volume 4 da <strong>Cole\u00e7\u00e3o Nos Tempos do Corona<\/strong>, traz &#8211; retirado do livro\u00a0<strong><i>Brazil 2020\u00a0<\/i><\/strong>&#8211;\u00a0&#8220;Emparedada&#8221;. A primeira edi\u00e7\u00e3o dos dois livretos sa\u00edram em 2020 e para esta 2a. edi\u00e7\u00e3o, de janeiro de 2023. A sele\u00e7\u00e3o, e quando foi o caso, a tradu\u00e7\u00e3o, a compila\u00e7\u00e3o e a adapta\u00e7\u00e3o dos textos da Cole\u00e7\u00e3o foram realizadas por Rauer Ribeiro Rodrigues, professor de literatura brasileira na UFMS.<\/p>\n","protected":false},"featured_media":11636,"comment_status":"open","ping_status":"closed","template":"","meta":[],"product_brand":[],"product_cat":[4076],"product_tag":[1677,134,1672,1671,1652,1674,122,133,1024,303,1673,1670,156,1035,528,1642,897,112,476,728,1675,1676,1651],"class_list":{"0":"post-11635","1":"product","2":"type-product","3":"status-publish","4":"has-post-thumbnail","6":"product_cat-contos","7":"product_tag-aira-maiger","8":"product_tag-alciene-ribeiro","9":"product_tag-bernardo-guimaraes","10":"product_tag-catherine-crowe","11":"product_tag-corona","12":"product_tag-cruz-e-sousa","13":"product_tag-ebook","14":"product_tag-eca-de-queiros","15":"product_tag-edgar-allan-poe","16":"product_tag-edicoes-dionysius","17":"product_tag-florbela-espanca","18":"product_tag-giovanni-boccaccio","19":"product_tag-literatura","20":"product_tag-machado-de-assis","21":"product_tag-nima-spigolon","22":"product_tag-ntdc","23":"product_tag-pandemia","24":"product_tag-rauer","25":"product_tag-rauer-ribeiro-rodrigues","26":"product_tag-regine-limaverde","27":"product_tag-rodolfo-teofilo","28":"product_tag-tucidides","29":"product_tag-virus","31":"first","32":"instock","33":"downloadable","34":"virtual","35":"taxable","36":"purchasable","37":"product-type-simple"},"_links":{"self":[{"href":"https:\/\/editorapangeia.com.br\/pt_br\/wp-json\/wp\/v2\/product\/11635","targetHints":{"allow":["GET"]}}],"collection":[{"href":"https:\/\/editorapangeia.com.br\/pt_br\/wp-json\/wp\/v2\/product"}],"about":[{"href":"https:\/\/editorapangeia.com.br\/pt_br\/wp-json\/wp\/v2\/types\/product"}],"replies":[{"embeddable":true,"href":"https:\/\/editorapangeia.com.br\/pt_br\/wp-json\/wp\/v2\/comments?post=11635"}],"wp:featuredmedia":[{"embeddable":true,"href":"https:\/\/editorapangeia.com.br\/pt_br\/wp-json\/wp\/v2\/media\/11636"}],"wp:attachment":[{"href":"https:\/\/editorapangeia.com.br\/pt_br\/wp-json\/wp\/v2\/media?parent=11635"}],"wp:term":[{"taxonomy":"product_brand","embeddable":true,"href":"https:\/\/editorapangeia.com.br\/pt_br\/wp-json\/wp\/v2\/product_brand?post=11635"},{"taxonomy":"product_cat","embeddable":true,"href":"https:\/\/editorapangeia.com.br\/pt_br\/wp-json\/wp\/v2\/product_cat?post=11635"},{"taxonomy":"product_tag","embeddable":true,"href":"https:\/\/editorapangeia.com.br\/pt_br\/wp-json\/wp\/v2\/product_tag?post=11635"}],"curies":[{"name":"wp","href":"https:\/\/api.w.org\/{rel}","templated":true}]}}