{"id":11582,"date":"2023-02-11T12:24:36","date_gmt":"2023-02-11T12:24:36","guid":{"rendered":"https:\/\/editorapangeia.com.br\/?post_type=product&#038;p=11582"},"modified":"2025-04-24T13:52:13","modified_gmt":"2025-04-24T13:52:13","slug":"a-casa-e-outros-contos-livro-renato-barzon","status":"publish","type":"product","link":"https:\/\/editorapangeia.com.br\/pt_br\/product\/a-casa-e-outros-contos-livro-renato-barzon\/","title":{"rendered":"A Casa e outros contos, Renato Barzon"},"content":{"rendered":"<p>&nbsp;<\/p>\n<p style=\"text-align: center;\">(Jos\u00e9) Renato Barzon ensina m\u00fasica,<br \/>\nintegra o Duo INATOS,<br \/>\n\u00e9 amante da S\u00e9tima Arte,<br \/>\ncurador do Projeto Tela Viva,<br \/>\ntem principal afei\u00e7\u00e3o<br \/>\npor hist\u00f3rias de<br \/>\nsuspense e terror<br \/>\ncl\u00e1ssicos.<\/p>\n<p><img loading=\"lazy\" decoding=\"async\" class=\"alignnone size-medium wp-image-11818 aligncenter\" src=\"http:\/\/editorapangeia.com.br\/wp-content\/uploads\/2023\/02\/RENATO_LIVRO-13-de-18-300x199.jpg\" alt=\"\" width=\"300\" height=\"199\" srcset=\"https:\/\/editorapangeia.com.br\/wp-content\/uploads\/2023\/02\/RENATO_LIVRO-13-de-18-300x199.jpg 300w, https:\/\/editorapangeia.com.br\/wp-content\/uploads\/2023\/02\/RENATO_LIVRO-13-de-18-1024x681.jpg 1024w, https:\/\/editorapangeia.com.br\/wp-content\/uploads\/2023\/02\/RENATO_LIVRO-13-de-18-768x511.jpg 768w, https:\/\/editorapangeia.com.br\/wp-content\/uploads\/2023\/02\/RENATO_LIVRO-13-de-18-1536x1021.jpg 1536w, https:\/\/editorapangeia.com.br\/wp-content\/uploads\/2023\/02\/RENATO_LIVRO-13-de-18-2048x1362.jpg 2048w, https:\/\/editorapangeia.com.br\/wp-content\/uploads\/2023\/02\/RENATO_LIVRO-13-de-18-700x465.jpg 700w, https:\/\/editorapangeia.com.br\/wp-content\/uploads\/2023\/02\/RENATO_LIVRO-13-de-18-400x266.jpg 400w, https:\/\/editorapangeia.com.br\/wp-content\/uploads\/2023\/02\/RENATO_LIVRO-13-de-18-1300x864.jpg 1300w\" sizes=\"auto, (max-width: 300px) 100vw, 300px\" \/><\/p>\n<p style=\"text-align: center;\"><img loading=\"lazy\" decoding=\"async\" class=\"alignnone size-medium wp-image-11786\" src=\"http:\/\/editorapangeia.com.br\/wp-content\/uploads\/2023\/02\/RENATO_LIVRO-3-de-18-199x300.jpg\" alt=\"\" width=\"199\" height=\"300\" srcset=\"https:\/\/editorapangeia.com.br\/wp-content\/uploads\/2023\/02\/RENATO_LIVRO-3-de-18-199x300.jpg 199w, https:\/\/editorapangeia.com.br\/wp-content\/uploads\/2023\/02\/RENATO_LIVRO-3-de-18-681x1024.jpg 681w, https:\/\/editorapangeia.com.br\/wp-content\/uploads\/2023\/02\/RENATO_LIVRO-3-de-18-768x1155.jpg 768w, https:\/\/editorapangeia.com.br\/wp-content\/uploads\/2023\/02\/RENATO_LIVRO-3-de-18-1021x1536.jpg 1021w, https:\/\/editorapangeia.com.br\/wp-content\/uploads\/2023\/02\/RENATO_LIVRO-3-de-18-1362x2048.jpg 1362w, https:\/\/editorapangeia.com.br\/wp-content\/uploads\/2023\/02\/RENATO_LIVRO-3-de-18-700x1053.jpg 700w, https:\/\/editorapangeia.com.br\/wp-content\/uploads\/2023\/02\/RENATO_LIVRO-3-de-18-scaled.jpg 1702w\" sizes=\"auto, (max-width: 199px) 100vw, 199px\" \/><\/p>\n<p style=\"text-align: center;\"><img loading=\"lazy\" decoding=\"async\" class=\"alignnone size-medium wp-image-11816\" src=\"http:\/\/editorapangeia.com.br\/wp-content\/uploads\/2023\/02\/RENATO_LIVRO-18-de-18-300x199.jpg\" alt=\"\" width=\"300\" height=\"199\" srcset=\"https:\/\/editorapangeia.com.br\/wp-content\/uploads\/2023\/02\/RENATO_LIVRO-18-de-18-300x199.jpg 300w, https:\/\/editorapangeia.com.br\/wp-content\/uploads\/2023\/02\/RENATO_LIVRO-18-de-18-1024x681.jpg 1024w, https:\/\/editorapangeia.com.br\/wp-content\/uploads\/2023\/02\/RENATO_LIVRO-18-de-18-768x511.jpg 768w, https:\/\/editorapangeia.com.br\/wp-content\/uploads\/2023\/02\/RENATO_LIVRO-18-de-18-1536x1021.jpg 1536w, https:\/\/editorapangeia.com.br\/wp-content\/uploads\/2023\/02\/RENATO_LIVRO-18-de-18-2048x1362.jpg 2048w, https:\/\/editorapangeia.com.br\/wp-content\/uploads\/2023\/02\/RENATO_LIVRO-18-de-18-700x465.jpg 700w, https:\/\/editorapangeia.com.br\/wp-content\/uploads\/2023\/02\/RENATO_LIVRO-18-de-18-400x266.jpg 400w, https:\/\/editorapangeia.com.br\/wp-content\/uploads\/2023\/02\/RENATO_LIVRO-18-de-18-1300x864.jpg 1300w\" sizes=\"auto, (max-width: 300px) 100vw, 300px\" \/><\/p>\n<p style=\"text-align: center;\">Mais informa\u00e7\u00f5es,<br \/>\n<a href=\"https:\/\/editorapangeia.com.br\/?s=BARZON\"><strong><span style=\"color: #ff0000;\">AQUI!<\/span><\/strong><\/a><\/p>\n","protected":false},"excerpt":{"rendered":"<p>Este livro \u00e9 uma incurs\u00e3o por hist\u00f3rias deliciosamente macabras, escritas com senso de humor, registrando em narrativas envolventes o medo at\u00e1vico de hist\u00f3rias tradicionais que s\u00e3o contadas em torno da fogueira, em noites de lua cheia, na ro\u00e7a, no sert\u00e3o e&#8230; com as luzes apagadas e cortinas fechadas, \u00e0 luz de uma bruxuleante vela, nos apartamentos das cidades grandes, assustadoras com os seus mist\u00e9rios a cada esquina&#8230;<\/p>\n<p>Livro ilustrado por desenhos do Prof. Luiz Alberto.<\/p>\n","protected":false},"featured_media":11748,"comment_status":"open","ping_status":"closed","template":"","meta":[],"product_brand":[],"product_cat":[4076],"product_tag":[1722,135,1721,1713,1711,1712],"class_list":{"0":"post-11582","1":"product","2":"type-product","3":"status-publish","4":"has-post-thumbnail","6":"product_cat-contos","7":"product_tag-a-casa-e-outros-contos","8":"product_tag-contos","9":"product_tag-renato-barzon","10":"product_tag-sobrenatural","11":"product_tag-suspense","12":"product_tag-terror","13":"product_shipping_class-normal","15":"first","16":"instock","17":"taxable","18":"shipping-taxable","19":"product-type-external"},"_links":{"self":[{"href":"https:\/\/editorapangeia.com.br\/pt_br\/wp-json\/wp\/v2\/product\/11582","targetHints":{"allow":["GET"]}}],"collection":[{"href":"https:\/\/editorapangeia.com.br\/pt_br\/wp-json\/wp\/v2\/product"}],"about":[{"href":"https:\/\/editorapangeia.com.br\/pt_br\/wp-json\/wp\/v2\/types\/product"}],"replies":[{"embeddable":true,"href":"https:\/\/editorapangeia.com.br\/pt_br\/wp-json\/wp\/v2\/comments?post=11582"}],"wp:featuredmedia":[{"embeddable":true,"href":"https:\/\/editorapangeia.com.br\/pt_br\/wp-json\/wp\/v2\/media\/11748"}],"wp:attachment":[{"href":"https:\/\/editorapangeia.com.br\/pt_br\/wp-json\/wp\/v2\/media?parent=11582"}],"wp:term":[{"taxonomy":"product_brand","embeddable":true,"href":"https:\/\/editorapangeia.com.br\/pt_br\/wp-json\/wp\/v2\/product_brand?post=11582"},{"taxonomy":"product_cat","embeddable":true,"href":"https:\/\/editorapangeia.com.br\/pt_br\/wp-json\/wp\/v2\/product_cat?post=11582"},{"taxonomy":"product_tag","embeddable":true,"href":"https:\/\/editorapangeia.com.br\/pt_br\/wp-json\/wp\/v2\/product_tag?post=11582"}],"curies":[{"name":"wp","href":"https:\/\/api.w.org\/{rel}","templated":true}]}}