{"id":11541,"date":"2023-01-11T18:08:13","date_gmt":"2023-01-11T18:08:13","guid":{"rendered":"https:\/\/editorapangeia.com.br\/?post_type=product&#038;p=11541"},"modified":"2025-11-21T10:56:46","modified_gmt":"2025-11-21T10:56:46","slug":"dos-estagios-na-educacao-de-jovens-e-adultos-aos-relatos-de-experiencia-pdf-e-livro","status":"publish","type":"product","link":"https:\/\/editorapangeia.com.br\/pt_br\/product\/dos-estagios-na-educacao-de-jovens-e-adultos-aos-relatos-de-experiencia-pdf-e-livro\/","title":{"rendered":"Dos est\u00e1gios (na Educa\u00e7\u00e3o de Jovens e Adultos) aos relatos de experi\u00eancia"},"content":{"rendered":"<p>Este \u00e9 o segundo volume da Cole\u00e7\u00e3o &#8220;Forma\u00e7\u00e3o Docente&#8221;, fruto de projeto iniciado em 2017 sob a coordena\u00e7\u00e3o da Professora Nima Spigolon (Unicamp).<\/p>\n<p>Eis um coment\u00e1rio sobre o livro:<\/p>\n<p style=\"text-align: center;\"><strong>A pr\u00e1xis educativa diante da complexidade da forma\u00e7\u00e3o docente\u00a0<\/strong><\/p>\n<p style=\"text-align: right;\"><span data-contrast=\"auto\">Profa. Dra. Camila Lima Coimbra<br \/>\n(UFU)<\/span><span data-ccp-props=\"{&quot;201341983&quot;:0,&quot;335551550&quot;:6,&quot;335551620&quot;:6,&quot;335559739&quot;:160,&quot;335559740&quot;:360}\">\u00a0<\/span><\/p>\n<p>O que mais me emocionou na leitura de\u00a0<em><strong>Cadernos de Forma\u00e7\u00e3o Docente II: Do est\u00e1gio (na Educa\u00e7\u00e3o de Jovens e Adultos) aos relatos de experi\u00eancia\u00a0<\/strong><\/em>foi a dignidade, o respeito e a seriedade com que o ser humano \u00e9 retratado nestas experi\u00eancias de forma\u00e7\u00e3o. Compreender o ser humano na perspectiva de um ser de possibilidades, compreender a fun\u00e7\u00e3o e o papel social da alfabetiza\u00e7\u00e3o e da educa\u00e7\u00e3o de jovens e adultos, parece ser a quest\u00e3o principal neste trabalho de forma\u00e7\u00e3o docente.<\/p>\n<p>O &#8220;Caderno&#8221; apresenta experi\u00eancias repletas de luta, de resist\u00eancia, de solidariedade e, muito e al\u00e9m disso, uma forma\u00e7\u00e3o para a transforma\u00e7\u00e3o social, n\u00e3o s\u00f3 das pessoas, mas tamb\u00e9m da sociedade. Uma Leitura de pr\u00e1xis educativas no espa\u00e7o da forma\u00e7\u00e3o \/ transforma\u00e7\u00e3o \/ cria\u00e7\u00e3o de professores e professoras. Ao registrar as experi\u00eancias, os autores e as autoras compreendem a complexidade da doc\u00eancia \u2013 das suas contradi\u00e7\u00f5es e emo\u00e7\u00f5es \u2013 e mobilizam diversos saberes que foram aprendidos no caminho trilhado.<\/p>\n<p>Este segundo &#8220;Caderno&#8221;, assim como o primeiro &#8220;Caderno&#8221; o foi, \u00e9 um convite para a diversidade de leituras freireanas na assun\u00e7\u00e3o de pr\u00e1xis educativas comprometidas nas quais os saberes s\u00e3o materializados, pois, em\u00a0<em><strong>Pedagogia da Esperan\u00e7a<\/strong><\/em>, Freire traduz tal movimento quando diz que &#8220;fazendo-se e refazendo-se no processo de fazer hist\u00f3ria [&#8230;] terminaram por ter no sonho tamb\u00e9m um motor da hist\u00f3ria&#8221; (FREIRE, 1992, p. 91).<\/p>\n<p>Esta leitura produz esperan\u00e7as, flagra um processo, alimenta as possibilidades na forma\u00e7\u00e3o de professores e professoras progressistas, registra a sensibilidade, identifica e diversifica os tempos e os espa\u00e7os formativos \u2013 tudo isso por meio de relatos amorosos, na humanidade, e rigorosos, na profiss\u00e3o.<\/p>\n<p>Que esta leitura seja, para todos e todas, possibilidade de mudan\u00e7as!<\/p>\n<p style=\"text-align: center;\">&#8211; \u00a0 0 \u00a0 &#8211;<\/p>\n<p style=\"text-align: center;\"><i><span data-contrast=\"auto\">Cadernos de Forma\u00e7\u00e3o Docente<\/span><\/i><span data-contrast=\"auto\">. Vale (in)formar-se.<\/span><span data-ccp-props=\"{&quot;201341983&quot;:0,&quot;335551550&quot;:6,&quot;335551620&quot;:6,&quot;335559731&quot;:708,&quot;335559739&quot;:160,&quot;335559740&quot;:360}\">\u00a0<\/span><\/p>\n<p style=\"text-align: center;\"><img loading=\"lazy\" decoding=\"async\" class=\"wp-image-11544 alignnone\" src=\"http:\/\/editorapangeia.com.br\/wp-content\/uploads\/2023\/01\/Imagem-11-01-2023-as-14.48-204x300.jpg\" alt=\"\" width=\"649\" height=\"955\" srcset=\"https:\/\/editorapangeia.com.br\/wp-content\/uploads\/2023\/01\/Imagem-11-01-2023-as-14.48-204x300.jpg 204w, https:\/\/editorapangeia.com.br\/wp-content\/uploads\/2023\/01\/Imagem-11-01-2023-as-14.48-695x1024.jpg 695w, https:\/\/editorapangeia.com.br\/wp-content\/uploads\/2023\/01\/Imagem-11-01-2023-as-14.48-768x1131.jpg 768w, https:\/\/editorapangeia.com.br\/wp-content\/uploads\/2023\/01\/Imagem-11-01-2023-as-14.48-700x1031.jpg 700w, https:\/\/editorapangeia.com.br\/wp-content\/uploads\/2023\/01\/Imagem-11-01-2023-as-14.48-272x400.jpg 272w, https:\/\/editorapangeia.com.br\/wp-content\/uploads\/2023\/01\/Imagem-11-01-2023-as-14.48-475x700.jpg 475w, https:\/\/editorapangeia.com.br\/wp-content\/uploads\/2023\/01\/Imagem-11-01-2023-as-14.48.jpg 868w\" sizes=\"auto, (max-width: 649px) 100vw, 649px\" \/><\/p>\n<p style=\"text-align: center;\"><strong>FORMA\u00c7\u00c3O DOCENTE II<br \/>\nDOS EST\u00c1GIOS (NA EDUCA\u00c7\u00c3O DE JOVENS E ADULTOS)<br \/>\nAOS RELATOS DE EXPERI\u00caNCIA<\/strong><\/p>\n<p style=\"text-align: center;\">NIMA SPIGOLON (ORG.)<\/p>\n<p style=\"text-align: center;\"><strong>Os alunos:<\/strong><br \/>\nPaloma Cristina C. Guitarrara Furtado<br \/>\nTha\u00eds Parreira do Amaral<br \/>\nDanilo Renato Furlan<br \/>\nIsaac Carlos Trevisan da Costa<br \/>\nC\u00edntia Dias Coelho<br \/>\nGisele Cristina Cavalcante<br \/>\nRenata Romero Geraldes<br \/>\nRonaldo da Silva Monteiro<br \/>\nArthur C\u00e9sar Viana Branco<br \/>\nGuilherme Barroso Crispim<br \/>\nJo\u00e3o Vitor Leme<br \/>\nF\u00e1bio Henrique Nunes Mota<br \/>\nCarla Carolina Dias de Oliveira<br \/>\nSara Klavin de Souza<br \/>\nMa\u00edsa Santos Calazans Silva<br \/>\nIsabela Matias<br \/>\nLet\u00edcia Takahashi Hokari<br \/>\nCristiano Pascoa<br \/>\nAna Clara Sanches Maia<br \/>\nMariana Xavier de Carvalho<br \/>\nJ\u00falio C\u00e9sar Alves Der\u00f3ide<br \/>\nPablo Ricardo Ramos<\/p>\n<p style=\"text-align: center;\"><strong>Outros autores:<br \/>\n<\/strong>Arnaldo Valentim Silva<br \/>\nBet\u00e2nia de Oliveira Laterza Ribeiro<br \/>\nCamila Lima Coimbra<br \/>\nCarlos Eduardo Albuquerque Miranda<br \/>\nCarlos Eduardo Worschech<br \/>\nIvete Cardoso do Carmo-Rold\u00e3o<br \/>\nLiz Specian de Moraes<br \/>\nMarli P. Ancassuerd<br \/>\nMax Mesquita<br \/>\nNima Spigolon<br \/>\nRafael Straforini<\/p>\n<p style=\"text-align: center;\"><em>[&#8230;] los relatos de experiencia son<br \/>\ntambi\u00e9n la oportunidad de abrirse<br \/>\na lo vivido para hacer de<br \/>\nello experi\u00eancia.<br \/>\n<\/em>CONTRERAS, Jos\u00e9. Relatos de experiencia, en busca de un saber pedag\u00f3gico. <em>In:\u00a0<strong>Revista Brasileira de Pesquisa (Auto) Biogr\u00e1fica<\/strong><\/em>, v. 01, n. 01, p. 14-30, jan.abr. 2016.<\/p>\n<p style=\"text-align: center;\"><span style=\"color: #0000ff;\"><strong>&#8220;Orelhas&#8221; e Links:<\/strong><\/span><br \/>\n<img loading=\"lazy\" decoding=\"async\" class=\"alignnone wp-image-11545\" src=\"http:\/\/editorapangeia.com.br\/wp-content\/uploads\/2023\/01\/Imagem-11-01-2023-as-14.49-148x300.jpg\" alt=\"\" width=\"343\" height=\"695\" srcset=\"https:\/\/editorapangeia.com.br\/wp-content\/uploads\/2023\/01\/Imagem-11-01-2023-as-14.49-148x300.jpg 148w, https:\/\/editorapangeia.com.br\/wp-content\/uploads\/2023\/01\/Imagem-11-01-2023-as-14.49-198x400.jpg 198w, https:\/\/editorapangeia.com.br\/wp-content\/uploads\/2023\/01\/Imagem-11-01-2023-as-14.49-346x700.jpg 346w, https:\/\/editorapangeia.com.br\/wp-content\/uploads\/2023\/01\/Imagem-11-01-2023-as-14.49.jpg 490w\" sizes=\"auto, (max-width: 343px) 100vw, 343px\" \/><\/p>\n<p style=\"text-align: center;\"><img loading=\"lazy\" decoding=\"async\" class=\"alignnone wp-image-11542\" src=\"http:\/\/editorapangeia.com.br\/wp-content\/uploads\/2023\/01\/Imagem-11-01-2023-as-14.47-119x300.jpg\" alt=\"\" width=\"352\" height=\"887\" srcset=\"https:\/\/editorapangeia.com.br\/wp-content\/uploads\/2023\/01\/Imagem-11-01-2023-as-14.47-119x300.jpg 119w, https:\/\/editorapangeia.com.br\/wp-content\/uploads\/2023\/01\/Imagem-11-01-2023-as-14.47-407x1024.jpg 407w, https:\/\/editorapangeia.com.br\/wp-content\/uploads\/2023\/01\/Imagem-11-01-2023-as-14.47-159x400.jpg 159w, https:\/\/editorapangeia.com.br\/wp-content\/uploads\/2023\/01\/Imagem-11-01-2023-as-14.47-278x700.jpg 278w, https:\/\/editorapangeia.com.br\/wp-content\/uploads\/2023\/01\/Imagem-11-01-2023-as-14.47.jpg 462w\" sizes=\"auto, (max-width: 352px) 100vw, 352px\" \/><\/p>\n<p style=\"text-align: center;\">Volume II da Cole\u00e7\u00e3o &#8220;Forma\u00e7\u00e3o Docente&#8221;.<\/p>\n<p style=\"text-align: center;\">Confira outros livros da Profa. Nima Spigolon,<br \/>\n<a href=\"https:\/\/editorapangeia.com.br\/?s=Nima\"><span style=\"color: #ff0000;\"><strong>clicando AQUI!!!<\/strong><\/span><\/a><\/p>\n<p style=\"text-align: center;\"><img loading=\"lazy\" decoding=\"async\" class=\"alignnone size-medium wp-image-8038\" src=\"http:\/\/editorapangeia.com.br\/wp-content\/uploads\/2022\/02\/IMG_3830.jpg\" alt=\"\" width=\"1\" height=\"1\" \/>Confira o Forma\u00e7\u00e3o Docente Volume I e<br \/>\noutras informa\u00e7\u00f5es sobre a<br \/>\n<a href=\"https:\/\/editorapangeia.com.br\/?s=Forma\u00e7\u00e3o+Docente\"><span style=\"color: #ff0000;\"><strong>COLE\u00c7\u00c3O &#8211; AQUI!!!<\/strong><\/span><\/a><\/p>\n","protected":false},"excerpt":{"rendered":"<p>Deste livro, com organiza\u00e7\u00e3o da Professora Nima Spigolon, da Unicamp, pode-se dizer o mesmo do Forma\u00e7\u00e3o Docente I: s\u00e3o relatos v\u00edvidos, emocionantes, que porejam suor e dor, que vislumbram a paisagem des\u00e9rtica em que o ensino brasileiro moureja, mas cantam o esperan\u00e7ar de jovens professores que constr\u00f3em, no dia a dia, renovados horizontes de utopia, em am\u00e1lgama da &#8220;pot\u00eancia de ser professor nas dimens\u00f5es que articulam o fazer, sentir, agir, pensar e relacionar-se&#8221; (cita\u00e7\u00e3o da Profa. Nima, em texto que consta no Forma\u00e7\u00e3o Docente I).<\/p>\n<p>Resultado da disciplina Est\u00e1gio Supervisionado II, ministrada na Faculdade de Educa\u00e7\u00e3o da Unicamp, por Nima, no segundo semestre de 2017, sob a \u00e9gide da divisa &#8220;Forma\u00e7\u00e3o de professores: educa\u00e7\u00e3o, est\u00e1gios e vida&#8221;, o livro \u00e9 uma amostra das aproxima\u00e7\u00f5es do est\u00e1gio com o GEPEJA &#8211; Grupo de Estudos e Pesquisas em Educa\u00e7\u00e3o de Jovens e Adultos e com o N\u00facleo de A\u00e7\u00e3o Educativa Descentralizada da Secretaria de Educa\u00e7\u00e3o de Campinas, mais especificamente com o NAED-Noroeste, em atividade que se desenrolou desde o primeiro semestre de 2017.<\/p>\n<p>Afirma a professora Nima Spigolon, nas palavras introdut\u00f3rias a este segundo volume, que pretendia que &#8220;o est\u00e1gio e o relato tivessem gosto de vida e cheiro de esperan\u00e7a para transformar a forma\u00e7\u00e3o de professores em cria\u00e7\u00e3o de professores que fazem e se refazem a cada experi\u00eancia tornada emancipat\u00f3ria&#8221;.<\/p>\n<p>Confira!, este \u00e9 um livro com grandes hist\u00f3rias, v\u00edvidas e reais, da forma\u00e7\u00e3o de sujeitos-professores\/as e de professoras\/es-sujeitos!!!<\/p>\n","protected":false},"featured_media":12727,"comment_status":"open","ping_status":"closed","template":"","meta":[],"product_brand":[],"product_cat":[4083],"product_tag":[5084,1589,1573,1211,3171,1212,2151,1577,1590,1591,1569,1582,1567,351,350,349,1576,348,1587,1570,1574,1568,1580,1592,1575,1585,1581,1566,1588,1584,1593,1594,5085,528,1586,1564,347,1595,1571,1572,1578,1565,530],"class_list":{"0":"post-11541","1":"product","2":"type-product","3":"status-publish","4":"has-post-thumbnail","6":"product_cat-educacaoensino","7":"product_tag-aformacao-antirracista","8":"product_tag-arnaldo-valentim-silva","9":"product_tag-arthur-cesar-viana-branco","10":"product_tag-betania-de-oliveira-laterza-ribeiro","11":"product_tag-cadernos-de-docencia","12":"product_tag-camila-lima-coimbra","13":"product_tag-capes","14":"product_tag-carla-carolina-dias-de-oliveira","15":"product_tag-carlos-eduardo-albuquerque-miranda","16":"product_tag-carlos-eduardo-worschech","17":"product_tag-cintia-dias-coelho","18":"product_tag-cristiano-pascoa","19":"product_tag-danilo-r-furlan","20":"product_tag-ensino","21":"product_tag-escola","22":"product_tag-estagio","23":"product_tag-fabio-henrique-nunes-mota","24":"product_tag-formacao-docente","25":"product_tag-formacao-docente-ii","26":"product_tag-gisele-cristina-cavalcante","27":"product_tag-guilherme-barroso-crispim","28":"product_tag-isaac-c-trevisan-da-costa","29":"product_tag-isabela-matias","30":"product_tag-ivete-cardoso-do-carmo-roldao","31":"product_tag-joao-vitor-leme","32":"product_tag-julio-cesar-alves-deroide","33":"product_tag-leticia-takahashi-hokari","34":"product_tag-liz-specian-de-moraes","35":"product_tag-maisa-s-calazans-silva","36":"product_tag-mariana-xavier-de-carvalho","37":"product_tag-marli-p-ancassuerd","38":"product_tag-max-mesquita","39":"product_tag-na-clara-sanches-maia","40":"product_tag-nima-spigolon","41":"product_tag-pablo-ricardo-ramos","42":"product_tag-paloma-cristina-c-guitarrara-furtado","43":"product_tag-pedagogia","44":"product_tag-rafael-straforini","45":"product_tag-renata-romero-geraldes","46":"product_tag-ronaldo-da-silva-monteiro","47":"product_tag-sara-klavin-de-souza","48":"product_tag-thais-parreira-do-amaral","49":"product_tag-unicamp","50":"product_shipping_class-normal","52":"first","53":"instock","54":"taxable","55":"shipping-taxable","56":"product-type-grouped"},"_links":{"self":[{"href":"https:\/\/editorapangeia.com.br\/pt_br\/wp-json\/wp\/v2\/product\/11541","targetHints":{"allow":["GET"]}}],"collection":[{"href":"https:\/\/editorapangeia.com.br\/pt_br\/wp-json\/wp\/v2\/product"}],"about":[{"href":"https:\/\/editorapangeia.com.br\/pt_br\/wp-json\/wp\/v2\/types\/product"}],"replies":[{"embeddable":true,"href":"https:\/\/editorapangeia.com.br\/pt_br\/wp-json\/wp\/v2\/comments?post=11541"}],"wp:featuredmedia":[{"embeddable":true,"href":"https:\/\/editorapangeia.com.br\/pt_br\/wp-json\/wp\/v2\/media\/12727"}],"wp:attachment":[{"href":"https:\/\/editorapangeia.com.br\/pt_br\/wp-json\/wp\/v2\/media?parent=11541"}],"wp:term":[{"taxonomy":"product_brand","embeddable":true,"href":"https:\/\/editorapangeia.com.br\/pt_br\/wp-json\/wp\/v2\/product_brand?post=11541"},{"taxonomy":"product_cat","embeddable":true,"href":"https:\/\/editorapangeia.com.br\/pt_br\/wp-json\/wp\/v2\/product_cat?post=11541"},{"taxonomy":"product_tag","embeddable":true,"href":"https:\/\/editorapangeia.com.br\/pt_br\/wp-json\/wp\/v2\/product_tag?post=11541"}],"curies":[{"name":"wp","href":"https:\/\/api.w.org\/{rel}","templated":true}]}}