{"id":11448,"date":"2023-01-03T11:05:34","date_gmt":"2023-01-03T11:05:34","guid":{"rendered":"https:\/\/editorapangeia.com.br\/?post_type=product&#038;p=11448"},"modified":"2025-01-10T13:17:17","modified_gmt":"2025-01-10T13:17:17","slug":"rauer-7-x-1-promocao","status":"publish","type":"product","link":"https:\/\/editorapangeia.com.br\/pt_br\/product\/rauer-7-x-1-promocao\/","title":{"rendered":"Rauer &#8211; 7 x 1 &#8211; promo\u00e7\u00e3o"},"content":{"rendered":"<p style=\"text-align: center;\">Eis o pacote promocional de t\u00edtulos de Rauer:<\/p>\n<p style=\"text-align: center;\"><em><strong>Ab \u00e1cido: est\u00f3rias<\/strong><\/em> &#8211; Livro, ePub e PDF<\/p>\n<p style=\"text-align: center;\"><strong><em>Conto de Natal &#8211; Em Mensagem de Ano Novo<\/em><\/strong> &#8211; PDF<\/p>\n<p style=\"text-align: center;\"><strong><em>Qohelet<\/em><\/strong> &#8211; 2a. edi\u00e7\u00e3o &#8211; ePub<\/p>\n<p style=\"text-align: center;\"><em><strong>Qohelet<\/strong><\/em> &#8211; 3a. edi\u00e7\u00e3o &#8211; Livro e PDF<\/p>\n<p style=\"text-align: center;\"><img loading=\"lazy\" decoding=\"async\" class=\"alignnone wp-image-11451\" src=\"http:\/\/editorapangeia.com.br\/wp-content\/uploads\/2023\/01\/Imagem-02-01-2023-as-20.17-300x285.jpg\" alt=\"\" width=\"409\" height=\"389\" srcset=\"https:\/\/editorapangeia.com.br\/wp-content\/uploads\/2023\/01\/Imagem-02-01-2023-as-20.17-300x285.jpg 300w, https:\/\/editorapangeia.com.br\/wp-content\/uploads\/2023\/01\/Imagem-02-01-2023-as-20.17-1024x972.jpg 1024w, https:\/\/editorapangeia.com.br\/wp-content\/uploads\/2023\/01\/Imagem-02-01-2023-as-20.17-768x729.jpg 768w, https:\/\/editorapangeia.com.br\/wp-content\/uploads\/2023\/01\/Imagem-02-01-2023-as-20.17-700x665.jpg 700w, https:\/\/editorapangeia.com.br\/wp-content\/uploads\/2023\/01\/Imagem-02-01-2023-as-20.17-400x380.jpg 400w, https:\/\/editorapangeia.com.br\/wp-content\/uploads\/2023\/01\/Imagem-02-01-2023-as-20.17.jpg 1107w\" sizes=\"auto, (max-width: 409px) 100vw, 409px\" \/><\/p>\n<p style=\"text-align: center;\"><em><strong>Confira abaixo, nos atributos descritivos,<br \/>\ncada livro, PDF e ePub da promo\u00e7\u00e3o.<\/strong><\/em><\/p>\n<blockquote>\n<p style=\"text-align: center;\">Para mais informa\u00e7\u00f5es:<\/p>\n<\/blockquote>\n<p style=\"text-align: center;\"><span style=\"color: #0000ff;\"><strong><a style=\"color: #0000ff;\" href=\"https:\/\/editorapangeia.com.br\/?s=ab+\u00e1cido\">Ab \u00e1cido: est\u00f3rias &#8211; AQUI<\/a><\/strong><\/span><\/p>\n<p style=\"text-align: center;\"><a href=\"https:\/\/editorapangeia.com.br\/?s=conto+de+natal\"><span style=\"color: #ff6600;\"><strong>Conto de Natal &#8211; Mensagem de Ano Novo<\/strong><\/span><\/a><\/p>\n<p style=\"text-align: center;\"><span style=\"color: #ff0000;\"><strong><a style=\"color: #ff0000;\" href=\"https:\/\/editorapangeia.com.br\/?s=qohelet\">Qohelet &#8211; AQUI<\/a><\/strong><\/span><\/p>\n<p style=\"text-align: center;\"><a href=\"https:\/\/editorapangeia.com.br\/?s=rauer\"><strong><span style=\"color: #993366;\">Rauer<\/span><\/strong><\/a><\/p>\n<p style=\"text-align: center;\"><img loading=\"lazy\" decoding=\"async\" class=\"alignnone wp-image-11447\" src=\"http:\/\/editorapangeia.com.br\/wp-content\/uploads\/2023\/01\/Imagem-02-01-2023-as-19.51-184x300.jpg\" alt=\"\" width=\"316\" height=\"515\" srcset=\"https:\/\/editorapangeia.com.br\/wp-content\/uploads\/2023\/01\/Imagem-02-01-2023-as-19.51-184x300.jpg 184w, https:\/\/editorapangeia.com.br\/wp-content\/uploads\/2023\/01\/Imagem-02-01-2023-as-19.51-245x400.jpg 245w, https:\/\/editorapangeia.com.br\/wp-content\/uploads\/2023\/01\/Imagem-02-01-2023-as-19.51.jpg 371w\" sizes=\"auto, (max-width: 316px) 100vw, 316px\" \/><br \/>\n<a href=\"https:\/\/editorapangeia.com.br\/blog\/\"><em>Mais informa\u00e7\u00f5es,\u00a0<strong>AQUI!<\/strong><\/em><\/a><\/p>\n","protected":false},"excerpt":{"rendered":"<p>Dois livros, tr\u00eas PDFs e dois ePub&#8217;s ao valor de um \u00fanico livro.<\/p>\n<p>S\u00e3o tr\u00eas diferentes obras: <strong><em>Ab \u00e1cido<\/em><\/strong>, edi\u00e7\u00e3o hist\u00f3rica do <em><strong>Qohelet<\/strong><\/em> e a nova edi\u00e7\u00e3o do <em><strong>Qohelet<\/strong><\/em>, ilustrada por Willia Katia Oliveira.<\/p>\n<p>Promo\u00e7\u00e3o v\u00e1lida at\u00e9 o dia 10\/jan.\/2024 ou enquanto houver estoque dos livros f\u00edsicos.<\/p>\n<p>Confirmado o pagamento, os livros f\u00edsicos ser\u00e3o enviados por Correios e os arquivos digitais de ePub e PDF ser\u00e3o enviados por e-mail.<\/p>\n","protected":false},"featured_media":11447,"comment_status":"open","ping_status":"closed","template":"","meta":[],"product_brand":[],"product_cat":[4076],"product_tag":[896,230,974,969,968,970,1170,121,303,120,377,176,880,147,264,1366,231,149,380,971,976,187,118,977,117,972,973,111,967,229,113,112,476,324,975,199],"class_list":{"0":"post-11448","1":"product","2":"type-product","3":"status-publish","4":"has-post-thumbnail","6":"product_cat-contos","7":"product_tag-amor","8":"product_tag-antropologia","9":"product_tag-busca-do-conhecimento","10":"product_tag-cantares","11":"product_tag-cantico-dos-canticos","12":"product_tag-cantos-de-salomao","13":"product_tag-cidadao-sociedade","14":"product_tag-eclesiastes","15":"product_tag-edicoes-dionysius","16":"product_tag-eros","17":"product_tag-eros-poesia","18":"product_tag-erotismo","19":"product_tag-escrita-criativa","20":"product_tag-estudos-linguisticos","21":"product_tag-estudos-literarios","22":"product_tag-ficcao-brasileira","23":"product_tag-filosofia","24":"product_tag-gplv","25":"product_tag-historia","26":"product_tag-intertextualidade","27":"product_tag-liberdade","28":"product_tag-literatura-brasileira-contemporanea","29":"product_tag-literatura-e-erotismo","30":"product_tag-livro-sapiencial","31":"product_tag-narrativa-lirica","32":"product_tag-poema-erotico","33":"product_tag-poema-narrativo","34":"product_tag-poesia","35":"product_tag-poesia-brasileira-contemporanea","36":"product_tag-psicologia","37":"product_tag-qohelet","38":"product_tag-rauer","39":"product_tag-rauer-ribeiro-rodrigues","40":"product_tag-religiao","41":"product_tag-sabedoria","42":"product_tag-sociedade","43":"product_shipping_class-normal","45":"first","46":"outofstock","47":"taxable","48":"shipping-taxable","49":"purchasable","50":"product-type-simple"},"_links":{"self":[{"href":"https:\/\/editorapangeia.com.br\/pt_br\/wp-json\/wp\/v2\/product\/11448","targetHints":{"allow":["GET"]}}],"collection":[{"href":"https:\/\/editorapangeia.com.br\/pt_br\/wp-json\/wp\/v2\/product"}],"about":[{"href":"https:\/\/editorapangeia.com.br\/pt_br\/wp-json\/wp\/v2\/types\/product"}],"replies":[{"embeddable":true,"href":"https:\/\/editorapangeia.com.br\/pt_br\/wp-json\/wp\/v2\/comments?post=11448"}],"wp:featuredmedia":[{"embeddable":true,"href":"https:\/\/editorapangeia.com.br\/pt_br\/wp-json\/wp\/v2\/media\/11447"}],"wp:attachment":[{"href":"https:\/\/editorapangeia.com.br\/pt_br\/wp-json\/wp\/v2\/media?parent=11448"}],"wp:term":[{"taxonomy":"product_brand","embeddable":true,"href":"https:\/\/editorapangeia.com.br\/pt_br\/wp-json\/wp\/v2\/product_brand?post=11448"},{"taxonomy":"product_cat","embeddable":true,"href":"https:\/\/editorapangeia.com.br\/pt_br\/wp-json\/wp\/v2\/product_cat?post=11448"},{"taxonomy":"product_tag","embeddable":true,"href":"https:\/\/editorapangeia.com.br\/pt_br\/wp-json\/wp\/v2\/product_tag?post=11448"}],"curies":[{"name":"wp","href":"https:\/\/api.w.org\/{rel}","templated":true}]}}