{"id":11355,"date":"2022-12-10T14:55:08","date_gmt":"2022-12-10T14:55:08","guid":{"rendered":"https:\/\/editorapangeia.com.br\/?post_type=product&#038;p=11355"},"modified":"2025-02-27T14:02:37","modified_gmt":"2025-02-27T14:02:37","slug":"bestiario-livro","status":"publish","type":"product","link":"https:\/\/editorapangeia.com.br\/pt_br\/product\/bestiario-livro\/","title":{"rendered":"Besti\u00e1rio para crian\u00e7as, Caetano Lagrasta"},"content":{"rendered":"<p>O escritor Caetano Lagrasta Neto nasceu em S\u00e3o Paulo, Capital, e formou-se em 1970 pela Faculdade de Direito da Universidade de S\u00e3o Paulo. Em 1975, assumiu, na fun\u00e7\u00e3o de juiz substituto, na Comarca de Mogi das Cruzes. Foi promovido a juiz de 1\u00aa entr\u00e2ncia em 1978, na Comarca de Pitangueiras. Nesse mesmo ano, foi promovido para a Comarca de Suzano como juiz de 2\u00aa entr\u00e2ncia, e na sequ\u00eancia a juiz de 3\u00aa entr\u00e2ncia, na Comarca de Guarulhos. Em 1983, foi promovido a juiz de entr\u00e2ncia especial na Capital. J\u00e1 em 1991, chegou ao Tribunal de Al\u00e7ada Civil do Estado de S\u00e3o Paulo; em 1996, foi removido para o Tribunal de Al\u00e7ada Criminal. Assumiu o cargo de desembargador do TJSP em junho de 2002.<\/p>\n<p>Entre livros liter\u00e1rios e obras acad\u00eamicas, \u00e9 autor de dezenas de livros, alguns em co-autoria, al\u00e9m de artigos da \u00e1rea do direito.\u00a0<em><strong>Besti\u00e1rio<\/strong><\/em><em>\u00a0<\/em>\u00e9 sua primeira publica\u00e7\u00e3o na Pangeia Editorial, no selo de literatura Saru\u00ea, destinado ao p\u00fablico infantojuvenil. No entanto, \u00e9 livro que tamb\u00e9m cont\u00e9m camada reflexiva, quase ao modo da f\u00e1bula, desvelando, ao leitor adulto, a maquinaria submersa da psiqu\u00ea humana.<\/p>\n<p>As 140 p\u00e1ginas do livro est\u00e3o ilustradas por Tha\u00eds Batista Lagrasta, Adriana Aneli e Mait\u00ea Batista Lagrasta, com diagrama\u00e7\u00e3o da designer Yueh Fernandes, e conta com ep\u00edgrafe (na \u00faltima capa) de Fernando Pessoa. A capa \u00e9 em papel cart\u00e3o triplex 250g e o miolo \u00e9 em papel offset 75g, impresso em 4 cores. O formato do livro \u00e9 em brochura, com 16omm de altura e 230mm de largura, embalado individualmente em schrink, com capa laminada e acabamento em fresado pur.<\/p>\n<p><img loading=\"lazy\" decoding=\"async\" class=\" wp-image-11358 aligncenter\" src=\"http:\/\/editorapangeia.com.br\/wp-content\/uploads\/2022\/12\/Imagem-30-12-2022-as-11.40-300x210.jpg\" alt=\"\" width=\"541\" height=\"379\" srcset=\"https:\/\/editorapangeia.com.br\/wp-content\/uploads\/2022\/12\/Imagem-30-12-2022-as-11.40-300x210.jpg 300w, https:\/\/editorapangeia.com.br\/wp-content\/uploads\/2022\/12\/Imagem-30-12-2022-as-11.40-1024x718.jpg 1024w, https:\/\/editorapangeia.com.br\/wp-content\/uploads\/2022\/12\/Imagem-30-12-2022-as-11.40-768x539.jpg 768w, https:\/\/editorapangeia.com.br\/wp-content\/uploads\/2022\/12\/Imagem-30-12-2022-as-11.40-1536x1077.jpg 1536w, https:\/\/editorapangeia.com.br\/wp-content\/uploads\/2022\/12\/Imagem-30-12-2022-as-11.40-700x491.jpg 700w, https:\/\/editorapangeia.com.br\/wp-content\/uploads\/2022\/12\/Imagem-30-12-2022-as-11.40-400x281.jpg 400w, https:\/\/editorapangeia.com.br\/wp-content\/uploads\/2022\/12\/Imagem-30-12-2022-as-11.40-1300x912.jpg 1300w, https:\/\/editorapangeia.com.br\/wp-content\/uploads\/2022\/12\/Imagem-30-12-2022-as-11.40.jpg 1648w\" sizes=\"auto, (max-width: 541px) 100vw, 541px\" \/><\/p>\n<p>Sabe quantos bichinhos comp\u00f5em esse\u00a0<em><strong>Besti\u00e1rio para<\/strong><strong> crian\u00e7as<\/strong><\/em>, do Caetano Lagrasta? \u00c9 quase uma Arca de No\u00e9 inteira, com bichinhos de muitos continentes, da formiguinha ao Rinoceronte, do porquinho-da-\u00edndia ao hipop\u00f3tamo, da pulga \u00e0 girafa. Vamos viajar nessas hist\u00f3rias dos nossos bichinhos do planeta Terra?<\/p>\n<p>Eis um bichinho bem pequenininho disfar\u00e7ado de agente secreto:<\/p>\n<p style=\"text-align: center;\"><img loading=\"lazy\" decoding=\"async\" class=\" wp-image-11370 aligncenter\" src=\"http:\/\/editorapangeia.com.br\/wp-content\/uploads\/2022\/12\/Pulga-300x195.jpg\" alt=\"\" width=\"471\" height=\"306\" srcset=\"https:\/\/editorapangeia.com.br\/wp-content\/uploads\/2022\/12\/Pulga-300x195.jpg 300w, https:\/\/editorapangeia.com.br\/wp-content\/uploads\/2022\/12\/Pulga.jpg 337w\" sizes=\"auto, (max-width: 471px) 100vw, 471px\" \/><em>Que bichinho \u00e9 esse?<\/em><\/p>\n<p>&nbsp;<\/p>\n<p style=\"text-align: center;\"><img loading=\"lazy\" decoding=\"async\" class=\"alignnone wp-image-11356 aligncenter\" src=\"http:\/\/editorapangeia.com.br\/wp-content\/uploads\/2022\/12\/images.jpeg\" alt=\"\" width=\"317\" height=\"425\" \/>Caetano Lagrasta, autor de dezenas de<br \/>\nobras, entre liter\u00e1rias e acad\u00eamicas<\/p>\n<blockquote>\n<p style=\"text-align: center;\">Para saber mais sobre autor e livro,<br \/>\n<a href=\"https:\/\/editorapangeia.com.br\/caetano-lagrasta-lanca-bestiario-para-criancas\"><span style=\"color: #ff0000;\">Clique <strong>AQUI<\/strong>.<\/span><\/a><\/p>\n<\/blockquote>\n","protected":false},"excerpt":{"rendered":"<p>Um besti\u00e1rio n\u00e3o \u00e9 uma hist\u00f3ria das bestas, de bestas ou sobre bestas \u2013 embora possa ser, metaforicamente, sobre bestas como sin\u00f4nimo de animais, muitos deles inventados, em aventuras para tratar, bem&#8230;, da besta humana, que corre solta, fazendo bestices, vivendo miudezas e grandezas, grandes ou pequenas bestas, nesse mundo vasto mundo.<\/p>\n<p>\u00c9 disso que Caetano trata: ao falar dos animais, fala de n\u00f3s mesmos, ao brincar com as palavras em torno dos bichos grandes e pequenos, reais e inventados, reinventa a linguagem nossa de cada dia, reafirmando sua voca\u00e7\u00e3o de grande escritor.<\/p>\n","protected":false},"featured_media":11357,"comment_status":"open","ping_status":"closed","template":"","meta":[],"product_brand":[],"product_cat":[4080],"product_tag":[512,1471,366,453,351,350,156,1467,1466],"class_list":{"0":"post-11355","1":"product","2":"type-product","3":"status-publish","4":"has-post-thumbnail","6":"product_cat-infantojuvenil","7":"product_tag-adriana-aneli","8":"product_tag-caetano-lagrasta","9":"product_tag-edicoes-sarue","10":"product_tag-educacao","11":"product_tag-ensino","12":"product_tag-escola","13":"product_tag-literatura","14":"product_tag-maite-batista-lagastra","15":"product_tag-thais-batista-lagastra","16":"product_shipping_class-normal","18":"first","19":"instock","20":"taxable","21":"shipping-taxable","22":"purchasable","23":"product-type-simple"},"_links":{"self":[{"href":"https:\/\/editorapangeia.com.br\/pt_br\/wp-json\/wp\/v2\/product\/11355","targetHints":{"allow":["GET"]}}],"collection":[{"href":"https:\/\/editorapangeia.com.br\/pt_br\/wp-json\/wp\/v2\/product"}],"about":[{"href":"https:\/\/editorapangeia.com.br\/pt_br\/wp-json\/wp\/v2\/types\/product"}],"replies":[{"embeddable":true,"href":"https:\/\/editorapangeia.com.br\/pt_br\/wp-json\/wp\/v2\/comments?post=11355"}],"wp:featuredmedia":[{"embeddable":true,"href":"https:\/\/editorapangeia.com.br\/pt_br\/wp-json\/wp\/v2\/media\/11357"}],"wp:attachment":[{"href":"https:\/\/editorapangeia.com.br\/pt_br\/wp-json\/wp\/v2\/media?parent=11355"}],"wp:term":[{"taxonomy":"product_brand","embeddable":true,"href":"https:\/\/editorapangeia.com.br\/pt_br\/wp-json\/wp\/v2\/product_brand?post=11355"},{"taxonomy":"product_cat","embeddable":true,"href":"https:\/\/editorapangeia.com.br\/pt_br\/wp-json\/wp\/v2\/product_cat?post=11355"},{"taxonomy":"product_tag","embeddable":true,"href":"https:\/\/editorapangeia.com.br\/pt_br\/wp-json\/wp\/v2\/product_tag?post=11355"}],"curies":[{"name":"wp","href":"https:\/\/api.w.org\/{rel}","templated":true}]}}