{"id":11259,"date":"2022-05-20T07:42:14","date_gmt":"2022-05-20T07:42:14","guid":{"rendered":"https:\/\/editorapangeia.com.br\/?post_type=product&#038;p=11259"},"modified":"2025-11-20T17:18:37","modified_gmt":"2025-11-20T17:18:37","slug":"mulher-genero-erotismo-livro-e-pdf","status":"publish","type":"product","link":"https:\/\/editorapangeia.com.br\/pt_br\/product\/mulher-genero-erotismo-livro-e-pdf\/","title":{"rendered":"Mulher, G\u00eanero, Erotismo"},"content":{"rendered":"<blockquote><p><strong>Baixe os livros em PDF, individualmente.<\/strong><\/p><\/blockquote>\n<p>Downloads ilimitados a partir de link cujo prazo de validade \u00e9 sem restri\u00e7\u00e3o.<\/p>\n<p>Para conhecer mais livros do GPLV ou de seus autores, clique <a href=\"https:\/\/editorapangeia.com.br\/?s=gplv\"><strong>AQUI<\/strong><\/a>.<\/p>\n<p><strong>MULHER, GE\u0302NERO, EROTISMO<\/strong><br \/>\nLiteratura e Vida 5<\/p>\n<p>Organizadores:<br \/>\nRauer Ribeiro Rodrigues (CPAN\/UFMS)<br \/>\nMai\u0301sa Barbosa (UNIGRAN)<br \/>\nNata\u0301lia Tano Portela (CPTL\/UFMS)<\/p>\n<p>&nbsp;<\/p>\n<p>Mulher, G\u00eanero, Erotismo. \/ Organiza\u00e7\u00e3o de Rauer Ribeiro Rodrigues, Ma\u00edsa Barbosa, Nat\u00e1lia Tano Portela.\u00a0\u2500\u00a0Uberl\u00e2ndia, MG: Editora Pangeia ; Tr\u00eas Lagoas, MS: GPLV, 2019. Apoio: PAEX \/ CAPES. (Cole\u00e7\u00e3o Literatura e Vida \u2013 volume 5).<\/p>\n<p>ISBN:\u00a0978-65-80910-05-2<\/p>\n<p>Apresenta\u00e7\u00e3o, por Rauer Ribeiro Rodrigues, GPLV \/ UFMS<\/p>\n<ol>\n<li>Arnaldo Saraiva, Universidade do Porto, Portugal, \u201cDo Erotismo e da Literatura\u201d<\/li>\n<li>Regine Limaverde, Escritora, UFC, \u201cO erotismo na literatura feminina\u201d<\/li>\n<li>Carina Marques Duarte, CPAN \/ UFMS, \u201cNas malhas do discurso: o invent\u00e1rio da sordidez humana em \u2018Aviso\u00a0 pr\u00e9vio\u2019, de Alciene Ribeiro\u201d<\/li>\n<li>Eliane Campello, FURG, \u201cNa (re)escritura das mulheres a hist\u00f3ria oficial \u00e9 uma outra Hist\u00f3ria\u201d<\/li>\n<li>Marcos Rog\u00e9rio Heck Dorneles, CPAQ\/UFMS, \u201cDeslocamentos, respostas em si mesmas e influ\u00eancia m\u00fatua em \u2018O regresso de Pen\u00e9lope\u2019, de Ant\u00f3nio Vieira, e \u2018Plenil\u00fanio\u2019, de Alciene Ribeiro\u201d<\/li>\n<li>Mariana Martins Porto, UERJ, \u201cSe n\u00e3o queres morrer beija as botas do mais forte: as rela\u00e7\u00f5es de poder em\u00a0<strong><em>Um homem: Klaus Klump<\/em><\/strong>, de Gon\u00e7alo M. Tavares\u201d<\/li>\n<li>Osmar Casagrande J\u00fanior, PPG-Letras \/ UFMS, \u201cTra\u00e7os do erotismo nos contos \u2018Uai, s\u00f4!\u2019 e \u2018Transa\u2019, de Alciene Ribeiro\u201d<\/li>\n<li>Waleska Rodrigues M. Oliveira Martins, UFRB; S\u00e9rgio Ricardo Oliveira Martins, UFRB, \u201cDe \u2018as alegrias da maternidade\u2019 \u00e0 \u2018cidad\u00e3 de segunda classe\u2019: o lugar do corpo feminino negro em Buchi Emecheta\u201d<\/li>\n<li>D\u00e1rio Ferreira Sousa Neto, UFMS, \u201cOs odores no romance\u00a0<strong><em>Sexo<\/em><\/strong>de Andr\u00e9 Sant&#8217;anna\u201d<\/li>\n<li>Pauliane Amaral, GPLV; Pedro Germano Leal, Brown University, \u201cUma pintura, uma can\u00e7\u00e3o, um emblema:\u00a0<strong><em>The soldier and the girl<\/em><\/strong>(c. 1621), de Gerrit van Honthorst. e\u00a0<strong><em>La Carpinese<\/em><\/strong>\u201d<\/li>\n<\/ol>\n<p>Confira o sum\u00e1rio e outras informa\u00e7\u00f5es de cada volume acessando os livros nesta loja.<\/p>\n","protected":false},"excerpt":{"rendered":"<p>Ao chegarmos ao fecho deste volume \u2500 que encerra a Cole\u00e7\u00e3o Literatura e Vida \u2500 cumpre registrar que o GPLV reuniu nestes cinco livros um amplo universo n\u00e3o s\u00f3 de pesquisadores com afinidades tem\u00e1ticas e metodol\u00f3gicas, mas, ainda, um universo simultaneamente amplo e coeso de autores estudados.<br \/>\nA diversidade forja, aqui, uma unidade que evidencia que das m\u00faltiplas vozes temos n\u00e3o uma babel, mas um concerto no qual a harmonia se constr\u00f3i pelo dissenso e di\u00e1logo, pelas diferen\u00e7as e intersec\u00e7\u00f5es, pelas disciplinas mas tamb\u00e9m pela interdisciplinaridade, pela multidisciplinariedade, e pela a\u00e7\u00e3o, pela atividade e pela pesquisa transdisciplinar.<br \/>\nLiteratura e Vida, assim est\u00e1 nomeado nosso GPLV e assim foi nomeada esta Cole\u00e7\u00e3o: se a vida \u00e9 m\u00faltipla, indefin\u00edvel, irredut\u00edvel a f\u00f3rmulas, assim \u00e9 a literatura.<br \/>\nSeguimos em travessia: o convite \u00e0 leitura \u00e9 sempre um convite ao di\u00e1logo.<br \/>\nVamos ao di\u00e1logo?<\/p>\n","protected":false},"featured_media":6474,"comment_status":"open","ping_status":"closed","template":"","meta":[],"product_brand":[],"product_cat":[4081],"product_tag":[2152,2151,1170,176,175,149,800,156,157,150,161,174,162,112,164,165],"class_list":{"0":"post-11259","1":"product","2":"type-product","3":"status-publish","4":"has-post-thumbnail","6":"product_cat-estudosliterarios","7":"product_tag-antirracismo","8":"product_tag-capes","9":"product_tag-cidadao-sociedade","10":"product_tag-erotismo","11":"product_tag-genero","12":"product_tag-gplv","13":"product_tag-grupo-de-pesquisa-literatura-e-vida","14":"product_tag-literatura","15":"product_tag-literatura-brasileira","16":"product_tag-literatura-e-vida","17":"product_tag-maisa-barbosa","18":"product_tag-mulher","19":"product_tag-natalia-tano-portela","20":"product_tag-rauer","21":"product_tag-ufms","22":"product_tag-unigran","23":"product_shipping_class-normal","25":"first","26":"instock","27":"taxable","28":"shipping-taxable","29":"product-type-grouped"},"_links":{"self":[{"href":"https:\/\/editorapangeia.com.br\/pt_br\/wp-json\/wp\/v2\/product\/11259","targetHints":{"allow":["GET"]}}],"collection":[{"href":"https:\/\/editorapangeia.com.br\/pt_br\/wp-json\/wp\/v2\/product"}],"about":[{"href":"https:\/\/editorapangeia.com.br\/pt_br\/wp-json\/wp\/v2\/types\/product"}],"replies":[{"embeddable":true,"href":"https:\/\/editorapangeia.com.br\/pt_br\/wp-json\/wp\/v2\/comments?post=11259"}],"wp:featuredmedia":[{"embeddable":true,"href":"https:\/\/editorapangeia.com.br\/pt_br\/wp-json\/wp\/v2\/media\/6474"}],"wp:attachment":[{"href":"https:\/\/editorapangeia.com.br\/pt_br\/wp-json\/wp\/v2\/media?parent=11259"}],"wp:term":[{"taxonomy":"product_brand","embeddable":true,"href":"https:\/\/editorapangeia.com.br\/pt_br\/wp-json\/wp\/v2\/product_brand?post=11259"},{"taxonomy":"product_cat","embeddable":true,"href":"https:\/\/editorapangeia.com.br\/pt_br\/wp-json\/wp\/v2\/product_cat?post=11259"},{"taxonomy":"product_tag","embeddable":true,"href":"https:\/\/editorapangeia.com.br\/pt_br\/wp-json\/wp\/v2\/product_tag?post=11259"}],"curies":[{"name":"wp","href":"https:\/\/api.w.org\/{rel}","templated":true}]}}