{"id":11251,"date":"2022-05-20T12:04:02","date_gmt":"2022-05-20T12:04:02","guid":{"rendered":"https:\/\/editorapangeia.com.br\/?post_type=product&#038;p=11251"},"modified":"2025-01-15T14:14:20","modified_gmt":"2025-01-15T14:14:20","slug":"luiz-vilela-livro-e-pdf","status":"publish","type":"product","link":"https:\/\/editorapangeia.com.br\/pt_br\/product\/luiz-vilela-livro-e-pdf\/","title":{"rendered":"Luiz Vilela"},"content":{"rendered":"<blockquote><p><strong>Baixe os livros em PDF, individualmente.<\/strong><\/p><\/blockquote>\n<p>Downloads ilimitados a partir de link cujo prazo de validade \u00e9 sem restri\u00e7\u00e3o.<\/p>\n<p>Para conhecer mais livros do GPLV ou de seus autores, clique <a href=\"https:\/\/editorapangeia.com.br\/?s=gplv\"><strong>AQUI<\/strong><\/a>.<\/p>\n<p><strong>LUIZ VILELA<\/strong><br \/>\nLiteratura e Vida 3<\/p>\n<p>Organizadores:<br \/>\nRauer Ribeiro Rodrigues (UFMS)<br \/>\nEunice Prudenciano de Souza (IFSP)<br \/>\nRonaldo Vinagre Franjotti (SED\/MS)<\/p>\n<p>&nbsp;<\/p>\n<p>Luiz Vilela. \/ Organiza\u00e7\u00e3o de Rauer Ribeiro Rodrigues, Eunice Prudenciano de Souza, Ronaldo Vinagre Franjotti. \u2500 Uberl\u00e2ndia, MG: Editora Pangeia ; Tr\u00eas Lagoas, MS: GPLV, 2019. (Cole\u00e7\u00e3o Literatura e Vida \u2013 volume 3)<\/p>\n<p>ISBN:\u00a0978-65-80910-03-8<\/p>\n<p>Apresenta\u00e7\u00e3o, por Rauer Ribeiro Rodrigues, GPLV \/ UFMS<\/p>\n<ol>\n<li>Yvon\u00e9lio Nery Ferreira, UFAC; T\u00e2nia Regina Oliveira Ramos, UFSC, \u201cModos de silenciamento: Luiz vilela conta a hist\u00f3ria\u201d<\/li>\n<li>Sheila Dias Maciel, UFMT, \u201cO labirinto em\u00a0<strong><em>Perdi\u00e7\u00e3o<\/em><\/strong>\u201d<\/li>\n<li>Ariovaldo Vidal, USP, \u201cLuiz Vilela, conto e lirismo\u201d<\/li>\n<li>Gil Negreiros, UFSM, \u201cOs di\u00e1logos liter\u00e1rios de Luiz Vilela: o uso de estrat\u00e9gias da l\u00edngua portuguesa oral na constru\u00e7\u00e3o do texto liter\u00e1rio\u201d<\/li>\n<li>Rauer Ribeiro Rodrigues, GPLV \/ UFMS; R\u00edzio Macedo Rodrigues, Editora Pangeia, \u201cA arte da negocia\u00e7\u00e3o em Luiz Vilela\u201d<\/li>\n<li>Jorge Augusto Balestero, UEMS; Luciene Lemos de Campos, SED \/ MS, \u201cIdentidades conflituosas nos primeiros contos de Luiz Vilela\u201d<\/li>\n<li>Luiz Carlos Santos Simon, UEL, \u201cPrimeiros t(r)emores de Luiz Vilela: masculinidades em contos de\u00a0<strong><em>Tremor de Terra<\/em><\/strong>e\u00a0<strong><em>No Bar<\/em><\/strong>\u201d<\/li>\n<li>Felipe Gon\u00e7alves Figueira, IFF, \u201cA b\u00fassola quebrada e a outra b\u00fassola: morte e vida das coisas no conto \u2018Quando fiz sete anos\u2019, de Luiz Vilela\u201d<\/li>\n<li>Waleska Rodrigues de Matos Oliveira Martins, UFRB; Rauer Ribeiro Rodrigues, GPLV \/ UFMS, \u201cA Morte na obra de Luiz Vilela\u201d<\/li>\n<li>Eunice Prudenciano de Souza, IFSP, \u201cA metacr\u00edtica da Fortuna Cr\u00edtica sobre a obra de Luiz Vilela\u201d<\/li>\n<\/ol>\n<p>Confira o sum\u00e1rio e outras informa\u00e7\u00f5es de cada volume acessando os livros nesta loja.<\/p>\n","protected":false},"excerpt":{"rendered":"<p>O Grupo de Pesquisa Literatura e Vida nasceu em 2011 a partir de um grupo de mestrandos que pesquisavam a obra do escritor mineiro Luiz Vilela.<br \/>\nJa\u0301 ha\u0301 alguns anos o GPLV vem planejando, dialogando e em articulac\u0327o\u0303es para lanc\u0327ar um volume sobre a obra do escritor. O objetivo inicial era, e ainda e\u0301, trazer ao seio das pesquisas outras viso\u0303es sobre Luiz Vilela, ao mesmo tempo em que o GPLV exp\u00f5e sua perspectiva a outros estudiosos.<br \/>\nEste volume, desse modo, congrega dez artigos com treze autores, oriundos de treze diferentes instituic\u0327o\u0303es:<br \/>\nA diversidade na origem e formac\u0327a\u0303o dos estudiosos se reflete na ampla gama de temas tratados nos dez capi\u0301tulos: entre outros, para mencionar apenas alguns, conto, ditadura, escrita, estrutura romanesca, histo\u0301ria, identidades, infa\u0302ncia, labirinto, lirismo, ludismo, masculinidade, memo\u0301ria, mito, morte, novela, oralidade, recepc\u0327a\u0303o cri\u0301tica, relac\u0327o\u0303es interpessoais, relac\u0327o\u0303es profissionais e romance.<\/p>\n","protected":false},"featured_media":6470,"comment_status":"open","ping_status":"closed","template":"","meta":[],"product_brand":[],"product_cat":[4081],"product_tag":[2151,147,170,149,800,166,156,157,150,112,172,173,164],"class_list":{"0":"post-11251","1":"product","2":"type-product","3":"status-publish","4":"has-post-thumbnail","6":"product_cat-estudosliterarios","7":"product_tag-capes","8":"product_tag-estudos-linguisticos","9":"product_tag-eunice-prudenciano","10":"product_tag-gplv","11":"product_tag-grupo-de-pesquisa-literatura-e-vida","12":"product_tag-ifsp","13":"product_tag-literatura","14":"product_tag-literatura-brasileira","15":"product_tag-literatura-e-vida","16":"product_tag-rauer","17":"product_tag-ronaldo-franjotti","18":"product_tag-sed-ms","19":"product_tag-ufms","20":"product_shipping_class-normal","22":"first","23":"instock","24":"taxable","25":"shipping-taxable","26":"product-type-grouped"},"_links":{"self":[{"href":"https:\/\/editorapangeia.com.br\/pt_br\/wp-json\/wp\/v2\/product\/11251","targetHints":{"allow":["GET"]}}],"collection":[{"href":"https:\/\/editorapangeia.com.br\/pt_br\/wp-json\/wp\/v2\/product"}],"about":[{"href":"https:\/\/editorapangeia.com.br\/pt_br\/wp-json\/wp\/v2\/types\/product"}],"replies":[{"embeddable":true,"href":"https:\/\/editorapangeia.com.br\/pt_br\/wp-json\/wp\/v2\/comments?post=11251"}],"wp:featuredmedia":[{"embeddable":true,"href":"https:\/\/editorapangeia.com.br\/pt_br\/wp-json\/wp\/v2\/media\/6470"}],"wp:attachment":[{"href":"https:\/\/editorapangeia.com.br\/pt_br\/wp-json\/wp\/v2\/media?parent=11251"}],"wp:term":[{"taxonomy":"product_brand","embeddable":true,"href":"https:\/\/editorapangeia.com.br\/pt_br\/wp-json\/wp\/v2\/product_brand?post=11251"},{"taxonomy":"product_cat","embeddable":true,"href":"https:\/\/editorapangeia.com.br\/pt_br\/wp-json\/wp\/v2\/product_cat?post=11251"},{"taxonomy":"product_tag","embeddable":true,"href":"https:\/\/editorapangeia.com.br\/pt_br\/wp-json\/wp\/v2\/product_tag?post=11251"}],"curies":[{"name":"wp","href":"https:\/\/api.w.org\/{rel}","templated":true}]}}