{"id":11248,"date":"2022-05-20T15:57:40","date_gmt":"2022-05-20T15:57:40","guid":{"rendered":"https:\/\/editorapangeia.com.br\/?post_type=product&#038;p=11248"},"modified":"2025-11-20T17:21:44","modified_gmt":"2025-11-20T17:21:44","slug":"alciene-ribeiro-livro-pdf","status":"publish","type":"product","link":"https:\/\/editorapangeia.com.br\/pt_br\/product\/alciene-ribeiro-livro-pdf\/","title":{"rendered":"Alciene Ribeiro"},"content":{"rendered":"<blockquote><p>&nbsp;<\/p>\n<p style=\"text-align: center;\"><strong>Baixe os livros em PDF, individualmente.<\/strong><\/p>\n<\/blockquote>\n<p style=\"text-align: center;\">Downloads ilimitados a partir de link cujo prazo de validade \u00e9 sem restri\u00e7\u00e3o.<\/p>\n<p style=\"text-align: center;\">Para conhecer a Cole\u00e7\u00e3o Literatura e Vida, clique <span style=\"color: #ff0000;\"><strong>AQUI<\/strong><\/span>.<\/p>\n<p style=\"text-align: center;\">Para conhecer mais livros do GPLV ou de seus autores, clique <a href=\"https:\/\/editorapangeia.com.br\/?s=gplv\"><strong>AQUI<\/strong><\/a>.<\/p>\n<p><strong>ALCIENE RIBEIRO<\/strong><br \/>\nLiteratura e Vida 2<\/p>\n<p>Organizadores:<br \/>\nRauer Ribeiro Rodrigues (UFMS)<br \/>\nAurora Cardoso de Quadros (Unimontes)<br \/>\nMaisa Barbosa (UNIGRAN)<\/p>\n<p>&nbsp;<\/p>\n<p>Alciene Ribeiro. \/ Organiza\u00e7\u00e3o de Rauer Ribeiro Rodrigues, Aurora Cardoso de Quadros, Maisa Barbosa.\u00a0\u2500\u00a0Uberl\u00e2ndia, MG: Editora Pangeia ; Tr\u00eas Lagoas, MS: GPLV, 2019. (Cole\u00e7\u00e3o Literatura e Vida \u2013 volume 2).<\/p>\n<p>ISBN:\u00a0978-65-80910-02-1<\/p>\n<p>Apresenta\u00e7\u00e3o, por Rauer Ribeiro Rodrigues, GPLV \/ UFMS<\/p>\n<ol>\n<li>Maisa Barbosa da Silva Cordeiro, UNIGRAN, \u201cCasa e rua na literatura juvenil: representa\u00e7\u00f5es de g\u00eanero em\u00a0<strong><em>O m\u00e1gico de olho verde<\/em><\/strong>, de Alciene ribeiro\u201d<\/li>\n<li>Nat\u00e1lia Tano Portela, CPTL \/ UFMS, \u201cO ponto de vista como revelador de sentidos: uma leitura de\u00a0<strong><em>O m\u00e1gico de olho verde<\/em><\/strong>e de \u2018O inventor de flores\u2019\u201d<\/li>\n<li>Vanessa Carla Ayala, CPAN \/ UFMS; Rauer Ribeiro Rodrigues, GPLV \/ UFMS, \u201cUma leitura do conto \u2018Eu choro do palha\u00e7o\u2019\u201d<\/li>\n<li>Mayara Pereira Coelho Palandi Ruzene Bassanelli, CPAN \/ UFMS; Carina Marques Duarte, UFMS, \u201cFacas-laser cortam a vida: dialogando com Alciene Ribeiro e Concei\u00e7\u00e3o Evaristo\u201d<\/li>\n<li>Wagner Marques de Souza, CPAN \/ UFMS, \u201cO feminino como humanidade em\u00a0<strong><em>Mulher expl\u00edcita<\/em><\/strong>\u201d<\/li>\n<li>Alfredo Ricardo Silva Lopes, UFMS, \u201cReflexos do Iluminismo em \u2018Independ\u00eancia\u00a0 e\u00a0 morte\u2019, de Alciene Ribeiro\u201d<\/li>\n<li>J\u00falia dos Santos Fraga, CPAN \/ UFMS; Rauer Ribeiro Rodrigues, GPLV \/ UFMS, \u201cUma leitura do conto \u2018Independ\u00eancia e morte\u2019, de Alciene Ribeiro\u201d<\/li>\n<li>Felipe Maropo, UFMS, \u201cV\u00e9spera de borboleta &#8211; A met\u00e1fora da metamorfose para o devir humano: uma proposta de leitura do conto \u2018Lagarta gente boa\u2019, de Alciene Ribeiro\u201d<\/li>\n<li>Luciene Lemos de Campos, CRE-3 \/ SED-MS, \u201cReflex\u00f5es sobre \u2018Bot\u00f5es murchos\u2019, conto do\u00a0livro\u00a0<strong><em>Mulher expl\u00edcita<\/em><\/strong>,\u00a0de Alciene ribeiro\u201d<\/li>\n<li>Ronaldo Vinagre Franjotti, SED \/ MS, \u201cAlciene Ribeiro: uma voz \u00fanica\u201d<\/li>\n<\/ol>\n<blockquote><p>Confira o sum\u00e1rio e outras informa\u00e7\u00f5es de cada volume acessando os livros nesta loja.<\/p><\/blockquote>\n","protected":false},"excerpt":{"rendered":"<p>As pesquisas realizadas pelo Grupo de Pesquisa Literatura e Vida levaram a\u0300 constituic\u0327a\u0303o do LAL, Laborato\u0301rio de Acervos Litera\u0301rios, sob a guarda do l\u00edder do Grupo, Prof. Rauer, e no LAL se encontra parte do acervo da escritora Alciene Ribeiro.<br \/>\nDevido ao acervo, mas em particular pela obra vigorosa, pungente, de elaborac\u0327a\u0303o lingui\u0301stica refinada e alta fatura litera\u0301ria, muitos sa\u0303o os estudos desenvolvidos no a\u0302mbito do GPLV com as mu\u0301ltiplas vertentes da obra de Alciene Ribeiro.<br \/>\nIsso faz com que este volume, dos cinco da Colec\u0327a\u0303o Literatura e Vida, em publicac\u0327a\u0303o do GPLV junto a\u0300 Editora Pangeia, seja o volume com maior presenc\u0327a de estudiosos em vi\u0301nculo direto com o Grupo.<\/p>\n","protected":false},"featured_media":6468,"comment_status":"open","ping_status":"closed","template":"","meta":[],"product_brand":[],"product_cat":[4081],"product_tag":[134,2152,171,2151,1170,147,149,800,150,161,112,164,165,168],"class_list":{"0":"post-11248","1":"product","2":"type-product","3":"status-publish","4":"has-post-thumbnail","6":"product_cat-estudosliterarios","7":"product_tag-alciene-ribeiro","8":"product_tag-antirracismo","9":"product_tag-aurora-cardoso","10":"product_tag-capes","11":"product_tag-cidadao-sociedade","12":"product_tag-estudos-linguisticos","13":"product_tag-gplv","14":"product_tag-grupo-de-pesquisa-literatura-e-vida","15":"product_tag-literatura-e-vida","16":"product_tag-maisa-barbosa","17":"product_tag-rauer","18":"product_tag-ufms","19":"product_tag-unigran","20":"product_tag-unimontes","21":"product_shipping_class-normal","23":"first","24":"instock","25":"taxable","26":"shipping-taxable","27":"product-type-grouped"},"_links":{"self":[{"href":"https:\/\/editorapangeia.com.br\/pt_br\/wp-json\/wp\/v2\/product\/11248","targetHints":{"allow":["GET"]}}],"collection":[{"href":"https:\/\/editorapangeia.com.br\/pt_br\/wp-json\/wp\/v2\/product"}],"about":[{"href":"https:\/\/editorapangeia.com.br\/pt_br\/wp-json\/wp\/v2\/types\/product"}],"replies":[{"embeddable":true,"href":"https:\/\/editorapangeia.com.br\/pt_br\/wp-json\/wp\/v2\/comments?post=11248"}],"wp:featuredmedia":[{"embeddable":true,"href":"https:\/\/editorapangeia.com.br\/pt_br\/wp-json\/wp\/v2\/media\/6468"}],"wp:attachment":[{"href":"https:\/\/editorapangeia.com.br\/pt_br\/wp-json\/wp\/v2\/media?parent=11248"}],"wp:term":[{"taxonomy":"product_brand","embeddable":true,"href":"https:\/\/editorapangeia.com.br\/pt_br\/wp-json\/wp\/v2\/product_brand?post=11248"},{"taxonomy":"product_cat","embeddable":true,"href":"https:\/\/editorapangeia.com.br\/pt_br\/wp-json\/wp\/v2\/product_cat?post=11248"},{"taxonomy":"product_tag","embeddable":true,"href":"https:\/\/editorapangeia.com.br\/pt_br\/wp-json\/wp\/v2\/product_tag?post=11248"}],"curies":[{"name":"wp","href":"https:\/\/api.w.org\/{rel}","templated":true}]}}