{"id":11243,"date":"2022-05-20T17:48:56","date_gmt":"2022-05-20T17:48:56","guid":{"rendered":"https:\/\/editorapangeia.com.br\/?post_type=product&#038;p=11243"},"modified":"2025-01-15T14:03:08","modified_gmt":"2025-01-15T14:03:08","slug":"e-agora-jose-livro-pdf","status":"publish","type":"product","link":"https:\/\/editorapangeia.com.br\/pt_br\/product\/e-agora-jose-livro-pdf\/","title":{"rendered":"E agora, Jos\u00e9?"},"content":{"rendered":"<p><strong>E AGORA, JOSE\u0301?<\/strong><br \/>\nLiteratura e Vida 1<\/p>\n<p>Organizadores:<br \/>\nRauer Ribeiro Rodrigues (UFMS)<br \/>\nRita de Ca\u0301ssia Silva Dioni\u0301sio Santos (Unimontes)<br \/>\nEunice Prudenciano de Souza (IFSP)<\/p>\n<p>&nbsp;<\/p>\n<p>E agora, Jos\u00e9? \/ Organiza\u00e7\u00e3o de Rauer Ribeiro Rodrigues, Rita de C\u00e1ssia Santos, Eunice Prudenciano de Souza.\u00a0\u2500\u00a0Uberl\u00e2ndia, MG : Editora Pangeia ; Tr\u00eas Lagoas, MS : GPLV, 2019. (Cole\u00e7\u00e3o Literatura e Vida \u2013 volume 1).<\/p>\n<p>ISBN:\u00a0978-65-80910-01-4<\/p>\n<p>Apresenta\u00e7\u00e3o, por Rauer Ribeiro Rodrigues, GPLV \/ UFMS<\/p>\n<ol>\n<li>\u00c2ngela Bal\u00e7a, da Universidade de \u00c9vora e do CIEC \u2013 Centro de Investiga\u00e7\u00e3o em Estudos da Crian\u00e7a da Universidade do Minho, \u201cNat\u00e9rcia\u00a0 Rocha\u00a0 ou\u00a0 da\u00a0 afirma\u00e7\u00e3o\u00a0 da literatura para a inf\u00e2ncia em Portugal\u201d<\/li>\n<li>Rosane Gazolla Alves Feitosa, da UNESP \/ Assis, \u201cE\u00e7a de Queir\u00f3s visto por Miguel Real\u201d<\/li>\n<li>Carina Marques Duarte, da CPAN \/ UFMS, \u201c<em>Ultimatum<\/em>:\u00a0cr\u00edtica \u00e0 \u00e9poca e vontade de pot\u00eancia\u201d<\/li>\n<li>Pedro Brum Santos, da Universidade Federal de Santa Maria, \u201cEscrita, Hist\u00f3ria e Pol\u00edtica em Jos\u00e9 Saramago\u201d<\/li>\n<li>Ivana Ferrante Rebello; Rita de C\u00e1ssia Silva Dion\u00edsio Santos, UNIMONTES, \u201cA cidade escrita: grafias das ruas do Rio de Janeiro em dois tempos\u201d<\/li>\n<li>Ligia Chiappini,\u00a0<em>Freie Universit\u00e4t Berlin,<\/em>\u201cPara bom entendedor&#8230; Os contos de Luiz Vilela\u201d<\/li>\n<li>Cilene Margarete Pereira,UninCor,\u00a0\u201cWander Piroli e a po\u00e9tica das ruas\u201d<\/li>\n<li>Alcione Maria dos Santos, FAALC\/UFMS, \u201c\u2018Vinte anos de am\u00e9lia\u2019, de Alciene Ribeiro: sob o signo da festa e da cruz\u201d<\/li>\n<li>Maisa Barbosa da Silva Cordeiro, UNIGRAN, \u201cA menina e a mulher na literatura juvenil: uma leitura feminista de\u00a0<strong><em>O m\u00e1gico de olho verde<\/em><\/strong>, de Alciene Ribeiro\u201d<\/li>\n<li>Rauer Ribeiro Rodrigues, GPLV \/ UFMS; Heloiza Moreno, SED \/ SP, A literatura no centro do ensino da l\u00edngua materna: superando defasagens e avan\u00e7ando na aprendizagem<\/li>\n<\/ol>\n<p>Downloads ilimitados a partir de link cujo prazo de validade \u00e9 sem restri\u00e7\u00e3o.<\/p>\n<p>Para conhecer mais livros do GPLV ou de seus autores, clique <a href=\"https:\/\/editorapangeia.com.br\/?s=gplv\"><span style=\"color: #ff0000;\"><strong>AQUI<\/strong><\/span><\/a>.<\/p>\n","protected":false},"excerpt":{"rendered":"<p>O caminho percorrido pelos estudos que compo\u0303em este livro, ao manter presente a seminal e diale\u0301tica fricc\u0327a\u0303o entre literatura e vida, tambe\u0301m mante\u0301m pulsante a aporia angustiante da pergunta que nos fere cotidianamente: \u201cE agora, Jose\u0301?\u201d. Pois esta\u0301 claro que a festa acabou, a luz apagou, o povo sumiu, a noite esfriou. Esta\u0301 clara a sucessa\u0303o de interditos que anunciam dores, pois faltam discurso e carinho, ate\u0301 mesmo cuspir ja\u0301 na\u0303o pode, e o bonde na\u0303o veio (e &#8211; tambe\u0301m nos ensina Drummond em outro poema memora\u0301vel! &#8211; ao perder o bonde, qualquer bonde, o da esquina ou o da histo\u0301ria, perde-se tambe\u0301m a esperanc\u0327a).<br \/>\nE e\u0301 de tal intersecc\u0327a\u0303o da literatura com a vida e da literatura com o futuro de nossos jovens que tratam os capi\u0301tulos deste livro, como a responder ao eu li\u0301rico no cli\u0301max do poema:<br \/>\n\u201cJose\u0301, para onde?\u201d<br \/>\nVeja em detalhe as respostas que cada um dos articulistas apresenta a essa dolorosa interrogac\u0327a\u0303o nos dez capi\u0301tulos que compo\u0303em este primeiro volume da colec\u0327a\u0303o \u201cLiteratura e Vida\u201d, lanc\u0327ado pela Editora Pangeia sob os auspi\u0301cios do GPLV.<\/p>\n<blockquote>\n<p style=\"text-align: center;\"><strong>Cole\u00e7\u00e3o em PDF, com os livros dispon\u00edveis individualmente nesta loja.<\/strong><\/p>\n<\/blockquote>\n","protected":false},"featured_media":6466,"comment_status":"open","ping_status":"closed","template":"","meta":[],"product_brand":[],"product_cat":[4081],"product_tag":[1170,147,170,149,800,166,156,157,112,169,164,168],"class_list":{"0":"post-11243","1":"product","2":"type-product","3":"status-publish","4":"has-post-thumbnail","6":"product_cat-estudosliterarios","7":"product_tag-cidadao-sociedade","8":"product_tag-estudos-linguisticos","9":"product_tag-eunice-prudenciano","10":"product_tag-gplv","11":"product_tag-grupo-de-pesquisa-literatura-e-vida","12":"product_tag-ifsp","13":"product_tag-literatura","14":"product_tag-literatura-brasileira","15":"product_tag-rauer","16":"product_tag-rita-de-cassia-santos","17":"product_tag-ufms","18":"product_tag-unimontes","19":"product_shipping_class-normal","21":"first","22":"instock","23":"sale","24":"taxable","25":"shipping-taxable","26":"product-type-grouped"},"_links":{"self":[{"href":"https:\/\/editorapangeia.com.br\/pt_br\/wp-json\/wp\/v2\/product\/11243","targetHints":{"allow":["GET"]}}],"collection":[{"href":"https:\/\/editorapangeia.com.br\/pt_br\/wp-json\/wp\/v2\/product"}],"about":[{"href":"https:\/\/editorapangeia.com.br\/pt_br\/wp-json\/wp\/v2\/types\/product"}],"replies":[{"embeddable":true,"href":"https:\/\/editorapangeia.com.br\/pt_br\/wp-json\/wp\/v2\/comments?post=11243"}],"wp:featuredmedia":[{"embeddable":true,"href":"https:\/\/editorapangeia.com.br\/pt_br\/wp-json\/wp\/v2\/media\/6466"}],"wp:attachment":[{"href":"https:\/\/editorapangeia.com.br\/pt_br\/wp-json\/wp\/v2\/media?parent=11243"}],"wp:term":[{"taxonomy":"product_brand","embeddable":true,"href":"https:\/\/editorapangeia.com.br\/pt_br\/wp-json\/wp\/v2\/product_brand?post=11243"},{"taxonomy":"product_cat","embeddable":true,"href":"https:\/\/editorapangeia.com.br\/pt_br\/wp-json\/wp\/v2\/product_cat?post=11243"},{"taxonomy":"product_tag","embeddable":true,"href":"https:\/\/editorapangeia.com.br\/pt_br\/wp-json\/wp\/v2\/product_tag?post=11243"}],"curies":[{"name":"wp","href":"https:\/\/api.w.org\/{rel}","templated":true}]}}