{"id":10763,"date":"2023-05-09T02:00:28","date_gmt":"2023-05-09T02:00:28","guid":{"rendered":"https:\/\/editorapangeia.com.br\/?post_type=product&#038;p=10763"},"modified":"2025-04-24T18:29:24","modified_gmt":"2025-04-24T18:29:24","slug":"minimus-livro","status":"publish","type":"product","link":"https:\/\/editorapangeia.com.br\/pt_br\/product\/minimus-livro\/","title":{"rendered":"minimus, Alciene Ribeiro Leite"},"content":{"rendered":"<p>&nbsp;<\/p>\n<p style=\"text-align: center;\">Para mais informa\u00e7\u00f5es sobre o livro, clique <a href=\"https:\/\/editorapangeia.com.br\/?s=minimus\"><span style=\"color: #0000ff;\"><strong>AQUI<\/strong><\/span><\/a>.<\/p>\n<p style=\"text-align: center;\">Para mais informa\u00e7\u00f5es sobre a autora, clique <a href=\"https:\/\/editorapangeia.com.br\/?s=alciene\"><span style=\"color: #ff6600;\"><strong>AQUI<\/strong><\/span><\/a>.<\/p>\n<p style=\"text-align: center;\">Para assistir \u00e0 resenha em v\u00eddeo sobre o livro, clique <a href=\"https:\/\/youtu.be\/WVjJRwhe30U\"><strong><span style=\"color: #ff0000;\">AQUI<\/span><\/strong><\/a>.<\/p>\n","protected":false},"excerpt":{"rendered":"<p>Poder de conten\u00e7\u00e3o e fluidez raro mesmo entre ficcionistas de primeiro time, afirmou o professor e escritor Caio Porf\u00edrio Carneiro sobre a obra de Alciene Ribeiro Leite.<br \/>\nConten\u00e7\u00e3o, com elipses e raro poder de s\u00edntese, fluidez, em estilo peculiar, inventivo, metaf\u00f3rico e exato.<br \/>\nA obra de Alciene Ribeiro Leite se afirma entre as mais significativas, impactantes, importantes e necess\u00e1rias entre homens e mulheres de sua gera\u00e7\u00e3o, aquela cuja estreia liter\u00e1ria se deu nos anos 1970, com o Brasil sob o impacto dos sucessivos governos militares.<br \/>\nA cada novo livro, Alciene se renova, com textos ficcionais que apresentam uma nova face de sua versatilidade liter\u00e1ria.<\/p>\n","protected":false},"featured_media":10769,"comment_status":"open","ping_status":"closed","template":"","meta":[],"product_brand":[],"product_cat":[4092],"product_tag":[949,134,612,1351,1352,754,135,157,187,367,1353,1354,360,362,1355,1356,1357,1358,1359,1360,758,1361,4300,1362,112,476,1363,25,1364,1365],"class_list":{"0":"post-10763","1":"product","2":"type-product","3":"status-publish","4":"has-post-thumbnail","6":"product_cat-microcontos","7":"product_tag-alciene","8":"product_tag-alciene-ribeiro","9":"product_tag-alciene-ribeiro-leite","10":"product_tag-brazil-2020","11":"product_tag-caio-porfirio-carneiro","12":"product_tag-conto","13":"product_tag-contos","14":"product_tag-literatura-brasileira","15":"product_tag-literatura-brasileira-contemporanea","16":"product_tag-literatura-infantojuvenil","17":"product_tag-literatura-para-criancas","18":"product_tag-luiz-puntel","19":"product_tag-microconto","20":"product_tag-microminimus","21":"product_tag-micros-geaga","22":"product_tag-micros-uai","23":"product_tag-minimus","24":"product_tag-minimus-brevissimos","25":"product_tag-mulher-cia","26":"product_tag-mulher-em-drageas","27":"product_tag-mulher-explicita","28":"product_tag-mulher-plural","29":"product_tag-nanoconto","30":"product_tag-novelas","31":"product_tag-rauer","32":"product_tag-rauer-ribeiro-rodrigues","33":"product_tag-rauer-rodrigues","34":"product_tag-romance","35":"product_tag-tecela-de-sonhos","36":"product_tag-tecela-de-sonhos-outras-tramas","38":"first","39":"instock","40":"taxable","41":"shipping-taxable","42":"product-type-external"},"_links":{"self":[{"href":"https:\/\/editorapangeia.com.br\/pt_br\/wp-json\/wp\/v2\/product\/10763","targetHints":{"allow":["GET"]}}],"collection":[{"href":"https:\/\/editorapangeia.com.br\/pt_br\/wp-json\/wp\/v2\/product"}],"about":[{"href":"https:\/\/editorapangeia.com.br\/pt_br\/wp-json\/wp\/v2\/types\/product"}],"replies":[{"embeddable":true,"href":"https:\/\/editorapangeia.com.br\/pt_br\/wp-json\/wp\/v2\/comments?post=10763"}],"wp:featuredmedia":[{"embeddable":true,"href":"https:\/\/editorapangeia.com.br\/pt_br\/wp-json\/wp\/v2\/media\/10769"}],"wp:attachment":[{"href":"https:\/\/editorapangeia.com.br\/pt_br\/wp-json\/wp\/v2\/media?parent=10763"}],"wp:term":[{"taxonomy":"product_brand","embeddable":true,"href":"https:\/\/editorapangeia.com.br\/pt_br\/wp-json\/wp\/v2\/product_brand?post=10763"},{"taxonomy":"product_cat","embeddable":true,"href":"https:\/\/editorapangeia.com.br\/pt_br\/wp-json\/wp\/v2\/product_cat?post=10763"},{"taxonomy":"product_tag","embeddable":true,"href":"https:\/\/editorapangeia.com.br\/pt_br\/wp-json\/wp\/v2\/product_tag?post=10763"}],"curies":[{"name":"wp","href":"https:\/\/api.w.org\/{rel}","templated":true}]}}