{"id":10706,"date":"2022-11-02T14:43:20","date_gmt":"2022-11-02T14:43:20","guid":{"rendered":"https:\/\/editorapangeia.com.br\/?post_type=product&#038;p=10706"},"modified":"2025-11-21T11:02:37","modified_gmt":"2025-11-21T11:02:37","slug":"estela-e-a-estrelinha-que-nao-brilhava","status":"publish","type":"product","link":"https:\/\/editorapangeia.com.br\/pt_br\/product\/estela-e-a-estrelinha-que-nao-brilhava\/","title":{"rendered":"Estela e a Estrelinha que n\u00e3o brilhava, Eduarda de Oliveira"},"content":{"rendered":"<p>&nbsp;<\/p>\n<p><em>Um pontinho brilhante<\/em><br \/>\n<em>brilhava pela primeira vez<\/em><br \/>\n<em>na escurid\u00e3o do c\u00e9u&#8230;<\/em><\/p>\n<p>(assim Eduarda inicia o texto l\u00fadico e envolvente sobre amor e cuidado entre pares sens\u00edveis)<\/p>\n<p><img loading=\"lazy\" decoding=\"async\" class=\"alignnone size-medium wp-image-10701 aligncenter\" src=\"http:\/\/editorapangeia.com.br\/wp-content\/uploads\/2022\/11\/rosto-300x300.jpg\" alt=\"\" width=\"300\" height=\"300\" srcset=\"https:\/\/editorapangeia.com.br\/wp-content\/uploads\/2022\/11\/rosto-300x300.jpg 300w, https:\/\/editorapangeia.com.br\/wp-content\/uploads\/2022\/11\/rosto-150x150.jpg 150w, https:\/\/editorapangeia.com.br\/wp-content\/uploads\/2022\/11\/rosto-400x398.jpg 400w, https:\/\/editorapangeia.com.br\/wp-content\/uploads\/2022\/11\/rosto-100x100.jpg 100w, https:\/\/editorapangeia.com.br\/wp-content\/uploads\/2022\/11\/rosto-50x50.jpg 50w, https:\/\/editorapangeia.com.br\/wp-content\/uploads\/2022\/11\/rosto.jpg 450w\" sizes=\"auto, (max-width: 300px) 100vw, 300px\" \/><\/p>\n","protected":false},"excerpt":{"rendered":"<p>A sensibilidade da autora mostra a import\u00e2ncia da ci\u00eancia e traz \u00e0 luz cuidados para conosco e para quem n\u00f3s amamos em momentos de dor e transtornos emocionais.<\/p>\n<p>Se preferir, adquira como uma compra normal no site e receber\u00e1 uma mensagem de que seu livro est\u00e1 no carrinho. Caso prefira outro procedimento de aquisi\u00e7\u00e3o, confira na sequ\u00eancia.<\/p>\n<p>&nbsp;<\/p>\n","protected":false},"featured_media":10695,"comment_status":"open","ping_status":"closed","template":"","meta":[],"product_brand":[],"product_cat":[4080],"product_tag":[366,1350,453,5080,317,367],"class_list":{"0":"post-10706","1":"product","2":"type-product","3":"status-publish","4":"has-post-thumbnail","6":"product_cat-infantojuvenil","7":"product_tag-edicoes-sarue","8":"product_tag-eduarda-oliveira","9":"product_tag-educacao","10":"product_tag-formacao-antirracista","11":"product_tag-infantojuvenil","12":"product_tag-literatura-infantojuvenil","13":"product_shipping_class-normal","15":"first","16":"instock","17":"taxable","18":"shipping-taxable","19":"product-type-external"},"_links":{"self":[{"href":"https:\/\/editorapangeia.com.br\/pt_br\/wp-json\/wp\/v2\/product\/10706","targetHints":{"allow":["GET"]}}],"collection":[{"href":"https:\/\/editorapangeia.com.br\/pt_br\/wp-json\/wp\/v2\/product"}],"about":[{"href":"https:\/\/editorapangeia.com.br\/pt_br\/wp-json\/wp\/v2\/types\/product"}],"replies":[{"embeddable":true,"href":"https:\/\/editorapangeia.com.br\/pt_br\/wp-json\/wp\/v2\/comments?post=10706"}],"wp:featuredmedia":[{"embeddable":true,"href":"https:\/\/editorapangeia.com.br\/pt_br\/wp-json\/wp\/v2\/media\/10695"}],"wp:attachment":[{"href":"https:\/\/editorapangeia.com.br\/pt_br\/wp-json\/wp\/v2\/media?parent=10706"}],"wp:term":[{"taxonomy":"product_brand","embeddable":true,"href":"https:\/\/editorapangeia.com.br\/pt_br\/wp-json\/wp\/v2\/product_brand?post=10706"},{"taxonomy":"product_cat","embeddable":true,"href":"https:\/\/editorapangeia.com.br\/pt_br\/wp-json\/wp\/v2\/product_cat?post=10706"},{"taxonomy":"product_tag","embeddable":true,"href":"https:\/\/editorapangeia.com.br\/pt_br\/wp-json\/wp\/v2\/product_tag?post=10706"}],"curies":[{"name":"wp","href":"https:\/\/api.w.org\/{rel}","templated":true}]}}