{"id":10636,"date":"2022-12-31T21:17:47","date_gmt":"2022-12-31T21:17:47","guid":{"rendered":"https:\/\/editorapangeia.com.br\/?post_type=product&#038;p=10636"},"modified":"2025-11-21T10:59:07","modified_gmt":"2025-11-21T10:59:07","slug":"qohelet-3a-edicao-pdf-livro","status":"publish","type":"product","link":"https:\/\/editorapangeia.com.br\/pt_br\/product\/qohelet-3a-edicao-pdf-livro\/","title":{"rendered":"QOHELET, 3\u00aa edi\u00e7\u00e3o, Rauer"},"content":{"rendered":"<p>Voc\u00ea recebe tamb\u00e9m, com o livro, marcadores de p\u00e1gina: um infantojuvenil e um em papel semente, para plantar e acompanhar o nascimento das plantinhas, o desenvolvimento, as flores, os frutos\u2026<\/p>\n<blockquote>\n<p style=\"text-align: center;\"><strong><span style=\"color: #ff6600;\">QOHELET &#8211; qual o teu mist\u00e9rio?<\/span><\/strong><\/p>\n<\/blockquote>\n<p><em><strong>Qohelet<\/strong> <\/em>foi publicado em min\u00fascula edi\u00e7\u00e3o caseira, e sempre esteve presente como obra referencial do seu autor.<\/p>\n<p><em><strong>Qohelet<\/strong> <\/em>foi lan\u00e7ado em edi\u00e7\u00e3o de baix\u00edssima tiragem, e sempre se fez presente de modo mai\u00fasculo na obra do seu autor.<\/p>\n<p>Qual o mist\u00e9rio deste livro, que une o lirismo apaixonado \u00e0 \u00e9pica dos amores eternos?<\/p>\n<p>Quais os mist\u00e9rios dessa reflex\u00e3o que entrela\u00e7a vida-amor-erotismo-sabedoria?<\/p>\n<p>Trata-se de uma narrativa l\u00edrica, como se apresenta, ou de uma \u00e9pica apaixonada? Trata-se de um livro sapiencial, ou a filosofia que dele exala \u00e9 pura poesia?<\/p>\n<p>\u00c9 revisita a antigos livros b\u00edblicos ou \u00e9 da viv\u00eancia do nosso tempo conhecimento experienciado em latitudes transcendentais?<\/p>\n<p>Esta nova edi\u00e7\u00e3o do <em><strong>Qohelet<\/strong><\/em>, minuciosamente relida e corrigida pelo autor, chega com um estudo extraordin\u00e1rio, em que Pauliane Amaral e Pedro Germano Leal, ambos da Brown University (Providence, Rhode Island, EUA), discorrem:<\/p>\n<blockquote>\n<p style=\"text-align: center;\">\u201cRauer aponta para um outro caminho a ser percorrido na busca do sentido da exist\u00eancia humana,<br \/>\nreafirmando que o que importa no fim \u00e9 a jornada em si mesma e n\u00e3o o ponto de chegada\u201d.<\/p>\n<\/blockquote>\n<p style=\"text-align: center;\"><strong>QOHELET seria s\u00edmbolo da trajet\u00f3ria?, seria a colheita<br \/>\nda caminhada?, seria signo de travessia?<\/strong><\/p>\n<p><em><strong>Qohelet <\/strong><\/em>est\u00e1 nas\u00a0Edi\u00e7\u00f5es Dionysius, o selo de literatura da Pangeia Editorial.<\/p>\n<p>As ilustra\u00e7\u00f5es deste QOHELET, assim como a capa, s\u00e3o da designer gr\u00e1fica, poeta e agente cultural Willia Katia Oliveira. Abaixo, os primeiros rascunhos para a ilustra\u00e7\u00e3o do livro (e se os estudos j\u00e1 est\u00e3o assim, imagine a arte-final do livro como est\u00e1).<\/p>\n<p style=\"text-align: center;\"><em>n\u00e3o recusei nenhuma presci\u00eancia,<br \/>\naos meus olhos nunca nada privei<\/em><br \/>\n<em> no meu tempo na terra de viv\u00eancia.<\/em><img loading=\"lazy\" decoding=\"async\" class=\"alignnone wp-image-8229 aligncenter\" src=\"http:\/\/editorapangeia.com.br\/wp-content\/uploads\/2022\/02\/Ilustracao3-183x300.png\" alt=\"\" width=\"515\" height=\"844\" srcset=\"https:\/\/editorapangeia.com.br\/wp-content\/uploads\/2022\/02\/Ilustracao3-183x300.png 183w, https:\/\/editorapangeia.com.br\/wp-content\/uploads\/2022\/02\/Ilustracao3-428x700.png 428w\" sizes=\"auto, (max-width: 515px) 100vw, 515px\" \/><em>Tinha toda a paleta crom\u00e1tica<br \/>\no pintor que nuan\u00e7ou teu perfil,<\/em><br \/>\n<em>orla em que passeio a l\u00edngua, err\u00e1tica.<\/em><br \/>\n<img loading=\"lazy\" decoding=\"async\" class=\"alignnone wp-image-8228 aligncenter\" src=\"http:\/\/editorapangeia.com.br\/wp-content\/uploads\/2022\/02\/Ilustracao2-183x300.png\" alt=\"\" width=\"581\" height=\"952\" srcset=\"https:\/\/editorapangeia.com.br\/wp-content\/uploads\/2022\/02\/Ilustracao2-183x300.png 183w, https:\/\/editorapangeia.com.br\/wp-content\/uploads\/2022\/02\/Ilustracao2-245x400.png 245w, https:\/\/editorapangeia.com.br\/wp-content\/uploads\/2022\/02\/Ilustracao2-428x700.png 428w\" sizes=\"auto, (max-width: 581px) 100vw, 581px\" \/><br \/>\n<em>E foi cavando bem na profundeza<br \/>\nque achei, do ouro, alguma pepita,<br \/>\nvislumbrei rala arte ou beleza.<br \/>\n<img loading=\"lazy\" decoding=\"async\" class=\"alignnone wp-image-9363\" src=\"http:\/\/editorapangeia.com.br\/wp-content\/uploads\/2022\/02\/318ACC52-294E-4046-8BC2-99E94FCA15E3-300x300.jpeg\" alt=\"\" width=\"551\" height=\"551\" srcset=\"https:\/\/editorapangeia.com.br\/wp-content\/uploads\/2022\/02\/318ACC52-294E-4046-8BC2-99E94FCA15E3-300x300.jpeg 300w, https:\/\/editorapangeia.com.br\/wp-content\/uploads\/2022\/02\/318ACC52-294E-4046-8BC2-99E94FCA15E3-1024x1024.jpeg 1024w, https:\/\/editorapangeia.com.br\/wp-content\/uploads\/2022\/02\/318ACC52-294E-4046-8BC2-99E94FCA15E3-150x150.jpeg 150w, https:\/\/editorapangeia.com.br\/wp-content\/uploads\/2022\/02\/318ACC52-294E-4046-8BC2-99E94FCA15E3-768x768.jpeg 768w, https:\/\/editorapangeia.com.br\/wp-content\/uploads\/2022\/02\/318ACC52-294E-4046-8BC2-99E94FCA15E3-400x400.jpeg 400w, https:\/\/editorapangeia.com.br\/wp-content\/uploads\/2022\/02\/318ACC52-294E-4046-8BC2-99E94FCA15E3-700x700.jpeg 700w, https:\/\/editorapangeia.com.br\/wp-content\/uploads\/2022\/02\/318ACC52-294E-4046-8BC2-99E94FCA15E3-100x100.jpeg 100w, https:\/\/editorapangeia.com.br\/wp-content\/uploads\/2022\/02\/318ACC52-294E-4046-8BC2-99E94FCA15E3-50x50.jpeg 50w, https:\/\/editorapangeia.com.br\/wp-content\/uploads\/2022\/02\/318ACC52-294E-4046-8BC2-99E94FCA15E3.jpeg 1100w\" sizes=\"auto, (max-width: 551px) 100vw, 551px\" \/><br \/>\n<\/em><\/p>\n<p>&nbsp;<\/p>\n<blockquote>\n<p style=\"text-align: center;\"><strong>QOHELET<\/strong><\/p>\n<\/blockquote>\n<p>A segunda edi\u00e7\u00e3o do livro de Rauer, a primeira no selo Edi\u00e7\u00f5es Dionysius, saiu em agosto de 2019, contendo, assinado por Cris Guzzi, o posf\u00e1cio \u201cA voluptuosidade art\u00edstica: a presen\u00e7a do erotismo na escrita de QOHELET, de Rauer\u201d. Com o lan\u00e7amento, surgia a Cole\u00e7\u00e3o \u201cEros-Poesia\u201d, que tem novos volumes previstos para 2022, entre eles esta 3a. Edi\u00e7\u00e3o do <em><strong>Qohelet<\/strong><\/em>, revisada por Rauer, agora com posf\u00e1cio in\u00e9dito de Pauliane Amaral e Pedro Germano Leal, ambos da Brown University. \u00c9 uma pe\u00e7a de joalheria, um pequeno livro de arte para degusta\u00e7\u00e3o visual, t\u00e1til, cinest\u00e9sica e liter\u00e1ria.<\/p>\n<blockquote>\n<p style=\"text-align: center;\"><img loading=\"lazy\" decoding=\"async\" class=\"size-medium wp-image-8214 aligncenter\" src=\"http:\/\/editorapangeia.com.br\/wp-content\/uploads\/2022\/02\/foto-Rauer-300x300.jpeg\" alt=\"\" width=\"300\" height=\"300\" srcset=\"https:\/\/editorapangeia.com.br\/wp-content\/uploads\/2022\/02\/foto-Rauer-300x300.jpeg 300w, https:\/\/editorapangeia.com.br\/wp-content\/uploads\/2022\/02\/foto-Rauer-150x150.jpeg 150w, https:\/\/editorapangeia.com.br\/wp-content\/uploads\/2022\/02\/foto-Rauer-768x765.jpeg 768w, https:\/\/editorapangeia.com.br\/wp-content\/uploads\/2022\/02\/foto-Rauer-400x400.jpeg 400w, https:\/\/editorapangeia.com.br\/wp-content\/uploads\/2022\/02\/foto-Rauer-700x698.jpeg 700w, https:\/\/editorapangeia.com.br\/wp-content\/uploads\/2022\/02\/foto-Rauer-100x100.jpeg 100w, https:\/\/editorapangeia.com.br\/wp-content\/uploads\/2022\/02\/foto-Rauer-50x50.jpeg 50w, https:\/\/editorapangeia.com.br\/wp-content\/uploads\/2022\/02\/foto-Rauer.jpeg 859w\" sizes=\"auto, (max-width: 300px) 100vw, 300px\" \/><em>Rauer, poeta, ficcionista, professor<\/em><\/p>\n<blockquote>\n<p style=\"text-align: center;\">Para Cris Guzzi, Rauer, em QOHELET, realiza \u201c[\u2026] um intenso trabalho de escavamento, adentramento e penetramento das possibilidades oferecidas pela linguagem (e somente por ela sustentada) para traduzir a copula\u00e7\u00e3o entre o sagrado e o profano\u201d.<\/p>\n<\/blockquote>\n<p style=\"text-align: left;\">Por seu lado, Pauliane Amaral e Pedro Germano Leal, a partir de Oct\u00e1vio Paz, comentam:<\/p>\n<blockquote>\n<p style=\"text-align: center;\">\u201cAo longo dos tr\u00eas cantos, QOHELET enfatiza a coexist\u00eancia entre eros e poesia. Para entender esse jogo devemos lembrar que o erotismo, diferente do sexo, \u00e9 intrinsecamente humano, porque implica o uso da imagina\u00e7\u00e3o. Da mesma forma, a poesia precisa da imagina\u00e7\u00e3o para existir e por isso a imagina\u00e7\u00e3o \u00e9 a pot\u00eancia que transfigura o sexo em ritual e a linguagem em ritmo e met\u00e1fora\u201d.<\/p>\n<p>Consulte descontos especiais para adquirir lotes do livro e para dialogar com o autor em universidades, escolas, ONGs e outras institui\u00e7\u00f5es nos contactando em nosso e-mail: <strong><span style=\"color: #0000ff;\">r3.editora.pangeia@gmail.com<\/span><\/strong><\/p><\/blockquote>\n<blockquote>\n<p style=\"text-align: center;\"><img loading=\"lazy\" decoding=\"async\" class=\"alignnone size-medium wp-image-8230\" src=\"http:\/\/editorapangeia.com.br\/wp-content\/uploads\/2022\/02\/logotipodionysiusredondo-300x300.jpg\" alt=\"\" width=\"300\" height=\"300\" srcset=\"https:\/\/editorapangeia.com.br\/wp-content\/uploads\/2022\/02\/logotipodionysiusredondo-300x300.jpg 300w, https:\/\/editorapangeia.com.br\/wp-content\/uploads\/2022\/02\/logotipodionysiusredondo-150x150.jpg 150w, https:\/\/editorapangeia.com.br\/wp-content\/uploads\/2022\/02\/logotipodionysiusredondo-768x770.jpg 768w, https:\/\/editorapangeia.com.br\/wp-content\/uploads\/2022\/02\/logotipodionysiusredondo-400x400.jpg 400w, https:\/\/editorapangeia.com.br\/wp-content\/uploads\/2022\/02\/logotipodionysiusredondo-700x700.jpg 700w, https:\/\/editorapangeia.com.br\/wp-content\/uploads\/2022\/02\/logotipodionysiusredondo-100x100.jpg 100w, https:\/\/editorapangeia.com.br\/wp-content\/uploads\/2022\/02\/logotipodionysiusredondo-698x700.jpg 698w, https:\/\/editorapangeia.com.br\/wp-content\/uploads\/2022\/02\/logotipodionysiusredondo-50x50.jpg 50w, https:\/\/editorapangeia.com.br\/wp-content\/uploads\/2022\/02\/logotipodionysiusredondo.jpg 866w\" sizes=\"auto, (max-width: 300px) 100vw, 300px\" \/><\/p>\n<p style=\"text-align: center;\"><a href=\"https:\/\/editorapangeia.com.br\/gondwana-2\/\"><span style=\"color: #3366ff;\"><strong>Gondwana<\/strong><\/span><\/a><br \/>\n\u00e9 a plataforma de<br \/>\npr\u00e9-venda de<br \/>\nlivros da Pangeia<\/p>\n<\/blockquote>\n<p>O Continente \u00fanico Pangeia, h\u00e1 milh\u00f5es de anos, se dividiu em duas partes; a parte que hoje estabelecemos ser ao Sul foi denominada de Gondwana. A Pangeia Editorial tem uma plataforma especializada na pr\u00e9-venda de livros, sem taxas extras, sem metas extorsivas: um local de encontro de autores, livros e leitores, assim \u00e9 a <strong>Gondwana<\/strong>. Participe conosco da constitui\u00e7\u00e3o deste novo universo liter\u00e1rio e acad\u00eamico.<\/p>\n<blockquote><p>Adquira at\u00e9 30 de novembro o seu <em><strong>Qohelet\u00a0<\/strong><\/em>com desconto de lan\u00e7amento, para envio com frete gr\u00e1tis a partir de 23 de novembro.<\/p><\/blockquote>\n<p style=\"text-align: center;\"><img loading=\"lazy\" decoding=\"async\" class=\"alignnone wp-image-9358\" src=\"http:\/\/editorapangeia.com.br\/wp-content\/uploads\/2022\/02\/FAD93D71-81E2-47DD-9BDB-53EC19C9CEB8-300x300.jpeg\" alt=\"\" width=\"375\" height=\"375\" srcset=\"https:\/\/editorapangeia.com.br\/wp-content\/uploads\/2022\/02\/FAD93D71-81E2-47DD-9BDB-53EC19C9CEB8-300x300.jpeg 300w, https:\/\/editorapangeia.com.br\/wp-content\/uploads\/2022\/02\/FAD93D71-81E2-47DD-9BDB-53EC19C9CEB8-1024x1024.jpeg 1024w, https:\/\/editorapangeia.com.br\/wp-content\/uploads\/2022\/02\/FAD93D71-81E2-47DD-9BDB-53EC19C9CEB8-150x150.jpeg 150w, https:\/\/editorapangeia.com.br\/wp-content\/uploads\/2022\/02\/FAD93D71-81E2-47DD-9BDB-53EC19C9CEB8-768x768.jpeg 768w, https:\/\/editorapangeia.com.br\/wp-content\/uploads\/2022\/02\/FAD93D71-81E2-47DD-9BDB-53EC19C9CEB8-400x400.jpeg 400w, https:\/\/editorapangeia.com.br\/wp-content\/uploads\/2022\/02\/FAD93D71-81E2-47DD-9BDB-53EC19C9CEB8-700x700.jpeg 700w, https:\/\/editorapangeia.com.br\/wp-content\/uploads\/2022\/02\/FAD93D71-81E2-47DD-9BDB-53EC19C9CEB8-100x100.jpeg 100w, https:\/\/editorapangeia.com.br\/wp-content\/uploads\/2022\/02\/FAD93D71-81E2-47DD-9BDB-53EC19C9CEB8-50x50.jpeg 50w, https:\/\/editorapangeia.com.br\/wp-content\/uploads\/2022\/02\/FAD93D71-81E2-47DD-9BDB-53EC19C9CEB8.jpeg 1099w\" sizes=\"auto, (max-width: 375px) 100vw, 375px\" \/><\/p>\n<p style=\"text-align: center;\"><em>Siga no instagram nossas novidades:<br \/>\n<\/em><em>@pangeiaeditora<br \/>\n<\/em><em>@_rauer<br \/>\n@haikai.brasil<br \/>\n@edicoes.sarue<br \/>\n@rosanina.rubra<br \/>\n@edicoes.dionysius<br \/>\n@williakatiaoliveira<br \/>\n@eu.professor.pangeia<br \/>\nTik Tok: @pangeiaeditorial<\/em><\/p>\n<blockquote><p>O melhor da literatura, o melhor do pensamento humano: rei e s\u00e1bio, QOHELET se abre e abre o conhecimento do homem e do mundo para voc\u00ea.<\/p><\/blockquote>\n<p style=\"text-align: center;\"><a href=\"https:\/\/editorapangeia.com.br\/product\/qohelet-3a-edicao-pdf-livro\/\">COMPRE <span style=\"color: #ff0000;\"><strong>AQUI<\/strong><\/span><\/a>.<\/p>\n<\/blockquote>\n","protected":false},"excerpt":{"rendered":"<blockquote>\n<p style=\"text-align: center;\"><span style=\"color: #ff6600;\">QOHELET &#8211; qual o teu mist\u00e9rio?<\/span><\/p>\n<\/blockquote>\n<p style=\"text-align: center;\">Mais informa\u00e7\u00f5es sobre\u00a0<em><strong>Qohelet<\/strong><\/em>, clique<strong><a href=\"https:\/\/editorapangeia.com.br\/?s=QOHELET\"> AQUI<\/a> !!!<\/strong><\/p>\n<p style=\"text-align: center;\">Mais informa\u00e7\u00f5es sobre\u00a0<strong>Rauer<\/strong>, o autor, clique <a href=\"https:\/\/editorapangeia.com.br\/?s=RAUER\"><span style=\"color: #ff0000;\"><strong>AQUI<\/strong><\/span><\/a> !!!<\/p>\n<p style=\"text-align: center;\"><img loading=\"lazy\" decoding=\"async\" class=\"alignnone size-medium wp-image-10625\" src=\"http:\/\/editorapangeia.com.br\/wp-content\/uploads\/2022\/10\/11E33A7E-35D6-4E58-8A73-F6D1FE8FA9CE-300x300.jpeg\" alt=\"\" width=\"300\" height=\"300\" srcset=\"https:\/\/editorapangeia.com.br\/wp-content\/uploads\/2022\/10\/11E33A7E-35D6-4E58-8A73-F6D1FE8FA9CE-300x300.jpeg 300w, https:\/\/editorapangeia.com.br\/wp-content\/uploads\/2022\/10\/11E33A7E-35D6-4E58-8A73-F6D1FE8FA9CE-150x150.jpeg 150w, https:\/\/editorapangeia.com.br\/wp-content\/uploads\/2022\/10\/11E33A7E-35D6-4E58-8A73-F6D1FE8FA9CE-400x400.jpeg 400w, https:\/\/editorapangeia.com.br\/wp-content\/uploads\/2022\/10\/11E33A7E-35D6-4E58-8A73-F6D1FE8FA9CE-100x100.jpeg 100w, https:\/\/editorapangeia.com.br\/wp-content\/uploads\/2022\/10\/11E33A7E-35D6-4E58-8A73-F6D1FE8FA9CE-50x50.jpeg 50w, https:\/\/editorapangeia.com.br\/wp-content\/uploads\/2022\/10\/11E33A7E-35D6-4E58-8A73-F6D1FE8FA9CE.jpeg 640w\" sizes=\"auto, (max-width: 300px) 100vw, 300px\" \/><\/p>\n<p style=\"text-align: center;\">\n","protected":false},"featured_media":10632,"comment_status":"open","ping_status":"closed","template":"","meta":[],"product_brand":[],"product_cat":[4077],"product_tag":[896,2152,230,974,969,968,970,121,303,120,377,176,147,264,231,5080,149,380,971,976,118,977,117,972,973,111,967,229,113,112,476,324,975],"class_list":{"0":"post-10636","1":"product","2":"type-product","3":"status-publish","4":"has-post-thumbnail","6":"product_cat-poesia","7":"product_tag-amor","8":"product_tag-antirracismo","9":"product_tag-antropologia","10":"product_tag-busca-do-conhecimento","11":"product_tag-cantares","12":"product_tag-cantico-dos-canticos","13":"product_tag-cantos-de-salomao","14":"product_tag-eclesiastes","15":"product_tag-edicoes-dionysius","16":"product_tag-eros","17":"product_tag-eros-poesia","18":"product_tag-erotismo","19":"product_tag-estudos-linguisticos","20":"product_tag-estudos-literarios","21":"product_tag-filosofia","22":"product_tag-formacao-antirracista","23":"product_tag-gplv","24":"product_tag-historia","25":"product_tag-intertextualidade","26":"product_tag-liberdade","27":"product_tag-literatura-e-erotismo","28":"product_tag-livro-sapiencial","29":"product_tag-narrativa-lirica","30":"product_tag-poema-erotico","31":"product_tag-poema-narrativo","32":"product_tag-poesia","33":"product_tag-poesia-brasileira-contemporanea","34":"product_tag-psicologia","35":"product_tag-qohelet","36":"product_tag-rauer","37":"product_tag-rauer-ribeiro-rodrigues","38":"product_tag-religiao","39":"product_tag-sabedoria","40":"product_shipping_class-normal","42":"first","43":"instock","44":"product-type-grouped"},"_links":{"self":[{"href":"https:\/\/editorapangeia.com.br\/pt_br\/wp-json\/wp\/v2\/product\/10636","targetHints":{"allow":["GET"]}}],"collection":[{"href":"https:\/\/editorapangeia.com.br\/pt_br\/wp-json\/wp\/v2\/product"}],"about":[{"href":"https:\/\/editorapangeia.com.br\/pt_br\/wp-json\/wp\/v2\/types\/product"}],"replies":[{"embeddable":true,"href":"https:\/\/editorapangeia.com.br\/pt_br\/wp-json\/wp\/v2\/comments?post=10636"}],"wp:featuredmedia":[{"embeddable":true,"href":"https:\/\/editorapangeia.com.br\/pt_br\/wp-json\/wp\/v2\/media\/10632"}],"wp:attachment":[{"href":"https:\/\/editorapangeia.com.br\/pt_br\/wp-json\/wp\/v2\/media?parent=10636"}],"wp:term":[{"taxonomy":"product_brand","embeddable":true,"href":"https:\/\/editorapangeia.com.br\/pt_br\/wp-json\/wp\/v2\/product_brand?post=10636"},{"taxonomy":"product_cat","embeddable":true,"href":"https:\/\/editorapangeia.com.br\/pt_br\/wp-json\/wp\/v2\/product_cat?post=10636"},{"taxonomy":"product_tag","embeddable":true,"href":"https:\/\/editorapangeia.com.br\/pt_br\/wp-json\/wp\/v2\/product_tag?post=10636"}],"curies":[{"name":"wp","href":"https:\/\/api.w.org\/{rel}","templated":true}]}}