{"id":10554,"date":"2023-09-21T07:00:41","date_gmt":"2023-09-21T07:00:41","guid":{"rendered":"https:\/\/editorapangeia.com.br\/?post_type=product&#038;p=10554"},"modified":"2025-05-21T16:22:31","modified_gmt":"2025-05-21T16:22:31","slug":"pequeno-inventario-de-memorias-eu-professor-pdf-e-livro","status":"publish","type":"product","link":"https:\/\/editorapangeia.com.br\/pt_br\/product\/pequeno-inventario-de-memorias-eu-professor-pdf-e-livro\/","title":{"rendered":"Pequeno invent\u00e1rio de mem\u00f3rias, Carlos Rodrigues Brand\u00e3o"},"content":{"rendered":"<p style=\"text-align: center;\"><strong>Para mais informa\u00e7\u00f5es sobre o autor,<\/strong><\/p>\n<blockquote>\n<p style=\"text-align: center;\"><strong><a href=\"https:\/\/editorapangeia.com.br\/?s=CARLOS+RODRIGUES+BRAND\u00c3O\">CLIQUE AQUI !!!<\/a><\/strong><\/p>\n<p style=\"text-align: center;\"><strong>Para mais informa\u00e7\u00f5es sobre o livro,<br \/>\n<a href=\"https:\/\/editorapangeia.com.br\/?s=INVENT\u00c1RIO+DE+MEM\u00d3RIAS+\">CLIQUE AQUI !!!<\/a><\/strong><\/p>\n<p><strong>Um presente para o presente<\/strong><\/p>\n<p>Escrevemos essas p\u00e1ginas para anunciar um presente\u00a0para o presente, com mais um dos incont\u00e1veis trabalhos de Carlos Rodrigues Brand\u00e3o.\u00a0\u00c9 uma lufada de esperan\u00e7a essas mem\u00f3rias de professor que\u00a0se confundem com as pesquisas do antrop\u00f3logo, as aventuras\u00a0do jovem escalador e viajador, as produ\u00e7\u00f5es acad\u00eamicas, o en-<br \/>\ngajamento com a Cultura Popular, os escritos po\u00e9ticos, a prosa\u00a0contagiante.<\/p>\n<p>Ao longo de suas p\u00e1ginas, as nuances de uma narrativa sem a\u00a0pretens\u00e3o de ser uma reda\u00e7\u00e3o definitiva e sim a pot\u00eancia criativa\u00a0da vida em movimento, que encorajam m\u00faltiplas vozes interiorizadas que ecoam: \u201cEu, professor!\u201d<\/p>\n<p>Um presente para o presente, desta maneira foi lapidada\u00a0essa narrativa, ora autobiogr\u00e1fica, ora coletiva, m\u00faltipla, plural, assim como os horizontes de utopias e esperan\u00e7as, vividas\u00a0e vivenciadas nos caminhos da educa\u00e7\u00e3o popular brasileira e\u00a0latino-americana, em sua trajet\u00f3ria de vida, como estudante e\u00a0professor, como sujeito fazedor de hist\u00f3rias.<\/p>\n<p>S\u00e3o oitenta e um anos do Professor Carlos Rodrigues Brand\u00e3o. \u00c9 preciso lembrar que cada corpo no qual habita a alma\u00a0docente representa vidas recriadas e n\u00e3o revividas, e que mem\u00f3rias de forma\u00e7\u00e3o valem tanto pelo que contam quanto por\u00a0seus sil\u00eancios e por sua inconclus\u00e3o, incompletude e inacabamento \u2013 assim \u00e9 o ser humano, no expressar de Paulo Freire.<\/p>\n<p>Reiteramos que Brand\u00e3o, generosamente, nos permite conhecer suas maneiras de ser e estar no cen\u00e1rio da Educa\u00e7\u00e3o\u00a0do Brasil, da UNICAMP e onde mais andou \u2013 e ele muito caminhou mundo afora em viagens, em livros, em lives, em inspira\u00e7\u00e3o a estudantes e educadores, a orientandos e a colegas.<\/p>\n<p>[&#8230;]<\/p>\n<p>Que sigamos caminhando de m\u00e3os dadas por projetos coletivos que conduzam para vislumbrar nossos horizontes da utopia, da esperan\u00e7a, em um mundo onde n\u00e3o seja t\u00e3o dif\u00edcil amar.<\/p>\n<p style=\"text-align: right;\">Professora Nima Spigolon<br \/>\nProfessor C\u00e9sar Ferreira da Silva<\/p>\n<blockquote>\n<p style=\"text-align: center;\"><strong>EU, PROFESSOR<\/strong><br \/>\nVeja a not\u00edcia de<br \/>\nlan\u00e7amento da<br \/>\nCOLE\u00c7\u00c3O:<br \/>\n<a href=\"https:\/\/editorapangeia.com.br\/colecao-eu-professor\/\"><span style=\"color: #ff0000;\"><strong>AQUI!<\/strong><\/span><\/a><\/p>\n<\/blockquote>\n<\/blockquote>\n","protected":false},"excerpt":{"rendered":"<p>Carlos Rodrigues Brand\u00e3o em sua obra capital: mem\u00f3rias de vida, do educador, do pesquisador, com dezenas de fotos da trajet\u00f3ria da juventude dourada nas praias e trilhas cariocas \u00e0 milit\u00e2ncia na educa\u00e7\u00e3o popular, construindo travessia que o tornou refer\u00eancia em diversas \u00e1reas acad\u00eamicas.<\/p>\n<p style=\"text-align: center;\"><img loading=\"lazy\" decoding=\"async\" class=\"alignnone size-medium wp-image-7112\" src=\"http:\/\/editorapangeia.com.br\/wp-content\/uploads\/2021\/09\/brandao-300x284.jpg\" alt=\"\" width=\"300\" height=\"284\" srcset=\"https:\/\/editorapangeia.com.br\/wp-content\/uploads\/2021\/09\/brandao-300x284.jpg 300w, https:\/\/editorapangeia.com.br\/wp-content\/uploads\/2021\/09\/brandao.jpg 332w\" sizes=\"auto, (max-width: 300px) 100vw, 300px\" \/><\/p>\n","protected":false},"featured_media":10556,"comment_status":"open","ping_status":"closed","template":"","meta":[],"product_brand":[],"product_cat":[4575,4083],"product_tag":[2151,1247,453,351,1311],"class_list":{"0":"post-10554","1":"product","2":"type-product","3":"status-publish","4":"has-post-thumbnail","6":"product_cat-biografia","7":"product_cat-educacaoensino","8":"product_tag-capes","9":"product_tag-carlos-rodrigues-brandao","10":"product_tag-educacao","11":"product_tag-ensino","12":"product_tag-eu-professor","14":"first","15":"instock","16":"taxable","17":"shipping-taxable","18":"product-type-grouped"},"_links":{"self":[{"href":"https:\/\/editorapangeia.com.br\/pt_br\/wp-json\/wp\/v2\/product\/10554","targetHints":{"allow":["GET"]}}],"collection":[{"href":"https:\/\/editorapangeia.com.br\/pt_br\/wp-json\/wp\/v2\/product"}],"about":[{"href":"https:\/\/editorapangeia.com.br\/pt_br\/wp-json\/wp\/v2\/types\/product"}],"replies":[{"embeddable":true,"href":"https:\/\/editorapangeia.com.br\/pt_br\/wp-json\/wp\/v2\/comments?post=10554"}],"wp:featuredmedia":[{"embeddable":true,"href":"https:\/\/editorapangeia.com.br\/pt_br\/wp-json\/wp\/v2\/media\/10556"}],"wp:attachment":[{"href":"https:\/\/editorapangeia.com.br\/pt_br\/wp-json\/wp\/v2\/media?parent=10554"}],"wp:term":[{"taxonomy":"product_brand","embeddable":true,"href":"https:\/\/editorapangeia.com.br\/pt_br\/wp-json\/wp\/v2\/product_brand?post=10554"},{"taxonomy":"product_cat","embeddable":true,"href":"https:\/\/editorapangeia.com.br\/pt_br\/wp-json\/wp\/v2\/product_cat?post=10554"},{"taxonomy":"product_tag","embeddable":true,"href":"https:\/\/editorapangeia.com.br\/pt_br\/wp-json\/wp\/v2\/product_tag?post=10554"}],"curies":[{"name":"wp","href":"https:\/\/api.w.org\/{rel}","templated":true}]}}