{"id":10457,"date":"2022-09-26T07:48:50","date_gmt":"2022-09-26T07:48:50","guid":{"rendered":"https:\/\/editorapangeia.com.br\/?post_type=product&#038;p=10457"},"modified":"2025-04-10T16:38:33","modified_gmt":"2025-04-10T16:38:33","slug":"poe-um-conto-e-um-poema-traducoes-pdf","status":"publish","type":"product","link":"https:\/\/editorapangeia.com.br\/pt_br\/product\/poe-um-conto-e-um-poema-traducoes-pdf\/","title":{"rendered":"Poema e Conto, Edgar Allan Poe"},"content":{"rendered":"<p><img loading=\"lazy\" decoding=\"async\" class=\"size-medium wp-image-10455 aligncenter\" src=\"http:\/\/editorapangeia.com.br\/wp-content\/uploads\/2022\/09\/edgar-allan-poe-daguerreotype-crop-cke-1-295x300.jpg\" alt=\"\" width=\"295\" height=\"300\" srcset=\"https:\/\/editorapangeia.com.br\/wp-content\/uploads\/2022\/09\/edgar-allan-poe-daguerreotype-crop-cke-1-295x300.jpg 295w, https:\/\/editorapangeia.com.br\/wp-content\/uploads\/2022\/09\/edgar-allan-poe-daguerreotype-crop-cke-1-394x400.jpg 394w, https:\/\/editorapangeia.com.br\/wp-content\/uploads\/2022\/09\/edgar-allan-poe-daguerreotype-crop-cke-1-50x50.jpg 50w, https:\/\/editorapangeia.com.br\/wp-content\/uploads\/2022\/09\/edgar-allan-poe-daguerreotype-crop-cke-1.jpg 557w\" sizes=\"auto, (max-width: 295px) 100vw, 295px\" \/><\/p>\n<p style=\"text-align: center;\">Veja a homenagem da Pangeia a<br \/>\n<strong><span style=\"color: #ff0000;\">Edgar Allan Poe<\/span><\/strong><br \/>\ncom o conto &#8220;O del\u00edrio do corvo&#8221;,<br \/>\nde <a href=\"https:\/\/editorapangeia.com.br\/?s=Rauer\"><strong><span style=\"color: #0000ff;\">Rauer<\/span><\/strong><\/a>,<br \/>\n<a href=\"https:\/\/editorapangeia.com.br\/o-delirio-do-corvo\/\"><span style=\"color: #ff0000;\"><strong>clicando AQUI !<\/strong><\/span><\/a><\/p>\n<div style=\"text-align: center;\">As Edi\u00e7\u00f5es Dionysius tem curadoria<br \/>\nda poeta Willia Katia Oliveira.<\/div>\n<div><\/div>\n<div style=\"text-align: center;\">A Cole\u00e7\u00e3o Plaquete tem curadoria<br \/>\ndo Prof. Rauer Ribeiro Rodrigues.<\/div>\n","protected":false},"excerpt":{"rendered":"<p>Vers\u00e3o PDF, de Edgar Allan Poe, esta edi\u00e7\u00e3o traz um dos contos mais famosos, &#8220;O retrato oval&#8221;, em tradu\u00e7\u00e3o in\u00e9dita, e o conto mais reconhecido, &#8220;The Raven&#8221;, &#8220;O corvo&#8221;, &#8220;Le Corbeau&#8221;. Traz ainda a tradu\u00e7\u00e3o de Charles Baudelaire para o conto e para o poema. Traz ainda a tradu\u00e7\u00e3o mais difundida no Brasil de &#8220;O Corvo&#8221;, a de Machado de Assis. E traz a primeira vers\u00e3o do conto, ainda com o t\u00edtulo &#8220;Life in Death&#8221;. Uma edi\u00e7\u00e3o sem paralelos no universo editorial brasileiro, na Cole\u00e7\u00e3o Plaquete, das Edi\u00e7\u00f5es Dionysius, o selo de literatura da Pangeia Editorial. Para baixar gratuitamente at\u00e9 20 de outubro de 2022.<\/p>\n","protected":false},"featured_media":10460,"comment_status":"open","ping_status":"closed","template":"","meta":[],"product_brand":[],"product_cat":[4076],"product_tag":[1282,2151,1283,1148,754,1652,1024,303,149,1284,1285,1286,1035,1287,1288,1289,1290,897,1291,227,111,113,112,476,1292,1651,564],"class_list":{"0":"post-10457","1":"product","2":"type-product","3":"status-publish","4":"has-post-thumbnail","6":"product_cat-contos","7":"product_tag-a-filosofia-da-composicao","8":"product_tag-capes","9":"product_tag-charles-baudelaire","10":"product_tag-colecao-plaquete","11":"product_tag-conto","12":"product_tag-corona","13":"product_tag-edgar-allan-poe","14":"product_tag-edicoes-dionysius","15":"product_tag-gplv","16":"product_tag-le-corbeau","17":"product_tag-le-portraite-ovale","18":"product_tag-life-in-death","19":"product_tag-machado-de-assis","20":"product_tag-maria-da-luz-alves-pereira","21":"product_tag-o-conto-na-modernidade","22":"product_tag-o-corvo","23":"product_tag-o-retrato-oval","24":"product_tag-pandemia","25":"product_tag-pangeia-editorial","26":"product_tag-poema","27":"product_tag-poesia","28":"product_tag-qohelet","29":"product_tag-rauer","30":"product_tag-rauer-ribeiro-rodrigues","31":"product_tag-the-raven","32":"product_tag-virus","33":"product_tag-willia-katia-oliveira","35":"first","36":"instock","37":"downloadable","38":"virtual","39":"taxable","40":"purchasable","41":"product-type-simple"},"_links":{"self":[{"href":"https:\/\/editorapangeia.com.br\/pt_br\/wp-json\/wp\/v2\/product\/10457","targetHints":{"allow":["GET"]}}],"collection":[{"href":"https:\/\/editorapangeia.com.br\/pt_br\/wp-json\/wp\/v2\/product"}],"about":[{"href":"https:\/\/editorapangeia.com.br\/pt_br\/wp-json\/wp\/v2\/types\/product"}],"replies":[{"embeddable":true,"href":"https:\/\/editorapangeia.com.br\/pt_br\/wp-json\/wp\/v2\/comments?post=10457"}],"wp:featuredmedia":[{"embeddable":true,"href":"https:\/\/editorapangeia.com.br\/pt_br\/wp-json\/wp\/v2\/media\/10460"}],"wp:attachment":[{"href":"https:\/\/editorapangeia.com.br\/pt_br\/wp-json\/wp\/v2\/media?parent=10457"}],"wp:term":[{"taxonomy":"product_brand","embeddable":true,"href":"https:\/\/editorapangeia.com.br\/pt_br\/wp-json\/wp\/v2\/product_brand?post=10457"},{"taxonomy":"product_cat","embeddable":true,"href":"https:\/\/editorapangeia.com.br\/pt_br\/wp-json\/wp\/v2\/product_cat?post=10457"},{"taxonomy":"product_tag","embeddable":true,"href":"https:\/\/editorapangeia.com.br\/pt_br\/wp-json\/wp\/v2\/product_tag?post=10457"}],"curies":[{"name":"wp","href":"https:\/\/api.w.org\/{rel}","templated":true}]}}