{"id":10376,"date":"2022-12-11T23:59:08","date_gmt":"2022-12-11T23:59:08","guid":{"rendered":"https:\/\/editorapangeia.com.br\/?post_type=product&#038;p=10376"},"modified":"2025-04-01T12:09:19","modified_gmt":"2025-04-01T12:09:19","slug":"o-raio-de-sol-livro","status":"publish","type":"product","link":"https:\/\/editorapangeia.com.br\/pt_br\/product\/o-raio-de-sol-livro\/","title":{"rendered":"O Raio de Sol, Nima Spigolon &#038; Maria Mirza Cury Diniz"},"content":{"rendered":"<div style=\"width: 1280px;\" class=\"wp-video\"><video class=\"wp-video-shortcode\" id=\"video-10376-1\" width=\"1280\" height=\"720\" preload=\"metadata\" controls=\"controls\"><source type=\"video\/mp4\" src=\"http:\/\/editorapangeia.com.br\/wp-content\/uploads\/2022\/12\/Nima_Raio_Ituiutaba-1.mp4?_=1\" \/><a href=\"http:\/\/editorapangeia.com.br\/wp-content\/uploads\/2022\/12\/Nima_Raio_Ituiutaba-1.mp4\">http:\/\/editorapangeia.com.br\/wp-content\/uploads\/2022\/12\/Nima_Raio_Ituiutaba-1.mp4<\/a><\/video><\/div>\n<p style=\"text-align: center;\">Muitas m\u00e3os confeccionaram este livro. Eis algumas dessas m\u00e3os:<\/p>\n<p style=\"text-align: center;\"><img loading=\"lazy\" decoding=\"async\" class=\"alignnone size-medium wp-image-10364\" src=\"http:\/\/editorapangeia.com.br\/wp-content\/uploads\/2022\/09\/IMG_20200720_172546294-276x300.jpg\" alt=\"\" width=\"276\" height=\"300\" srcset=\"https:\/\/editorapangeia.com.br\/wp-content\/uploads\/2022\/09\/IMG_20200720_172546294-276x300.jpg 276w, https:\/\/editorapangeia.com.br\/wp-content\/uploads\/2022\/09\/IMG_20200720_172546294-944x1024.jpg 944w, https:\/\/editorapangeia.com.br\/wp-content\/uploads\/2022\/09\/IMG_20200720_172546294-768x833.jpg 768w, https:\/\/editorapangeia.com.br\/wp-content\/uploads\/2022\/09\/IMG_20200720_172546294-1416x1536.jpg 1416w, https:\/\/editorapangeia.com.br\/wp-content\/uploads\/2022\/09\/IMG_20200720_172546294-1887x2048.jpg 1887w, https:\/\/editorapangeia.com.br\/wp-content\/uploads\/2022\/09\/IMG_20200720_172546294-700x760.jpg 700w, https:\/\/editorapangeia.com.br\/wp-content\/uploads\/2022\/09\/IMG_20200720_172546294-369x400.jpg 369w, https:\/\/editorapangeia.com.br\/wp-content\/uploads\/2022\/09\/IMG_20200720_172546294-645x700.jpg 645w, https:\/\/editorapangeia.com.br\/wp-content\/uploads\/2022\/09\/IMG_20200720_172546294-1198x1300.jpg 1198w\" sizes=\"auto, (max-width: 276px) 100vw, 276px\" \/><br \/>\nIlustradora:<br \/>\n@mari_com_m<\/p>\n<p style=\"text-align: center;\"><img loading=\"lazy\" decoding=\"async\" class=\"alignnone wp-image-10363 aligncenter\" src=\"http:\/\/editorapangeia.com.br\/wp-content\/uploads\/2022\/09\/Screenshot_20220914-100633_Instagram-238x300.jpg\" alt=\"\" width=\"277\" height=\"349\" srcset=\"https:\/\/editorapangeia.com.br\/wp-content\/uploads\/2022\/09\/Screenshot_20220914-100633_Instagram-238x300.jpg 238w, https:\/\/editorapangeia.com.br\/wp-content\/uploads\/2022\/09\/Screenshot_20220914-100633_Instagram-813x1024.jpg 813w, https:\/\/editorapangeia.com.br\/wp-content\/uploads\/2022\/09\/Screenshot_20220914-100633_Instagram-768x967.jpg 768w, https:\/\/editorapangeia.com.br\/wp-content\/uploads\/2022\/09\/Screenshot_20220914-100633_Instagram-700x881.jpg 700w, https:\/\/editorapangeia.com.br\/wp-content\/uploads\/2022\/09\/Screenshot_20220914-100633_Instagram-318x400.jpg 318w, https:\/\/editorapangeia.com.br\/wp-content\/uploads\/2022\/09\/Screenshot_20220914-100633_Instagram-556x700.jpg 556w, https:\/\/editorapangeia.com.br\/wp-content\/uploads\/2022\/09\/Screenshot_20220914-100633_Instagram-1032x1300.jpg 1032w, https:\/\/editorapangeia.com.br\/wp-content\/uploads\/2022\/09\/Screenshot_20220914-100633_Instagram.jpg 1080w\" sizes=\"auto, (max-width: 277px) 100vw, 277px\" \/>Revisor:<br \/>\n@gyl.junior<\/p>\n<p style=\"text-align: center;\"><img loading=\"lazy\" decoding=\"async\" class=\"alignnone wp-image-10365\" src=\"http:\/\/editorapangeia.com.br\/wp-content\/uploads\/2022\/09\/foto-Dona-Mirza-300x289.jpg\" alt=\"\" width=\"275\" height=\"265\" srcset=\"https:\/\/editorapangeia.com.br\/wp-content\/uploads\/2022\/09\/foto-Dona-Mirza-300x289.jpg 300w, https:\/\/editorapangeia.com.br\/wp-content\/uploads\/2022\/09\/foto-Dona-Mirza-1024x987.jpg 1024w, https:\/\/editorapangeia.com.br\/wp-content\/uploads\/2022\/09\/foto-Dona-Mirza-768x740.jpg 768w, https:\/\/editorapangeia.com.br\/wp-content\/uploads\/2022\/09\/foto-Dona-Mirza-700x675.jpg 700w, https:\/\/editorapangeia.com.br\/wp-content\/uploads\/2022\/09\/foto-Dona-Mirza-400x386.jpg 400w, https:\/\/editorapangeia.com.br\/wp-content\/uploads\/2022\/09\/foto-Dona-Mirza.jpg 1080w\" sizes=\"auto, (max-width: 275px) 100vw, 275px\" \/><br \/>\nHomenageada:<br \/>\nMaria Mirza Cury Diniz<\/p>\n<p style=\"text-align: center;\"><img loading=\"lazy\" decoding=\"async\" class=\"alignnone wp-image-10379\" src=\"http:\/\/editorapangeia.com.br\/wp-content\/uploads\/2022\/09\/IMG_4680-148x300.jpeg\" alt=\"\" width=\"272\" height=\"552\" srcset=\"https:\/\/editorapangeia.com.br\/wp-content\/uploads\/2022\/09\/IMG_4680-148x300.jpeg 148w, https:\/\/editorapangeia.com.br\/wp-content\/uploads\/2022\/09\/IMG_4680-505x1024.jpeg 505w, https:\/\/editorapangeia.com.br\/wp-content\/uploads\/2022\/09\/IMG_4680-768x1558.jpeg 768w, https:\/\/editorapangeia.com.br\/wp-content\/uploads\/2022\/09\/IMG_4680-757x1536.jpeg 757w, https:\/\/editorapangeia.com.br\/wp-content\/uploads\/2022\/09\/IMG_4680-1010x2048.jpeg 1010w, https:\/\/editorapangeia.com.br\/wp-content\/uploads\/2022\/09\/IMG_4680-700x1420.jpeg 700w, https:\/\/editorapangeia.com.br\/wp-content\/uploads\/2022\/09\/IMG_4680-197x400.jpeg 197w, https:\/\/editorapangeia.com.br\/wp-content\/uploads\/2022\/09\/IMG_4680-345x700.jpeg 345w, https:\/\/editorapangeia.com.br\/wp-content\/uploads\/2022\/09\/IMG_4680-641x1300.jpeg 641w, https:\/\/editorapangeia.com.br\/wp-content\/uploads\/2022\/09\/IMG_4680.jpeg 1125w\" sizes=\"auto, (max-width: 272px) 100vw, 272px\" \/><br \/>\nAutora:<br \/>\nNima Spigolon<\/p>\n<p style=\"text-align: center;\"><img loading=\"lazy\" decoding=\"async\" class=\"alignnone wp-image-10381\" src=\"http:\/\/editorapangeia.com.br\/wp-content\/uploads\/2022\/09\/Imagem-14-09-2022-as-18.01-300x287.jpg\" alt=\"\" width=\"289\" height=\"276\" srcset=\"https:\/\/editorapangeia.com.br\/wp-content\/uploads\/2022\/09\/Imagem-14-09-2022-as-18.01-300x287.jpg 300w, https:\/\/editorapangeia.com.br\/wp-content\/uploads\/2022\/09\/Imagem-14-09-2022-as-18.01-400x382.jpg 400w, https:\/\/editorapangeia.com.br\/wp-content\/uploads\/2022\/09\/Imagem-14-09-2022-as-18.01.jpg 547w\" sizes=\"auto, (max-width: 289px) 100vw, 289px\" \/><br \/>\nEditora-Executiva da\u00a0Pangeia Editorial:<br \/>\nProfa. Claudia Amoroso Bortolato<\/p>\n<p style=\"text-align: center;\"><img loading=\"lazy\" decoding=\"async\" class=\"alignnone wp-image-10371\" src=\"http:\/\/editorapangeia.com.br\/wp-content\/uploads\/2022\/09\/9840C1B6-83FB-4282-B5D3-9FCD4028CDE8-215x300.jpeg\" alt=\"\" width=\"282\" height=\"393\" srcset=\"https:\/\/editorapangeia.com.br\/wp-content\/uploads\/2022\/09\/9840C1B6-83FB-4282-B5D3-9FCD4028CDE8-215x300.jpeg 215w, https:\/\/editorapangeia.com.br\/wp-content\/uploads\/2022\/09\/9840C1B6-83FB-4282-B5D3-9FCD4028CDE8-735x1024.jpeg 735w, https:\/\/editorapangeia.com.br\/wp-content\/uploads\/2022\/09\/9840C1B6-83FB-4282-B5D3-9FCD4028CDE8-768x1070.jpeg 768w, https:\/\/editorapangeia.com.br\/wp-content\/uploads\/2022\/09\/9840C1B6-83FB-4282-B5D3-9FCD4028CDE8-700x976.jpeg 700w, https:\/\/editorapangeia.com.br\/wp-content\/uploads\/2022\/09\/9840C1B6-83FB-4282-B5D3-9FCD4028CDE8-287x400.jpeg 287w, https:\/\/editorapangeia.com.br\/wp-content\/uploads\/2022\/09\/9840C1B6-83FB-4282-B5D3-9FCD4028CDE8-502x700.jpeg 502w, https:\/\/editorapangeia.com.br\/wp-content\/uploads\/2022\/09\/9840C1B6-83FB-4282-B5D3-9FCD4028CDE8.jpeg 848w\" sizes=\"auto, (max-width: 282px) 100vw, 282px\" \/><br \/>\n<em>\u00c0\u00a0sombra da jabuticabeira, a\u00a0professora<br \/>\npensativa,\u00a0<\/em><em>apaixonada pela educa\u00e7\u00e3o,<br \/>\n<\/em><em>conta que\u00a0um dia\u00a0saiu\u00a0a flutuar na<br \/>\nimagina\u00e7\u00e3o, <\/em><em>numa\u00a0viagem\u00a0fant\u00e1stica<br \/>\npela Via L\u00e1ctea&#8230;<\/em><\/p>\n<p style=\"text-align: center;\"><em>Chegou\u00a0at\u00e9 o\u00a0Sol.<br \/>\nGrande\u00a0foi sua\u00a0emo\u00e7\u00e3o!<\/em><\/p>\n<blockquote>\n<p style=\"text-align: center;\"><strong>Quer saber mais sobre o livro?<\/strong><br \/>\nClique <span style=\"color: #0000ff;\"><strong>AQUI<\/strong><\/span>\u00a0e\u00a0<a href=\"https:\/\/editorapangeia.com.br\/?s=mirza\"><strong><span style=\"color: #ff0000;\">AQUI<\/span><\/strong><\/a>.<\/p>\n<p style=\"text-align: center;\">Para mais informa\u00e7\u00f5es sobre<br \/>\nNima Spigolon, a autora,<br \/>\nclique <a href=\"https:\/\/editorapangeia.com.br\/?s=spigolon\"><strong><span style=\"color: #ff6600;\">AQUI<\/span><\/strong><\/a>.<\/p>\n<\/blockquote>\n","protected":false},"excerpt":{"rendered":"<p style=\"font-weight: 400;\">Profa. Maria Mirza Cury Diniz:<\/p>\n<p style=\"font-weight: 400;\">Filha de Jorge Jos\u00e9 Cury e Tamina Abrah\u00e3o. Professora, diretora de escola, educadora apaixonada pela educa\u00e7\u00e3o\u00a0infantil, atuando em todos os n\u00edveis de educa\u00e7\u00e3o por mais de 60 anos. Personagem hist\u00f3rica em diversas frentes na defesa da cultura, da arte e da m\u00fasica, da educa\u00e7\u00e3o e dos direitos humanos e sociais da cidade, da regi\u00e3o e do estado. Fundadora da Escola infantil Raio de Sol, em Ituiutaba, MG, da qual foi diretora desde os primeiros tempos. Cozinheira de m\u00e3o cheia nas horas vagas. Mulher, amiga, irm\u00e3,\u00a0 esposa, m\u00e3e, av\u00f3 e bisav\u00f3.<\/p>\n<p>Esta \u00e9 uma biografia po\u00e9tica escrita com admira\u00e7\u00e3o, amorosidade e carinho por Nima Spigolon, pedagoga, professora da UNICAMP, cuidadora dos animais, amante da vida, escritora e pesquisadora, artista, ativista, artevista e artvista.<\/p>\n<p style=\"text-align: center;\">Nima e Mirza &#8211; Mirza e Nima,<br \/>\nno fulgor das epifanias, um lindo livro,<br \/>\n<strong>um livro para ser lido e para ser amado<\/strong>.<\/p>\n","protected":false},"featured_media":10369,"comment_status":"open","ping_status":"closed","template":"","meta":[],"product_brand":[],"product_cat":[4080],"product_tag":[544,3171,366,453,1440,351,350,1384,1439,1438,156,316,367,415,1262,1261,528,1263,347,1224,111,1260],"class_list":{"0":"post-10376","1":"product","2":"type-product","3":"status-publish","4":"has-post-thumbnail","6":"product_cat-infantojuvenil","7":"product_tag-biografia","8":"product_tag-cadernos-de-docencia","9":"product_tag-edicoes-sarue","10":"product_tag-educacao","11":"product_tag-elza-freire-legado","12":"product_tag-ensino","13":"product_tag-escola","14":"product_tag-homenagem","15":"product_tag-legado","16":"product_tag-leitura-literaria","17":"product_tag-literatura","18":"product_tag-literatura-infantil","19":"product_tag-literatura-infantojuvenil","20":"product_tag-literatura-na-escola","21":"product_tag-maria-mirza-cury-diniz","22":"product_tag-mirza-cury","23":"product_tag-nima-spigolon","24":"product_tag-o-raio-de-sol","25":"product_tag-pedagogia","26":"product_tag-pedagogia-da-convivencia","27":"product_tag-poesia","28":"product_tag-raio-de-sol","29":"product_shipping_class-normal","31":"first","32":"instock","33":"sale","34":"taxable","35":"shipping-taxable","36":"purchasable","37":"product-type-simple"},"_links":{"self":[{"href":"https:\/\/editorapangeia.com.br\/pt_br\/wp-json\/wp\/v2\/product\/10376","targetHints":{"allow":["GET"]}}],"collection":[{"href":"https:\/\/editorapangeia.com.br\/pt_br\/wp-json\/wp\/v2\/product"}],"about":[{"href":"https:\/\/editorapangeia.com.br\/pt_br\/wp-json\/wp\/v2\/types\/product"}],"replies":[{"embeddable":true,"href":"https:\/\/editorapangeia.com.br\/pt_br\/wp-json\/wp\/v2\/comments?post=10376"}],"wp:featuredmedia":[{"embeddable":true,"href":"https:\/\/editorapangeia.com.br\/pt_br\/wp-json\/wp\/v2\/media\/10369"}],"wp:attachment":[{"href":"https:\/\/editorapangeia.com.br\/pt_br\/wp-json\/wp\/v2\/media?parent=10376"}],"wp:term":[{"taxonomy":"product_brand","embeddable":true,"href":"https:\/\/editorapangeia.com.br\/pt_br\/wp-json\/wp\/v2\/product_brand?post=10376"},{"taxonomy":"product_cat","embeddable":true,"href":"https:\/\/editorapangeia.com.br\/pt_br\/wp-json\/wp\/v2\/product_cat?post=10376"},{"taxonomy":"product_tag","embeddable":true,"href":"https:\/\/editorapangeia.com.br\/pt_br\/wp-json\/wp\/v2\/product_tag?post=10376"}],"curies":[{"name":"wp","href":"https:\/\/api.w.org\/{rel}","templated":true}]}}