{"id":10250,"date":"2022-10-24T11:55:18","date_gmt":"2022-10-24T11:55:18","guid":{"rendered":"https:\/\/editorapangeia.com.br\/?post_type=product&#038;p=10250"},"modified":"2025-07-17T17:37:28","modified_gmt":"2025-07-17T17:37:28","slug":"hanami-haikais-pdf","status":"publish","type":"product","link":"https:\/\/editorapangeia.com.br\/pt_br\/product\/hanami-haikais-pdf\/","title":{"rendered":"HAICAI &#8211; Hanami, Nima Spigolon"},"content":{"rendered":"<div class=\"col-md-7 col-sm-12 mb-80\">\n<div class=\"SingleProductInfoBox\">\n<div id=\"info-box-description\" class=\"info-box-panel info-box-panel-description special-first-letter entry-content\">\n<blockquote><p><strong>Este livro \u00e9 o 5\u00ba volume da Cole\u00e7\u00e3o Plaquete.<\/strong><\/p><\/blockquote>\n<p style=\"text-align: center;\"><img loading=\"lazy\" decoding=\"async\" class=\"alignnone size-medium wp-image-10239\" src=\"http:\/\/editorapangeia.com.br\/wp-content\/uploads\/2022\/08\/IMG_4173-245x300.jpeg\" alt=\"\" width=\"245\" height=\"300\" srcset=\"https:\/\/editorapangeia.com.br\/wp-content\/uploads\/2022\/08\/IMG_4173-245x300.jpeg 245w, https:\/\/editorapangeia.com.br\/wp-content\/uploads\/2022\/08\/IMG_4173-835x1024.jpeg 835w, https:\/\/editorapangeia.com.br\/wp-content\/uploads\/2022\/08\/IMG_4173-768x941.jpeg 768w, https:\/\/editorapangeia.com.br\/wp-content\/uploads\/2022\/08\/IMG_4173-700x858.jpeg 700w, https:\/\/editorapangeia.com.br\/wp-content\/uploads\/2022\/08\/IMG_4173-326x400.jpeg 326w, https:\/\/editorapangeia.com.br\/wp-content\/uploads\/2022\/08\/IMG_4173-571x700.jpeg 571w, https:\/\/editorapangeia.com.br\/wp-content\/uploads\/2022\/08\/IMG_4173.jpeg 913w\" sizes=\"auto, (max-width: 245px) 100vw, 245px\" \/><br \/>\n<em>Nima Spigolon<\/em><\/p>\n<div>\n<p>Professora da UNICAMP, onde atua na gradua\u00e7\u00e3o e na p\u00f3s-gradua\u00e7\u00e3o. \u00e9, al\u00e9m de\u00a0\u00a0professora, poeta, escritora, curadora editorial, artivista e afins.<\/p>\n<p>Foi a primeira estudiosa da educadora Elza Freire, sobre a qual pesquisou no mestrado (2006-2009) e no doutorado (2010-2014), ambos no PPGE da Universidade Estadual de Campinas (UNICAMP) e sobre a qual realizou \u2013 na UFU \u2013 o p\u00f3s-doutoramento (2021-2022). Os tr\u00eas livros oriundos dessa trajet\u00f3ria da pesquisadora saem, na Editora Pangeia, entre outubro de 2022 e mar\u00e7o de 2023.<\/p>\n<p>Tem diversos livros publicados, autorais e na condi\u00e7\u00e3o de organizadora e co-organizadora, e participa de diversas antologias.<\/p>\n<p style=\"text-align: center;\">Destacamos:<br \/>\n<a href=\"https:\/\/editorapangeia.com.br\/product\/pandemim\/\"><strong><em>Pandemim<\/em><\/strong><\/a>;<br \/>\n<a href=\"https:\/\/editorapangeia.com.br\/product\/micros-beaga\/\"><strong><em>Micros-Beag\u00e1<\/em><\/strong><\/a>;<br \/>\n<a href=\"https:\/\/editorapangeia.com.br\/product\/desmortes-2\/\"><strong><em>De(s) \u00a0Morte(s)<\/em><\/strong><\/a>;<br \/>\n<a href=\"https:\/\/editorapangeia.com.br\/product\/o-gambazinho-sarue-pdf-e-livro\/\"><strong><em>O <\/em><\/strong><strong><em>gambazinho saru\u00ea<\/em><\/strong><\/a>;<br \/>\n<a href=\"https:\/\/editorapangeia.com.br\/product\/formacao-docente-i-pdf-livro\/\"><em><strong>Forma\u00e7\u00e3o Docente<\/strong><\/em>, I e II<\/a>,<br \/>\n<a href=\"https:\/\/editorapangeia.com.br\/product\/brasil-golpe-ditadura-educacao-pdf-livro\/\"><strong><em>Brasil: Golpe, Ditadura, Educa\u00e7\u00e3o<\/em><\/strong><\/a>.<\/p>\n<p style=\"text-align: center;\">Encontre todos estes livros em:<br \/>\n<strong>editorapangeia.com.br\/shop<\/strong><\/p>\n<p style=\"text-align: center;\">Contatos &amp;lt;\u00a0<a href=\"mailto:nima@unicamp.br\">nima@unicamp.br<\/a> &gt;.<\/p>\n<\/div>\n<div style=\"text-align: center;\">Conhe\u00e7a a\u00a0<strong>GONDWANA<\/strong>,<\/div>\n<div style=\"text-align: center;\">a Plataforma de Pr\u00e9-Venda<\/div>\n<div style=\"text-align: center;\">da PANGEIA EDITORIAL:<\/div>\n<div style=\"text-align: center;\">\n<p><a href=\"https:\/\/editorapangeia.com.br\/gondwana-2\/\"><strong>AQUI !!!!<\/strong><\/a><\/p>\n<p><em><strong>Elza Freire e Paulo Freire: por uma<\/strong><\/em><br \/>\n<em><strong>Pedagogia da Conviv\u00eancia<\/strong><\/em><br \/>\nQuer mais informa\u00e7\u00f5es<br \/>\nsobre este livro ???<\/p>\n<\/div>\n<div style=\"text-align: center;\"><a href=\"https:\/\/editorapangeia.com.br\/pedagogia-convivencia-elza-paulo-freire\/\"><strong>AQUI <\/strong><\/a>e <a href=\"https:\/\/editorapangeia.com.br\/?s=spigolon\"><strong>AQUI<\/strong><\/a>.<\/div>\n<div><\/div>\n<div style=\"text-align: center;\">As Edi\u00e7\u00f5es Dionysius tem curadoria<br \/>\nda poeta Willia Katia Oliveira.<\/div>\n<div><\/div>\n<div style=\"text-align: center;\">A Cole\u00e7\u00e3o Plaquete tem curadoria<br \/>\ndo Prof. Rauer Ribeiro Rodrigues.<\/div>\n<\/div>\n<\/div>\n<\/div>\n","protected":false},"excerpt":{"rendered":"<p>Poemas da artista, escritora, professora e ativista cultural e editorial Nima Spigolon. O livro faz a primeira recolha de haikais da poeta, que j\u00e1 mostrara essa face no infantojuvenil O gambazinho saru\u00ea.<\/p>\n<p>A Cole\u00e7\u00e3o Plaquete abre espa\u00e7o para eBooks de baixo custo e ampla dissemina\u00e7\u00e3o. Volume em PDF baix\u00e1vel.<\/p>\n","protected":false},"featured_media":10266,"comment_status":"open","ping_status":"closed","template":"","meta":[],"product_brand":[],"product_cat":[4091,4077],"product_tag":[1146,1231,1233,1148,122,303,243,1229,1236,1232,157,187,1235,528,1230,111,1142,1234],"class_list":{"0":"post-10250","1":"product","2":"type-product","3":"status-publish","4":"has-post-thumbnail","6":"product_cat-haikai","7":"product_cat-poesia","8":"product_tag-haikaibrasil","9":"product_tag-artvista","10":"product_tag-cerejeira","11":"product_tag-colecao-plaquete","12":"product_tag-ebook","13":"product_tag-edicoes-dionysius","14":"product_tag-escrita-feminina","15":"product_tag-haicai","16":"product_tag-haikai-brasil","17":"product_tag-hanami","18":"product_tag-literatura-brasileira","19":"product_tag-literatura-brasileira-contemporanea","20":"product_tag-natureza","21":"product_tag-nima-spigolon","22":"product_tag-pdf","23":"product_tag-poesia","24":"product_tag-poesia-zen","25":"product_tag-sakura","26":"product_shipping_class-normal","28":"first","29":"instock","30":"taxable","31":"shipping-taxable","32":"product-type-external"},"_links":{"self":[{"href":"https:\/\/editorapangeia.com.br\/pt_br\/wp-json\/wp\/v2\/product\/10250","targetHints":{"allow":["GET"]}}],"collection":[{"href":"https:\/\/editorapangeia.com.br\/pt_br\/wp-json\/wp\/v2\/product"}],"about":[{"href":"https:\/\/editorapangeia.com.br\/pt_br\/wp-json\/wp\/v2\/types\/product"}],"replies":[{"embeddable":true,"href":"https:\/\/editorapangeia.com.br\/pt_br\/wp-json\/wp\/v2\/comments?post=10250"}],"wp:featuredmedia":[{"embeddable":true,"href":"https:\/\/editorapangeia.com.br\/pt_br\/wp-json\/wp\/v2\/media\/10266"}],"wp:attachment":[{"href":"https:\/\/editorapangeia.com.br\/pt_br\/wp-json\/wp\/v2\/media?parent=10250"}],"wp:term":[{"taxonomy":"product_brand","embeddable":true,"href":"https:\/\/editorapangeia.com.br\/pt_br\/wp-json\/wp\/v2\/product_brand?post=10250"},{"taxonomy":"product_cat","embeddable":true,"href":"https:\/\/editorapangeia.com.br\/pt_br\/wp-json\/wp\/v2\/product_cat?post=10250"},{"taxonomy":"product_tag","embeddable":true,"href":"https:\/\/editorapangeia.com.br\/pt_br\/wp-json\/wp\/v2\/product_tag?post=10250"}],"curies":[{"name":"wp","href":"https:\/\/api.w.org\/{rel}","templated":true}]}}