{"id":10222,"date":"2025-06-16T09:00:54","date_gmt":"2025-06-16T09:00:54","guid":{"rendered":"https:\/\/editorapangeia.com.br\/?post_type=product&#038;p=10222"},"modified":"2025-06-16T14:19:44","modified_gmt":"2025-06-16T14:19:44","slug":"elza-freire-e-paulo-freire-por-uma-pedagogia-da-convivencia","status":"publish","type":"product","link":"https:\/\/editorapangeia.com.br\/pt_br\/product\/elza-freire-e-paulo-freire-por-uma-pedagogia-da-convivencia\/","title":{"rendered":"Elza Freire e Paulo Freire &#8211; Vol. 1: por uma pedagogia da conviv\u00eancia, Nima Spigolon"},"content":{"rendered":"<p>Eis a TRI\u0301ADE ELZA FREIRE:<\/p>\n<ol>\n<li><strong><em>Elza Freire e Paulo Freire: por uma Pedagogia da Convive\u0302ncia<\/em><\/strong> &#8211; lan\u00e7ado em dezembro de 2022, formato 14x21cm, 392 p\u00e1ginas, 2\u00aa edi\u00e7\u00e3o, ampliada<\/li>\n<li><em>Elza Freire e Paulo Freire: Noites de Exi\u0301lio, Dias de Utopia<\/em> &#8211; lan\u00e7ado em novembro de 2023, formato 16x23cm, 784 p\u00e1ginas, com ampla iconografia &#8211; <strong>Pr\u00eamio Jabuti Acad\u00eamico 2024 na categoria Educa\u00e7\u00e3o e Ensino<\/strong><\/li>\n<li><em>Elza Freire e Paulo Freire: Fotobiografia<\/em> &#8211; lan\u00e7amento previsto para 2025<\/li>\n<\/ol>\n<p><strong>TRI\u0301ADE ELZA FREIRE<\/strong> &#8211; um lanc\u0327amento da Editora Pangeia, um marco nos estudos freireanos.<\/p>\n<p style=\"text-align: center;\">Para mais informa\u00e7\u00f5es,<br \/>\n<a href=\"https:\/\/editorapangeia.com.br\/?s=Elza+Freire\"><span style=\"color: #ff0000;\"><strong>CLIQUE AQUI!!!<\/strong><\/span><\/a><\/p>\n<div style=\"text-align: center;\"><img loading=\"lazy\" decoding=\"async\" class=\"alignnone wp-image-10225\" src=\"http:\/\/editorapangeia.com.br\/wp-content\/uploads\/2022\/08\/24AF363E-6705-41DF-98D3-D0FC6E0209FC_1_201_a-197x300.jpeg\" alt=\"\" width=\"280\" height=\"429\" \/><\/div>\n<div style=\"text-align: center;\"><a href=\"https:\/\/editorapangeia.com.br\/?s=spigolon\"><em><strong>Nima Spigolon<\/strong><\/em><\/a><\/div>\n<div>\n<p>Professora da UNICAMP, onde atua na gradua\u00e7\u00e3o e na p\u00f3s-gradua\u00e7\u00e3o. \u00e9, al\u00e9m de\u00a0\u00a0professora, poeta, escritora, artivista e afins.<\/p>\n<p>Foi a primeira estudiosa da educadora Elza Freire, sobre a qual pesquisou no mestrado (2006-2009) e no doutorado (2010-2014), ambos no PPGE da Universidade Estadual de Campinas (UNICAMP) e sobre a qual realizou \u2013 na UFU \u2013 o p\u00f3s-doutoramento (2021-2022). Os tr\u00eas livros oriundos dessa trajet\u00f3ria da pesquisadora saem, na Editora Pangeia, entre julho de 2023 e agosto de 2025.<\/p>\n<p>Tem diversos livros publicados, autorais e na condi\u00e7\u00e3o de organizadora e co-organizadora, e participa de diversas antologias.<\/p>\n<p style=\"text-align: center;\">Destacamos:<br \/>\n<span style=\"color: #333399;\"><a href=\"https:\/\/editorapangeia.com.br\/product\/hanami-haikais-pdf\/\"><strong><em>Hanami<\/em><\/strong><\/a>;<\/span><br \/>\n<span style=\"color: #333399;\"><a style=\"color: #333399;\" href=\"https:\/\/editorapangeia.com.br\/product\/pandemim\/\"><strong><em>Pandemim<\/em><\/strong><\/a>;<\/span><br \/>\n<span style=\"color: #333399;\"><a style=\"color: #333399;\" href=\"https:\/\/editorapangeia.com.br\/product\/micros-beaga\/\"><strong><em>Micros-Beag\u00e1<\/em><\/strong><\/a>;<\/span><br \/>\n<span style=\"color: #333399;\"><a style=\"color: #333399;\" href=\"https:\/\/editorapangeia.com.br\/product\/desmortes-2\/\"><strong><em>De(s) \u00a0Morte(s)<\/em><\/strong><\/a>;<\/span><br \/>\n<span style=\"color: #333399;\"><a style=\"color: #333399;\" href=\"https:\/\/editorapangeia.com.br\/product\/o-gambazinho-sarue-pdf-e-livro\/\"><strong><em>O <\/em><\/strong><strong><em>gambazinho saru\u00ea<\/em><\/strong><\/a>;<\/span><br \/>\n<span style=\"color: #333399;\"><a style=\"color: #333399;\" href=\"https:\/\/editorapangeia.com.br\/product\/formacao-docente-i-pdf-livro\/\"><em><strong>Forma\u00e7\u00e3o Docente<\/strong><\/em>, I e II<\/a>,<\/span><br \/>\n<span style=\"color: #333399;\"><a style=\"color: #333399;\" href=\"https:\/\/editorapangeia.com.br\/product\/brasil-golpe-ditadura-educacao-pdf-livro\/\"><strong><em>Brasil: Golpe, Ditadura, Educa\u00e7\u00e3o<\/em><\/strong><\/a>.<\/span><\/p>\n<p style=\"text-align: center;\">Encontre todos estes livros em:<br \/>\n<a href=\"http:\/\/editorapangeia.com.br\/shop\"><strong>editorapangeia.com.br\/shop<\/strong><\/a><\/p>\n<p style=\"text-align: center;\">Contatos &lt;\u00a0<a href=\"mailto:nima@unicamp.br\">nima@unicamp.br<\/a> &gt;.<\/p>\n<\/div>\n<div style=\"text-align: center;\">Conhe\u00e7a a\u00a0<strong>GONDWANA<\/strong>,<\/div>\n<div style=\"text-align: center;\">a Plataforma de Pr\u00e9-Venda<\/div>\n<div style=\"text-align: center;\">da PANGEIA EDITORIAL:<\/div>\n<div style=\"text-align: center;\">\n<p><a href=\"https:\/\/editorapangeia.com.br\/gondwana-2\/\"><span style=\"color: #ff0000;\"><strong>AQUI !!!!<\/strong><\/span><\/a><\/p>\n<p><em><strong>Elza Freire e Paulo Freire: por uma<\/strong><\/em><br \/>\n<em><strong>Pedagogia da Conviv\u00eancia<\/strong><\/em><br \/>\n<span style=\"color: #000000;\">Para mais informa\u00e7\u00f5es sobre o livro, clique<\/span><\/p>\n<\/div>\n<div style=\"text-align: center;\">\n<p><a href=\"https:\/\/editorapangeia.com.br\/pedagogia-convivencia-elza-paulo-freire\/\"><strong>AQUI <\/strong><\/a>e <a href=\"https:\/\/editorapangeia.com.br\/?s=spigolon\"><strong>AQUI<\/strong><\/a>.<\/p>\n<\/div>\n<div style=\"text-align: center;\">\n<p style=\"text-align: left;\">TRI\u0301ADE ELZA FREIRE:<\/p>\n<ol>\n<li style=\"text-align: left;\"><em>Elza Freire e Paulo Freire: por uma Pedagogia da Convive\u0302ncia<\/em> &#8211; lan\u00e7ado em dezembro de 2022, formato 14x21cm, 392 p\u00e1ginas, 2\u00aa edi\u00e7\u00e3o, ampliada<\/li>\n<li style=\"text-align: left;\"><em>Elza Freire e Paulo Freire: Noites de Exi\u0301lio, Dias de Utopia<\/em> &#8211; lan\u00e7ado em novembro de 2023, formato 16x23cm, 784 p\u00e1ginas, com ampla iconografia \u2013\u00a0<strong>Pr\u00eamio Jabuti Acad\u00eamico 2024 em Educa\u00e7\u00e3o e Ensino<\/strong><\/li>\n<li style=\"text-align: left;\"><em>Elza Freire e Paulo Freire: Fotobiografia<\/em> &#8211; lan\u00e7amento previsto para 2025<\/li>\n<\/ol>\n<p><strong>TRI\u0301ADE ELZA FREIRE<\/strong> &#8211; um lanc\u0327amento da Editora Pangeia, um marco nos estudos freireanos.<\/p>\n<p style=\"text-align: center;\">Para mais informa\u00e7\u00f5es,<br \/>\n<a href=\"https:\/\/editorapangeia.com.br\/?s=Elza+Freire\"><span style=\"color: #ff0000;\"><strong>CLIQUE AQUI!!!<\/strong><\/span><\/a><\/p>\n<\/div>\n","protected":false},"excerpt":{"rendered":"<p>Neste livro, voce\u0302 descobre que sem Elza na\u0303o haveria Paulo, e convive, na intimidade, com histo\u0301rias sa\u0301bias e amorosas de Paulo Freire, de Elza Freire e dos cinco filhos do casal: Madalena, Cristina, Fa\u0301tima, Joaquim e Lutgardes.<\/p>\n<div class=\"layoutArea\">\n<div class=\"column\">\n<p>Com uma vida acade\u0302mica inteira dedicada ao estudo da educadora Elza Freire, Nima Spigolon, professora da Unicamp, estudiosa de Elza e Paulo desde o mestrado, que iniciou em 2006, foi a\u0300s fontes e a diversos pai\u0301ses, pesquisou em bibliotecas e em acervos, e entrevistou dezenas de pessoas; assim, desvela e revela os caminhos de Elza, o encontro e o casamento com Paulo Freire, o cuidado com os filhos, o trabalho pedago\u0301gico comum, o exi\u0301lio, o retorno ao Brasil e os u\u0301ltimos anos de Elza Freire.<\/p>\n<p>Neste volume 1 da TR\u00cdADE ELZA FREIRE, o percurso de Elza at\u00e9 o casamento com Paulo e a caminhada conjunta, at\u00e9 1964, na formula\u00e7\u00e3o das ideias pedag\u00f3gicas, a partir da pr\u00e1tica nas escolas e em outros espa\u00e7os educacionais.<\/p>\n<\/div>\n<\/div>\n","protected":false},"featured_media":10223,"comment_status":"open","ping_status":"closed","template":"","meta":[],"product_brand":[],"product_cat":[4083,4090],"product_tag":[2021,1209,1210,4398,1211,4405,544,3171,1212,2151,1213,1214,4401,559,1215,453,4400,4397,1216,351,1217,531,231,4396,1219,4407,1220,1221,1222,528,3995,1223,4408,4399,4411,4410,1224,4412,4406,112,476,4409,4402,1225,1226,164,1227,530,1228,3994,3996,4404,4403],"class_list":{"0":"post-10222","1":"product","2":"type-product","3":"status-publish","4":"has-post-thumbnail","6":"product_cat-educacaoensino","7":"product_cat-premiojabuti","8":"product_tag-elzafreirelegado","9":"product_tag-amorosidade","10":"product_tag-angela-biz-antunes","11":"product_tag-aprender-e-ensinar","12":"product_tag-betania-de-oliveira-laterza-ribeiro","13":"product_tag-biobibliografia-de-paulo-freire","14":"product_tag-biografia","15":"product_tag-cadernos-de-docencia","16":"product_tag-camila-lima-coimbra","17":"product_tag-capes","18":"product_tag-claudia-amoroso-bortolato","19":"product_tag-curso-de-pedagogia","20":"product_tag-depoimentos-sobre-paulo-freire","21":"product_tag-dialogo","22":"product_tag-doutorado-em-educacao","23":"product_tag-educacao","24":"product_tag-educador-do-brasil","25":"product_tag-educador-paulo-freire","26":"product_tag-elza-freire","27":"product_tag-ensino","28":"product_tag-estefani-araujo","29":"product_tag-faculdade-de-educacao","30":"product_tag-filosofia","31":"product_tag-historia-de-vida-uma-historia-de-vida","32":"product_tag-ipf-instituto-paulo-freire","33":"product_tag-legado-de-paulo-freire","34":"product_tag-mestrado-em-educacao","35":"product_tag-metodo-paulo-freire","36":"product_tag-moacir-gadotti","37":"product_tag-nima-spigolon","38":"product_tag-obra","39":"product_tag-paulo-freire","40":"product_tag-paulo-freire-prisao-exilio-universidade","41":"product_tag-paulo-freire-presente","42":"product_tag-pedagogia-da-amorosidade","43":"product_tag-pedagogia-da-autonomia","44":"product_tag-pedagogia-da-convivencia","45":"product_tag-pedagogia-do-esperancar","46":"product_tag-pratica-docente-de-paulo-freire","47":"product_tag-rauer","48":"product_tag-rauer-ribeiro-rodrigues","49":"product_tag-saber-e-fazer-em-paulo-freire","50":"product_tag-testemunhos-sobre-paulo-freire","51":"product_tag-triade-elza-freire","52":"product_tag-uerj","53":"product_tag-ufms","54":"product_tag-ufu","55":"product_tag-unicamp","56":"product_tag-universidade","57":"product_tag-vida","58":"product_tag-vida-e-obra","59":"product_tag-vida-e-obra-de-paulo-freire","60":"product_tag-vida-e-praxis-de-paulo-freire","61":"product_shipping_class-normal","63":"first","64":"instock","65":"featured","66":"taxable","67":"shipping-taxable","68":"purchasable","69":"product-type-simple"},"_links":{"self":[{"href":"https:\/\/editorapangeia.com.br\/pt_br\/wp-json\/wp\/v2\/product\/10222","targetHints":{"allow":["GET"]}}],"collection":[{"href":"https:\/\/editorapangeia.com.br\/pt_br\/wp-json\/wp\/v2\/product"}],"about":[{"href":"https:\/\/editorapangeia.com.br\/pt_br\/wp-json\/wp\/v2\/types\/product"}],"replies":[{"embeddable":true,"href":"https:\/\/editorapangeia.com.br\/pt_br\/wp-json\/wp\/v2\/comments?post=10222"}],"wp:featuredmedia":[{"embeddable":true,"href":"https:\/\/editorapangeia.com.br\/pt_br\/wp-json\/wp\/v2\/media\/10223"}],"wp:attachment":[{"href":"https:\/\/editorapangeia.com.br\/pt_br\/wp-json\/wp\/v2\/media?parent=10222"}],"wp:term":[{"taxonomy":"product_brand","embeddable":true,"href":"https:\/\/editorapangeia.com.br\/pt_br\/wp-json\/wp\/v2\/product_brand?post=10222"},{"taxonomy":"product_cat","embeddable":true,"href":"https:\/\/editorapangeia.com.br\/pt_br\/wp-json\/wp\/v2\/product_cat?post=10222"},{"taxonomy":"product_tag","embeddable":true,"href":"https:\/\/editorapangeia.com.br\/pt_br\/wp-json\/wp\/v2\/product_tag?post=10222"}],"curies":[{"name":"wp","href":"https:\/\/api.w.org\/{rel}","templated":true}]}}