{"id":10194,"date":"2020-07-04T17:00:01","date_gmt":"2020-07-04T17:00:01","guid":{"rendered":"https:\/\/editorapangeia.com.br\/?post_type=product&#038;p=10194"},"modified":"2025-07-21T18:18:47","modified_gmt":"2025-07-21T18:18:47","slug":"confirma-o-minimo-que-voce-precisa-saber-antes-de-votar","status":"publish","type":"product","link":"https:\/\/editorapangeia.com.br\/pt_br\/product\/confirma-o-minimo-que-voce-precisa-saber-antes-de-votar\/","title":{"rendered":"CONFIRMA &#8211; o m\u00ednimo que voc\u00ea precisa saber antes de votar, Paulo S\u00e9rgio Martins"},"content":{"rendered":"<div class=\"page\" title=\"Page 7\">\n<div class=\"layoutArea\">\n<div class=\"column\">\n<p>&nbsp;<\/p>\n<p>SUMA\u0301RIO<\/p>\n<p>INTRODUC\u0327A\u0303O 10<\/p>\n<p>O QUE E\u0301 DEMOCRACIA? 11<\/p>\n<p>O QUE E\u0301 POLI\u0301TICA? 13<\/p>\n<p>A IMPORTA\u0302NCIA DO VOTO 14<\/p>\n<p>OS TIPOS DE VOTOS NO BRASIL 15<\/p>\n<p>OS TRE\u0302S PODERES E AS SUAS ATRIBUIC\u0327O\u0303ES 16<\/p>\n<p>EXECUTIVO 16<\/p>\n<p>LEGISLATIVO 17<\/p>\n<p>JUDICIA\u0301RIO 18<\/p>\n<p>O MINISTE\u0301RIO PU\u0301BLICO BRASILEIRO 19<\/p>\n<p>PRINCIPAIS FUNC\u0327O\u0303ES DOS FUTUROS ELEITOS 21<\/p>\n<p>PRESIDENTE 21<\/p>\n<p>GOVERNADOR 22<\/p>\n<p>SENADOR 23<\/p>\n<p>DEPUTADO FEDERAL 24<\/p>\n<p>DEPUTADO ESTADUAL E DISTRITAL 25<\/p>\n<p>QUEM PODE SER CANDIDATO NAS ELEIC\u0327O\u0303ES MUNICIPAIS 26<\/p>\n<p>Crite\u0301rios para ser candidato a prefeito ou a vereador: 26<\/p>\n<p>FUNC\u0327A\u0303O DO PREFEITO E DO VEREADOR 27<\/p>\n<p>PREFEITO 27<\/p>\n<\/div>\n<\/div>\n<\/div>\n<div class=\"page\" title=\"Page 8\">\n<div class=\"layoutArea\">\n<div class=\"column\">\n<p>VEREADORES 27<\/p>\n<p>\u201cVOTO NUM CANDIDATO A DEPUTADO E ELEJO OUTRO\u201d 28<\/p>\n<p>QUOCIENTE ELEITORAL 28<\/p>\n<p>VOTO EM LEGENDA 29<\/p>\n<p>VOTOS NULOS OU BRANCOS NA\u0303O ANULAM A ELEIC\u0327A\u0303O 30<\/p>\n<p>FINANCIAMENTO PU\u0301BLICO 31<\/p>\n<p>FINANCIAMENTO PRIVADO 31<\/p>\n<p>ORIENTAC\u0327O\u0303ES SOBRE A RESPONSABILIDADE DO VOTO 33<\/p>\n<p>ANTES DAS ELEIC\u0327O\u0303ES 33<\/p>\n<p>DURANTE AS ELEIC\u0327O\u0303ES 35<\/p>\n<p>NA\u0303O VOTE EM QUEM&#8230; 36<\/p>\n<p>DIGA NA\u0303O E DENUNCIE A CORRUPC\u0327A\u0303O ELEITORAL 37<\/p>\n<p>DEPOIS DAS ELEIC\u0327O\u0303ES 39<\/p>\n<p>COMO ACOMPANHAR E COBRAR OS CANDIDATOS 39<\/p>\n<p>A E\u0301TICA NA POLITICA 41<\/p>\n<p>CRISE E\u0301TICA 42<\/p>\n<p>AMEAC\u0327AS A\u0300 DEMOCRACIA 43<\/p>\n<p>ACIRRAMENTO DA POLARIZAC\u0327A\u0303O 45<\/p>\n<p>A IMPORTA\u0302NCIA DE ESTAR BEM-INFORMADO 47<\/p>\n<p>FAKE NEWS 48<\/p>\n<p>QUALIDADES DE UM BOM POLI\u0301TICO 51<\/p>\n<p>REFER\u00caNCIAS &#8211; LINKS 53<\/p>\n<\/div>\n<\/div>\n<\/div>\n<p>&nbsp;<\/p>\n<p style=\"text-align: left;\">Pensa diferente? Nos escreva, que publicamos tamb\u00e9m o seu livro.<\/p>\n<blockquote>\n<p style=\"text-align: center;\">Conhe\u00e7a outros livros da Cole\u00e7\u00e3o<br \/>\n<a href=\"https:\/\/editorapangeia.com.br\/product-category\/cidadao-sociedade\/\">CIDAD\u00c3O &amp; SOCIEDADE<\/a><br \/>\n<a href=\"https:\/\/editorapangeia.com.br\/product-category\/cidadao-sociedade\/\">&#8211; clique aqui &#8211;<\/a><\/p>\n<\/blockquote>\n","protected":false},"excerpt":{"rendered":"<p>O eleitor, ao apertar a tecla CONFIRMA, conclui longo processo de matura\u00e7\u00e3o do voto \u2013 matura\u00e7\u00e3o importante, pois ali se delega, aos representantes eleitos conforme as regras eleitorais e os princ\u00edpios constitucionais, o destino do pa\u00eds por ao menos quatro anos, exceto por situa\u00e7\u00f5es fortuitas (morte, impedimento pol\u00edtico, doen\u00e7a incapacitante).<\/p>\n<p>Neste livro, publicamos, e voc\u00ea pode baixar gratuitamente durante o per\u00edodo eleitoral, um guia para procedermos a escolhas criteriosas, l\u00f3gicas, amadurecidas.<\/p>\n<p>Boa leitura.<\/p>\n","protected":false},"featured_media":10198,"comment_status":"open","ping_status":"closed","template":"","meta":[],"product_brand":[],"product_cat":[4084],"product_tag":[1189,1179,1192,1191,1193,1186,1184,1183,1182,1195,1194,1176,1177,1196,1181,1185,1190,1197,524,203,1180,1188,1178,1187],"class_list":{"0":"post-10194","1":"product","2":"type-product","3":"status-publish","4":"has-post-thumbnail","6":"product_cat-sociologia","7":"product_tag-brasil","8":"product_tag-camara-dos-deputados","9":"product_tag-cidadania","10":"product_tag-constituicao","11":"product_tag-constituicoes-estaduais","12":"product_tag-deputado-distrital","13":"product_tag-deputado-estadual","14":"product_tag-deputado-federal","15":"product_tag-deputados","16":"product_tag-deveres","17":"product_tag-direitos","18":"product_tag-eleicao","19":"product_tag-eleicoes","20":"product_tag-fake-news","21":"product_tag-governador","22":"product_tag-governador-distrital","23":"product_tag-governos-estaduais","24":"product_tag-legislacao-eleitoral","25":"product_tag-politica","26":"product_tag-prefeito","27":"product_tag-presidente-da-republica","28":"product_tag-republica-federativa-do-brasil","29":"product_tag-senado","30":"product_tag-vereadores","32":"first","33":"instock","34":"sale","35":"downloadable","36":"virtual","37":"taxable","38":"purchasable","39":"product-type-simple"},"_links":{"self":[{"href":"https:\/\/editorapangeia.com.br\/pt_br\/wp-json\/wp\/v2\/product\/10194","targetHints":{"allow":["GET"]}}],"collection":[{"href":"https:\/\/editorapangeia.com.br\/pt_br\/wp-json\/wp\/v2\/product"}],"about":[{"href":"https:\/\/editorapangeia.com.br\/pt_br\/wp-json\/wp\/v2\/types\/product"}],"replies":[{"embeddable":true,"href":"https:\/\/editorapangeia.com.br\/pt_br\/wp-json\/wp\/v2\/comments?post=10194"}],"wp:featuredmedia":[{"embeddable":true,"href":"https:\/\/editorapangeia.com.br\/pt_br\/wp-json\/wp\/v2\/media\/10198"}],"wp:attachment":[{"href":"https:\/\/editorapangeia.com.br\/pt_br\/wp-json\/wp\/v2\/media?parent=10194"}],"wp:term":[{"taxonomy":"product_brand","embeddable":true,"href":"https:\/\/editorapangeia.com.br\/pt_br\/wp-json\/wp\/v2\/product_brand?post=10194"},{"taxonomy":"product_cat","embeddable":true,"href":"https:\/\/editorapangeia.com.br\/pt_br\/wp-json\/wp\/v2\/product_cat?post=10194"},{"taxonomy":"product_tag","embeddable":true,"href":"https:\/\/editorapangeia.com.br\/pt_br\/wp-json\/wp\/v2\/product_tag?post=10194"}],"curies":[{"name":"wp","href":"https:\/\/api.w.org\/{rel}","templated":true}]}}