{"id":10078,"date":"2022-07-30T10:18:52","date_gmt":"2022-07-30T10:18:52","guid":{"rendered":"https:\/\/editorapangeia.com.br\/?post_type=product&#038;p=10078"},"modified":"2025-05-24T13:42:39","modified_gmt":"2025-05-24T13:42:39","slug":"fluido-ceu","status":"publish","type":"product","link":"https:\/\/editorapangeia.com.br\/pt_br\/product\/fluido-ceu\/","title":{"rendered":"HAICAI &#8211; Fluido C\u00e9u, Willia Katia Oliveira, Rauer (Org.)"},"content":{"rendered":"<p style=\"text-align: center;\"><img loading=\"lazy\" decoding=\"async\" class=\"alignnone wp-image-10073\" src=\"http:\/\/editorapangeia.com.br\/wp-content\/uploads\/2022\/07\/6CF3801F-A498-4008-A760-08351DF82A5D-300x150.jpeg\" alt=\"\" width=\"411\" height=\"207\" srcset=\"https:\/\/editorapangeia.com.br\/wp-content\/uploads\/2022\/07\/6CF3801F-A498-4008-A760-08351DF82A5D-300x150.jpeg 300w, https:\/\/editorapangeia.com.br\/wp-content\/uploads\/2022\/07\/6CF3801F-A498-4008-A760-08351DF82A5D-768x385.jpeg 768w, https:\/\/editorapangeia.com.br\/wp-content\/uploads\/2022\/07\/6CF3801F-A498-4008-A760-08351DF82A5D-700x351.jpeg 700w, https:\/\/editorapangeia.com.br\/wp-content\/uploads\/2022\/07\/6CF3801F-A498-4008-A760-08351DF82A5D-400x201.jpeg 400w, https:\/\/editorapangeia.com.br\/wp-content\/uploads\/2022\/07\/6CF3801F-A498-4008-A760-08351DF82A5D.jpeg 991w\" sizes=\"auto, (max-width: 411px) 100vw, 411px\" \/><\/p>\n<p style=\"text-align: center;\">Mais informa\u00e7\u00f5es,<br \/>\nClique <a href=\"https:\/\/editorapangeia.com.br\/willia-no-ceu-da-poesia\/\"><span style=\"color: #ff0000;\"><strong>AQUI<\/strong><\/span><\/a> !!!<\/p>\n<p><img loading=\"lazy\" decoding=\"async\" class=\"alignnone wp-image-10071 aligncenter\" src=\"http:\/\/editorapangeia.com.br\/wp-content\/uploads\/2022\/07\/F607CE16-52EB-4144-AA09-759BB4C77221_1_201_a-232x300.jpeg\" alt=\"\" width=\"303\" height=\"393\" \/><\/p>\n<p style=\"text-align: center;\"><img loading=\"lazy\" decoding=\"async\" class=\"alignnone size-medium wp-image-10070\" src=\"http:\/\/editorapangeia.com.br\/wp-content\/uploads\/2022\/07\/A4813CFE-B5A9-4C14-B5CC-5BAAEB4107D6-300x300.jpeg\" alt=\"\" width=\"300\" height=\"300\" srcset=\"https:\/\/editorapangeia.com.br\/wp-content\/uploads\/2022\/07\/A4813CFE-B5A9-4C14-B5CC-5BAAEB4107D6-300x300.jpeg 300w, https:\/\/editorapangeia.com.br\/wp-content\/uploads\/2022\/07\/A4813CFE-B5A9-4C14-B5CC-5BAAEB4107D6-1024x1024.jpeg 1024w, https:\/\/editorapangeia.com.br\/wp-content\/uploads\/2022\/07\/A4813CFE-B5A9-4C14-B5CC-5BAAEB4107D6-150x150.jpeg 150w, https:\/\/editorapangeia.com.br\/wp-content\/uploads\/2022\/07\/A4813CFE-B5A9-4C14-B5CC-5BAAEB4107D6-768x769.jpeg 768w, https:\/\/editorapangeia.com.br\/wp-content\/uploads\/2022\/07\/A4813CFE-B5A9-4C14-B5CC-5BAAEB4107D6-400x400.jpeg 400w, https:\/\/editorapangeia.com.br\/wp-content\/uploads\/2022\/07\/A4813CFE-B5A9-4C14-B5CC-5BAAEB4107D6-700x700.jpeg 700w, https:\/\/editorapangeia.com.br\/wp-content\/uploads\/2022\/07\/A4813CFE-B5A9-4C14-B5CC-5BAAEB4107D6-100x100.jpeg 100w, https:\/\/editorapangeia.com.br\/wp-content\/uploads\/2022\/07\/A4813CFE-B5A9-4C14-B5CC-5BAAEB4107D6-50x50.jpeg 50w, https:\/\/editorapangeia.com.br\/wp-content\/uploads\/2022\/07\/A4813CFE-B5A9-4C14-B5CC-5BAAEB4107D6.jpeg 1100w\" sizes=\"auto, (max-width: 300px) 100vw, 300px\" \/><\/p>\n<p><img loading=\"lazy\" decoding=\"async\" class=\"alignnone size-medium wp-image-10072 aligncenter\" src=\"http:\/\/editorapangeia.com.br\/wp-content\/uploads\/2022\/07\/3851944B-A4D4-4FD8-980C-D7DDAE741A24-300x300.jpeg\" alt=\"\" width=\"300\" height=\"300\" srcset=\"https:\/\/editorapangeia.com.br\/wp-content\/uploads\/2022\/07\/3851944B-A4D4-4FD8-980C-D7DDAE741A24-300x300.jpeg 300w, https:\/\/editorapangeia.com.br\/wp-content\/uploads\/2022\/07\/3851944B-A4D4-4FD8-980C-D7DDAE741A24-1024x1024.jpeg 1024w, https:\/\/editorapangeia.com.br\/wp-content\/uploads\/2022\/07\/3851944B-A4D4-4FD8-980C-D7DDAE741A24-150x150.jpeg 150w, https:\/\/editorapangeia.com.br\/wp-content\/uploads\/2022\/07\/3851944B-A4D4-4FD8-980C-D7DDAE741A24-768x768.jpeg 768w, https:\/\/editorapangeia.com.br\/wp-content\/uploads\/2022\/07\/3851944B-A4D4-4FD8-980C-D7DDAE741A24-400x400.jpeg 400w, https:\/\/editorapangeia.com.br\/wp-content\/uploads\/2022\/07\/3851944B-A4D4-4FD8-980C-D7DDAE741A24-700x700.jpeg 700w, https:\/\/editorapangeia.com.br\/wp-content\/uploads\/2022\/07\/3851944B-A4D4-4FD8-980C-D7DDAE741A24-100x100.jpeg 100w, https:\/\/editorapangeia.com.br\/wp-content\/uploads\/2022\/07\/3851944B-A4D4-4FD8-980C-D7DDAE741A24-50x50.jpeg 50w, https:\/\/editorapangeia.com.br\/wp-content\/uploads\/2022\/07\/3851944B-A4D4-4FD8-980C-D7DDAE741A24.jpeg 1100w\" sizes=\"auto, (max-width: 300px) 100vw, 300px\" \/><\/p>\n<p style=\"text-align: center;\">Conhe\u00e7a mais poemas de Willia Katia Oliveira nos perfis do Instagram:<br \/>\n@williakatiaoliveira<br \/>\n@um_haikai_no_cafe<br \/>\n@haikai.brasil<\/p>\n<div style=\"text-align: center;\">As Edi\u00e7\u00f5es Dionysius tem curadoria<br \/>\nda poeta Willia Katia Oliveira.<\/div>\n<div><\/div>\n<div style=\"text-align: center;\">A Cole\u00e7\u00e3o Plaquete tem curadoria<br \/>\ndo Prof. Rauer Ribeiro Rodrigues.<\/div>\n","protected":false},"excerpt":{"rendered":"<p>Vers\u00e3o PDF do livro de Haikai por uma mestra do g\u00eanero da nova gera\u00e7\u00e3o de escritoras brasileiras. Apresenta\u00e7\u00e3o de Rauer Ribeiro Rodrigues, professor universit\u00e1rio especialista em formas m\u00ednimas (microconto, haikai, senryu etc.) e escritor reconhecido. Ele afirma que Willia Katia Oliveira est\u00e1 no c\u00e9u da poesia com este <em><strong>Fluido C\u00e9u<\/strong><\/em>. Volume em PDF, da Cole\u00e7\u00e3o Plaquete, no selo Dionysius, a casa da literatura na Pangeia Editorial. Dispon\u00edvel para baixar de imediato.<\/p>\n","protected":false},"featured_media":10095,"comment_status":"open","ping_status":"closed","template":"","meta":[],"product_brand":[],"product_cat":[4091,4077],"product_tag":[1146,1148,1143,225,1145,1147,227,111,1144,1142,112,476,878,564],"class_list":{"0":"post-10078","1":"product","2":"type-product","3":"status-publish","4":"has-post-thumbnail","6":"product_cat-haikai","7":"product_cat-poesia","8":"product_tag-haikaibrasil","9":"product_tag-colecao-plaquete","10":"product_tag-fluido-ceu","11":"product_tag-haikai","12":"product_tag-literatura-contemporanea","13":"product_tag-microformas","14":"product_tag-poema","15":"product_tag-poesia","16":"product_tag-poesia-brasileira","17":"product_tag-poesia-zen","18":"product_tag-rauer","19":"product_tag-rauer-ribeiro-rodrigues","20":"product_tag-senryu","21":"product_tag-willia-katia-oliveira","23":"first","24":"instock","25":"downloadable","26":"virtual","27":"taxable","28":"purchasable","29":"product-type-simple"},"_links":{"self":[{"href":"https:\/\/editorapangeia.com.br\/pt_br\/wp-json\/wp\/v2\/product\/10078","targetHints":{"allow":["GET"]}}],"collection":[{"href":"https:\/\/editorapangeia.com.br\/pt_br\/wp-json\/wp\/v2\/product"}],"about":[{"href":"https:\/\/editorapangeia.com.br\/pt_br\/wp-json\/wp\/v2\/types\/product"}],"replies":[{"embeddable":true,"href":"https:\/\/editorapangeia.com.br\/pt_br\/wp-json\/wp\/v2\/comments?post=10078"}],"wp:featuredmedia":[{"embeddable":true,"href":"https:\/\/editorapangeia.com.br\/pt_br\/wp-json\/wp\/v2\/media\/10095"}],"wp:attachment":[{"href":"https:\/\/editorapangeia.com.br\/pt_br\/wp-json\/wp\/v2\/media?parent=10078"}],"wp:term":[{"taxonomy":"product_brand","embeddable":true,"href":"https:\/\/editorapangeia.com.br\/pt_br\/wp-json\/wp\/v2\/product_brand?post=10078"},{"taxonomy":"product_cat","embeddable":true,"href":"https:\/\/editorapangeia.com.br\/pt_br\/wp-json\/wp\/v2\/product_cat?post=10078"},{"taxonomy":"product_tag","embeddable":true,"href":"https:\/\/editorapangeia.com.br\/pt_br\/wp-json\/wp\/v2\/product_tag?post=10078"}],"curies":[{"name":"wp","href":"https:\/\/api.w.org\/{rel}","templated":true}]}}