{"id":982,"date":"2019-05-30T03:10:18","date_gmt":"2019-05-30T03:10:18","guid":{"rendered":"https:\/\/editorapangeia.com.br\/?page_id=982"},"modified":"2023-05-22T15:39:13","modified_gmt":"2023-05-22T15:39:13","slug":"termos-e-condicoes","status":"publish","type":"page","link":"https:\/\/editorapangeia.com.br\/pt_br\/termos-e-condicoes\/","title":{"rendered":"Termos e Condi\u00e7\u00f5es"},"content":{"rendered":"<blockquote>\n<p style=\"text-align: center;\"><em><strong>TERMOS E CONDI\u00c7\u00d5ES EDITORAPANGEIA.COM.BR<\/strong><\/em><\/p>\n<\/blockquote>\n<p style=\"text-align: left;\"><strong>POL\u00cdTICA DE PRIVACIDADE\u00a0<\/strong><\/p>\n<p><strong>SE\u00c7\u00c3O 1 &#8211; O QUE FAREMOS COM ESTA INFORMA\u00c7\u00c3O?<\/strong><br \/>\nQuando voc\u00ea realiza alguma transa\u00e7\u00e3o com nossa loja, como parte do processo de compra e venda, coletamos as informa\u00e7\u00f5es pessoais que voc\u00ea nos d\u00e1 tais como: nome, e-mail e endere\u00e7o.<br \/>\nQuando voc\u00ea acessa nosso site, tamb\u00e9m recebemos automaticamente o protocolo de internet do seu computador, endere\u00e7o de IP, a fim de obter informa\u00e7\u00f5es que nos ajudam a aprender sobre seu navegador e sistema operacional.<br \/>\nEmail Marketing ser\u00e1 realizado apenas caso voc\u00ea permita. Nestes emails voc\u00ea poder\u00e1 receber not\u00edcia sobre nossa editora, novos livros e outras atualiza\u00e7\u00f5es.<\/p>\n<p><strong>SE\u00c7\u00c3O 2 &#8211; CONSENTIMENTO<\/strong><br \/>\nComo voc\u00eas obt\u00eam meu consentimento?<br \/>\nQuando voc\u00ea fornece informa\u00e7\u00f5es pessoais como nome, telefone e endere\u00e7o, para completar: uma transa\u00e7\u00e3o, verificar seu cart\u00e3o de cr\u00e9dito, fazer um pedido, providenciar uma entrega ou retornar uma compra. Ap\u00f3s a realiza\u00e7\u00e3o de a\u00e7\u00f5es entendemos que voc\u00ea est\u00e1 de acordo com a coleta de dados para serem utilizados pela nossa empresa.<br \/>\nSe pedimos por suas informa\u00e7\u00f5es pessoais por uma raz\u00e3o secund\u00e1ria, como marketing, vamos lhe pedir diretamente por seu consentimento, ou lhe fornecer a oportunidade de dizer n\u00e3o.<br \/>\nE caso voc\u00ea queira retirar seu consentimento, como proceder?<br \/>\nSe ap\u00f3s voc\u00ea nos fornecer seus dados, voc\u00ea mudar de ideia, voc\u00ea pode retirar o seu consentimento para que possamos entrar em contato, para a cole\u00e7\u00e3o de dados cont\u00ednua, uso ou divulga\u00e7\u00e3o de suas informa\u00e7\u00f5es, a qualquer momento, entrando em contato conosco em <a href=\"mailto:atendimento@editorapangeia.com.br\">atendimento@editorapangeia.com.br<\/a> com c\u00f3pia para &#8220;Pangeia Editorial&#8221; &lt;<a href=\"mailto:r3.editora.pangeia@gmail.com\">r3.editora.pangeia@gmail.com<\/a>&gt;.<\/p>\n<p><strong>SE\u00c7\u00c3O 3 &#8211; DIVULGA\u00c7\u00c3O<\/strong><br \/>\nPodemos divulgar suas informa\u00e7\u00f5es pessoais caso sejamos obrigados pela lei para faz\u00ea-lo ou se voc\u00ea violar nossos Termos de Servi\u00e7o.<\/p>\n<p><strong>SE\u00c7\u00c3O 4 &#8211; SERVI\u00c7OS DE TERCEIROS<\/strong><br \/>\nNo geral, os fornecedores terceirizados usados por n\u00f3s ir\u00e3o apenas coletar, usar e divulgar suas informa\u00e7\u00f5es na medida do necess\u00e1rio para permitir que eles realizem os servi\u00e7os que eles nos fornecem.<br \/>\nEntretanto, certos fornecedores de servi\u00e7os terceirizados, tais como gateways de pagamento e outros processadores de transa\u00e7\u00e3o de pagamento, t\u00eam suas pr\u00f3prias pol\u00edticas de privacidade com respeito \u00e0 informa\u00e7\u00e3o que somos obrigados a fornecer para eles de suas transa\u00e7\u00f5es relacionadas com compras.<br \/>\nPara esses fornecedores, recomendamos que voc\u00ea leia suas pol\u00edticas de privacidade para que voc\u00ea possa entender a maneira na qual suas informa\u00e7\u00f5es pessoais ser\u00e3o usadas por esses fornecedores.<br \/>\nEm particular, lembre-se que certos fornecedores podem ser localizados em ou possuir instala\u00e7\u00f5es que s\u00e3o localizadas em jurisdi\u00e7\u00f5es diferentes que voc\u00ea ou n\u00f3s. Assim, se voc\u00ea quer continuar com uma transa\u00e7\u00e3o que envolve os servi\u00e7os de um fornecedor de servi\u00e7o terceirizado, ent\u00e3o suas informa\u00e7\u00f5es podem tornar-se sujeitas \u00e0s leis da(s) jurisdi\u00e7\u00e3o(\u00f5es) nas quais o fornecedor de servi\u00e7o ou suas instala\u00e7\u00f5es est\u00e3o localizados.<br \/>\nComo um exemplo, se voc\u00ea est\u00e1 localizado no Brasil e sua transa\u00e7\u00e3o \u00e9 processada por um gateway de pagamento localizado nos Estados Unidos, ent\u00e3o suas informa\u00e7\u00f5es pessoais usadas para completar aquela transa\u00e7\u00e3o podem estar sujeitas a divulga\u00e7\u00e3o sob a legisla\u00e7\u00e3o dos Estados Unidos, incluindo o Ato Patriota.<br \/>\nUma vez que voc\u00ea deixe o site da nossa loja ou seja redirecionado para um aplicativo ou site de terceiros, voc\u00ea n\u00e3o ser\u00e1 mais regido por essa Pol\u00edtica de Privacidade ou pelos Termos de Servi\u00e7o do nosso site.<br \/>\nLinks<br \/>\nQuando voc\u00ea clica em links na nossa loja, eles podem lhe direcionar para fora do nosso site. N\u00e3o somos respons\u00e1veis pelas pr\u00e1ticas de privacidade de outros sites e lhe incentivamos a ler as declara\u00e7\u00f5es de privacidade deles.<\/p>\n<p><strong>SE\u00c7\u00c3O 5 &#8211; SEGURAN\u00c7A<\/strong><br \/>\nPara proteger suas informa\u00e7\u00f5es pessoais, tomamos precau\u00e7\u00f5es razo\u00e1veis e seguimos as melhores pr\u00e1ticas da ind\u00fastria para nos certificar que elas n\u00e3o ser\u00e3o perdidas inadequadamente, usurpadas, acessadas, divulgadas, alteradas ou destru\u00eddas.<br \/>\nSe voc\u00ea nos fornecer as suas informa\u00e7\u00f5es de cart\u00e3o de cr\u00e9dito, essa informa\u00e7\u00e3o \u00e9 criptografada usando tecnologia &#8220;secure socket layer&#8221; (SSL) e armazenada com uma criptografia AES-256. Embora nenhum m\u00e9todo de transmiss\u00e3o pela Internet ou armazenamento eletr\u00f4nico \u00e9 100% seguro, n\u00f3s seguimos todos os requisitos da PCI-DSS e implementamos padr\u00f5es adicionais geralmente aceitos pela ind\u00fastria.<\/p>\n<p><strong>SE\u00c7\u00c3O 6 &#8211; ALTERA\u00c7\u00d5ES PARA ESSA POL\u00cdTICA DE PRIVACIDADE<\/strong><br \/>\nReservamos o direito de modificar essa pol\u00edtica de privacidade a qualquer momento, ent\u00e3o por favor, revise-a com frequ\u00eancia. Altera\u00e7\u00f5es e esclarecimentos v\u00e3o surtir efeito imediatamente ap\u00f3s sua publica\u00e7\u00e3o no site. Se fizermos altera\u00e7\u00f5es de materiais para essa pol\u00edtica, iremos notific\u00e1-lo aqui que eles foram atualizados, para que voc\u00ea tenha ci\u00eancia sobre quais informa\u00e7\u00f5es coletamos, como as usamos, e sob que circunst\u00e2ncias, se alguma, usamos e\/ou divulgamos elas.<\/p>\n<p>&nbsp;<\/p>\n<p><strong>POL\u00cdTICA DE TROCAS E DEVOLU\u00c7\u00d5ES<\/strong><\/p>\n<p>A Editora Pangeia utiliza tecnologia de ponta para a fabrica\u00e7\u00e3o de seus produtos, primando pela qualidade e satisfa\u00e7\u00e3o de seus clientes.<\/p>\n<p>Pelo respeito e para que seja mantida a credibilidade conquistada junto aos seus consumidores, a empresa criou uma pol\u00edtica de troca e devolu\u00e7\u00e3o de acordo com o C\u00f3digo de Defesa do Consumidor, e preocupada para que voc\u00ea (cliente) obtenha uma negocia\u00e7\u00e3o eficaz, \u00e1gil e principalmente satisfat\u00f3ria.<\/p>\n<p>CONDI\u00c7\u00d5ES GERAIS<\/p>\n<ul>\n<li>Nossos produtos s\u00e3o manuseados e embalados de forma a n\u00e3o sofrerem avarias durante o transporte, por\u00e9m, eventualmente pode ocorrer algum incidente at\u00e9 sua entrega.<\/li>\n<li>Caso voc\u00ea o receba com alguma avaria, embalagem violada ou em desacordo com o seu pedido realizado em nossa loja virtual, recuse seu recebimento e entre em contato atrav\u00e9s do email <a href=\"mailto:atendimento@editorapangeia.com.br\">atendimento@editorapangeia.com.br<\/a>.<\/li>\n<\/ul>\n<p>PRAZO PARA CANCELAMENTO DA COMPRA TROCA\/DEVOLU\u00c7\u00d5ES<\/p>\n<ul>\n<li>Em caso de devolu\u00e7\u00e3o\/arrependimento de compra ou desist\u00eancia do produto, o prazo para troca ou devolu\u00e7\u00e3o \u00e9 de at\u00e9 sete (7) dias corridos da data do pedido.<\/li>\n<li>O produto dever\u00e1 ser enviado pelo correio ou transportadora dentro do prazo estipulado.<\/li>\n<li>Em caso de cancelamento da compra o valor ser\u00e1 devolvido integralmente, para mais informa\u00e7\u00f5es entrar em contato com <a href=\"mailto:atendimento@editorapangeia.com.br\">atendimento@editorapangeia.com.br<\/a>.<\/li>\n<\/ul>\n<p>PRODUTO COM DEFEITO DE FABRICA\u00c7\u00c3O<\/p>\n<ul>\n<li>Caso seja confirmado que o produto recebido est\u00e1 com defeito, realizaremos a troca do mesmo por um novo sem defeito em um prazo de at\u00e9 30 dias corridos.<\/li>\n<li>Caso o produto em quest\u00e3o tenha se esgotado em nosso estoque, o comprador pode optar por receber um cr\u00e9dito do valor para a compra de outro produto, ou receber o seu dinheiro de volta.<\/li>\n<\/ul>\n<p>CONDI\u00c7\u00c3O DE USO<\/p>\n<ul>\n<li>Para ser aceita a troca ou devolu\u00e7\u00e3o do produto, eles n\u00e3o podem apresentar sinais de uso e devem estar em perfeito estado de conserva\u00e7\u00e3o.<\/li>\n<li>Comprovantes de compra<\/li>\n<li>As trocas e devolu\u00e7\u00f5es somente ser\u00e3o aceitas com o comprovante de compra original: nota fiscal.<\/li>\n<\/ul>\n","protected":false},"excerpt":{"rendered":"<p>TERMOS E CONDI\u00c7\u00d5ES EDITORAPANGEIA.COM.BR POL\u00cdTICA DE PRIVACIDADE\u00a0 SE\u00c7\u00c3O 1 &#8211; O QUE FAREMOS COM ESTA INFORMA\u00c7\u00c3O? Quando voc\u00ea realiza alguma transa\u00e7\u00e3o com nossa loja, como parte do processo de compra e venda, coletamos as informa\u00e7\u00f5es pessoais que voc\u00ea nos d\u00e1 tais como: nome, e-mail e endere\u00e7o. Quando voc\u00ea acessa nosso site, tamb\u00e9m recebemos automaticamente o&#8230;<\/p>\n","protected":false},"author":1,"featured_media":0,"parent":0,"menu_order":0,"comment_status":"closed","ping_status":"closed","template":"","meta":{"footnotes":""},"class_list":["post-982","page","type-page","status-publish","hentry"],"_links":{"self":[{"href":"https:\/\/editorapangeia.com.br\/pt_br\/wp-json\/wp\/v2\/pages\/982","targetHints":{"allow":["GET"]}}],"collection":[{"href":"https:\/\/editorapangeia.com.br\/pt_br\/wp-json\/wp\/v2\/pages"}],"about":[{"href":"https:\/\/editorapangeia.com.br\/pt_br\/wp-json\/wp\/v2\/types\/page"}],"author":[{"embeddable":true,"href":"https:\/\/editorapangeia.com.br\/pt_br\/wp-json\/wp\/v2\/users\/1"}],"replies":[{"embeddable":true,"href":"https:\/\/editorapangeia.com.br\/pt_br\/wp-json\/wp\/v2\/comments?post=982"}],"version-history":[{"count":10,"href":"https:\/\/editorapangeia.com.br\/pt_br\/wp-json\/wp\/v2\/pages\/982\/revisions"}],"predecessor-version":[{"id":12899,"href":"https:\/\/editorapangeia.com.br\/pt_br\/wp-json\/wp\/v2\/pages\/982\/revisions\/12899"}],"wp:attachment":[{"href":"https:\/\/editorapangeia.com.br\/pt_br\/wp-json\/wp\/v2\/media?parent=982"}],"curies":[{"name":"wp","href":"https:\/\/api.w.org\/{rel}","templated":true}]}}