{"id":971,"date":"2019-05-30T02:46:58","date_gmt":"2019-05-30T02:46:58","guid":{"rendered":"https:\/\/editorapangeia.com.br\/?page_id=971"},"modified":"2025-05-28T11:06:15","modified_gmt":"2025-05-28T11:06:15","slug":"conselho-editorial","status":"publish","type":"page","link":"https:\/\/editorapangeia.com.br\/pt_br\/conselho-editorial\/","title":{"rendered":"Conselho Editorial"},"content":{"rendered":"<p><div id=\"shortcode-2e96954b179deb6221586db5b8c6fb7f\" class=\"fw-col-xs-12 fw-col-sm-12 fw-col-md-12 text-left \" >\r\n\t\r\n\r\n<div class=\"SpecialTextBlock special-text-block-has-image pos-r  \" id=\"shortcode-10fe43a9f0e28d3ff84b3feab796470b\" >\r\n\t\r\n\t\t<div class=\"SpecialHeading fw-heading mb-40\">\r\n\t\t<h2 class=\"special-title special-heading-letter\">Conselho Editorial<\/h2>\r\n\t\t\t<\/div>\r\n\t\t\t<div class=\"special-text-block-image\">\t\t\r\n\t\t<div class=\"bg-image\" data-bg-image=\"\/\/editorapangeia.com.br\/wp-content\/uploads\/2019\/05\/conselhoeditorial.jpg\"><\/div>\r\n\t<\/div>\r\n\t\t\t\t\t\t<div class=\"special-text-block-content font-subheading\">\r\n\t\t\t\t<p>O Conselho Editorial e o Conselho Consultivo est\u00e3o voltados para atuarem com os melhores princ\u00edpios \u00e9ticos das casas publicadoras brasileiras e internacionais, obedecendo \u00e0s boas pr\u00e1ticas das melhores publica\u00e7\u00f5es do universo acad\u00eamico.<\/p><p>Preocupa-se, pois, com a qualidade de suas publica\u00e7\u00f5es em diversos aspectos, da sele\u00e7\u00e3o editorial \u00e0 revis\u00e3o, do planejamento editorial \u00e0s formas de circula\u00e7\u00e3o, em compromisso de todos os produtores envolvidos no processo.<\/p><p>A excel\u00eancia que buscamos passa por crit\u00e9rios como isen\u00e7\u00e3o, pontualidade, confidencialidade, avalia\u00e7\u00e3o criteriosa de originais, elimina\u00e7\u00e3o de conflitos de interesse, n\u00e3o aceitar discrimina\u00e7\u00e3o, observar referencia\u00e7\u00e3o adequada, completa e exaustiva, obedecer a legisla\u00e7\u00e3o, divulgar de modo adequado e completo o papel de todos os envolvidos nos procedimentos da publica\u00e7\u00e3o, revisar os originais com revisor profissional, promover agilidade nos processos, agir com urbanidade, cordialidade e clareza nas orienta\u00e7\u00f5es, denunciar pl\u00e1gios e manter transpar\u00eancia contratual.<\/p>\t<\/div>\r\n\t\t\r\n<\/div> <!-- end SpecialTextBlock --><div class=\"SpecialHeading fw-heading  text-center mt-20 mb-60  \" id=\"shortcode-584923fbef8cfca1aba207f8bc548777\" >\r\n\t\t\t\t\t<h6 class=\"special-title special-heading-letter\">Membros do Conselho Editorial<\/h6>\t<\/div>\r\n\r\n<div class=\"TextBlock  \" id=\"shortcode-9602a2add01655d148045e4d8d04e9cd\" >\r\n\t<ul><li><strong>Angela Maria Franco Martins Coelho de Paiva Bal\u00e7a<\/strong> (Universidade de \u00c9vora, Portugal)<\/li><li><strong>Anna Faedrich Martins Lopez<\/strong> (Universidade Federal Fluminense)<\/li><li><strong>Antonio Luciano Tosta<\/strong> (The University of Kansas, USA)<\/li><li><strong>Ant\u00f3nio Manuel Ferreira<\/strong> (Universidade de Aveiro, Portugal)<\/li><li><strong>Cristina Maria da Costa Vieira<\/strong> (Universidade da Beira Interior, Portugal)<\/li><li><strong>Florencia Garramu\u00f1o<\/strong> (Universidad de San Andr\u00e9s, Argentina)<\/li><li><strong>Martins Jos\u00e9 Chelene Mapera<\/strong> (UniLicungo - Universidade Licungo, Mo\u00e7ambique)<\/li><li><strong>Pedro Germano Leal<\/strong> (Brown University, USA)<\/li><li><strong>Rauer Ribeiro Rodrigues<\/strong> (Dionysius | Pangeia | Saru\u00ea; UFMS, aposentado)<\/li><li><strong>Roberto Ac\u00edzelo Quelha de Souza<\/strong> (Universidade do Estado do Rio de Janeiro)<\/li><\/ul><p>&nbsp;<\/p><p>&nbsp;<\/p><\/div><div class=\"SpecialHeading fw-heading  text-center mt-20 mb-60  \" id=\"shortcode-cd6d92471744a255171cd035298cf133\" >\r\n\t\t\t\t\t<h6 class=\"special-title special-heading-letter\">Membros do Conselho Consultivo<\/h6>\t<\/div>\r\n\r\n<div class=\"TextBlock  \" id=\"shortcode-0bb4ff1f83cd16eed83e0606bfd97962\" >\r\n\t<ul><li><strong>Alvaro Santos Sim\u00f5es Junior<\/strong>, UNESP, Assis<\/li><li><strong>Ana Paula Aparecida Caixeta<\/strong>, UNB<\/li><li><strong>Andr\u00e9 Dias<\/strong>, UFF, Niter\u00f3i<\/li><li><strong>Anna Christina Bentes da Silva<\/strong>, IEL \/ UNICAMP<\/li><li><strong>Arnaldo Saraiva<\/strong>, Universidade do Porto, Portugal<\/li><li><strong>Aurora Cardoso de Quadros<\/strong>,\u00a0Unimontes<\/li><li><strong>Camila Lima Coimbra<\/strong>, UFU<\/li><li><strong>Carina Marques Duarte<\/strong>,\u00a0CPAN \/ UFMS<\/li><li><strong>C\u00e9sar Ferreira da Silva<\/strong>, Rede Argonautas \/ UFF<\/li><li><strong>Cilene Margarete Pereira<\/strong>, UNIFAL \/ MG<\/li><li><strong>Felipe Gon\u00e7alves Figueira<\/strong>, INES - Instituto Nacional de Educa\u00e7\u00e3o de Surdos<\/li><li><strong>Germana Maria Ara\u00fajo Sales<\/strong>, UFPA<\/li><li><strong>Karina de F\u00e1tima Gomes<\/strong>, Uni-CV - Universidade de Cabo Verde<\/li><li><strong>Luiz Carlos Santos Simon<\/strong>,\u00a0UEL<\/li><li><strong>Maria da Gl\u00f3ria Bordini<\/strong>,\u00a0UFRGS<\/li><li><strong>Nima Spigolon<\/strong>, Unicamp<\/li><li><strong>Pauliane Amaral<\/strong>, Post-Doc Brown University, USA<\/li><li><strong>Regina Zilberman<\/strong>,\u00a0UFRGS<\/li><li><strong>Regine Limaverde<\/strong>,\u00a0UFC<\/li><li><strong>Rizio Macedo -<\/strong>\u00a0Pangeia Editorial<\/li><li><strong>Simone Caputo Gomes<\/strong>,\u00a0USP<\/li><li><strong>T\u00e2nia Regina Oliveira Ramos<\/strong>,\u00a0UFSC<\/li><li><strong>Waleska Rodrigues de Matos Oliveira Martins<\/strong>,\u00a0UFRB<\/li><li><strong>Willia Katia Oliveira<\/strong>, Edi\u00e7\u00f5es Dionysius<\/li><\/ul><\/div><\/div>\r\n<div id=\"shortcode-27f40f1c3c2969ec05981d8bbaa848b4\" class=\"fw-col-xs-12 fw-col-sm-12 fw-col-md-6 text-left \" >\r\n\t<\/div>\r\n<div id=\"shortcode-816bab3ee8996c0f47aa8383c124bad8\" class=\"fw-col-xs-12 fw-col-sm-12 fw-col-md-12 text-left \" >\r\n\t<\/div>\r\n<\/p>\n","protected":false},"excerpt":{"rendered":"<p>Conselho Editorial O Conselho Editorial e o Conselho Consultivo est\u00e3o voltados para atuarem com os melhores princ\u00edpios \u00e9ticos das casas publicadoras brasileiras e internacionais, obedecendo \u00e0s boas pr\u00e1ticas das melhores publica\u00e7\u00f5es do universo acad\u00eamico.Preocupa-se, pois, com a qualidade de suas publica\u00e7\u00f5es em diversos aspectos, da sele\u00e7\u00e3o editorial \u00e0 revis\u00e3o, do planejamento editorial \u00e0s formas de&#8230;<\/p>\n","protected":false},"author":1,"featured_media":0,"parent":0,"menu_order":0,"comment_status":"closed","ping_status":"closed","template":"","meta":{"footnotes":""},"class_list":["post-971","page","type-page","status-publish","hentry"],"_links":{"self":[{"href":"https:\/\/editorapangeia.com.br\/pt_br\/wp-json\/wp\/v2\/pages\/971","targetHints":{"allow":["GET"]}}],"collection":[{"href":"https:\/\/editorapangeia.com.br\/pt_br\/wp-json\/wp\/v2\/pages"}],"about":[{"href":"https:\/\/editorapangeia.com.br\/pt_br\/wp-json\/wp\/v2\/types\/page"}],"author":[{"embeddable":true,"href":"https:\/\/editorapangeia.com.br\/pt_br\/wp-json\/wp\/v2\/users\/1"}],"replies":[{"embeddable":true,"href":"https:\/\/editorapangeia.com.br\/pt_br\/wp-json\/wp\/v2\/comments?post=971"}],"version-history":[{"count":33,"href":"https:\/\/editorapangeia.com.br\/pt_br\/wp-json\/wp\/v2\/pages\/971\/revisions"}],"predecessor-version":[{"id":19281,"href":"https:\/\/editorapangeia.com.br\/pt_br\/wp-json\/wp\/v2\/pages\/971\/revisions\/19281"}],"wp:attachment":[{"href":"https:\/\/editorapangeia.com.br\/pt_br\/wp-json\/wp\/v2\/media?parent=971"}],"curies":[{"name":"wp","href":"https:\/\/api.w.org\/{rel}","templated":true}]}}