{"id":945,"date":"2019-05-29T12:54:18","date_gmt":"2019-05-29T12:54:18","guid":{"rendered":"https:\/\/editorapangeia.com.br\/?page_id=945"},"modified":"2019-05-29T13:38:22","modified_gmt":"2019-05-29T13:38:22","slug":"publique","status":"publish","type":"page","link":"https:\/\/editorapangeia.com.br\/pt_br\/publique\/","title":{"rendered":"Publique"},"content":{"rendered":"<p>\r\n\r\n<div class=\"TextBlock  \" id=\"shortcode-6555c08b055660c745ba43ecbf8187fd\" >\r\n\t<p>A Pangeia \u00e9 uma editora com foco em obras de fic\u00e7\u00e3o e publica\u00e7\u00f5es acad\u00eamicas, nascida para viabilizar auto-publica\u00e7\u00f5es com baixo custo, transformando obras e pesquisas em livros impressos e e-books de alta qualidade.<\/p><\/div>\r\n\r\n<div class=\"spacer \" id=\"shortcode-17969b4e11417ab0a6c6af655a2da59f\"><\/div><div class=\"SpecialHeading fw-heading  text-left mt-20 mb-60  \" id=\"shortcode-5ebe7e4bd45b2970f352b3bd366f7376\" >\r\n\t\t\t\t\t<h6 class=\"special-title special-heading-letter\">O que pode se tornar livro?<\/h6>\t<\/div>\r\n\r\n<div class=\"TextBlock  \" id=\"shortcode-3a9d6392a53661110fbf0754203c4736\" >\r\n\t<ul><li>Teses;<\/li><li>Pesquisas;<\/li><li>Disserta\u00e7\u00f5es;<\/li><li>Grupos de Estudo;<\/li><li>Cap\u00edtulos de livros;<\/li><li>Poesias;<\/li><li>Contos;<\/li><li>Romance;<\/li><li>Obras em geral.<\/li><\/ul><p>&nbsp;<\/p><\/div><div class=\"SpecialHeading fw-heading  text-left mt-20 mb-60  \" id=\"shortcode-21dee3ff4e67e6f59c813922136c1baf\" >\r\n\t\t\t\t\t<h6 class=\"special-title special-heading-letter\">O que a Pangeia faz na publica\u00e7\u00e3o do seu livro?<\/h6>\t<\/div>\r\n\r\n<div class=\"TextBlock  \" id=\"shortcode-2db24badb9fcaab22c3a149c1d7600b7\" >\r\n\t<p>O livro passa por todas as etapas e crit\u00e9rios de uma publica\u00e7\u00e3o profissional, para ser publicado com excel\u00eancia, sem erros textuais e com acabamento de qualidade.<\/p><ul><li>An\u00e1lise do Conselho Editorial altamente qualificado, agregando valor \u00e0 publica\u00e7\u00e3o;<\/li><li>Avalia\u00e7\u00e3o de originais \u2013 leitura cr\u00edtica do material para o livro, elevando a qualidade textual;<\/li><li>Revis\u00e3o em tr\u00eas n\u00edveis, garantindo a correta ortografia;<\/li><li>Design de capa e ilustra\u00e7\u00e3o que valorizam o livro;<\/li><li>Organiza\u00e7\u00e3o final para uma leitura confort\u00e1vel no impresso e no digital;<\/li><li>Produ\u00e7\u00e3o gr\u00e1fica de qualidade;<\/li><li>Publica\u00e7\u00e3o do Ebook com venda online;<\/li><li>Produ\u00e7\u00e3o de material publicit\u00e1rio para divulga\u00e7\u00e3o do livro e apoio ao evento de lan\u00e7amento.<\/li><\/ul><\/div><\/p>\n","protected":false},"excerpt":{"rendered":"<p>A Pangeia \u00e9 uma editora com foco em obras de fic\u00e7\u00e3o e publica\u00e7\u00f5es acad\u00eamicas, nascida para viabilizar auto-publica\u00e7\u00f5es com baixo custo, transformando obras e pesquisas em livros impressos e e-books de alta qualidade. O que pode se tornar livro? Teses;Pesquisas;Disserta\u00e7\u00f5es;Grupos de Estudo;Cap\u00edtulos de livros;Poesias;Contos;Romance;Obras em geral.&nbsp; O que a Pangeia faz na publica\u00e7\u00e3o do seu&#8230;<\/p>\n","protected":false},"author":1,"featured_media":0,"parent":0,"menu_order":0,"comment_status":"closed","ping_status":"closed","template":"template-contact.php","meta":{"footnotes":""},"class_list":["post-945","page","type-page","status-publish","hentry"],"_links":{"self":[{"href":"https:\/\/editorapangeia.com.br\/pt_br\/wp-json\/wp\/v2\/pages\/945","targetHints":{"allow":["GET"]}}],"collection":[{"href":"https:\/\/editorapangeia.com.br\/pt_br\/wp-json\/wp\/v2\/pages"}],"about":[{"href":"https:\/\/editorapangeia.com.br\/pt_br\/wp-json\/wp\/v2\/types\/page"}],"author":[{"embeddable":true,"href":"https:\/\/editorapangeia.com.br\/pt_br\/wp-json\/wp\/v2\/users\/1"}],"replies":[{"embeddable":true,"href":"https:\/\/editorapangeia.com.br\/pt_br\/wp-json\/wp\/v2\/comments?post=945"}],"version-history":[{"count":19,"href":"https:\/\/editorapangeia.com.br\/pt_br\/wp-json\/wp\/v2\/pages\/945\/revisions"}],"predecessor-version":[{"id":967,"href":"https:\/\/editorapangeia.com.br\/pt_br\/wp-json\/wp\/v2\/pages\/945\/revisions\/967"}],"wp:attachment":[{"href":"https:\/\/editorapangeia.com.br\/pt_br\/wp-json\/wp\/v2\/media?parent=945"}],"curies":[{"name":"wp","href":"https:\/\/api.w.org\/{rel}","templated":true}]}}