{"id":658,"date":"2017-08-18T09:29:31","date_gmt":"2017-08-18T09:29:31","guid":{"rendered":"https:\/\/editorapangeia.com.br\/?page_id=658"},"modified":"2024-10-31T17:32:02","modified_gmt":"2024-10-31T17:32:02","slug":"contact-me","status":"publish","type":"page","link":"https:\/\/editorapangeia.com.br\/pt_br\/contact-me\/","title":{"rendered":"Contato"},"content":{"rendered":"<p>\r\n\r\n<div class=\"TextBlock  \" id=\"shortcode-6555c08b055660c745ba43ecbf8187fd\" >\r\n\t<p>Para qualquer d\u00favida ou sugest\u00e3o, fique \u00e0 vontade para entrar em contato. Ser\u00e1 um prazer responder a sua solicita\u00e7\u00e3o.<\/p><\/div>\r\n\r\n<div class=\"spacer \" id=\"shortcode-17969b4e11417ab0a6c6af655a2da59f\"><\/div>\r\n\r\n<div class=\"BoxIcon box-icon-horizontal  \" id=\"shortcode-a26b1c02f4f4c31890a8ef68980fe248\" >\r\n\t<div class=\"box-icon-header-wrapper pos-r\">\r\n\t\t\t\t\t\t\t\t\t<i class=\"icon-phone\"><\/i>\r\n\t\t\t\t<\/div>\r\n\t<div class=\"box-icon-content\">\r\n\t\t\t\t\t\t\t<h4 class=\"box-icon-title\">Telefone<\/h4>\r\n\t\t\t\t\t\t\t\t\t<div class=\"box-icon-text\">(19) 99907-7555<\/div>\r\n\t\t\t<\/div>\r\n<\/div><!-- end BoxIcon -->\r\n\r\n\r\n<div class=\"BoxIcon box-icon-horizontal  \" id=\"shortcode-500ac24c3dd014460e7a4ce586a84033\" >\r\n\t<div class=\"box-icon-header-wrapper pos-r\">\r\n\t\t\t\t\t\t\t\t\t<i class=\"icon-envelope\"><\/i>\r\n\t\t\t\t<\/div>\r\n\t<div class=\"box-icon-content\">\r\n\t\t\t\t\t\t\t<h4 class=\"box-icon-title\">Email<\/h4>\r\n\t\t\t\t\t\t\t\t\t<div class=\"box-icon-text\">contato@editorapangeia.com.br<\/div>\r\n\t\t\t<\/div>\r\n<\/div><!-- end BoxIcon -->\r\n<\/p>\n","protected":false},"excerpt":{"rendered":"<p>Para qualquer d\u00favida ou sugest\u00e3o, fique \u00e0 vontade para entrar em contato. Ser\u00e1 um prazer responder a sua solicita\u00e7\u00e3o. Telefone (19) 99907-7555 Email contato@editorapangeia.com.br<\/p>\n","protected":false},"author":1,"featured_media":0,"parent":0,"menu_order":0,"comment_status":"closed","ping_status":"closed","template":"template-contact.php","meta":{"footnotes":""},"class_list":["post-658","page","type-page","status-publish","hentry"],"_links":{"self":[{"href":"https:\/\/editorapangeia.com.br\/pt_br\/wp-json\/wp\/v2\/pages\/658","targetHints":{"allow":["GET"]}}],"collection":[{"href":"https:\/\/editorapangeia.com.br\/pt_br\/wp-json\/wp\/v2\/pages"}],"about":[{"href":"https:\/\/editorapangeia.com.br\/pt_br\/wp-json\/wp\/v2\/types\/page"}],"author":[{"embeddable":true,"href":"https:\/\/editorapangeia.com.br\/pt_br\/wp-json\/wp\/v2\/users\/1"}],"replies":[{"embeddable":true,"href":"https:\/\/editorapangeia.com.br\/pt_br\/wp-json\/wp\/v2\/comments?post=658"}],"version-history":[{"count":17,"href":"https:\/\/editorapangeia.com.br\/pt_br\/wp-json\/wp\/v2\/pages\/658\/revisions"}],"predecessor-version":[{"id":16929,"href":"https:\/\/editorapangeia.com.br\/pt_br\/wp-json\/wp\/v2\/pages\/658\/revisions\/16929"}],"wp:attachment":[{"href":"https:\/\/editorapangeia.com.br\/pt_br\/wp-json\/wp\/v2\/media?parent=658"}],"curies":[{"name":"wp","href":"https:\/\/api.w.org\/{rel}","templated":true}]}}