{"id":589,"date":"2017-08-17T09:13:21","date_gmt":"2017-08-17T09:13:21","guid":{"rendered":"https:\/\/editorapangeia.com.br\/?page_id=589"},"modified":"2025-05-02T21:33:22","modified_gmt":"2025-05-02T21:33:22","slug":"sobre","status":"publish","type":"page","link":"https:\/\/editorapangeia.com.br\/pt_br\/sobre\/","title":{"rendered":"A Pangeia"},"content":{"rendered":"<p>\r\n<section class=\"pos-r  \"  id=\"shortcode-9d990bb371641d0b5662024b0232466a\" >\r\n\t\t<div class=\"fw-container\">\r\n\t\t<div class=\"fw-row\">\r\n\t\t\t<div id=\"shortcode-e87de1a2dc5bae68de25db04a2992078\" class=\"fw-col-xs-12 fw-col-sm-12 fw-col-md-12 text-left \" >\r\n\t\r\n\r\n<div class=\"SpecialTextBlock special-text-block-color special-text-block-has-image pos-r  \" id=\"shortcode-0ce54fa5d6b07be75a6848cabca16bdd\" >\r\n\t\r\n\t\t<div class=\"SpecialHeading fw-heading mb-40\">\r\n\t\t<h2 class=\"special-title special-heading-letter\">A Pangeia<\/h2>\r\n\t\t\t<\/div>\r\n\t\t\t<div class=\"special-text-block-image\">\t\t\r\n\t\t<div class=\"bg-image\" data-bg-image=\"\/\/editorapangeia.com.br\/wp-content\/uploads\/2019\/05\/logoabout-3.png\"><\/div>\r\n\t<\/div>\r\n\t\t\t\t\t\t<div class=\"special-text-block-content section-light font-subheading\">\r\n\t\t\t\t<p><strong>Nossas diretrizes:<\/strong><br \/>A Pangeia \u00e9 uma editora de livros de literatura e de ci\u00eancias humanas em geral.<br \/>Atua principalmente com edi\u00e7\u00f5es sob demanda para autores independentes e profissionais da educa\u00e7\u00e3o.<br \/>Publica obras nacionais de autores iniciantes e consagrados e tamb\u00e9m tradu\u00e7\u00e3o de cl\u00e1ssicos universais.<br \/>Divide-se em tr\u00eas selos: Dionysius, para obras liter\u00e1rias; Pangeia, para livros universit\u00e1rios; e Saru\u00ea, para livros infantojuvenis.<\/p><p>Clique em Pr\u00e9-Venda e conhe\u00e7a a Gondwana, nossa plataforma de financiamento coletivo.<\/p>\t<\/div>\r\n\t\t\r\n<\/div> <!-- end SpecialTextBlock --><\/div>\r\n\t\t<\/div>\r\n\t<\/div>\r\n\t<\/section>\r\n\r\n<section class=\"pos-r  \"  id=\"shortcode-4f0a43bdf34523a261508df3c3efb80c\" >\r\n\t\t<div class=\"fw-container\">\r\n\t\t<div class=\"fw-row\">\r\n\t\t\t<div id=\"shortcode-6b5415584677a74a45b2392b2a4ec45d\" class=\"fw-col-xs-12 fw-col-sm-12 fw-col-md-6 text-left \" >\r\n\t<div class=\"SpecialHeading fw-heading  text-left mt-20 mb-60  \" id=\"shortcode-b3c9144520046886474402eac24f736e\" >\r\n\t\t\t\t\t<h5 class=\"special-title special-heading-letter\">Miss\u00e3o<\/h5>\t<\/div>\r\n\r\n<div class=\"TextBlock  \" id=\"shortcode-8ee0780d80bb8b34be0185b336e9049c\" >\r\n\t<p>Publicar livros e e-books, em servi\u00e7os de baixo custo, alta qualidade e rentabilidade justa, de modo a viabilizar publica\u00e7\u00f5es com amorosidade, qualidade e agilidade a profissionais da educa\u00e7\u00e3o, escritores iniciantes e autores em geral.<\/p><\/div><div class=\"SpecialHeading fw-heading  text-left mt-20 mb-60  \" id=\"shortcode-4748d5fc9f27403922c011f67d1b628f\" >\r\n\t\t\t\t\t<h5 class=\"special-title special-heading-letter\">Vis\u00e3o<\/h5>\t<\/div>\r\n\r\n<div class=\"TextBlock  \" id=\"shortcode-25b0df22f547a88ec1a4ac61780b1d85\" >\r\n\t<p>Atuar expressivamente no mercado digital, para obter forte presen\u00e7a em todos os segmentos de nossa atua\u00e7\u00e3o, tendo em vista distribui\u00e7\u00e3o em diferentes suportes dos livros dos selos da Pangeia Editorial: Dionysius, Pangeia e Saru\u00ea.<\/p><\/div><div class=\"SpecialHeading fw-heading  text-left mt-20 mb-60  \" id=\"shortcode-e72d5809daa4a9a2a9649b3a63321055\" >\r\n\t\t\t\t\t<h5 class=\"special-title special-heading-letter\">Princ\u00edpios<\/h5>\t<\/div>\r\n\r\n<div class=\"TextBlock  \" id=\"shortcode-d0e1d292e5c413e6430fc72049358508\" >\r\n\t<p><strong>Nosso Princ\u00edpio Ordenador:<\/strong><br \/>- Amorosidade<br \/><strong>Nossos Princ\u00edpios gerais:<\/strong><br \/>- Agilidade<br \/>- Qualidade<\/p><\/div><\/div>\r\n<div id=\"shortcode-12a8875079842b4b32b9759b7aa24fca\" class=\"fw-col-xs-12 fw-col-sm-12 fw-col-md-6 text-left \" >\r\n\t<div class=\"SpecialHeading fw-heading  text-left mt-20 mb-60  \" id=\"shortcode-2e979ec3810964c6312d46282e32cd07\" >\r\n\t\t\t\t\t<h5 class=\"special-title special-heading-letter\">Valores<\/h5>\t<\/div>\r\n\r\n <div class=\"ShortcodeList UnorderedList list-left  \" id=\"shortcode-3837149176f279fbdf751438edccfae9\" >\r\n\t<ul class=\"list-unstyled shortcode-list-wrapper\">\r\n\t\t\t\t\t<li class=\"ListItem\">\r\n\t\t\t\t<div class=\"list-item-number font-subheading\"><\/div>\r\n\t\t\t\t<div class=\"list-item-content\">\r\n\t\t\t\t\t<h5 class=\"list-item-title font-subheading\">\u00c9tica<\/h5>\r\n\t\t\t\t\t\t\t\t\t<\/div>\r\n\t\t\t<\/li>\r\n\t\t\t\t\t<li class=\"ListItem\">\r\n\t\t\t\t<div class=\"list-item-number font-subheading\"><\/div>\r\n\t\t\t\t<div class=\"list-item-content\">\r\n\t\t\t\t\t<h5 class=\"list-item-title font-subheading\">Humanismo<\/h5>\r\n\t\t\t\t\t\t\t\t\t<\/div>\r\n\t\t\t<\/li>\r\n\t\t\t\t\t<li class=\"ListItem\">\r\n\t\t\t\t<div class=\"list-item-number font-subheading\"><\/div>\r\n\t\t\t\t<div class=\"list-item-content\">\r\n\t\t\t\t\t<h5 class=\"list-item-title font-subheading\">Pontualidade<\/h5>\r\n\t\t\t\t\t\t\t\t\t<\/div>\r\n\t\t\t<\/li>\r\n\t\t\t\t\t<li class=\"ListItem\">\r\n\t\t\t\t<div class=\"list-item-number font-subheading\"><\/div>\r\n\t\t\t\t<div class=\"list-item-content\">\r\n\t\t\t\t\t<h5 class=\"list-item-title font-subheading\">Resili\u00eancia<\/h5>\r\n\t\t\t\t\t\t\t\t\t<\/div>\r\n\t\t\t<\/li>\r\n\t\t\t\t\t<li class=\"ListItem\">\r\n\t\t\t\t<div class=\"list-item-number font-subheading\"><\/div>\r\n\t\t\t\t<div class=\"list-item-content\">\r\n\t\t\t\t\t<h5 class=\"list-item-title font-subheading\">Respeito<\/h5>\r\n\t\t\t\t\t\t\t\t\t<\/div>\r\n\t\t\t<\/li>\r\n\t\t\t<\/ul>\r\n<\/div><\/div>\r\n<div id=\"shortcode-e1e16a98c2f85773652f32ec30fbd50e\" class=\"fw-col-xs-12 fw-col-sm-12 fw-col-md-12 text-left \" >\r\n\t<div class=\"SpecialHeading fw-heading  text-center mt-20 mb-60  \" id=\"shortcode-678b19e542574a9371866afea9d72f92\" >\r\n\t\t\t\t\t<h5 class=\"special-title special-heading-letter\">Testemunhal<\/h5>\t<\/div>\r\n\r\n<div class=\"TestimonialCarousel text-left  \" id=\"shortcode-bb4f11eb56e2434e7a3493c86598273d\" >\r\n\t\t\t\t\t\t\t\t\t\t\t\t\t<div class=\"Testimonial\" data-dot=\"<span>01<\/span>\">\r\n\t\t\t\t<div class=\"testimonial-meta\">\r\n\t\t\t\t\t\t\t\t\t\t\t<div class=\"testimonial-author font-heading\">\r\n\t\t\t\t\t\t\tAlciene Ribeiro\t\t\t\t\t\t<\/div>\r\n\t\t\t\t\t\t\t\t\t\t\t\t<div class=\"testimonial-company\">Autora de \"Mulher Expl\u00edcita\"<\/div>\r\n\t\t\t\t\t\t\t\t\t\t\t\t\t\t\t<\/div>\r\n\t\t\t\t<div class=\"testimonial-text-wrapper\">\r\n\t\t\t\t\t<div class=\"testimonial-text font-subheading\">\r\n\t\t\t\t\t\t<p>A Pangeia surge com uma proposta de reflex\u00e3o sobre o  fazer e o interpretar da palavra, na sua fei\u00e7\u00e3o liter\u00e1ria e acad\u00eamica.\r\n                                            \r\n<\/p>\r\n\t\t\t\t\t<\/div>\r\n\t\t\t\t<\/div>\r\n\t\t\t<\/div> <!-- end Testimonial -->\r\n\t\t\t\t\t\t\r\n<\/div> <!-- end TestimonialCarousel --><\/div>\r\n\t\t<\/div>\r\n\t<\/div>\r\n\t<\/section>\r\n<\/p>\n","protected":false},"excerpt":{"rendered":"<p>A Pangeia Nossas diretrizes:A Pangeia \u00e9 uma editora de livros de literatura e de ci\u00eancias humanas em geral.Atua principalmente com edi\u00e7\u00f5es sob demanda para autores independentes e profissionais da educa\u00e7\u00e3o.Publica obras nacionais de autores iniciantes e consagrados e tamb\u00e9m tradu\u00e7\u00e3o de cl\u00e1ssicos universais.Divide-se em tr\u00eas selos: Dionysius, para obras liter\u00e1rias; Pangeia, para livros universit\u00e1rios; e&#8230;<\/p>\n","protected":false},"author":1,"featured_media":0,"parent":0,"menu_order":0,"comment_status":"closed","ping_status":"closed","template":"","meta":{"footnotes":""},"class_list":["post-589","page","type-page","status-publish","hentry"],"_links":{"self":[{"href":"https:\/\/editorapangeia.com.br\/pt_br\/wp-json\/wp\/v2\/pages\/589","targetHints":{"allow":["GET"]}}],"collection":[{"href":"https:\/\/editorapangeia.com.br\/pt_br\/wp-json\/wp\/v2\/pages"}],"about":[{"href":"https:\/\/editorapangeia.com.br\/pt_br\/wp-json\/wp\/v2\/types\/page"}],"author":[{"embeddable":true,"href":"https:\/\/editorapangeia.com.br\/pt_br\/wp-json\/wp\/v2\/users\/1"}],"replies":[{"embeddable":true,"href":"https:\/\/editorapangeia.com.br\/pt_br\/wp-json\/wp\/v2\/comments?post=589"}],"version-history":[{"count":49,"href":"https:\/\/editorapangeia.com.br\/pt_br\/wp-json\/wp\/v2\/pages\/589\/revisions"}],"predecessor-version":[{"id":19010,"href":"https:\/\/editorapangeia.com.br\/pt_br\/wp-json\/wp\/v2\/pages\/589\/revisions\/19010"}],"wp:attachment":[{"href":"https:\/\/editorapangeia.com.br\/pt_br\/wp-json\/wp\/v2\/media?parent=589"}],"curies":[{"name":"wp","href":"https:\/\/api.w.org\/{rel}","templated":true}]}}